{"id":943,"date":"2025-07-19T17:30:37","date_gmt":"2025-07-19T15:30:37","guid":{"rendered":"https:\/\/tracage-solution.fr\/?page_id=943"},"modified":"2025-07-19T17:31:31","modified_gmt":"2025-07-19T15:31:31","slug":"signaletique-a-frejus-et-puget-sur-argens-des-solutions-sur-mesure","status":"publish","type":"page","link":"https:\/\/tracage-solution.fr\/?page_id=943","title":{"rendered":"Signal\u00e9tique \u00e0 Fr\u00e9jus et Puget-sur-Argens : des solutions sur mesure"},"content":{"rendered":"\n[et_pb_section fb_built=&#8221;1&#8243; admin_label=&#8221;Header&#8221; _builder_version=&#8221;4.16&#8243; use_background_color_gradient=&#8221;on&#8221; background_color_gradient_direction=&#8221;124deg&#8221; background_color_gradient_stops=&#8221;rgba(255,255,255,0.1) 30%|#31d190 90%&#8221; background_color_gradient_start=&#8221;rgba(255,255,255,0.1)&#8221; background_color_gradient_start_position=&#8221;30%&#8221; background_color_gradient_end=&#8221;#31d190&#8243; background_color_gradient_end_position=&#8221;90%&#8221; background_image=&#8221;https:\/\/tracage-solution.fr\/wp-content\/uploads\/2025\/04\/ebook-17-1.png&#8221; background_position=&#8221;bottom_center&#8221; custom_padding=&#8221;5vw||5vw||true|&#8221; border_color_all=&#8221;#31d190&#8243; border_width_left=&#8221;10px&#8221; global_colors_info=&#8221;{}&#8221; theme_builder_area=&#8221;post_content&#8221;][et_pb_row column_structure=&#8221;1_2,1_2&#8243; use_custom_gutter=&#8221;on&#8221; gutter_width=&#8221;4&#8243; _builder_version=&#8221;4.27.4&#8243; background_size=&#8221;contain&#8221; background_position=&#8221;bottom_center&#8221; max_width=&#8221;1280px&#8221; global_colors_info=&#8221;{}&#8221; theme_builder_area=&#8221;post_content&#8221;][et_pb_column type=&#8221;1_2&#8243; _builder_version=&#8221;4.16&#8243; custom_padding=&#8221;40px|||&#8221; custom_padding_tablet=&#8221;0vw|||&#8221; global_colors_info=&#8221;{}&#8221; custom_padding__hover=&#8221;|||&#8221; theme_builder_area=&#8221;post_content&#8221;][et_pb_text _builder_version=&#8221;4.27.4&#8243; text_font=&#8221;||||||||&#8221; text_text_color=&#8221;#000000&#8243; text_font_size=&#8221;15px&#8221; text_line_height=&#8221;1.8em&#8221; header_font=&#8221;Montserrat|800||on|||||&#8221; header_text_color=&#8221;#000000&#8243; header_font_size=&#8221;1.8vw&#8221; header_line_height=&#8221;1.1em&#8221; custom_margin=&#8221;||30px|||&#8221; text_font_size_tablet=&#8221;16px&#8221; text_font_size_phone=&#8221;14px&#8221; text_font_size_last_edited=&#8221;on|phone&#8221; text_line_height_tablet=&#8221;1.8em&#8221; text_line_height_phone=&#8221;1.7em&#8221; text_line_height_last_edited=&#8221;off|phone&#8221; header_font_size_tablet=&#8221;8vw&#8221; header_font_size_phone=&#8221;10vw&#8221; header_font_size_last_edited=&#8221;on|phone&#8221; global_colors_info=&#8221;{}&#8221; theme_builder_area=&#8221;post_content&#8221;]<h1>Signal\u00e9tique \u00e0 Fr\u00e9jus et Puget-sur-Argens : des solutions sur mesure avec Tra\u00e7age Solution<\/h1>\n<p data-start=\"227\" data-end=\"651\">\u00c0 <strong data-start=\"259\" data-end=\"269\">Fr\u00e9jus<\/strong> et <strong data-start=\"273\" data-end=\"293\">Puget-sur-Argens<\/strong>, villes en pleine croissance entre mer et zones d\u2019activit\u00e9s \u00e9conomiques, la <strong data-start=\"370\" data-end=\"386\">signal\u00e9tique<\/strong> est essentielle pour guider, informer et s\u00e9curiser les usagers. Que vous soyez une entreprise, une collectivit\u00e9, un commerce ou un syndic, <strong data-start=\"526\" data-end=\"546\">Tra\u00e7age Solution<\/strong> vous propose des prestations compl\u00e8tes de <strong data-start=\"589\" data-end=\"641\">signal\u00e9tique int\u00e9rieure et ext\u00e9rieure sur mesure<\/strong>, avec r\u00e9activit\u00e9, professionnalisme et conformit\u00e9.<\/p>[\/et_pb_text][et_pb_button button_url=&#8221;https:\/\/tracage-solution.fr\/?page_id=18&#8243; button_text=&#8221;Demande de devis&#8221; _builder_version=&#8221;4.27.4&#8243; custom_button=&#8221;on&#8221; button_text_size=&#8221;16px&#8221; button_text_color=&#8221;#ffffff&#8221; button_bg_color=&#8221;#31d190&#8243; button_border_width=&#8221;0px&#8221; button_border_radius=&#8221;0px&#8221; button_font=&#8221;Montserrat|700|||||||&#8221; button_use_icon=&#8221;off&#8221; custom_margin=&#8221;||16px&#8221; custom_padding=&#8221;18px|40px|18px|40px|true|true&#8221; global_colors_info=&#8221;{}&#8221; theme_builder_area=&#8221;post_content&#8221;][\/et_pb_button][\/et_pb_column][et_pb_column type=&#8221;1_2&#8243; _builder_version=&#8221;4.16&#8243; custom_padding=&#8221;|||&#8221; global_colors_info=&#8221;{}&#8221; custom_padding__hover=&#8221;|||&#8221; theme_builder_area=&#8221;post_content&#8221;][et_pb_image src=&#8221;https:\/\/tracage-solution.fr\/wp-content\/uploads\/2025\/04\/dd22ad3b-216d-4d62-9db9-b691b3075d85-1.png&#8221; title_text=&#8221;dd22ad3b-216d-4d62-9db9-b691b3075d85&#8243; _builder_version=&#8221;4.27.4&#8243; max_width=&#8221;480px&#8221; animation_direction=&#8221;bottom&#8221; box_shadow_style=&#8221;preset3&#8243; box_shadow_vertical=&#8221;40px&#8221; box_shadow_blur=&#8221;80px&#8221; box_shadow_spread=&#8221;-20px&#8221; box_shadow_color=&#8221;rgba(0,0,0,0.8)&#8221; always_center_on_mobile=&#8221;off&#8221; global_colors_info=&#8221;{}&#8221; theme_builder_area=&#8221;post_content&#8221;][\/et_pb_image][\/et_pb_column][\/et_pb_row][\/et_pb_section][et_pb_section fb_built=&#8221;1&#8243; admin_label=&#8221;Brands&#8221; _builder_version=&#8221;4.16&#8243; custom_padding=&#8221;0px||0px|||&#8221; global_colors_info=&#8221;{}&#8221; theme_builder_area=&#8221;post_content&#8221;][\/et_pb_section][et_pb_section fb_built=&#8221;1&#8243; admin_label=&#8221;About&#8221; _builder_version=&#8221;4.16&#8243; global_colors_info=&#8221;{}&#8221; theme_builder_area=&#8221;post_content&#8221;][et_pb_row column_structure=&#8221;1_2,1_2&#8243; _builder_version=&#8221;4.16&#8243; global_colors_info=&#8221;{}&#8221; theme_builder_area=&#8221;post_content&#8221;][et_pb_column type=&#8221;1_2&#8243; _builder_version=&#8221;4.16&#8243; custom_padding=&#8221;|||&#8221; global_colors_info=&#8221;{}&#8221; custom_padding__hover=&#8221;|||&#8221; theme_builder_area=&#8221;post_content&#8221;][et_pb_image src=&#8221;https:\/\/tracage-solution.fr\/wp-content\/uploads\/2025\/04\/author-icon-01-4.png&#8221; title_text=&#8221;author-icon-01-4&#8243; _builder_version=&#8221;4.27.4&#8243; max_width=&#8221;400px&#8221; max_width_tablet=&#8221;&#8221; max_width_phone=&#8221;&#8221; max_width_last_edited=&#8221;on|tablet&#8221; module_alignment=&#8221;right&#8221; animation_direction=&#8221;bottom&#8221; always_center_on_mobile=&#8221;off&#8221; global_colors_info=&#8221;{}&#8221; theme_builder_area=&#8221;post_content&#8221;][\/et_pb_image][et_pb_text _builder_version=&#8221;4.27.4&#8243; header_font=&#8221;||||||||&#8221; header_2_font=&#8221;Montserrat|800||on|||||&#8221; header_2_text_color=&#8221;#000000&#8243; header_2_font_size=&#8221;36px&#8221; header_2_line_height=&#8221;1.2em&#8221; max_width=&#8221;400px&#8221; max_width_tablet=&#8221;&#8221; max_width_phone=&#8221;&#8221; max_width_last_edited=&#8221;on|tablet&#8221; module_alignment=&#8221;right&#8221; header_2_font_size_tablet=&#8221;40px&#8221; header_2_font_size_phone=&#8221;25px&#8221; header_2_font_size_last_edited=&#8221;on|desktop&#8221; locked=&#8221;off&#8221; global_colors_info=&#8221;{}&#8221; theme_builder_area=&#8221;post_content&#8221;]<h2>Signal\u00e9tique<\/h2>[\/et_pb_text][\/et_pb_column][et_pb_column type=&#8221;1_2&#8243; _builder_version=&#8221;4.16&#8243; custom_padding=&#8221;|||&#8221; global_colors_info=&#8221;{}&#8221; custom_padding__hover=&#8221;|||&#8221; theme_builder_area=&#8221;post_content&#8221;][et_pb_text _builder_version=&#8221;4.16&#8243; text_font=&#8221;||||||||&#8221; text_font_size=&#8221;18px&#8221; text_line_height=&#8221;1.8em&#8221; text_orientation=&#8221;justified&#8221; text_font_size_tablet=&#8221;16px&#8221; text_font_size_phone=&#8221;14px&#8221; text_font_size_last_edited=&#8221;on|phone&#8221; text_line_height_tablet=&#8221;1.8em&#8221; text_line_height_phone=&#8221;1.7em&#8221; text_line_height_last_edited=&#8221;off|phone&#8221; locked=&#8221;off&#8221; global_colors_info=&#8221;{}&#8221; theme_builder_area=&#8221;post_content&#8221;]<h3 data-start=\"699\" data-end=\"781\">Pourquoi la signal\u00e9tique est-elle indispensable \u00e0 Fr\u00e9jus et Puget-sur-Argens ?<\/h3>\n<p data-start=\"783\" data-end=\"956\">Dans des secteurs tels que <strong data-start=\"810\" data-end=\"856\">zone industrielle La Palud, ZAC du Capitou<\/strong> ou les centres commerciaux de Puget-sur-Argens, une <strong data-start=\"909\" data-end=\"944\">signalisation claire et durable<\/strong> permet de :<\/p>\n<ul data-start=\"957\" data-end=\"1273\">\n<li data-start=\"957\" data-end=\"1030\">\n<p data-start=\"959\" data-end=\"1030\"><strong data-start=\"959\" data-end=\"984\">Orienter efficacement<\/strong> les clients, visiteurs, employ\u00e9s ou r\u00e9sidents<\/p>\n<\/li>\n<li data-start=\"1031\" data-end=\"1118\">\n<p data-start=\"1033\" data-end=\"1118\"><strong data-start=\"1033\" data-end=\"1073\">Structurer les acc\u00e8s et circulations<\/strong> : fl\u00e9chage, num\u00e9rotation, zones de livraison<\/p>\n<\/li>\n<li data-start=\"1119\" data-end=\"1196\">\n<p data-start=\"1121\" data-end=\"1196\"><strong data-start=\"1121\" data-end=\"1196\">Respecter la r\u00e9glementation en mati\u00e8re de s\u00e9curit\u00e9 et accessibilit\u00e9 PMR<\/strong><\/p>\n<\/li>\n<li data-start=\"1197\" data-end=\"1273\">\n<p data-start=\"1199\" data-end=\"1273\"><strong data-start=\"1199\" data-end=\"1236\">Renforcer l\u2019image professionnelle<\/strong> de votre entreprise ou \u00e9tablissement<\/p>\n<\/li>\n<\/ul>\n<p data-start=\"1275\" data-end=\"1423\">Une signal\u00e9tique bien con\u00e7ue am\u00e9liore \u00e0 la fois la lisibilit\u00e9 de vos espaces et l\u2019exp\u00e9rience utilisateur, tout en assurant la conformit\u00e9 aux normes.<\/p>\n<hr data-start=\"1425\" data-end=\"1428\" \/>\n<h3 data-start=\"1430\" data-end=\"1494\">Nos prestations de signal\u00e9tique \u00e0 Fr\u00e9jus et Puget-sur-Argens<\/h3>\n<p data-start=\"1496\" data-end=\"1572\"><strong data-start=\"1496\" data-end=\"1516\">Tra\u00e7age Solution<\/strong> vous propose une large gamme de supports et solutions :<\/p>\n<ul data-start=\"1573\" data-end=\"1918\">\n<li data-start=\"1573\" data-end=\"1635\">\n<p data-start=\"1575\" data-end=\"1635\"><strong data-start=\"1575\" data-end=\"1601\">Panneaux directionnels<\/strong>, plaques murales, fl\u00e9chage au sol<\/p>\n<\/li>\n<li data-start=\"1636\" data-end=\"1702\">\n<p data-start=\"1638\" data-end=\"1702\"><strong data-start=\"1638\" data-end=\"1658\">Totems d\u2019accueil<\/strong>, enseignes ext\u00e9rieures, panneaux de parking<\/p>\n<\/li>\n<li data-start=\"1703\" data-end=\"1781\">\n<p data-start=\"1705\" data-end=\"1781\"><strong data-start=\"1705\" data-end=\"1733\">Signal\u00e9tique de s\u00e9curit\u00e9<\/strong> : issues de secours, zones \u00e0 risque, \u00e9vacuation<\/p>\n<\/li>\n<li data-start=\"1782\" data-end=\"1836\">\n<p data-start=\"1784\" data-end=\"1836\"><strong data-start=\"1784\" data-end=\"1805\">Signalisation PMR<\/strong> (personnes \u00e0 mobilit\u00e9 r\u00e9duite)<\/p>\n<\/li>\n<li data-start=\"1837\" data-end=\"1918\">\n<p data-start=\"1839\" data-end=\"1918\"><strong data-start=\"1839\" data-end=\"1859\">Lettrage adh\u00e9sif<\/strong>, vinyles imprim\u00e9s, films d\u00e9polis pour vitrines ou cloisons<\/p>\n<\/li>\n<\/ul>\n<p data-start=\"1920\" data-end=\"2065\">Nos mat\u00e9riaux sont adapt\u00e9s \u00e0 un usage professionnel et ext\u00e9rieur : <strong data-start=\"1987\" data-end=\"2030\">aluminium, dibond, PVC, inox, plexiglas<\/strong>, r\u00e9sistants aux UV et intemp\u00e9ries.<\/p>\n<p data-start=\"2067\" data-end=\"2188\">Nous assurons \u00e9galement la <strong data-start=\"2094\" data-end=\"2130\">cr\u00e9ation graphique personnalis\u00e9e<\/strong>, selon votre charte visuelle ou vos contraintes d\u2019espace.<\/p>\n<hr data-start=\"2190\" data-end=\"2193\" \/>\n<h3 data-start=\"2195\" data-end=\"2225\">Un service local et rapide<\/h3>\n<p data-start=\"2227\" data-end=\"2433\">Bas\u00e9e dans le sud-est, notre \u00e9quipe intervient rapidement sur <strong data-start=\"2289\" data-end=\"2299\">Fr\u00e9jus<\/strong>, <strong data-start=\"2301\" data-end=\"2321\">Puget-sur-Argens<\/strong> et les communes voisines : <strong data-start=\"2349\" data-end=\"2407\">Saint-Rapha\u00ebl, Roquebrune-sur-Argens, Le Muy, Les Arcs<\/strong>, etc.<\/p>\n<h3 data-start=\"753\" data-end=\"820\"><span style=\"font-size: 18px; color: #666666;\">.<\/span><\/h3>\n<p data-start=\"2605\" data-end=\"2647\" class=\"\"><\/p>[\/et_pb_text][\/et_pb_column][\/et_pb_row][et_pb_row column_structure=&#8221;1_2,1_2&#8243; _builder_version=&#8221;4.27.4&#8243; global_colors_info=&#8221;{}&#8221; theme_builder_area=&#8221;post_content&#8221;][et_pb_column type=&#8221;1_2&#8243; _builder_version=&#8221;4.16&#8243; custom_padding=&#8221;|||&#8221; global_colors_info=&#8221;{}&#8221; custom_padding__hover=&#8221;|||&#8221; theme_builder_area=&#8221;post_content&#8221;][et_pb_text _builder_version=&#8221;4.27.4&#8243; text_font=&#8221;||||||||&#8221; text_font_size=&#8221;18px&#8221; text_line_height=&#8221;1.8em&#8221; text_orientation=&#8221;justified&#8221; text_font_size_tablet=&#8221;16px&#8221; text_font_size_phone=&#8221;14px&#8221; text_font_size_last_edited=&#8221;on|phone&#8221; text_line_height_tablet=&#8221;1.8em&#8221; text_line_height_phone=&#8221;1.7em&#8221; text_line_height_last_edited=&#8221;off|phone&#8221; locked=&#8221;off&#8221; global_colors_info=&#8221;{}&#8221; theme_builder_area=&#8221;post_content&#8221;]<h2 data-start=\"2566\" data-end=\"2632\">Pourquoi faire appel \u00e0 Tracage Solution\u00a0<\/h2>\n<ul data-start=\"2764\" data-end=\"3013\">\n<li data-start=\"2634\" data-end=\"2701\"><span style=\"font-size: 18px;\">\u2705 Finitions nettes et durables, conformes aux normes<\/span><\/li>\n<li data-start=\"2824\" data-end=\"2885\">\n<p data-start=\"2826\" data-end=\"2885\">\u2705 <strong data-start=\"2828\" data-end=\"2845\">Devis gratuit<\/strong>, avec rep\u00e9rage et conseils techniques<\/p>\n<\/li>\n<li data-start=\"2886\" data-end=\"2930\">\n<p data-start=\"2888\" data-end=\"2930\">\u2705 \u00c9quipe qualifi\u00e9e, discr\u00e8te et \u00e0 l\u2019\u00e9coute<\/p>\n<\/li>\n<\/ul>\n<ul data-start=\"2555\" data-end=\"2826\"><\/ul>\n<ul data-start=\"2518\" data-end=\"2781\"><\/ul>\n<ul data-start=\"2490\" data-end=\"2772\"><\/ul>\n<ul data-start=\"2555\" data-end=\"2835\"><\/ul>\n<ul data-start=\"2413\" data-end=\"2700\"><\/ul>\n<ul data-start=\"2364\" data-end=\"2652\"><\/ul>\n<ul data-start=\"2272\" data-end=\"2555\"><\/ul>\n<ul data-start=\"2323\" data-end=\"2619\"><\/ul>\n<p>&nbsp;<\/p>\n<ul data-start=\"2230\" data-end=\"2537\"><\/ul>\n<ul data-start=\"2279\" data-end=\"2599\"><\/ul>\n<ul data-start=\"2274\" data-end=\"2613\"><\/ul>\n<ul data-start=\"2140\" data-end=\"2411\"><\/ul>\n<ul data-start=\"2111\" data-end=\"2491\"><\/ul>[\/et_pb_text][\/et_pb_column][et_pb_column type=&#8221;1_2&#8243; _builder_version=&#8221;4.16&#8243; custom_padding=&#8221;|||&#8221; global_colors_info=&#8221;{}&#8221; custom_padding__hover=&#8221;|||&#8221; theme_builder_area=&#8221;post_content&#8221;][et_pb_image src=&#8221;https:\/\/tracage-solution.fr\/wp-content\/uploads\/2025\/07\/thumbnail_IMG_4990-1.jpg&#8221; title_text=&#8221;thumbnail_IMG_4990 (1)&#8221; _builder_version=&#8221;4.27.4&#8243; _module_preset=&#8221;default&#8221; global_colors_info=&#8221;{}&#8221; theme_builder_area=&#8221;post_content&#8221;][\/et_pb_image][\/et_pb_column][\/et_pb_row][\/et_pb_section]\n","protected":false},"excerpt":{"rendered":"<p>Signal\u00e9tique \u00e0 Fr\u00e9jus et Puget-sur-Argens : des solutions sur mesure avec Tra\u00e7age Solution \u00c0 Fr\u00e9jus et Puget-sur-Argens, villes en pleine croissance entre mer et zones d\u2019activit\u00e9s \u00e9conomiques, la signal\u00e9tique est essentielle pour guider, informer et s\u00e9curiser les usagers. Que vous soyez une entreprise, une collectivit\u00e9, un commerce ou un syndic, Tra\u00e7age Solution vous propose des [&hellip;]<\/p>\n","protected":false},"author":1,"featured_media":0,"parent":0,"menu_order":0,"comment_status":"closed","ping_status":"closed","template":"","meta":{"_et_pb_use_builder":"on","_et_pb_old_content":"<!-- wp:divi\/placeholder \/-->","_et_gb_content_width":"","footnotes":""},"class_list":["post-943","page","type-page","status-publish","hentry"],"yoast_head":"<!-- This site is optimized with the Yoast SEO plugin v27.4 - https:\/\/yoast.com\/product\/yoast-seo-wordpress\/ -->\n<title>Signal\u00e9tique \u00e0 Fr\u00e9jus et Puget-sur-Argens : des solutions sur mesure<\/title>\n<meta name=\"description\" content=\"Signal\u00e9tique \u00e0 Fr\u00e9jus et Puget-sur-Argens : des solutions sur mesure, Saint-Rapha\u00ebl, Roquebrune-sur-Argens, Le Muy, Les Arcs, Toulon\" \/>\n<meta name=\"robots\" content=\"index, follow, max-snippet:-1, max-image-preview:large, max-video-preview:-1\" \/>\n<link rel=\"canonical\" href=\"https:\/\/tracage-solution.fr\/?page_id=943\" \/>\n<meta property=\"og:locale\" content=\"en_US\" \/>\n<meta property=\"og:type\" content=\"article\" \/>\n<meta property=\"og:title\" content=\"Signal\u00e9tique \u00e0 Fr\u00e9jus et Puget-sur-Argens : des solutions sur mesure\" \/>\n<meta property=\"og:description\" content=\"Signal\u00e9tique \u00e0 Fr\u00e9jus et Puget-sur-Argens : des solutions sur mesure, Saint-Rapha\u00ebl, Roquebrune-sur-Argens, Le Muy, Les Arcs, Toulon\" \/>\n<meta property=\"og:url\" content=\"https:\/\/tracage-solution.fr\/?page_id=943\" \/>\n<meta property=\"og:site_name\" content=\"Tracage Solution\" \/>\n<meta property=\"article:modified_time\" content=\"2025-07-19T15:31:31+00:00\" \/>\n<meta name=\"twitter:card\" content=\"summary_large_image\" \/>\n<meta name=\"twitter:label1\" content=\"Est. reading time\" \/>\n\t<meta name=\"twitter:data1\" content=\"3 minutes\" \/>\n<script type=\"application\/ld+json\" class=\"yoast-schema-graph\">{\"@context\":\"https:\\\/\\\/schema.org\",\"@graph\":[{\"@type\":\"WebPage\",\"@id\":\"https:\\\/\\\/tracage-solution.fr\\\/?page_id=943\",\"url\":\"https:\\\/\\\/tracage-solution.fr\\\/?page_id=943\",\"name\":\"Signal\u00e9tique \u00e0 Fr\u00e9jus et Puget-sur-Argens : des solutions sur mesure\",\"isPartOf\":{\"@id\":\"https:\\\/\\\/tracage-solution.fr\\\/#website\"},\"datePublished\":\"2025-07-19T15:30:37+00:00\",\"dateModified\":\"2025-07-19T15:31:31+00:00\",\"description\":\"Signal\u00e9tique \u00e0 Fr\u00e9jus et Puget-sur-Argens : des solutions sur mesure, Saint-Rapha\u00ebl, Roquebrune-sur-Argens, Le Muy, Les Arcs, Toulon\",\"breadcrumb\":{\"@id\":\"https:\\\/\\\/tracage-solution.fr\\\/?page_id=943#breadcrumb\"},\"inLanguage\":\"en-US\",\"potentialAction\":[{\"@type\":\"ReadAction\",\"target\":[\"https:\\\/\\\/tracage-solution.fr\\\/?page_id=943\"]}]},{\"@type\":\"BreadcrumbList\",\"@id\":\"https:\\\/\\\/tracage-solution.fr\\\/?page_id=943#breadcrumb\",\"itemListElement\":[{\"@type\":\"ListItem\",\"position\":1,\"name\":\"Accueil\",\"item\":\"https:\\\/\\\/tracage-solution.fr\\\/\"},{\"@type\":\"ListItem\",\"position\":2,\"name\":\"Signal\u00e9tique \u00e0 Fr\u00e9jus et Puget-sur-Argens : des solutions sur mesure\"}]},{\"@type\":\"WebSite\",\"@id\":\"https:\\\/\\\/tracage-solution.fr\\\/#website\",\"url\":\"https:\\\/\\\/tracage-solution.fr\\\/\",\"name\":\"Tracage Solution\",\"description\":\"Tracage solution Nice \",\"potentialAction\":[{\"@type\":\"SearchAction\",\"target\":{\"@type\":\"EntryPoint\",\"urlTemplate\":\"https:\\\/\\\/tracage-solution.fr\\\/?s={search_term_string}\"},\"query-input\":{\"@type\":\"PropertyValueSpecification\",\"valueRequired\":true,\"valueName\":\"search_term_string\"}}],\"inLanguage\":\"en-US\"}]}<\/script>\n<!-- \/ Yoast SEO plugin. -->","yoast_head_json":{"title":"Signal\u00e9tique \u00e0 Fr\u00e9jus et Puget-sur-Argens : des solutions sur mesure","description":"Signal\u00e9tique \u00e0 Fr\u00e9jus et Puget-sur-Argens : des solutions sur mesure, Saint-Rapha\u00ebl, Roquebrune-sur-Argens, Le Muy, Les Arcs, Toulon","robots":{"index":"index","follow":"follow","max-snippet":"max-snippet:-1","max-image-preview":"max-image-preview:large","max-video-preview":"max-video-preview:-1"},"canonical":"https:\/\/tracage-solution.fr\/?page_id=943","og_locale":"en_US","og_type":"article","og_title":"Signal\u00e9tique \u00e0 Fr\u00e9jus et Puget-sur-Argens : des solutions sur mesure","og_description":"Signal\u00e9tique \u00e0 Fr\u00e9jus et Puget-sur-Argens : des solutions sur mesure, Saint-Rapha\u00ebl, Roquebrune-sur-Argens, Le Muy, Les Arcs, Toulon","og_url":"https:\/\/tracage-solution.fr\/?page_id=943","og_site_name":"Tracage Solution","article_modified_time":"2025-07-19T15:31:31+00:00","twitter_card":"summary_large_image","twitter_misc":{"Est. reading time":"3 minutes"},"schema":{"@context":"https:\/\/schema.org","@graph":[{"@type":"WebPage","@id":"https:\/\/tracage-solution.fr\/?page_id=943","url":"https:\/\/tracage-solution.fr\/?page_id=943","name":"Signal\u00e9tique \u00e0 Fr\u00e9jus et Puget-sur-Argens : des solutions sur mesure","isPartOf":{"@id":"https:\/\/tracage-solution.fr\/#website"},"datePublished":"2025-07-19T15:30:37+00:00","dateModified":"2025-07-19T15:31:31+00:00","description":"Signal\u00e9tique \u00e0 Fr\u00e9jus et Puget-sur-Argens : des solutions sur mesure, Saint-Rapha\u00ebl, Roquebrune-sur-Argens, Le Muy, Les Arcs, Toulon","breadcrumb":{"@id":"https:\/\/tracage-solution.fr\/?page_id=943#breadcrumb"},"inLanguage":"en-US","potentialAction":[{"@type":"ReadAction","target":["https:\/\/tracage-solution.fr\/?page_id=943"]}]},{"@type":"BreadcrumbList","@id":"https:\/\/tracage-solution.fr\/?page_id=943#breadcrumb","itemListElement":[{"@type":"ListItem","position":1,"name":"Accueil","item":"https:\/\/tracage-solution.fr\/"},{"@type":"ListItem","position":2,"name":"Signal\u00e9tique \u00e0 Fr\u00e9jus et Puget-sur-Argens : des solutions sur mesure"}]},{"@type":"WebSite","@id":"https:\/\/tracage-solution.fr\/#website","url":"https:\/\/tracage-solution.fr\/","name":"Tracage Solution","description":"Tracage solution Nice ","potentialAction":[{"@type":"SearchAction","target":{"@type":"EntryPoint","urlTemplate":"https:\/\/tracage-solution.fr\/?s={search_term_string}"},"query-input":{"@type":"PropertyValueSpecification","valueRequired":true,"valueName":"search_term_string"}}],"inLanguage":"en-US"}]}},"_links":{"self":[{"href":"https:\/\/tracage-solution.fr\/index.php?rest_route=\/wp\/v2\/pages\/943","targetHints":{"allow":["GET"]}}],"collection":[{"href":"https:\/\/tracage-solution.fr\/index.php?rest_route=\/wp\/v2\/pages"}],"about":[{"href":"https:\/\/tracage-solution.fr\/index.php?rest_route=\/wp\/v2\/types\/page"}],"author":[{"embeddable":true,"href":"https:\/\/tracage-solution.fr\/index.php?rest_route=\/wp\/v2\/users\/1"}],"replies":[{"embeddable":true,"href":"https:\/\/tracage-solution.fr\/index.php?rest_route=%2Fwp%2Fv2%2Fcomments&post=943"}],"version-history":[{"count":4,"href":"https:\/\/tracage-solution.fr\/index.php?rest_route=\/wp\/v2\/pages\/943\/revisions"}],"predecessor-version":[{"id":947,"href":"https:\/\/tracage-solution.fr\/index.php?rest_route=\/wp\/v2\/pages\/943\/revisions\/947"}],"wp:attachment":[{"href":"https:\/\/tracage-solution.fr\/index.php?rest_route=%2Fwp%2Fv2%2Fmedia&parent=943"}],"curies":[{"name":"wp","href":"https:\/\/api.w.org\/{rel}","templated":true}]}}