{"id":938,"date":"2025-07-19T17:27:11","date_gmt":"2025-07-19T15:27:11","guid":{"rendered":"https:\/\/tracage-solution.fr\/?page_id=938"},"modified":"2025-07-19T17:29:46","modified_gmt":"2025-07-19T15:29:46","slug":"signaletique-a-grasse-et-pegomas","status":"publish","type":"page","link":"https:\/\/tracage-solution.fr\/?page_id=938","title":{"rendered":"Signal\u00e9tique \u00e0 Grasse et P\u00e9gomas"},"content":{"rendered":"\n[et_pb_section fb_built=&#8221;1&#8243; admin_label=&#8221;Header&#8221; _builder_version=&#8221;4.16&#8243; use_background_color_gradient=&#8221;on&#8221; background_color_gradient_direction=&#8221;124deg&#8221; background_color_gradient_stops=&#8221;rgba(255,255,255,0.1) 30%|#31d190 90%&#8221; background_color_gradient_start=&#8221;rgba(255,255,255,0.1)&#8221; background_color_gradient_start_position=&#8221;30%&#8221; background_color_gradient_end=&#8221;#31d190&#8243; background_color_gradient_end_position=&#8221;90%&#8221; background_image=&#8221;https:\/\/tracage-solution.fr\/wp-content\/uploads\/2025\/04\/ebook-17-1.png&#8221; background_position=&#8221;bottom_center&#8221; custom_padding=&#8221;5vw||5vw||true|&#8221; border_color_all=&#8221;#31d190&#8243; border_width_left=&#8221;10px&#8221; global_colors_info=&#8221;{}&#8221; theme_builder_area=&#8221;post_content&#8221;][et_pb_row column_structure=&#8221;1_2,1_2&#8243; use_custom_gutter=&#8221;on&#8221; gutter_width=&#8221;4&#8243; _builder_version=&#8221;4.27.4&#8243; background_size=&#8221;contain&#8221; background_position=&#8221;bottom_center&#8221; max_width=&#8221;1280px&#8221; global_colors_info=&#8221;{}&#8221; theme_builder_area=&#8221;post_content&#8221;][et_pb_column type=&#8221;1_2&#8243; _builder_version=&#8221;4.16&#8243; custom_padding=&#8221;40px|||&#8221; custom_padding_tablet=&#8221;0vw|||&#8221; global_colors_info=&#8221;{}&#8221; custom_padding__hover=&#8221;|||&#8221; theme_builder_area=&#8221;post_content&#8221;][et_pb_text _builder_version=&#8221;4.27.4&#8243; text_font=&#8221;||||||||&#8221; text_text_color=&#8221;#000000&#8243; text_font_size=&#8221;15px&#8221; text_line_height=&#8221;1.8em&#8221; header_font=&#8221;Montserrat|800||on|||||&#8221; header_text_color=&#8221;#000000&#8243; header_font_size=&#8221;1.8vw&#8221; header_line_height=&#8221;1.1em&#8221; custom_margin=&#8221;||30px|||&#8221; text_font_size_tablet=&#8221;16px&#8221; text_font_size_phone=&#8221;14px&#8221; text_font_size_last_edited=&#8221;on|phone&#8221; text_line_height_tablet=&#8221;1.8em&#8221; text_line_height_phone=&#8221;1.7em&#8221; text_line_height_last_edited=&#8221;off|phone&#8221; header_font_size_tablet=&#8221;8vw&#8221; header_font_size_phone=&#8221;10vw&#8221; header_font_size_last_edited=&#8221;on|phone&#8221; global_colors_info=&#8221;{}&#8221; theme_builder_area=&#8221;post_content&#8221;]<h1>Signal\u00e9tique \u00e0 Grasse et P\u00e9gomas : s\u00e9curit\u00e9 et orientation avec Tra\u00e7age Solution<\/h1>\n<p data-start=\"227\" data-end=\"651\">\u00c0 <strong data-start=\"290\" data-end=\"300\">Grasse<\/strong> et <strong data-start=\"304\" data-end=\"315\">P\u00e9gomas<\/strong>, villes en plein d\u00e9veloppement entre tradition et modernit\u00e9, la <strong data-start=\"380\" data-end=\"396\">signal\u00e9tique<\/strong> joue un r\u00f4le essentiel dans la <strong data-start=\"428\" data-end=\"440\">s\u00e9curit\u00e9<\/strong>, l\u2019<strong data-start=\"444\" data-end=\"459\">orientation<\/strong> et la <strong data-start=\"466\" data-end=\"484\">mise en valeur<\/strong> des espaces professionnels, publics ou r\u00e9sidentiels.<br data-start=\"537\" data-end=\"540\" \/>Chez <strong data-start=\"545\" data-end=\"565\">Tra\u00e7age Solution<\/strong>, nous concevons et installons des solutions de <strong data-start=\"613\" data-end=\"640\">signal\u00e9tique sur mesure<\/strong>, notamment en mati\u00e8re de <strong data-start=\"666\" data-end=\"694\">signal\u00e9tique de s\u00e9curit\u00e9<\/strong>, pour tous types de structures : entreprises, commerces, b\u00e2timents publics, \u00e9coles ou copropri\u00e9t\u00e9s.<\/p>[\/et_pb_text][et_pb_button button_url=&#8221;https:\/\/tracage-solution.fr\/?page_id=18&#8243; button_text=&#8221;Demande de devis&#8221; _builder_version=&#8221;4.27.4&#8243; custom_button=&#8221;on&#8221; button_text_size=&#8221;16px&#8221; button_text_color=&#8221;#ffffff&#8221; button_bg_color=&#8221;#31d190&#8243; button_border_width=&#8221;0px&#8221; button_border_radius=&#8221;0px&#8221; button_font=&#8221;Montserrat|700|||||||&#8221; button_use_icon=&#8221;off&#8221; custom_margin=&#8221;||16px&#8221; custom_padding=&#8221;18px|40px|18px|40px|true|true&#8221; global_colors_info=&#8221;{}&#8221; theme_builder_area=&#8221;post_content&#8221;][\/et_pb_button][\/et_pb_column][et_pb_column type=&#8221;1_2&#8243; _builder_version=&#8221;4.16&#8243; custom_padding=&#8221;|||&#8221; global_colors_info=&#8221;{}&#8221; custom_padding__hover=&#8221;|||&#8221; theme_builder_area=&#8221;post_content&#8221;][et_pb_image src=&#8221;https:\/\/tracage-solution.fr\/wp-content\/uploads\/2025\/04\/dd22ad3b-216d-4d62-9db9-b691b3075d85-1.png&#8221; title_text=&#8221;dd22ad3b-216d-4d62-9db9-b691b3075d85&#8243; _builder_version=&#8221;4.27.4&#8243; max_width=&#8221;480px&#8221; animation_direction=&#8221;bottom&#8221; box_shadow_style=&#8221;preset3&#8243; box_shadow_vertical=&#8221;40px&#8221; box_shadow_blur=&#8221;80px&#8221; box_shadow_spread=&#8221;-20px&#8221; box_shadow_color=&#8221;rgba(0,0,0,0.8)&#8221; always_center_on_mobile=&#8221;off&#8221; global_colors_info=&#8221;{}&#8221; theme_builder_area=&#8221;post_content&#8221;][\/et_pb_image][\/et_pb_column][\/et_pb_row][\/et_pb_section][et_pb_section fb_built=&#8221;1&#8243; admin_label=&#8221;Brands&#8221; _builder_version=&#8221;4.16&#8243; custom_padding=&#8221;0px||0px|||&#8221; global_colors_info=&#8221;{}&#8221; theme_builder_area=&#8221;post_content&#8221;][\/et_pb_section][et_pb_section fb_built=&#8221;1&#8243; admin_label=&#8221;About&#8221; _builder_version=&#8221;4.16&#8243; global_colors_info=&#8221;{}&#8221; theme_builder_area=&#8221;post_content&#8221;][et_pb_row column_structure=&#8221;1_2,1_2&#8243; _builder_version=&#8221;4.16&#8243; global_colors_info=&#8221;{}&#8221; theme_builder_area=&#8221;post_content&#8221;][et_pb_column type=&#8221;1_2&#8243; _builder_version=&#8221;4.16&#8243; custom_padding=&#8221;|||&#8221; global_colors_info=&#8221;{}&#8221; custom_padding__hover=&#8221;|||&#8221; theme_builder_area=&#8221;post_content&#8221;][et_pb_image src=&#8221;https:\/\/tracage-solution.fr\/wp-content\/uploads\/2025\/04\/author-icon-01-4.png&#8221; title_text=&#8221;author-icon-01-4&#8243; _builder_version=&#8221;4.27.4&#8243; max_width=&#8221;400px&#8221; max_width_tablet=&#8221;&#8221; max_width_phone=&#8221;&#8221; max_width_last_edited=&#8221;on|tablet&#8221; module_alignment=&#8221;right&#8221; animation_direction=&#8221;bottom&#8221; always_center_on_mobile=&#8221;off&#8221; global_colors_info=&#8221;{}&#8221; theme_builder_area=&#8221;post_content&#8221;][\/et_pb_image][et_pb_text _builder_version=&#8221;4.27.4&#8243; header_font=&#8221;||||||||&#8221; header_2_font=&#8221;Montserrat|800||on|||||&#8221; header_2_text_color=&#8221;#000000&#8243; header_2_font_size=&#8221;36px&#8221; header_2_line_height=&#8221;1.2em&#8221; max_width=&#8221;400px&#8221; max_width_tablet=&#8221;&#8221; max_width_phone=&#8221;&#8221; max_width_last_edited=&#8221;on|tablet&#8221; module_alignment=&#8221;right&#8221; header_2_font_size_tablet=&#8221;40px&#8221; header_2_font_size_phone=&#8221;25px&#8221; header_2_font_size_last_edited=&#8221;on|desktop&#8221; locked=&#8221;off&#8221; global_colors_info=&#8221;{}&#8221; theme_builder_area=&#8221;post_content&#8221;]<h2>Signal\u00e9tique<\/h2>[\/et_pb_text][\/et_pb_column][et_pb_column type=&#8221;1_2&#8243; _builder_version=&#8221;4.16&#8243; custom_padding=&#8221;|||&#8221; global_colors_info=&#8221;{}&#8221; custom_padding__hover=&#8221;|||&#8221; theme_builder_area=&#8221;post_content&#8221;][et_pb_text _builder_version=&#8221;4.16&#8243; text_font=&#8221;||||||||&#8221; text_font_size=&#8221;18px&#8221; text_line_height=&#8221;1.8em&#8221; text_orientation=&#8221;justified&#8221; text_font_size_tablet=&#8221;16px&#8221; text_font_size_phone=&#8221;14px&#8221; text_font_size_last_edited=&#8221;on|phone&#8221; text_line_height_tablet=&#8221;1.8em&#8221; text_line_height_phone=&#8221;1.7em&#8221; text_line_height_last_edited=&#8221;off|phone&#8221; locked=&#8221;off&#8221; global_colors_info=&#8221;{}&#8221; theme_builder_area=&#8221;post_content&#8221;]<h3 data-start=\"801\" data-end=\"868\">L&#8217;importance de la signal\u00e9tique de s\u00e9curit\u00e9 \u00e0 Grasse et P\u00e9gomas<\/h3>\n<p data-start=\"870\" data-end=\"1009\">La <strong data-start=\"873\" data-end=\"901\">signal\u00e9tique de s\u00e9curit\u00e9<\/strong> est obligatoire dans tout \u00e9tablissement recevant du public (ERP) ou accueillant des salari\u00e9s. Elle permet :<\/p>\n<ul data-start=\"1010\" data-end=\"1343\">\n<li data-start=\"1010\" data-end=\"1069\">\n<p data-start=\"1012\" data-end=\"1069\">De <strong data-start=\"1015\" data-end=\"1069\">guider les personnes en cas d\u2019\u00e9vacuation d\u2019urgence<\/strong><\/p>\n<\/li>\n<li data-start=\"1070\" data-end=\"1155\">\n<p data-start=\"1072\" data-end=\"1155\">De signaler les <strong data-start=\"1088\" data-end=\"1106\">zones \u00e0 risque<\/strong> : produits dangereux, machines, acc\u00e8s restreints<\/p>\n<\/li>\n<li data-start=\"1156\" data-end=\"1232\">\n<p data-start=\"1158\" data-end=\"1232\">D\u2019indiquer les <strong data-start=\"1173\" data-end=\"1194\">issues de secours<\/strong>, extincteurs, points de rassemblement<\/p>\n<\/li>\n<li data-start=\"1233\" data-end=\"1343\">\n<p data-start=\"1235\" data-end=\"1343\">De <strong data-start=\"1238\" data-end=\"1287\">conformer les lieux aux normes r\u00e9glementaires<\/strong> (Code du travail, accessibilit\u00e9 PMR, s\u00e9curit\u00e9 incendie)<\/p>\n<\/li>\n<\/ul>\n<p data-start=\"1345\" data-end=\"1572\">\u00c0 <strong data-start=\"1347\" data-end=\"1357\">Grasse<\/strong>, o\u00f9 de nombreuses entreprises du secteur industriel ou cosm\u00e9tique sont implant\u00e9es, comme \u00e0 <strong data-start=\"1449\" data-end=\"1460\">P\u00e9gomas<\/strong> avec ses zones artisanales et commerciales, la <strong data-start=\"1508\" data-end=\"1555\">signalisation de s\u00e9curit\u00e9 claire et visible<\/strong> est primordiale.<\/p>\n<hr data-start=\"1574\" data-end=\"1577\" \/>\n<h3 data-start=\"1579\" data-end=\"1630\">Des solutions sur mesure, durables et conformes<\/h3>\n<p data-start=\"1632\" data-end=\"1757\"><strong data-start=\"1632\" data-end=\"1652\">Tra\u00e7age Solution<\/strong> vous propose des dispositifs de <strong data-start=\"1685\" data-end=\"1733\">signal\u00e9tique de s\u00e9curit\u00e9 \u00e0 Grasse et P\u00e9gomas<\/strong> adapt\u00e9s \u00e0 vos besoins :<\/p>\n<ul data-start=\"1758\" data-end=\"2076\">\n<li data-start=\"1758\" data-end=\"1828\">\n<p data-start=\"1760\" data-end=\"1828\"><strong data-start=\"1760\" data-end=\"1785\">Panneaux d\u2019\u00e9vacuation<\/strong>, de danger, d\u2019obligation ou d\u2019interdiction<\/p>\n<\/li>\n<li data-start=\"1829\" data-end=\"1921\">\n<p data-start=\"1831\" data-end=\"1921\"><strong data-start=\"1831\" data-end=\"1862\">Marquage au sol de s\u00e9curit\u00e9<\/strong> : voies de circulation, issues de secours, zones de danger<\/p>\n<\/li>\n<li data-start=\"1922\" data-end=\"1990\">\n<p data-start=\"1924\" data-end=\"1990\"><strong data-start=\"1924\" data-end=\"1951\">Pictogrammes normalis\u00e9s<\/strong>, lettrages adh\u00e9sifs, signalisation PMR<\/p>\n<\/li>\n<li data-start=\"1991\" data-end=\"2076\">\n<p data-start=\"1993\" data-end=\"2076\"><strong data-start=\"1993\" data-end=\"2029\">Supports en mat\u00e9riaux r\u00e9sistants<\/strong> : PVC, dibond, aluminium, vinyle antid\u00e9rapant\u2026<\/p>\n<\/li>\n<\/ul>\n<p data-start=\"2078\" data-end=\"2201\">Nous r\u00e9alisons \u00e9galement la <strong data-start=\"2106\" data-end=\"2128\">cr\u00e9ation graphique<\/strong>, pour des visuels clairs, compr\u00e9hensibles et conformes \u00e0 la l\u00e9gislation.<\/p>\n<h3 data-start=\"753\" data-end=\"820\"><span style=\"font-size: 18px; color: #666666;\">.<\/span><\/h3>\n<p data-start=\"2605\" data-end=\"2647\" class=\"\"><\/p>[\/et_pb_text][\/et_pb_column][\/et_pb_row][et_pb_row column_structure=&#8221;1_2,1_2&#8243; _builder_version=&#8221;4.27.4&#8243; global_colors_info=&#8221;{}&#8221; theme_builder_area=&#8221;post_content&#8221;][et_pb_column type=&#8221;1_2&#8243; _builder_version=&#8221;4.16&#8243; custom_padding=&#8221;|||&#8221; global_colors_info=&#8221;{}&#8221; custom_padding__hover=&#8221;|||&#8221; theme_builder_area=&#8221;post_content&#8221;][et_pb_text _builder_version=&#8221;4.27.4&#8243; text_font=&#8221;||||||||&#8221; text_font_size=&#8221;18px&#8221; text_line_height=&#8221;1.8em&#8221; text_orientation=&#8221;justified&#8221; text_font_size_tablet=&#8221;16px&#8221; text_font_size_phone=&#8221;14px&#8221; text_font_size_last_edited=&#8221;on|phone&#8221; text_line_height_tablet=&#8221;1.8em&#8221; text_line_height_phone=&#8221;1.7em&#8221; text_line_height_last_edited=&#8221;off|phone&#8221; locked=&#8221;off&#8221; global_colors_info=&#8221;{}&#8221; theme_builder_area=&#8221;post_content&#8221;]<h2 data-start=\"2566\" data-end=\"2632\">Pourquoi faire appel \u00e0 Tracage Solution\u00a0<\/h2>\n<ul data-start=\"2764\" data-end=\"3013\">\n<li data-start=\"2634\" data-end=\"2701\"><span style=\"font-size: 18px;\">\u2705 Finitions nettes et durables, conformes aux normes<\/span><\/li>\n<li data-start=\"2824\" data-end=\"2885\">\n<p data-start=\"2826\" data-end=\"2885\">\u2705 <strong data-start=\"2828\" data-end=\"2845\">Devis gratuit<\/strong>, avec rep\u00e9rage et conseils techniques<\/p>\n<\/li>\n<li data-start=\"2886\" data-end=\"2930\">\n<p data-start=\"2888\" data-end=\"2930\">\u2705 \u00c9quipe qualifi\u00e9e, discr\u00e8te et \u00e0 l\u2019\u00e9coute<\/p>\n<\/li>\n<\/ul>\n<ul data-start=\"2555\" data-end=\"2826\"><\/ul>\n<ul data-start=\"2518\" data-end=\"2781\"><\/ul>\n<ul data-start=\"2490\" data-end=\"2772\"><\/ul>\n<ul data-start=\"2555\" data-end=\"2835\"><\/ul>\n<ul data-start=\"2413\" data-end=\"2700\"><\/ul>\n<ul data-start=\"2364\" data-end=\"2652\"><\/ul>\n<ul data-start=\"2272\" data-end=\"2555\"><\/ul>\n<ul data-start=\"2323\" data-end=\"2619\"><\/ul>\n<p>&nbsp;<\/p>\n<ul data-start=\"2230\" data-end=\"2537\"><\/ul>\n<ul data-start=\"2279\" data-end=\"2599\"><\/ul>\n<ul data-start=\"2274\" data-end=\"2613\"><\/ul>\n<ul data-start=\"2140\" data-end=\"2411\"><\/ul>\n<ul data-start=\"2111\" data-end=\"2491\"><\/ul>[\/et_pb_text][\/et_pb_column][et_pb_column type=&#8221;1_2&#8243; _builder_version=&#8221;4.16&#8243; custom_padding=&#8221;|||&#8221; global_colors_info=&#8221;{}&#8221; custom_padding__hover=&#8221;|||&#8221; theme_builder_area=&#8221;post_content&#8221;][et_pb_image src=&#8221;https:\/\/tracage-solution.fr\/wp-content\/uploads\/2025\/07\/thumbnail_IMG_4990-1.jpg&#8221; title_text=&#8221;thumbnail_IMG_4990 (1)&#8221; _builder_version=&#8221;4.27.4&#8243; _module_preset=&#8221;default&#8221; global_colors_info=&#8221;{}&#8221; theme_builder_area=&#8221;post_content&#8221;][\/et_pb_image][\/et_pb_column][\/et_pb_row][\/et_pb_section]\n","protected":false},"excerpt":{"rendered":"<p>Signal\u00e9tique \u00e0 Grasse et P\u00e9gomas : s\u00e9curit\u00e9 et orientation avec Tra\u00e7age Solution \u00c0 Grasse et P\u00e9gomas, villes en plein d\u00e9veloppement entre tradition et modernit\u00e9, la signal\u00e9tique joue un r\u00f4le essentiel dans la s\u00e9curit\u00e9, l\u2019orientation et la mise en valeur des espaces professionnels, publics ou r\u00e9sidentiels.Chez Tra\u00e7age Solution, nous concevons et installons des solutions de signal\u00e9tique [&hellip;]<\/p>\n","protected":false},"author":1,"featured_media":0,"parent":0,"menu_order":0,"comment_status":"closed","ping_status":"closed","template":"","meta":{"_et_pb_use_builder":"on","_et_pb_old_content":"<!-- wp:divi\/placeholder \/-->","_et_gb_content_width":"","footnotes":""},"class_list":["post-938","page","type-page","status-publish","hentry"],"yoast_head":"<!-- This site is optimized with the Yoast SEO plugin v27.4 - https:\/\/yoast.com\/product\/yoast-seo-wordpress\/ -->\n<title>Signal\u00e9tique \u00e0 Grasse et P\u00e9gomas - Tracage Solution<\/title>\n<meta name=\"description\" content=\"Signal\u00e9tique \u00e0 Grasse et P\u00e9gomas, Panneaux d\u2019\u00e9vacuation, de danger, d\u2019obligation ou d\u2019interdiction, Supports en mat\u00e9riaux r\u00e9sistants dibond\" \/>\n<meta name=\"robots\" content=\"index, follow, max-snippet:-1, max-image-preview:large, max-video-preview:-1\" \/>\n<link rel=\"canonical\" href=\"https:\/\/tracage-solution.fr\/?page_id=938\" \/>\n<meta property=\"og:locale\" content=\"en_US\" \/>\n<meta property=\"og:type\" content=\"article\" \/>\n<meta property=\"og:title\" content=\"Signal\u00e9tique \u00e0 Grasse et P\u00e9gomas - Tracage Solution\" \/>\n<meta property=\"og:description\" content=\"Signal\u00e9tique \u00e0 Grasse et P\u00e9gomas, Panneaux d\u2019\u00e9vacuation, de danger, d\u2019obligation ou d\u2019interdiction, Supports en mat\u00e9riaux r\u00e9sistants dibond\" \/>\n<meta property=\"og:url\" content=\"https:\/\/tracage-solution.fr\/?page_id=938\" \/>\n<meta property=\"og:site_name\" content=\"Tracage Solution\" \/>\n<meta property=\"article:modified_time\" content=\"2025-07-19T15:29:46+00:00\" \/>\n<meta name=\"twitter:card\" content=\"summary_large_image\" \/>\n<meta name=\"twitter:label1\" content=\"Est. reading time\" \/>\n\t<meta name=\"twitter:data1\" content=\"3 minutes\" \/>\n<script type=\"application\/ld+json\" class=\"yoast-schema-graph\">{\"@context\":\"https:\\\/\\\/schema.org\",\"@graph\":[{\"@type\":\"WebPage\",\"@id\":\"https:\\\/\\\/tracage-solution.fr\\\/?page_id=938\",\"url\":\"https:\\\/\\\/tracage-solution.fr\\\/?page_id=938\",\"name\":\"Signal\u00e9tique \u00e0 Grasse et P\u00e9gomas - Tracage Solution\",\"isPartOf\":{\"@id\":\"https:\\\/\\\/tracage-solution.fr\\\/#website\"},\"datePublished\":\"2025-07-19T15:27:11+00:00\",\"dateModified\":\"2025-07-19T15:29:46+00:00\",\"description\":\"Signal\u00e9tique \u00e0 Grasse et P\u00e9gomas, Panneaux d\u2019\u00e9vacuation, de danger, d\u2019obligation ou d\u2019interdiction, Supports en mat\u00e9riaux r\u00e9sistants dibond\",\"breadcrumb\":{\"@id\":\"https:\\\/\\\/tracage-solution.fr\\\/?page_id=938#breadcrumb\"},\"inLanguage\":\"en-US\",\"potentialAction\":[{\"@type\":\"ReadAction\",\"target\":[\"https:\\\/\\\/tracage-solution.fr\\\/?page_id=938\"]}]},{\"@type\":\"BreadcrumbList\",\"@id\":\"https:\\\/\\\/tracage-solution.fr\\\/?page_id=938#breadcrumb\",\"itemListElement\":[{\"@type\":\"ListItem\",\"position\":1,\"name\":\"Accueil\",\"item\":\"https:\\\/\\\/tracage-solution.fr\\\/\"},{\"@type\":\"ListItem\",\"position\":2,\"name\":\"Signal\u00e9tique \u00e0 Grasse et P\u00e9gomas\"}]},{\"@type\":\"WebSite\",\"@id\":\"https:\\\/\\\/tracage-solution.fr\\\/#website\",\"url\":\"https:\\\/\\\/tracage-solution.fr\\\/\",\"name\":\"Tracage Solution\",\"description\":\"Tracage solution Nice \",\"potentialAction\":[{\"@type\":\"SearchAction\",\"target\":{\"@type\":\"EntryPoint\",\"urlTemplate\":\"https:\\\/\\\/tracage-solution.fr\\\/?s={search_term_string}\"},\"query-input\":{\"@type\":\"PropertyValueSpecification\",\"valueRequired\":true,\"valueName\":\"search_term_string\"}}],\"inLanguage\":\"en-US\"}]}<\/script>\n<!-- \/ Yoast SEO plugin. -->","yoast_head_json":{"title":"Signal\u00e9tique \u00e0 Grasse et P\u00e9gomas - Tracage Solution","description":"Signal\u00e9tique \u00e0 Grasse et P\u00e9gomas, Panneaux d\u2019\u00e9vacuation, de danger, d\u2019obligation ou d\u2019interdiction, Supports en mat\u00e9riaux r\u00e9sistants dibond","robots":{"index":"index","follow":"follow","max-snippet":"max-snippet:-1","max-image-preview":"max-image-preview:large","max-video-preview":"max-video-preview:-1"},"canonical":"https:\/\/tracage-solution.fr\/?page_id=938","og_locale":"en_US","og_type":"article","og_title":"Signal\u00e9tique \u00e0 Grasse et P\u00e9gomas - Tracage Solution","og_description":"Signal\u00e9tique \u00e0 Grasse et P\u00e9gomas, Panneaux d\u2019\u00e9vacuation, de danger, d\u2019obligation ou d\u2019interdiction, Supports en mat\u00e9riaux r\u00e9sistants dibond","og_url":"https:\/\/tracage-solution.fr\/?page_id=938","og_site_name":"Tracage Solution","article_modified_time":"2025-07-19T15:29:46+00:00","twitter_card":"summary_large_image","twitter_misc":{"Est. reading time":"3 minutes"},"schema":{"@context":"https:\/\/schema.org","@graph":[{"@type":"WebPage","@id":"https:\/\/tracage-solution.fr\/?page_id=938","url":"https:\/\/tracage-solution.fr\/?page_id=938","name":"Signal\u00e9tique \u00e0 Grasse et P\u00e9gomas - Tracage Solution","isPartOf":{"@id":"https:\/\/tracage-solution.fr\/#website"},"datePublished":"2025-07-19T15:27:11+00:00","dateModified":"2025-07-19T15:29:46+00:00","description":"Signal\u00e9tique \u00e0 Grasse et P\u00e9gomas, Panneaux d\u2019\u00e9vacuation, de danger, d\u2019obligation ou d\u2019interdiction, Supports en mat\u00e9riaux r\u00e9sistants dibond","breadcrumb":{"@id":"https:\/\/tracage-solution.fr\/?page_id=938#breadcrumb"},"inLanguage":"en-US","potentialAction":[{"@type":"ReadAction","target":["https:\/\/tracage-solution.fr\/?page_id=938"]}]},{"@type":"BreadcrumbList","@id":"https:\/\/tracage-solution.fr\/?page_id=938#breadcrumb","itemListElement":[{"@type":"ListItem","position":1,"name":"Accueil","item":"https:\/\/tracage-solution.fr\/"},{"@type":"ListItem","position":2,"name":"Signal\u00e9tique \u00e0 Grasse et P\u00e9gomas"}]},{"@type":"WebSite","@id":"https:\/\/tracage-solution.fr\/#website","url":"https:\/\/tracage-solution.fr\/","name":"Tracage Solution","description":"Tracage solution Nice ","potentialAction":[{"@type":"SearchAction","target":{"@type":"EntryPoint","urlTemplate":"https:\/\/tracage-solution.fr\/?s={search_term_string}"},"query-input":{"@type":"PropertyValueSpecification","valueRequired":true,"valueName":"search_term_string"}}],"inLanguage":"en-US"}]}},"_links":{"self":[{"href":"https:\/\/tracage-solution.fr\/index.php?rest_route=\/wp\/v2\/pages\/938","targetHints":{"allow":["GET"]}}],"collection":[{"href":"https:\/\/tracage-solution.fr\/index.php?rest_route=\/wp\/v2\/pages"}],"about":[{"href":"https:\/\/tracage-solution.fr\/index.php?rest_route=\/wp\/v2\/types\/page"}],"author":[{"embeddable":true,"href":"https:\/\/tracage-solution.fr\/index.php?rest_route=\/wp\/v2\/users\/1"}],"replies":[{"embeddable":true,"href":"https:\/\/tracage-solution.fr\/index.php?rest_route=%2Fwp%2Fv2%2Fcomments&post=938"}],"version-history":[{"count":4,"href":"https:\/\/tracage-solution.fr\/index.php?rest_route=\/wp\/v2\/pages\/938\/revisions"}],"predecessor-version":[{"id":942,"href":"https:\/\/tracage-solution.fr\/index.php?rest_route=\/wp\/v2\/pages\/938\/revisions\/942"}],"wp:attachment":[{"href":"https:\/\/tracage-solution.fr\/index.php?rest_route=%2Fwp%2Fv2%2Fmedia&parent=938"}],"curies":[{"name":"wp","href":"https:\/\/api.w.org\/{rel}","templated":true}]}}