{"id":933,"date":"2025-07-19T17:24:54","date_gmt":"2025-07-19T15:24:54","guid":{"rendered":"https:\/\/tracage-solution.fr\/?page_id=933"},"modified":"2025-07-19T17:25:48","modified_gmt":"2025-07-19T15:25:48","slug":"signaletique-a-mougins-et-mouans-sartoux","status":"publish","type":"page","link":"https:\/\/tracage-solution.fr\/?page_id=933","title":{"rendered":"Signal\u00e9tique \u00e0 Mougins et Mouans-Sartoux"},"content":{"rendered":"\n[et_pb_section fb_built=&#8221;1&#8243; admin_label=&#8221;Header&#8221; _builder_version=&#8221;4.16&#8243; use_background_color_gradient=&#8221;on&#8221; background_color_gradient_direction=&#8221;124deg&#8221; background_color_gradient_stops=&#8221;rgba(255,255,255,0.1) 30%|#31d190 90%&#8221; background_color_gradient_start=&#8221;rgba(255,255,255,0.1)&#8221; background_color_gradient_start_position=&#8221;30%&#8221; background_color_gradient_end=&#8221;#31d190&#8243; background_color_gradient_end_position=&#8221;90%&#8221; background_image=&#8221;https:\/\/tracage-solution.fr\/wp-content\/uploads\/2025\/04\/ebook-17-1.png&#8221; background_position=&#8221;bottom_center&#8221; custom_padding=&#8221;5vw||5vw||true|&#8221; border_color_all=&#8221;#31d190&#8243; border_width_left=&#8221;10px&#8221; global_colors_info=&#8221;{}&#8221; theme_builder_area=&#8221;post_content&#8221;][et_pb_row column_structure=&#8221;1_2,1_2&#8243; use_custom_gutter=&#8221;on&#8221; gutter_width=&#8221;4&#8243; _builder_version=&#8221;4.27.4&#8243; background_size=&#8221;contain&#8221; background_position=&#8221;bottom_center&#8221; max_width=&#8221;1280px&#8221; global_colors_info=&#8221;{}&#8221; theme_builder_area=&#8221;post_content&#8221;][et_pb_column type=&#8221;1_2&#8243; _builder_version=&#8221;4.16&#8243; custom_padding=&#8221;40px|||&#8221; custom_padding_tablet=&#8221;0vw|||&#8221; global_colors_info=&#8221;{}&#8221; custom_padding__hover=&#8221;|||&#8221; theme_builder_area=&#8221;post_content&#8221;][et_pb_text _builder_version=&#8221;4.27.4&#8243; text_font=&#8221;||||||||&#8221; text_text_color=&#8221;#000000&#8243; text_font_size=&#8221;15px&#8221; text_line_height=&#8221;1.8em&#8221; header_font=&#8221;Montserrat|800||on|||||&#8221; header_text_color=&#8221;#000000&#8243; header_font_size=&#8221;1.8vw&#8221; header_line_height=&#8221;1.1em&#8221; custom_margin=&#8221;||30px|||&#8221; text_font_size_tablet=&#8221;16px&#8221; text_font_size_phone=&#8221;14px&#8221; text_font_size_last_edited=&#8221;on|phone&#8221; text_line_height_tablet=&#8221;1.8em&#8221; text_line_height_phone=&#8221;1.7em&#8221; text_line_height_last_edited=&#8221;off|phone&#8221; header_font_size_tablet=&#8221;8vw&#8221; header_font_size_phone=&#8221;10vw&#8221; header_font_size_last_edited=&#8221;on|phone&#8221; global_colors_info=&#8221;{}&#8221; theme_builder_area=&#8221;post_content&#8221;]<h1>Signal\u00e9tique \u00e0 Mougins et Mouans-Sartoux : valorisez vos espaces avec Tra\u00e7age Solution<\/h1>\n<p data-start=\"227\" data-end=\"651\">\u00c0 <strong data-start=\"254\" data-end=\"265\">Mougins<\/strong> et <strong data-start=\"269\" data-end=\"287\">Mouans-Sartoux<\/strong>, deux communes attractives de l\u2019arri\u00e8re-pays cannois, la <strong data-start=\"345\" data-end=\"361\">signal\u00e9tique<\/strong> joue un r\u00f4le cl\u00e9 dans l\u2019organisation, la s\u00e9curit\u00e9 et l\u2019esth\u00e9tique des lieux professionnels, publics ou r\u00e9sidentiels.<br data-start=\"478\" data-end=\"481\" \/>Chez <strong data-start=\"486\" data-end=\"506\">Tra\u00e7age Solution<\/strong>, nous concevons, fabriquons et installons des <strong data-start=\"553\" data-end=\"618\">solutions de signal\u00e9tique int\u00e9rieure et ext\u00e9rieure sur mesure<\/strong>, adapt\u00e9es aux besoins des entreprises, collectivit\u00e9s, commerces et syndics de copropri\u00e9t\u00e9.<\/p>[\/et_pb_text][et_pb_button button_url=&#8221;https:\/\/tracage-solution.fr\/?page_id=18&#8243; button_text=&#8221;Demande de devis&#8221; _builder_version=&#8221;4.27.4&#8243; custom_button=&#8221;on&#8221; button_text_size=&#8221;16px&#8221; button_text_color=&#8221;#ffffff&#8221; button_bg_color=&#8221;#31d190&#8243; button_border_width=&#8221;0px&#8221; button_border_radius=&#8221;0px&#8221; button_font=&#8221;Montserrat|700|||||||&#8221; button_use_icon=&#8221;off&#8221; custom_margin=&#8221;||16px&#8221; custom_padding=&#8221;18px|40px|18px|40px|true|true&#8221; global_colors_info=&#8221;{}&#8221; theme_builder_area=&#8221;post_content&#8221;][\/et_pb_button][\/et_pb_column][et_pb_column type=&#8221;1_2&#8243; _builder_version=&#8221;4.16&#8243; custom_padding=&#8221;|||&#8221; global_colors_info=&#8221;{}&#8221; custom_padding__hover=&#8221;|||&#8221; theme_builder_area=&#8221;post_content&#8221;][et_pb_image src=&#8221;https:\/\/tracage-solution.fr\/wp-content\/uploads\/2025\/04\/dd22ad3b-216d-4d62-9db9-b691b3075d85-1.png&#8221; title_text=&#8221;dd22ad3b-216d-4d62-9db9-b691b3075d85&#8243; _builder_version=&#8221;4.27.4&#8243; max_width=&#8221;480px&#8221; animation_direction=&#8221;bottom&#8221; box_shadow_style=&#8221;preset3&#8243; box_shadow_vertical=&#8221;40px&#8221; box_shadow_blur=&#8221;80px&#8221; box_shadow_spread=&#8221;-20px&#8221; box_shadow_color=&#8221;rgba(0,0,0,0.8)&#8221; always_center_on_mobile=&#8221;off&#8221; global_colors_info=&#8221;{}&#8221; theme_builder_area=&#8221;post_content&#8221;][\/et_pb_image][\/et_pb_column][\/et_pb_row][\/et_pb_section][et_pb_section fb_built=&#8221;1&#8243; admin_label=&#8221;Brands&#8221; _builder_version=&#8221;4.16&#8243; custom_padding=&#8221;0px||0px|||&#8221; global_colors_info=&#8221;{}&#8221; theme_builder_area=&#8221;post_content&#8221;][\/et_pb_section][et_pb_section fb_built=&#8221;1&#8243; admin_label=&#8221;About&#8221; _builder_version=&#8221;4.16&#8243; global_colors_info=&#8221;{}&#8221; theme_builder_area=&#8221;post_content&#8221;][et_pb_row column_structure=&#8221;1_2,1_2&#8243; _builder_version=&#8221;4.16&#8243; global_colors_info=&#8221;{}&#8221; theme_builder_area=&#8221;post_content&#8221;][et_pb_column type=&#8221;1_2&#8243; _builder_version=&#8221;4.16&#8243; custom_padding=&#8221;|||&#8221; global_colors_info=&#8221;{}&#8221; custom_padding__hover=&#8221;|||&#8221; theme_builder_area=&#8221;post_content&#8221;][et_pb_image src=&#8221;https:\/\/tracage-solution.fr\/wp-content\/uploads\/2025\/04\/author-icon-01-4.png&#8221; title_text=&#8221;author-icon-01-4&#8243; _builder_version=&#8221;4.27.4&#8243; max_width=&#8221;400px&#8221; max_width_tablet=&#8221;&#8221; max_width_phone=&#8221;&#8221; max_width_last_edited=&#8221;on|tablet&#8221; module_alignment=&#8221;right&#8221; animation_direction=&#8221;bottom&#8221; always_center_on_mobile=&#8221;off&#8221; global_colors_info=&#8221;{}&#8221; theme_builder_area=&#8221;post_content&#8221;][\/et_pb_image][et_pb_text _builder_version=&#8221;4.27.4&#8243; header_font=&#8221;||||||||&#8221; header_2_font=&#8221;Montserrat|800||on|||||&#8221; header_2_text_color=&#8221;#000000&#8243; header_2_font_size=&#8221;36px&#8221; header_2_line_height=&#8221;1.2em&#8221; max_width=&#8221;400px&#8221; max_width_tablet=&#8221;&#8221; max_width_phone=&#8221;&#8221; max_width_last_edited=&#8221;on|tablet&#8221; module_alignment=&#8221;right&#8221; header_2_font_size_tablet=&#8221;40px&#8221; header_2_font_size_phone=&#8221;25px&#8221; header_2_font_size_last_edited=&#8221;on|desktop&#8221; locked=&#8221;off&#8221; global_colors_info=&#8221;{}&#8221; theme_builder_area=&#8221;post_content&#8221;]<h2>Signal\u00e9tique<\/h2>[\/et_pb_text][\/et_pb_column][et_pb_column type=&#8221;1_2&#8243; _builder_version=&#8221;4.16&#8243; custom_padding=&#8221;|||&#8221; global_colors_info=&#8221;{}&#8221; custom_padding__hover=&#8221;|||&#8221; theme_builder_area=&#8221;post_content&#8221;][et_pb_text _builder_version=&#8221;4.16&#8243; text_font=&#8221;||||||||&#8221; text_font_size=&#8221;18px&#8221; text_line_height=&#8221;1.8em&#8221; text_orientation=&#8221;justified&#8221; text_font_size_tablet=&#8221;16px&#8221; text_font_size_phone=&#8221;14px&#8221; text_font_size_last_edited=&#8221;on|phone&#8221; text_line_height_tablet=&#8221;1.8em&#8221; text_line_height_phone=&#8221;1.7em&#8221; text_line_height_last_edited=&#8221;off|phone&#8221; locked=&#8221;off&#8221; global_colors_info=&#8221;{}&#8221; theme_builder_area=&#8221;post_content&#8221;]<h3 data-start=\"716\" data-end=\"795\">Pourquoi la signal\u00e9tique est-elle essentielle \u00e0 Mougins et Mouans-Sartoux ?<\/h3>\n<p data-start=\"797\" data-end=\"950\">Dans ces communes en plein d\u00e9veloppement, connues pour leur dynamisme \u00e9conomique et culturel, une <strong data-start=\"895\" data-end=\"938\">signalisation claire et professionnelle<\/strong> permet de :<\/p>\n<ul data-start=\"951\" data-end=\"1346\">\n<li data-start=\"951\" data-end=\"1014\">\n<p data-start=\"953\" data-end=\"1014\"><strong data-start=\"953\" data-end=\"992\">Orienter efficacement les visiteurs<\/strong>, clients ou r\u00e9sidents<\/p>\n<\/li>\n<li data-start=\"1015\" data-end=\"1087\">\n<p data-start=\"1017\" data-end=\"1087\"><strong data-start=\"1017\" data-end=\"1087\">Identifier les services, les b\u00e2timents, les bureaux ou les entr\u00e9es<\/strong><\/p>\n<\/li>\n<li data-start=\"1088\" data-end=\"1193\">\n<p data-start=\"1090\" data-end=\"1193\"><strong data-start=\"1090\" data-end=\"1134\">Respecter les normes d\u2019accessibilit\u00e9 PMR<\/strong> et de s\u00e9curit\u00e9 (issues de secours, signalisation incendie)<\/p>\n<\/li>\n<li data-start=\"1194\" data-end=\"1270\">\n<p data-start=\"1196\" data-end=\"1270\"><strong data-start=\"1196\" data-end=\"1227\">Renforcer l\u2019image de marque<\/strong> gr\u00e2ce \u00e0 une communication visuelle soign\u00e9e<\/p>\n<\/li>\n<li data-start=\"1271\" data-end=\"1346\">\n<p data-start=\"1273\" data-end=\"1346\"><strong data-start=\"1273\" data-end=\"1346\">Structurer les zones de stationnement, de livraison ou de circulation<\/strong><\/p>\n<\/li>\n<\/ul>\n<p data-start=\"1348\" data-end=\"1466\">Une signal\u00e9tique bien con\u00e7ue am\u00e9liore la lisibilit\u00e9 de vos espaces tout en contribuant \u00e0 l\u2019esth\u00e9tique globale du site.<\/p>\n<hr data-start=\"1468\" data-end=\"1471\" \/>\n<h3 data-start=\"1473\" data-end=\"1523\">Des prestations sur mesure pour chaque secteur<\/h3>\n<p data-start=\"1525\" data-end=\"1635\"><strong data-start=\"1525\" data-end=\"1545\">Tra\u00e7age Solution<\/strong> intervient \u00e0 <strong data-start=\"1559\" data-end=\"1570\">Mougins<\/strong> et <strong data-start=\"1574\" data-end=\"1592\">Mouans-Sartoux<\/strong> avec une large gamme de produits adapt\u00e9s :<\/p>\n<ul data-start=\"1636\" data-end=\"1987\">\n<li data-start=\"1636\" data-end=\"1715\">\n<p data-start=\"1638\" data-end=\"1715\"><strong data-start=\"1638\" data-end=\"1665\">Plaques directionnelles<\/strong>, fl\u00e9chage, num\u00e9rotation, identification d\u2019espaces<\/p>\n<\/li>\n<li data-start=\"1716\" data-end=\"1782\">\n<p data-start=\"1718\" data-end=\"1782\"><strong data-start=\"1718\" data-end=\"1739\">Totems ext\u00e9rieurs<\/strong>, enseignes d\u2019accueil, panneaux informatifs<\/p>\n<\/li>\n<li data-start=\"1783\" data-end=\"1865\">\n<p data-start=\"1785\" data-end=\"1865\"><strong data-start=\"1785\" data-end=\"1805\">Lettrage adh\u00e9sif<\/strong>, vinyles d\u00e9coratifs, films d\u00e9polis sur vitrines ou cloisons<\/p>\n<\/li>\n<li data-start=\"1866\" data-end=\"1937\">\n<p data-start=\"1868\" data-end=\"1937\"><strong data-start=\"1868\" data-end=\"1896\">Signal\u00e9tique de s\u00e9curit\u00e9<\/strong>, consignes, \u00e9vacuation, zones interdites<\/p>\n<\/li>\n<li data-start=\"1938\" data-end=\"1987\">\n<p data-start=\"1940\" data-end=\"1987\"><strong data-start=\"1940\" data-end=\"1961\">Signalisation PMR<\/strong> conforme \u00e0 la l\u00e9gislation<\/p>\n<\/li>\n<\/ul>\n<p data-start=\"1989\" data-end=\"2135\">Nos mat\u00e9riaux sont r\u00e9sistants, durables et esth\u00e9tiques : <strong data-start=\"2046\" data-end=\"2089\">aluminium, dibond, inox, plexiglas, PVC<\/strong>, utilisables en int\u00e9rieur comme en ext\u00e9rieur.<\/p>\n<hr data-start=\"2137\" data-end=\"2140\" \/>\n<h3 data-start=\"2142\" data-end=\"2204\">Intervention rapide \u00e0 Mougins, Mouans-Sartoux et alentours<\/h3>\n<p data-start=\"2206\" data-end=\"2387\">Bas\u00e9e dans le sud-est, notre \u00e9quipe se d\u00e9place rapidement \u00e0 <strong data-start=\"2266\" data-end=\"2277\">Mougins<\/strong>, <strong data-start=\"2279\" data-end=\"2297\">Mouans-Sartoux<\/strong>, et dans les environs : <strong data-start=\"2322\" data-end=\"2361\">Le Cannet, Valbonne, Grasse, Cannes<\/strong>, etc.<\/p>\n<h3 data-start=\"753\" data-end=\"820\"><span style=\"font-size: 18px; color: #666666;\">.<\/span><\/h3>\n<p data-start=\"2605\" data-end=\"2647\" class=\"\"><\/p>[\/et_pb_text][\/et_pb_column][\/et_pb_row][et_pb_row column_structure=&#8221;1_2,1_2&#8243; _builder_version=&#8221;4.27.4&#8243; global_colors_info=&#8221;{}&#8221; theme_builder_area=&#8221;post_content&#8221;][et_pb_column type=&#8221;1_2&#8243; _builder_version=&#8221;4.16&#8243; custom_padding=&#8221;|||&#8221; global_colors_info=&#8221;{}&#8221; custom_padding__hover=&#8221;|||&#8221; theme_builder_area=&#8221;post_content&#8221;][et_pb_text _builder_version=&#8221;4.27.4&#8243; text_font=&#8221;||||||||&#8221; text_font_size=&#8221;18px&#8221; text_line_height=&#8221;1.8em&#8221; text_orientation=&#8221;justified&#8221; text_font_size_tablet=&#8221;16px&#8221; text_font_size_phone=&#8221;14px&#8221; text_font_size_last_edited=&#8221;on|phone&#8221; text_line_height_tablet=&#8221;1.8em&#8221; text_line_height_phone=&#8221;1.7em&#8221; text_line_height_last_edited=&#8221;off|phone&#8221; locked=&#8221;off&#8221; global_colors_info=&#8221;{}&#8221; theme_builder_area=&#8221;post_content&#8221;]<h2 data-start=\"2566\" data-end=\"2632\">Pourquoi faire appel \u00e0 Tracage Solution\u00a0<\/h2>\n<ul data-start=\"2764\" data-end=\"3013\">\n<li data-start=\"2634\" data-end=\"2701\"><span style=\"font-size: 18px;\">\u2705 Finitions nettes et durables, conformes aux normes<\/span><\/li>\n<li data-start=\"2824\" data-end=\"2885\">\n<p data-start=\"2826\" data-end=\"2885\">\u2705 <strong data-start=\"2828\" data-end=\"2845\">Devis gratuit<\/strong>, avec rep\u00e9rage et conseils techniques<\/p>\n<\/li>\n<li data-start=\"2886\" data-end=\"2930\">\n<p data-start=\"2888\" data-end=\"2930\">\u2705 \u00c9quipe qualifi\u00e9e, discr\u00e8te et \u00e0 l\u2019\u00e9coute<\/p>\n<\/li>\n<\/ul>\n<ul data-start=\"2555\" data-end=\"2826\"><\/ul>\n<ul data-start=\"2518\" data-end=\"2781\"><\/ul>\n<ul data-start=\"2490\" data-end=\"2772\"><\/ul>\n<ul data-start=\"2555\" data-end=\"2835\"><\/ul>\n<ul data-start=\"2413\" data-end=\"2700\"><\/ul>\n<ul data-start=\"2364\" data-end=\"2652\"><\/ul>\n<ul data-start=\"2272\" data-end=\"2555\"><\/ul>\n<ul data-start=\"2323\" data-end=\"2619\"><\/ul>\n<p>&nbsp;<\/p>\n<ul data-start=\"2230\" data-end=\"2537\"><\/ul>\n<ul data-start=\"2279\" data-end=\"2599\"><\/ul>\n<ul data-start=\"2274\" data-end=\"2613\"><\/ul>\n<ul data-start=\"2140\" data-end=\"2411\"><\/ul>\n<ul data-start=\"2111\" data-end=\"2491\"><\/ul>[\/et_pb_text][\/et_pb_column][et_pb_column type=&#8221;1_2&#8243; _builder_version=&#8221;4.16&#8243; custom_padding=&#8221;|||&#8221; global_colors_info=&#8221;{}&#8221; custom_padding__hover=&#8221;|||&#8221; theme_builder_area=&#8221;post_content&#8221;][et_pb_image src=&#8221;https:\/\/tracage-solution.fr\/wp-content\/uploads\/2025\/07\/thumbnail_IMG_4990-1.jpg&#8221; title_text=&#8221;thumbnail_IMG_4990 (1)&#8221; _builder_version=&#8221;4.27.4&#8243; _module_preset=&#8221;default&#8221; global_colors_info=&#8221;{}&#8221; theme_builder_area=&#8221;post_content&#8221;][\/et_pb_image][\/et_pb_column][\/et_pb_row][\/et_pb_section]\n","protected":false},"excerpt":{"rendered":"<p>Signal\u00e9tique \u00e0 Mougins et Mouans-Sartoux : valorisez vos espaces avec Tra\u00e7age Solution \u00c0 Mougins et Mouans-Sartoux, deux communes attractives de l\u2019arri\u00e8re-pays cannois, la signal\u00e9tique joue un r\u00f4le cl\u00e9 dans l\u2019organisation, la s\u00e9curit\u00e9 et l\u2019esth\u00e9tique des lieux professionnels, publics ou r\u00e9sidentiels.Chez Tra\u00e7age Solution, nous concevons, fabriquons et installons des solutions de signal\u00e9tique int\u00e9rieure et ext\u00e9rieure sur [&hellip;]<\/p>\n","protected":false},"author":1,"featured_media":0,"parent":0,"menu_order":0,"comment_status":"closed","ping_status":"closed","template":"","meta":{"_et_pb_use_builder":"on","_et_pb_old_content":"<!-- wp:divi\/placeholder \/-->","_et_gb_content_width":"","footnotes":""},"class_list":["post-933","page","type-page","status-publish","hentry"],"yoast_head":"<!-- This site is optimized with the Yoast SEO plugin v27.4 - https:\/\/yoast.com\/product\/yoast-seo-wordpress\/ -->\n<title>Signal\u00e9tique \u00e0 Mougins et Mouans-Sartoux<\/title>\n<meta name=\"description\" content=\"Signal\u00e9tique \u00e0 Mougins et Mouans-Sartoux, Structurer les zones de stationnement, de livraison ou de circulation, Signal\u00e9tique de s\u00e9curit\u00e9\" \/>\n<meta name=\"robots\" content=\"index, follow, max-snippet:-1, max-image-preview:large, max-video-preview:-1\" \/>\n<link rel=\"canonical\" href=\"https:\/\/tracage-solution.fr\/?page_id=933\" \/>\n<meta property=\"og:locale\" content=\"en_US\" \/>\n<meta property=\"og:type\" content=\"article\" \/>\n<meta property=\"og:title\" content=\"Signal\u00e9tique \u00e0 Mougins et Mouans-Sartoux\" \/>\n<meta property=\"og:description\" content=\"Signal\u00e9tique \u00e0 Mougins et Mouans-Sartoux, Structurer les zones de stationnement, de livraison ou de circulation, Signal\u00e9tique de s\u00e9curit\u00e9\" \/>\n<meta property=\"og:url\" content=\"https:\/\/tracage-solution.fr\/?page_id=933\" \/>\n<meta property=\"og:site_name\" content=\"Tracage Solution\" \/>\n<meta property=\"article:modified_time\" content=\"2025-07-19T15:25:48+00:00\" \/>\n<meta name=\"twitter:card\" content=\"summary_large_image\" \/>\n<meta name=\"twitter:label1\" content=\"Est. reading time\" \/>\n\t<meta name=\"twitter:data1\" content=\"3 minutes\" \/>\n<script type=\"application\/ld+json\" class=\"yoast-schema-graph\">{\"@context\":\"https:\\\/\\\/schema.org\",\"@graph\":[{\"@type\":\"WebPage\",\"@id\":\"https:\\\/\\\/tracage-solution.fr\\\/?page_id=933\",\"url\":\"https:\\\/\\\/tracage-solution.fr\\\/?page_id=933\",\"name\":\"Signal\u00e9tique \u00e0 Mougins et Mouans-Sartoux\",\"isPartOf\":{\"@id\":\"https:\\\/\\\/tracage-solution.fr\\\/#website\"},\"datePublished\":\"2025-07-19T15:24:54+00:00\",\"dateModified\":\"2025-07-19T15:25:48+00:00\",\"description\":\"Signal\u00e9tique \u00e0 Mougins et Mouans-Sartoux, Structurer les zones de stationnement, de livraison ou de circulation, Signal\u00e9tique de s\u00e9curit\u00e9\",\"breadcrumb\":{\"@id\":\"https:\\\/\\\/tracage-solution.fr\\\/?page_id=933#breadcrumb\"},\"inLanguage\":\"en-US\",\"potentialAction\":[{\"@type\":\"ReadAction\",\"target\":[\"https:\\\/\\\/tracage-solution.fr\\\/?page_id=933\"]}]},{\"@type\":\"BreadcrumbList\",\"@id\":\"https:\\\/\\\/tracage-solution.fr\\\/?page_id=933#breadcrumb\",\"itemListElement\":[{\"@type\":\"ListItem\",\"position\":1,\"name\":\"Accueil\",\"item\":\"https:\\\/\\\/tracage-solution.fr\\\/\"},{\"@type\":\"ListItem\",\"position\":2,\"name\":\"Signal\u00e9tique \u00e0 Mougins et Mouans-Sartoux\"}]},{\"@type\":\"WebSite\",\"@id\":\"https:\\\/\\\/tracage-solution.fr\\\/#website\",\"url\":\"https:\\\/\\\/tracage-solution.fr\\\/\",\"name\":\"Tracage Solution\",\"description\":\"Tracage solution Nice \",\"potentialAction\":[{\"@type\":\"SearchAction\",\"target\":{\"@type\":\"EntryPoint\",\"urlTemplate\":\"https:\\\/\\\/tracage-solution.fr\\\/?s={search_term_string}\"},\"query-input\":{\"@type\":\"PropertyValueSpecification\",\"valueRequired\":true,\"valueName\":\"search_term_string\"}}],\"inLanguage\":\"en-US\"}]}<\/script>\n<!-- \/ Yoast SEO plugin. -->","yoast_head_json":{"title":"Signal\u00e9tique \u00e0 Mougins et Mouans-Sartoux","description":"Signal\u00e9tique \u00e0 Mougins et Mouans-Sartoux, Structurer les zones de stationnement, de livraison ou de circulation, Signal\u00e9tique de s\u00e9curit\u00e9","robots":{"index":"index","follow":"follow","max-snippet":"max-snippet:-1","max-image-preview":"max-image-preview:large","max-video-preview":"max-video-preview:-1"},"canonical":"https:\/\/tracage-solution.fr\/?page_id=933","og_locale":"en_US","og_type":"article","og_title":"Signal\u00e9tique \u00e0 Mougins et Mouans-Sartoux","og_description":"Signal\u00e9tique \u00e0 Mougins et Mouans-Sartoux, Structurer les zones de stationnement, de livraison ou de circulation, Signal\u00e9tique de s\u00e9curit\u00e9","og_url":"https:\/\/tracage-solution.fr\/?page_id=933","og_site_name":"Tracage Solution","article_modified_time":"2025-07-19T15:25:48+00:00","twitter_card":"summary_large_image","twitter_misc":{"Est. reading time":"3 minutes"},"schema":{"@context":"https:\/\/schema.org","@graph":[{"@type":"WebPage","@id":"https:\/\/tracage-solution.fr\/?page_id=933","url":"https:\/\/tracage-solution.fr\/?page_id=933","name":"Signal\u00e9tique \u00e0 Mougins et Mouans-Sartoux","isPartOf":{"@id":"https:\/\/tracage-solution.fr\/#website"},"datePublished":"2025-07-19T15:24:54+00:00","dateModified":"2025-07-19T15:25:48+00:00","description":"Signal\u00e9tique \u00e0 Mougins et Mouans-Sartoux, Structurer les zones de stationnement, de livraison ou de circulation, Signal\u00e9tique de s\u00e9curit\u00e9","breadcrumb":{"@id":"https:\/\/tracage-solution.fr\/?page_id=933#breadcrumb"},"inLanguage":"en-US","potentialAction":[{"@type":"ReadAction","target":["https:\/\/tracage-solution.fr\/?page_id=933"]}]},{"@type":"BreadcrumbList","@id":"https:\/\/tracage-solution.fr\/?page_id=933#breadcrumb","itemListElement":[{"@type":"ListItem","position":1,"name":"Accueil","item":"https:\/\/tracage-solution.fr\/"},{"@type":"ListItem","position":2,"name":"Signal\u00e9tique \u00e0 Mougins et Mouans-Sartoux"}]},{"@type":"WebSite","@id":"https:\/\/tracage-solution.fr\/#website","url":"https:\/\/tracage-solution.fr\/","name":"Tracage Solution","description":"Tracage solution Nice ","potentialAction":[{"@type":"SearchAction","target":{"@type":"EntryPoint","urlTemplate":"https:\/\/tracage-solution.fr\/?s={search_term_string}"},"query-input":{"@type":"PropertyValueSpecification","valueRequired":true,"valueName":"search_term_string"}}],"inLanguage":"en-US"}]}},"_links":{"self":[{"href":"https:\/\/tracage-solution.fr\/index.php?rest_route=\/wp\/v2\/pages\/933","targetHints":{"allow":["GET"]}}],"collection":[{"href":"https:\/\/tracage-solution.fr\/index.php?rest_route=\/wp\/v2\/pages"}],"about":[{"href":"https:\/\/tracage-solution.fr\/index.php?rest_route=\/wp\/v2\/types\/page"}],"author":[{"embeddable":true,"href":"https:\/\/tracage-solution.fr\/index.php?rest_route=\/wp\/v2\/users\/1"}],"replies":[{"embeddable":true,"href":"https:\/\/tracage-solution.fr\/index.php?rest_route=%2Fwp%2Fv2%2Fcomments&post=933"}],"version-history":[{"count":4,"href":"https:\/\/tracage-solution.fr\/index.php?rest_route=\/wp\/v2\/pages\/933\/revisions"}],"predecessor-version":[{"id":937,"href":"https:\/\/tracage-solution.fr\/index.php?rest_route=\/wp\/v2\/pages\/933\/revisions\/937"}],"wp:attachment":[{"href":"https:\/\/tracage-solution.fr\/index.php?rest_route=%2Fwp%2Fv2%2Fmedia&parent=933"}],"curies":[{"name":"wp","href":"https:\/\/api.w.org\/{rel}","templated":true}]}}