{"id":928,"date":"2025-07-19T17:22:12","date_gmt":"2025-07-19T15:22:12","guid":{"rendered":"https:\/\/tracage-solution.fr\/?page_id=928"},"modified":"2025-07-19T17:23:23","modified_gmt":"2025-07-19T15:23:23","slug":"signaletique-a-cannes-et-le-cannet-ameliorez-la-visibilite","status":"publish","type":"page","link":"https:\/\/tracage-solution.fr\/?page_id=928","title":{"rendered":"Signal\u00e9tique \u00e0 Cannes et Le Cannet : am\u00e9liorez la visibilit\u00e9"},"content":{"rendered":"\n[et_pb_section fb_built=&#8221;1&#8243; admin_label=&#8221;Header&#8221; _builder_version=&#8221;4.16&#8243; use_background_color_gradient=&#8221;on&#8221; background_color_gradient_direction=&#8221;124deg&#8221; background_color_gradient_stops=&#8221;rgba(255,255,255,0.1) 30%|#31d190 90%&#8221; background_color_gradient_start=&#8221;rgba(255,255,255,0.1)&#8221; background_color_gradient_start_position=&#8221;30%&#8221; background_color_gradient_end=&#8221;#31d190&#8243; background_color_gradient_end_position=&#8221;90%&#8221; background_image=&#8221;https:\/\/tracage-solution.fr\/wp-content\/uploads\/2025\/04\/ebook-17-1.png&#8221; background_position=&#8221;bottom_center&#8221; custom_padding=&#8221;5vw||5vw||true|&#8221; border_color_all=&#8221;#31d190&#8243; border_width_left=&#8221;10px&#8221; global_colors_info=&#8221;{}&#8221; theme_builder_area=&#8221;post_content&#8221;][et_pb_row column_structure=&#8221;1_2,1_2&#8243; use_custom_gutter=&#8221;on&#8221; gutter_width=&#8221;4&#8243; _builder_version=&#8221;4.27.4&#8243; background_size=&#8221;contain&#8221; background_position=&#8221;bottom_center&#8221; max_width=&#8221;1280px&#8221; global_colors_info=&#8221;{}&#8221; theme_builder_area=&#8221;post_content&#8221;][et_pb_column type=&#8221;1_2&#8243; _builder_version=&#8221;4.16&#8243; custom_padding=&#8221;40px|||&#8221; custom_padding_tablet=&#8221;0vw|||&#8221; global_colors_info=&#8221;{}&#8221; custom_padding__hover=&#8221;|||&#8221; theme_builder_area=&#8221;post_content&#8221;][et_pb_text _builder_version=&#8221;4.27.4&#8243; text_font=&#8221;||||||||&#8221; text_text_color=&#8221;#000000&#8243; text_font_size=&#8221;15px&#8221; text_line_height=&#8221;1.8em&#8221; header_font=&#8221;Montserrat|800||on|||||&#8221; header_text_color=&#8221;#000000&#8243; header_font_size=&#8221;1.8vw&#8221; header_line_height=&#8221;1.1em&#8221; custom_margin=&#8221;||30px|||&#8221; text_font_size_tablet=&#8221;16px&#8221; text_font_size_phone=&#8221;14px&#8221; text_font_size_last_edited=&#8221;on|phone&#8221; text_line_height_tablet=&#8221;1.8em&#8221; text_line_height_phone=&#8221;1.7em&#8221; text_line_height_last_edited=&#8221;off|phone&#8221; header_font_size_tablet=&#8221;8vw&#8221; header_font_size_phone=&#8221;10vw&#8221; header_font_size_last_edited=&#8221;on|phone&#8221; global_colors_info=&#8221;{}&#8221; theme_builder_area=&#8221;post_content&#8221;]<h1>Signal\u00e9tique \u00e0 Cannes et Le Cannet : am\u00e9liorez la visibilit\u00e9 et l\u2019orientation avec Tra\u00e7age Solution<\/h1>\n<p data-start=\"227\" data-end=\"651\">Dans des villes aussi actives et attractives que <strong data-start=\"308\" data-end=\"318\">Cannes<\/strong> et <strong data-start=\"322\" data-end=\"335\">Le Cannet<\/strong>, la <strong data-start=\"340\" data-end=\"356\">signal\u00e9tique<\/strong> joue un r\u00f4le essentiel pour <strong data-start=\"385\" data-end=\"397\">orienter<\/strong>, <strong data-start=\"399\" data-end=\"411\">informer<\/strong> et <strong data-start=\"415\" data-end=\"428\">valoriser<\/strong> les lieux publics, les b\u00e2timents professionnels ou r\u00e9sidentiels. Que vous soyez une entreprise, une collectivit\u00e9, un commerce ou un syndic, <strong data-start=\"569\" data-end=\"589\">Tra\u00e7age Solution<\/strong> vous accompagne dans tous vos projets de <strong data-start=\"631\" data-end=\"683\">signal\u00e9tique int\u00e9rieure et ext\u00e9rieure sur mesure<\/strong>, avec un service rapide, professionnel et conforme aux normes.<\/p>[\/et_pb_text][et_pb_button button_url=&#8221;https:\/\/tracage-solution.fr\/?page_id=18&#8243; button_text=&#8221;Demande de devis&#8221; _builder_version=&#8221;4.27.4&#8243; custom_button=&#8221;on&#8221; button_text_size=&#8221;16px&#8221; button_text_color=&#8221;#ffffff&#8221; button_bg_color=&#8221;#31d190&#8243; button_border_width=&#8221;0px&#8221; button_border_radius=&#8221;0px&#8221; button_font=&#8221;Montserrat|700|||||||&#8221; button_use_icon=&#8221;off&#8221; custom_margin=&#8221;||16px&#8221; custom_padding=&#8221;18px|40px|18px|40px|true|true&#8221; global_colors_info=&#8221;{}&#8221; theme_builder_area=&#8221;post_content&#8221;][\/et_pb_button][\/et_pb_column][et_pb_column type=&#8221;1_2&#8243; _builder_version=&#8221;4.16&#8243; custom_padding=&#8221;|||&#8221; global_colors_info=&#8221;{}&#8221; custom_padding__hover=&#8221;|||&#8221; theme_builder_area=&#8221;post_content&#8221;][et_pb_image src=&#8221;https:\/\/tracage-solution.fr\/wp-content\/uploads\/2025\/04\/dd22ad3b-216d-4d62-9db9-b691b3075d85-1.png&#8221; title_text=&#8221;dd22ad3b-216d-4d62-9db9-b691b3075d85&#8243; _builder_version=&#8221;4.27.4&#8243; max_width=&#8221;480px&#8221; animation_direction=&#8221;bottom&#8221; box_shadow_style=&#8221;preset3&#8243; box_shadow_vertical=&#8221;40px&#8221; box_shadow_blur=&#8221;80px&#8221; box_shadow_spread=&#8221;-20px&#8221; box_shadow_color=&#8221;rgba(0,0,0,0.8)&#8221; always_center_on_mobile=&#8221;off&#8221; global_colors_info=&#8221;{}&#8221; theme_builder_area=&#8221;post_content&#8221;][\/et_pb_image][\/et_pb_column][\/et_pb_row][\/et_pb_section][et_pb_section fb_built=&#8221;1&#8243; admin_label=&#8221;Brands&#8221; _builder_version=&#8221;4.16&#8243; custom_padding=&#8221;0px||0px|||&#8221; global_colors_info=&#8221;{}&#8221; theme_builder_area=&#8221;post_content&#8221;][\/et_pb_section][et_pb_section fb_built=&#8221;1&#8243; admin_label=&#8221;About&#8221; _builder_version=&#8221;4.16&#8243; global_colors_info=&#8221;{}&#8221; theme_builder_area=&#8221;post_content&#8221;][et_pb_row column_structure=&#8221;1_2,1_2&#8243; _builder_version=&#8221;4.16&#8243; global_colors_info=&#8221;{}&#8221; theme_builder_area=&#8221;post_content&#8221;][et_pb_column type=&#8221;1_2&#8243; _builder_version=&#8221;4.16&#8243; custom_padding=&#8221;|||&#8221; global_colors_info=&#8221;{}&#8221; custom_padding__hover=&#8221;|||&#8221; theme_builder_area=&#8221;post_content&#8221;][et_pb_image src=&#8221;https:\/\/tracage-solution.fr\/wp-content\/uploads\/2025\/04\/author-icon-01-4.png&#8221; title_text=&#8221;author-icon-01-4&#8243; _builder_version=&#8221;4.27.4&#8243; max_width=&#8221;400px&#8221; max_width_tablet=&#8221;&#8221; max_width_phone=&#8221;&#8221; max_width_last_edited=&#8221;on|tablet&#8221; module_alignment=&#8221;right&#8221; animation_direction=&#8221;bottom&#8221; always_center_on_mobile=&#8221;off&#8221; global_colors_info=&#8221;{}&#8221; theme_builder_area=&#8221;post_content&#8221;][\/et_pb_image][et_pb_text _builder_version=&#8221;4.27.4&#8243; header_font=&#8221;||||||||&#8221; header_2_font=&#8221;Montserrat|800||on|||||&#8221; header_2_text_color=&#8221;#000000&#8243; header_2_font_size=&#8221;36px&#8221; header_2_line_height=&#8221;1.2em&#8221; max_width=&#8221;400px&#8221; max_width_tablet=&#8221;&#8221; max_width_phone=&#8221;&#8221; max_width_last_edited=&#8221;on|tablet&#8221; module_alignment=&#8221;right&#8221; header_2_font_size_tablet=&#8221;40px&#8221; header_2_font_size_phone=&#8221;25px&#8221; header_2_font_size_last_edited=&#8221;on|desktop&#8221; locked=&#8221;off&#8221; global_colors_info=&#8221;{}&#8221; theme_builder_area=&#8221;post_content&#8221;]<h2>Signal\u00e9tique<\/h2>[\/et_pb_text][\/et_pb_column][et_pb_column type=&#8221;1_2&#8243; _builder_version=&#8221;4.16&#8243; custom_padding=&#8221;|||&#8221; global_colors_info=&#8221;{}&#8221; custom_padding__hover=&#8221;|||&#8221; theme_builder_area=&#8221;post_content&#8221;][et_pb_text _builder_version=&#8221;4.16&#8243; text_font=&#8221;||||||||&#8221; text_font_size=&#8221;18px&#8221; text_line_height=&#8221;1.8em&#8221; text_orientation=&#8221;justified&#8221; text_font_size_tablet=&#8221;16px&#8221; text_font_size_phone=&#8221;14px&#8221; text_font_size_last_edited=&#8221;on|phone&#8221; text_line_height_tablet=&#8221;1.8em&#8221; text_line_height_phone=&#8221;1.7em&#8221; text_line_height_last_edited=&#8221;off|phone&#8221; locked=&#8221;off&#8221; global_colors_info=&#8221;{}&#8221; theme_builder_area=&#8221;post_content&#8221;]<h3 data-start=\"753\" data-end=\"820\">Pourquoi investir dans une signal\u00e9tique \u00e0 Cannes et Le Cannet ?<\/h3>\n<p data-start=\"822\" data-end=\"1045\">Entre tourisme, \u00e9v\u00e9nements internationaux et forte densit\u00e9 urbaine, <strong data-start=\"890\" data-end=\"900\">Cannes<\/strong> et <strong data-start=\"904\" data-end=\"917\">Le Cannet<\/strong> accueillent un flux constant de visiteurs, usagers et r\u00e9sidents. Une <strong data-start=\"987\" data-end=\"1015\">signal\u00e9tique bien pens\u00e9e<\/strong> est donc indispensable pour :<\/p>\n<ul data-start=\"1046\" data-end=\"1463\">\n<li data-start=\"1046\" data-end=\"1136\">\n<p data-start=\"1048\" data-end=\"1136\"><strong data-start=\"1048\" data-end=\"1085\">Guider efficacement les visiteurs<\/strong> dans les b\u00e2timents, parkings ou zones commerciales<\/p>\n<\/li>\n<li data-start=\"1137\" data-end=\"1200\">\n<p data-start=\"1139\" data-end=\"1200\"><strong data-start=\"1139\" data-end=\"1181\">Mettre en valeur les acc\u00e8s et services<\/strong> d\u2019un \u00e9tablissement<\/p>\n<\/li>\n<li data-start=\"1201\" data-end=\"1307\">\n<p data-start=\"1203\" data-end=\"1307\"><strong data-start=\"1203\" data-end=\"1226\">Assurer la s\u00e9curit\u00e9<\/strong> avec une signalisation claire et visible (issues de secours, zones d\u2019\u00e9vacuation)<\/p>\n<\/li>\n<li data-start=\"1308\" data-end=\"1383\">\n<p data-start=\"1310\" data-end=\"1383\"><strong data-start=\"1310\" data-end=\"1341\">Respecter la r\u00e9glementation<\/strong>, notamment en mati\u00e8re d\u2019accessibilit\u00e9 PMR<\/p>\n<\/li>\n<li data-start=\"1384\" data-end=\"1463\">\n<p data-start=\"1386\" data-end=\"1463\"><strong data-start=\"1386\" data-end=\"1421\">Renforcer votre image de marque<\/strong> \u00e0 travers des supports visuels de qualit\u00e9<\/p>\n<\/li>\n<\/ul>\n<hr data-start=\"1465\" data-end=\"1468\" \/>\n<h3 data-start=\"1470\" data-end=\"1533\">Des solutions de signal\u00e9tique sur mesure pour chaque besoin<\/h3>\n<p data-start=\"1535\" data-end=\"1635\"><strong data-start=\"1535\" data-end=\"1555\">Tra\u00e7age Solution<\/strong> propose \u00e0 Cannes et Le Cannet une large gamme de produits et services adapt\u00e9s :<\/p>\n<ul data-start=\"1636\" data-end=\"1952\">\n<li data-start=\"1636\" data-end=\"1711\">\n<p data-start=\"1638\" data-end=\"1711\"><strong data-start=\"1638\" data-end=\"1665\">Plaques directionnelles<\/strong>, fl\u00e9chage, num\u00e9rotation d\u2019\u00e9tages et de portes<\/p>\n<\/li>\n<li data-start=\"1712\" data-end=\"1791\">\n<p data-start=\"1714\" data-end=\"1791\"><strong data-start=\"1714\" data-end=\"1735\">Totems ext\u00e9rieurs<\/strong>, enseignes de site, panneaux d\u2019accueil ou d\u2019orientation<\/p>\n<\/li>\n<li data-start=\"1792\" data-end=\"1878\">\n<p data-start=\"1794\" data-end=\"1878\"><strong data-start=\"1794\" data-end=\"1814\">Lettrage adh\u00e9sif<\/strong>, vinyles d\u00e9coratifs ou informatifs, films d\u00e9polis pour vitrines<\/p>\n<\/li>\n<li data-start=\"1879\" data-end=\"1952\">\n<p data-start=\"1881\" data-end=\"1952\"><strong data-start=\"1881\" data-end=\"1905\">Panneaux de s\u00e9curit\u00e9<\/strong> et <strong data-start=\"1909\" data-end=\"1930\">signalisation PMR<\/strong> aux normes en vigueur<\/p>\n<\/li>\n<\/ul>\n<p data-start=\"1954\" data-end=\"2130\">Nous travaillons avec des mat\u00e9riaux professionnels durables et esth\u00e9tiques : <strong data-start=\"2031\" data-end=\"2074\">aluminium, PVC, dibond, inox, plexiglas<\/strong>, adapt\u00e9s \u00e0 une utilisation int\u00e9rieure comme ext\u00e9rieure.<\/p>\n<hr data-start=\"2132\" data-end=\"2135\" \/>\n<h3 data-start=\"2137\" data-end=\"2193\">Intervention rapide \u00e0 Cannes, Le Cannet et alentours<\/h3>\n<p data-start=\"2195\" data-end=\"2400\">Bas\u00e9e dans le sud-est, notre \u00e9quipe intervient rapidement \u00e0 <strong data-start=\"2255\" data-end=\"2265\">Cannes<\/strong>, <strong data-start=\"2267\" data-end=\"2280\">Le Cannet<\/strong>, ainsi que dans les communes proches : <strong data-start=\"2320\" data-end=\"2374\">Mougins, Vallauris, Mandelieu-la-Napoule, La Bocca<\/strong>, etc.<\/p>\n<p data-start=\"2605\" data-end=\"2647\" class=\"\"><\/p>[\/et_pb_text][\/et_pb_column][\/et_pb_row][et_pb_row column_structure=&#8221;1_2,1_2&#8243; _builder_version=&#8221;4.27.4&#8243; global_colors_info=&#8221;{}&#8221; theme_builder_area=&#8221;post_content&#8221;][et_pb_column type=&#8221;1_2&#8243; _builder_version=&#8221;4.16&#8243; custom_padding=&#8221;|||&#8221; global_colors_info=&#8221;{}&#8221; custom_padding__hover=&#8221;|||&#8221; theme_builder_area=&#8221;post_content&#8221;][et_pb_text _builder_version=&#8221;4.27.4&#8243; text_font=&#8221;||||||||&#8221; text_font_size=&#8221;18px&#8221; text_line_height=&#8221;1.8em&#8221; text_orientation=&#8221;justified&#8221; text_font_size_tablet=&#8221;16px&#8221; text_font_size_phone=&#8221;14px&#8221; text_font_size_last_edited=&#8221;on|phone&#8221; text_line_height_tablet=&#8221;1.8em&#8221; text_line_height_phone=&#8221;1.7em&#8221; text_line_height_last_edited=&#8221;off|phone&#8221; locked=&#8221;off&#8221; global_colors_info=&#8221;{}&#8221; theme_builder_area=&#8221;post_content&#8221;]<h2 data-start=\"2566\" data-end=\"2632\">Pourquoi faire appel \u00e0 Tracage Solution\u00a0<\/h2>\n<ul data-start=\"2764\" data-end=\"3013\">\n<li data-start=\"2634\" data-end=\"2701\"><span style=\"font-size: 18px;\">\u2705 Finitions nettes et durables, conformes aux normes<\/span><\/li>\n<li data-start=\"2824\" data-end=\"2885\">\n<p data-start=\"2826\" data-end=\"2885\">\u2705 <strong data-start=\"2828\" data-end=\"2845\">Devis gratuit<\/strong>, avec rep\u00e9rage et conseils techniques<\/p>\n<\/li>\n<li data-start=\"2886\" data-end=\"2930\">\n<p data-start=\"2888\" data-end=\"2930\">\u2705 \u00c9quipe qualifi\u00e9e, discr\u00e8te et \u00e0 l\u2019\u00e9coute<\/p>\n<\/li>\n<\/ul>\n<ul data-start=\"2555\" data-end=\"2826\"><\/ul>\n<ul data-start=\"2518\" data-end=\"2781\"><\/ul>\n<ul data-start=\"2490\" data-end=\"2772\"><\/ul>\n<ul data-start=\"2555\" data-end=\"2835\"><\/ul>\n<ul data-start=\"2413\" data-end=\"2700\"><\/ul>\n<ul data-start=\"2364\" data-end=\"2652\"><\/ul>\n<ul data-start=\"2272\" data-end=\"2555\"><\/ul>\n<ul data-start=\"2323\" data-end=\"2619\"><\/ul>\n<p>&nbsp;<\/p>\n<ul data-start=\"2230\" data-end=\"2537\"><\/ul>\n<ul data-start=\"2279\" data-end=\"2599\"><\/ul>\n<ul data-start=\"2274\" data-end=\"2613\"><\/ul>\n<ul data-start=\"2140\" data-end=\"2411\"><\/ul>\n<ul data-start=\"2111\" data-end=\"2491\"><\/ul>[\/et_pb_text][\/et_pb_column][et_pb_column type=&#8221;1_2&#8243; _builder_version=&#8221;4.16&#8243; custom_padding=&#8221;|||&#8221; global_colors_info=&#8221;{}&#8221; custom_padding__hover=&#8221;|||&#8221; theme_builder_area=&#8221;post_content&#8221;][et_pb_image src=&#8221;https:\/\/tracage-solution.fr\/wp-content\/uploads\/2025\/07\/thumbnail_IMG_4990-1.jpg&#8221; title_text=&#8221;thumbnail_IMG_4990 (1)&#8221; _builder_version=&#8221;4.27.4&#8243; _module_preset=&#8221;default&#8221; global_colors_info=&#8221;{}&#8221; theme_builder_area=&#8221;post_content&#8221;][\/et_pb_image][\/et_pb_column][\/et_pb_row][\/et_pb_section]\n","protected":false},"excerpt":{"rendered":"<p>Signal\u00e9tique \u00e0 Cannes et Le Cannet : am\u00e9liorez la visibilit\u00e9 et l\u2019orientation avec Tra\u00e7age Solution Dans des villes aussi actives et attractives que Cannes et Le Cannet, la signal\u00e9tique joue un r\u00f4le essentiel pour orienter, informer et valoriser les lieux publics, les b\u00e2timents professionnels ou r\u00e9sidentiels. Que vous soyez une entreprise, une collectivit\u00e9, un commerce [&hellip;]<\/p>\n","protected":false},"author":1,"featured_media":0,"parent":0,"menu_order":0,"comment_status":"closed","ping_status":"closed","template":"","meta":{"_et_pb_use_builder":"on","_et_pb_old_content":"<!-- wp:divi\/placeholder \/-->","_et_gb_content_width":"","footnotes":""},"class_list":["post-928","page","type-page","status-publish","hentry"],"yoast_head":"<!-- This site is optimized with the Yoast SEO plugin v27.5 - https:\/\/yoast.com\/product\/yoast-seo-wordpress\/ -->\n<title>Signal\u00e9tique \u00e0 Cannes et Le Cannet : am\u00e9liorez la visibilit\u00e9 - Tracage Solution<\/title>\n<meta name=\"description\" content=\"Signal\u00e9tique \u00e0 Cannes et Le Cannet : am\u00e9liorez la visibilit\u00e9, Lettrage adh\u00e9sif, vinyles d\u00e9coratifs ou informatifs, films d\u00e9polis\" \/>\n<meta name=\"robots\" content=\"index, follow, max-snippet:-1, max-image-preview:large, max-video-preview:-1\" \/>\n<link rel=\"canonical\" href=\"https:\/\/tracage-solution.fr\/?page_id=928\" \/>\n<meta property=\"og:locale\" content=\"en_US\" \/>\n<meta property=\"og:type\" content=\"article\" \/>\n<meta property=\"og:title\" content=\"Signal\u00e9tique \u00e0 Cannes et Le Cannet : am\u00e9liorez la visibilit\u00e9 - Tracage Solution\" \/>\n<meta property=\"og:description\" content=\"Signal\u00e9tique \u00e0 Cannes et Le Cannet : am\u00e9liorez la visibilit\u00e9, Lettrage adh\u00e9sif, vinyles d\u00e9coratifs ou informatifs, films d\u00e9polis\" \/>\n<meta property=\"og:url\" content=\"https:\/\/tracage-solution.fr\/?page_id=928\" \/>\n<meta property=\"og:site_name\" content=\"Tracage Solution\" \/>\n<meta property=\"article:modified_time\" content=\"2025-07-19T15:23:23+00:00\" \/>\n<meta name=\"twitter:card\" content=\"summary_large_image\" \/>\n<meta name=\"twitter:label1\" content=\"Est. reading time\" \/>\n\t<meta name=\"twitter:data1\" content=\"3 minutes\" \/>\n<script type=\"application\/ld+json\" class=\"yoast-schema-graph\">{\"@context\":\"https:\\\/\\\/schema.org\",\"@graph\":[{\"@type\":\"WebPage\",\"@id\":\"https:\\\/\\\/tracage-solution.fr\\\/?page_id=928\",\"url\":\"https:\\\/\\\/tracage-solution.fr\\\/?page_id=928\",\"name\":\"Signal\u00e9tique \u00e0 Cannes et Le Cannet : am\u00e9liorez la visibilit\u00e9 - Tracage Solution\",\"isPartOf\":{\"@id\":\"https:\\\/\\\/tracage-solution.fr\\\/#website\"},\"datePublished\":\"2025-07-19T15:22:12+00:00\",\"dateModified\":\"2025-07-19T15:23:23+00:00\",\"description\":\"Signal\u00e9tique \u00e0 Cannes et Le Cannet : am\u00e9liorez la visibilit\u00e9, Lettrage adh\u00e9sif, vinyles d\u00e9coratifs ou informatifs, films d\u00e9polis\",\"breadcrumb\":{\"@id\":\"https:\\\/\\\/tracage-solution.fr\\\/?page_id=928#breadcrumb\"},\"inLanguage\":\"en-US\",\"potentialAction\":[{\"@type\":\"ReadAction\",\"target\":[\"https:\\\/\\\/tracage-solution.fr\\\/?page_id=928\"]}]},{\"@type\":\"BreadcrumbList\",\"@id\":\"https:\\\/\\\/tracage-solution.fr\\\/?page_id=928#breadcrumb\",\"itemListElement\":[{\"@type\":\"ListItem\",\"position\":1,\"name\":\"Accueil\",\"item\":\"https:\\\/\\\/tracage-solution.fr\\\/\"},{\"@type\":\"ListItem\",\"position\":2,\"name\":\"Signal\u00e9tique \u00e0 Cannes et Le Cannet : am\u00e9liorez la visibilit\u00e9\"}]},{\"@type\":\"WebSite\",\"@id\":\"https:\\\/\\\/tracage-solution.fr\\\/#website\",\"url\":\"https:\\\/\\\/tracage-solution.fr\\\/\",\"name\":\"Tracage Solution\",\"description\":\"Tracage solution Nice \",\"potentialAction\":[{\"@type\":\"SearchAction\",\"target\":{\"@type\":\"EntryPoint\",\"urlTemplate\":\"https:\\\/\\\/tracage-solution.fr\\\/?s={search_term_string}\"},\"query-input\":{\"@type\":\"PropertyValueSpecification\",\"valueRequired\":true,\"valueName\":\"search_term_string\"}}],\"inLanguage\":\"en-US\"}]}<\/script>\n<!-- \/ Yoast SEO plugin. -->","yoast_head_json":{"title":"Signal\u00e9tique \u00e0 Cannes et Le Cannet : am\u00e9liorez la visibilit\u00e9 - Tracage Solution","description":"Signal\u00e9tique \u00e0 Cannes et Le Cannet : am\u00e9liorez la visibilit\u00e9, Lettrage adh\u00e9sif, vinyles d\u00e9coratifs ou informatifs, films d\u00e9polis","robots":{"index":"index","follow":"follow","max-snippet":"max-snippet:-1","max-image-preview":"max-image-preview:large","max-video-preview":"max-video-preview:-1"},"canonical":"https:\/\/tracage-solution.fr\/?page_id=928","og_locale":"en_US","og_type":"article","og_title":"Signal\u00e9tique \u00e0 Cannes et Le Cannet : am\u00e9liorez la visibilit\u00e9 - Tracage Solution","og_description":"Signal\u00e9tique \u00e0 Cannes et Le Cannet : am\u00e9liorez la visibilit\u00e9, Lettrage adh\u00e9sif, vinyles d\u00e9coratifs ou informatifs, films d\u00e9polis","og_url":"https:\/\/tracage-solution.fr\/?page_id=928","og_site_name":"Tracage Solution","article_modified_time":"2025-07-19T15:23:23+00:00","twitter_card":"summary_large_image","twitter_misc":{"Est. reading time":"3 minutes"},"schema":{"@context":"https:\/\/schema.org","@graph":[{"@type":"WebPage","@id":"https:\/\/tracage-solution.fr\/?page_id=928","url":"https:\/\/tracage-solution.fr\/?page_id=928","name":"Signal\u00e9tique \u00e0 Cannes et Le Cannet : am\u00e9liorez la visibilit\u00e9 - Tracage Solution","isPartOf":{"@id":"https:\/\/tracage-solution.fr\/#website"},"datePublished":"2025-07-19T15:22:12+00:00","dateModified":"2025-07-19T15:23:23+00:00","description":"Signal\u00e9tique \u00e0 Cannes et Le Cannet : am\u00e9liorez la visibilit\u00e9, Lettrage adh\u00e9sif, vinyles d\u00e9coratifs ou informatifs, films d\u00e9polis","breadcrumb":{"@id":"https:\/\/tracage-solution.fr\/?page_id=928#breadcrumb"},"inLanguage":"en-US","potentialAction":[{"@type":"ReadAction","target":["https:\/\/tracage-solution.fr\/?page_id=928"]}]},{"@type":"BreadcrumbList","@id":"https:\/\/tracage-solution.fr\/?page_id=928#breadcrumb","itemListElement":[{"@type":"ListItem","position":1,"name":"Accueil","item":"https:\/\/tracage-solution.fr\/"},{"@type":"ListItem","position":2,"name":"Signal\u00e9tique \u00e0 Cannes et Le Cannet : am\u00e9liorez la visibilit\u00e9"}]},{"@type":"WebSite","@id":"https:\/\/tracage-solution.fr\/#website","url":"https:\/\/tracage-solution.fr\/","name":"Tracage Solution","description":"Tracage solution Nice ","potentialAction":[{"@type":"SearchAction","target":{"@type":"EntryPoint","urlTemplate":"https:\/\/tracage-solution.fr\/?s={search_term_string}"},"query-input":{"@type":"PropertyValueSpecification","valueRequired":true,"valueName":"search_term_string"}}],"inLanguage":"en-US"}]}},"_links":{"self":[{"href":"https:\/\/tracage-solution.fr\/index.php?rest_route=\/wp\/v2\/pages\/928","targetHints":{"allow":["GET"]}}],"collection":[{"href":"https:\/\/tracage-solution.fr\/index.php?rest_route=\/wp\/v2\/pages"}],"about":[{"href":"https:\/\/tracage-solution.fr\/index.php?rest_route=\/wp\/v2\/types\/page"}],"author":[{"embeddable":true,"href":"https:\/\/tracage-solution.fr\/index.php?rest_route=\/wp\/v2\/users\/1"}],"replies":[{"embeddable":true,"href":"https:\/\/tracage-solution.fr\/index.php?rest_route=%2Fwp%2Fv2%2Fcomments&post=928"}],"version-history":[{"count":4,"href":"https:\/\/tracage-solution.fr\/index.php?rest_route=\/wp\/v2\/pages\/928\/revisions"}],"predecessor-version":[{"id":932,"href":"https:\/\/tracage-solution.fr\/index.php?rest_route=\/wp\/v2\/pages\/928\/revisions\/932"}],"wp:attachment":[{"href":"https:\/\/tracage-solution.fr\/index.php?rest_route=%2Fwp%2Fv2%2Fmedia&parent=928"}],"curies":[{"name":"wp","href":"https:\/\/api.w.org\/{rel}","templated":true}]}}