{"id":923,"date":"2025-07-19T17:19:14","date_gmt":"2025-07-19T15:19:14","guid":{"rendered":"https:\/\/tracage-solution.fr\/?page_id=923"},"modified":"2025-07-19T17:20:07","modified_gmt":"2025-07-19T15:20:07","slug":"signaletique-a-antibes-et-vallauris-une-communication-visuelle","status":"publish","type":"page","link":"https:\/\/tracage-solution.fr\/?page_id=923","title":{"rendered":"Signal\u00e9tique \u00e0 Antibes et Vallauris : une communication visuelle"},"content":{"rendered":"\n[et_pb_section fb_built=&#8221;1&#8243; admin_label=&#8221;Header&#8221; _builder_version=&#8221;4.16&#8243; use_background_color_gradient=&#8221;on&#8221; background_color_gradient_direction=&#8221;124deg&#8221; background_color_gradient_stops=&#8221;rgba(255,255,255,0.1) 30%|#31d190 90%&#8221; background_color_gradient_start=&#8221;rgba(255,255,255,0.1)&#8221; background_color_gradient_start_position=&#8221;30%&#8221; background_color_gradient_end=&#8221;#31d190&#8243; background_color_gradient_end_position=&#8221;90%&#8221; background_image=&#8221;https:\/\/tracage-solution.fr\/wp-content\/uploads\/2025\/04\/ebook-17-1.png&#8221; background_position=&#8221;bottom_center&#8221; custom_padding=&#8221;5vw||5vw||true|&#8221; border_color_all=&#8221;#31d190&#8243; border_width_left=&#8221;10px&#8221; global_colors_info=&#8221;{}&#8221; theme_builder_area=&#8221;post_content&#8221;][et_pb_row column_structure=&#8221;1_2,1_2&#8243; use_custom_gutter=&#8221;on&#8221; gutter_width=&#8221;4&#8243; _builder_version=&#8221;4.27.4&#8243; background_size=&#8221;contain&#8221; background_position=&#8221;bottom_center&#8221; max_width=&#8221;1280px&#8221; global_colors_info=&#8221;{}&#8221; theme_builder_area=&#8221;post_content&#8221;][et_pb_column type=&#8221;1_2&#8243; _builder_version=&#8221;4.16&#8243; custom_padding=&#8221;40px|||&#8221; custom_padding_tablet=&#8221;0vw|||&#8221; global_colors_info=&#8221;{}&#8221; custom_padding__hover=&#8221;|||&#8221; theme_builder_area=&#8221;post_content&#8221;][et_pb_text _builder_version=&#8221;4.27.4&#8243; text_font=&#8221;||||||||&#8221; text_text_color=&#8221;#000000&#8243; text_font_size=&#8221;15px&#8221; text_line_height=&#8221;1.8em&#8221; header_font=&#8221;Montserrat|800||on|||||&#8221; header_text_color=&#8221;#000000&#8243; header_font_size=&#8221;1.8vw&#8221; header_line_height=&#8221;1.1em&#8221; custom_margin=&#8221;||30px|||&#8221; text_font_size_tablet=&#8221;16px&#8221; text_font_size_phone=&#8221;14px&#8221; text_font_size_last_edited=&#8221;on|phone&#8221; text_line_height_tablet=&#8221;1.8em&#8221; text_line_height_phone=&#8221;1.7em&#8221; text_line_height_last_edited=&#8221;off|phone&#8221; header_font_size_tablet=&#8221;8vw&#8221; header_font_size_phone=&#8221;10vw&#8221; header_font_size_last_edited=&#8221;on|phone&#8221; global_colors_info=&#8221;{}&#8221; theme_builder_area=&#8221;post_content&#8221;]<h1>Signal\u00e9tique \u00e0 Antibes et Vallauris : une communication visuelle claire et professionnelle avec Tra\u00e7age Solution<\/h1>\n<p data-start=\"227\" data-end=\"651\">\u00c0 <strong data-start=\"275\" data-end=\"286\">Antibes<\/strong> et <strong data-start=\"290\" data-end=\"303\">Vallauris<\/strong>, communes dynamiques de la C\u00f4te d\u2019Azur, la <strong data-start=\"347\" data-end=\"363\">signal\u00e9tique<\/strong> est indispensable pour orienter, informer et valoriser les espaces publics et priv\u00e9s. Que vous soyez une entreprise, une collectivit\u00e9, un commerce ou un syndic de copropri\u00e9t\u00e9, <strong data-start=\"540\" data-end=\"560\">Tra\u00e7age Solution<\/strong> vous accompagne dans la conception, la fabrication et la pose de <strong data-start=\"626\" data-end=\"678\">signal\u00e9tique int\u00e9rieure et ext\u00e9rieure sur mesure<\/strong>.<\/p>[\/et_pb_text][et_pb_button button_url=&#8221;https:\/\/tracage-solution.fr\/?page_id=18&#8243; button_text=&#8221;Demande de devis&#8221; _builder_version=&#8221;4.27.4&#8243; custom_button=&#8221;on&#8221; button_text_size=&#8221;16px&#8221; button_text_color=&#8221;#ffffff&#8221; button_bg_color=&#8221;#31d190&#8243; button_border_width=&#8221;0px&#8221; button_border_radius=&#8221;0px&#8221; button_font=&#8221;Montserrat|700|||||||&#8221; button_use_icon=&#8221;off&#8221; custom_margin=&#8221;||16px&#8221; custom_padding=&#8221;18px|40px|18px|40px|true|true&#8221; global_colors_info=&#8221;{}&#8221; theme_builder_area=&#8221;post_content&#8221;][\/et_pb_button][\/et_pb_column][et_pb_column type=&#8221;1_2&#8243; _builder_version=&#8221;4.16&#8243; custom_padding=&#8221;|||&#8221; global_colors_info=&#8221;{}&#8221; custom_padding__hover=&#8221;|||&#8221; theme_builder_area=&#8221;post_content&#8221;][et_pb_image src=&#8221;https:\/\/tracage-solution.fr\/wp-content\/uploads\/2025\/04\/dd22ad3b-216d-4d62-9db9-b691b3075d85-1.png&#8221; title_text=&#8221;dd22ad3b-216d-4d62-9db9-b691b3075d85&#8243; _builder_version=&#8221;4.27.4&#8243; max_width=&#8221;480px&#8221; animation_direction=&#8221;bottom&#8221; box_shadow_style=&#8221;preset3&#8243; box_shadow_vertical=&#8221;40px&#8221; box_shadow_blur=&#8221;80px&#8221; box_shadow_spread=&#8221;-20px&#8221; box_shadow_color=&#8221;rgba(0,0,0,0.8)&#8221; always_center_on_mobile=&#8221;off&#8221; global_colors_info=&#8221;{}&#8221; theme_builder_area=&#8221;post_content&#8221;][\/et_pb_image][\/et_pb_column][\/et_pb_row][\/et_pb_section][et_pb_section fb_built=&#8221;1&#8243; admin_label=&#8221;Brands&#8221; _builder_version=&#8221;4.16&#8243; custom_padding=&#8221;0px||0px|||&#8221; global_colors_info=&#8221;{}&#8221; theme_builder_area=&#8221;post_content&#8221;][\/et_pb_section][et_pb_section fb_built=&#8221;1&#8243; admin_label=&#8221;About&#8221; _builder_version=&#8221;4.16&#8243; global_colors_info=&#8221;{}&#8221; theme_builder_area=&#8221;post_content&#8221;][et_pb_row column_structure=&#8221;1_2,1_2&#8243; _builder_version=&#8221;4.16&#8243; global_colors_info=&#8221;{}&#8221; theme_builder_area=&#8221;post_content&#8221;][et_pb_column type=&#8221;1_2&#8243; _builder_version=&#8221;4.16&#8243; custom_padding=&#8221;|||&#8221; global_colors_info=&#8221;{}&#8221; custom_padding__hover=&#8221;|||&#8221; theme_builder_area=&#8221;post_content&#8221;][et_pb_image src=&#8221;https:\/\/tracage-solution.fr\/wp-content\/uploads\/2025\/04\/author-icon-01-4.png&#8221; title_text=&#8221;author-icon-01-4&#8243; _builder_version=&#8221;4.27.4&#8243; max_width=&#8221;400px&#8221; max_width_tablet=&#8221;&#8221; max_width_phone=&#8221;&#8221; max_width_last_edited=&#8221;on|tablet&#8221; module_alignment=&#8221;right&#8221; animation_direction=&#8221;bottom&#8221; always_center_on_mobile=&#8221;off&#8221; global_colors_info=&#8221;{}&#8221; theme_builder_area=&#8221;post_content&#8221;][\/et_pb_image][et_pb_text _builder_version=&#8221;4.27.4&#8243; header_font=&#8221;||||||||&#8221; header_2_font=&#8221;Montserrat|800||on|||||&#8221; header_2_text_color=&#8221;#000000&#8243; header_2_font_size=&#8221;36px&#8221; header_2_line_height=&#8221;1.2em&#8221; max_width=&#8221;400px&#8221; max_width_tablet=&#8221;&#8221; max_width_phone=&#8221;&#8221; max_width_last_edited=&#8221;on|tablet&#8221; module_alignment=&#8221;right&#8221; header_2_font_size_tablet=&#8221;40px&#8221; header_2_font_size_phone=&#8221;25px&#8221; header_2_font_size_last_edited=&#8221;on|desktop&#8221; locked=&#8221;off&#8221; global_colors_info=&#8221;{}&#8221; theme_builder_area=&#8221;post_content&#8221;]<h2>Signal\u00e9tique<\/h2>[\/et_pb_text][\/et_pb_column][et_pb_column type=&#8221;1_2&#8243; _builder_version=&#8221;4.16&#8243; custom_padding=&#8221;|||&#8221; global_colors_info=&#8221;{}&#8221; custom_padding__hover=&#8221;|||&#8221; theme_builder_area=&#8221;post_content&#8221;][et_pb_text _builder_version=&#8221;4.16&#8243; text_font=&#8221;||||||||&#8221; text_font_size=&#8221;18px&#8221; text_line_height=&#8221;1.8em&#8221; text_orientation=&#8221;justified&#8221; text_font_size_tablet=&#8221;16px&#8221; text_font_size_phone=&#8221;14px&#8221; text_font_size_last_edited=&#8221;on|phone&#8221; text_line_height_tablet=&#8221;1.8em&#8221; text_line_height_phone=&#8221;1.7em&#8221; text_line_height_last_edited=&#8221;off|phone&#8221; locked=&#8221;off&#8221; global_colors_info=&#8221;{}&#8221; theme_builder_area=&#8221;post_content&#8221;]<h3 data-start=\"686\" data-end=\"760\">Pourquoi investir dans une bonne signal\u00e9tique \u00e0 Antibes et Vallauris ?<\/h3>\n<p data-start=\"762\" data-end=\"972\">Entre centres urbains, zones commerciales et sites touristiques, les besoins en <strong data-start=\"842\" data-end=\"898\">signalisation claire, durable et conforme aux normes<\/strong> sont multiples \u00e0 Antibes et Vallauris. Une bonne signal\u00e9tique permet de :<\/p>\n<ul data-start=\"973\" data-end=\"1297\">\n<li data-start=\"973\" data-end=\"1043\">\n<p data-start=\"975\" data-end=\"1043\"><strong data-start=\"975\" data-end=\"998\">Guider efficacement<\/strong> les visiteurs, usagers, clients ou r\u00e9sidents<\/p>\n<\/li>\n<li data-start=\"1044\" data-end=\"1127\">\n<p data-start=\"1046\" data-end=\"1127\"><strong data-start=\"1046\" data-end=\"1081\">Valoriser votre image de marque<\/strong> avec une signal\u00e9tique coh\u00e9rente et esth\u00e9tique<\/p>\n<\/li>\n<li data-start=\"1128\" data-end=\"1215\">\n<p data-start=\"1130\" data-end=\"1215\"><strong data-start=\"1130\" data-end=\"1153\">Assurer la s\u00e9curit\u00e9<\/strong> avec une signalisation adapt\u00e9e (issues de secours, consignes)<\/p>\n<\/li>\n<li data-start=\"1216\" data-end=\"1297\">\n<p data-start=\"1218\" data-end=\"1297\"><strong data-start=\"1218\" data-end=\"1255\">Respecter les obligations l\u00e9gales<\/strong>, notamment en mati\u00e8re d\u2019accessibilit\u00e9 PMR<\/p>\n<\/li>\n<\/ul>\n<p data-start=\"1299\" data-end=\"1517\">Dans les quartiers d&#8217;affaires comme <strong data-start=\"1335\" data-end=\"1355\">Sophia Antipolis<\/strong>, les zones touristiques d&#8217;<strong data-start=\"1382\" data-end=\"1407\">Antibes Vieille Ville<\/strong> ou les zones artisanales de <strong data-start=\"1436\" data-end=\"1449\">Vallauris<\/strong>, la signal\u00e9tique devient un atout strat\u00e9gique pour toute structure.<\/p>\n<hr data-start=\"1519\" data-end=\"1522\" \/>\n<h3 data-start=\"1524\" data-end=\"1568\">Nos solutions de signal\u00e9tique sur mesure<\/h3>\n<p data-start=\"1570\" data-end=\"1659\"><strong data-start=\"1570\" data-end=\"1590\">Tra\u00e7age Solution<\/strong> vous propose une large gamme de prestations \u00e0 Antibes et Vallauris :<\/p>\n<ul data-start=\"1660\" data-end=\"2005\">\n<li data-start=\"1660\" data-end=\"1728\">\n<p data-start=\"1662\" data-end=\"1728\"><strong data-start=\"1662\" data-end=\"1682\">Plaques de porte<\/strong>, fl\u00e9chage directionnel, num\u00e9rotation d\u2019\u00e9tages<\/p>\n<\/li>\n<li data-start=\"1729\" data-end=\"1797\">\n<p data-start=\"1731\" data-end=\"1797\"><strong data-start=\"1731\" data-end=\"1752\">Totems ext\u00e9rieurs<\/strong>, enseignes, panneaux d\u2019accueil ou de parking<\/p>\n<\/li>\n<li data-start=\"1798\" data-end=\"1872\">\n<p data-start=\"1800\" data-end=\"1872\"><strong data-start=\"1800\" data-end=\"1822\">Lettrage en relief<\/strong>, vinyles adh\u00e9sifs, films d\u00e9polis ou microperfor\u00e9s<\/p>\n<\/li>\n<li data-start=\"1873\" data-end=\"1945\">\n<p data-start=\"1875\" data-end=\"1945\"><strong data-start=\"1875\" data-end=\"1904\">Signalisation de s\u00e9curit\u00e9<\/strong> : incendie, \u00e9vacuation, zones interdites<\/p>\n<\/li>\n<li data-start=\"1946\" data-end=\"2005\">\n<p data-start=\"1948\" data-end=\"2005\"><strong data-start=\"1948\" data-end=\"1969\">Signalisation PMR<\/strong> conforme aux normes d\u2019accessibilit\u00e9<\/p>\n<\/li>\n<\/ul>\n<p data-start=\"2007\" data-end=\"2142\">Nous utilisons des mat\u00e9riaux robustes, adapt\u00e9s \u00e0 un usage int\u00e9rieur comme ext\u00e9rieur : <strong data-start=\"2093\" data-end=\"2136\">dibond, aluminium, PVC, plexiglas, inox<\/strong>, etc.<\/p>\n<hr data-start=\"2144\" data-end=\"2147\" \/>\n<h3 data-start=\"2149\" data-end=\"2206\">Intervention rapide \u00e0 Antibes, Vallauris et alentours<\/h3>\n<p data-start=\"2208\" data-end=\"2387\">Notre \u00e9quipe se d\u00e9place directement \u00e0 <strong data-start=\"2246\" data-end=\"2268\">Antibes, Vallauris<\/strong>, et dans les communes voisines : <strong data-start=\"2302\" data-end=\"2354\">Golfe-Juan, Juan-les-Pins, Biot, Mougins, Cannes<\/strong>, etc.<\/p>\n<p data-start=\"2605\" data-end=\"2647\" class=\"\"><\/p>[\/et_pb_text][\/et_pb_column][\/et_pb_row][et_pb_row column_structure=&#8221;1_2,1_2&#8243; _builder_version=&#8221;4.27.4&#8243; global_colors_info=&#8221;{}&#8221; theme_builder_area=&#8221;post_content&#8221;][et_pb_column type=&#8221;1_2&#8243; _builder_version=&#8221;4.16&#8243; custom_padding=&#8221;|||&#8221; global_colors_info=&#8221;{}&#8221; custom_padding__hover=&#8221;|||&#8221; theme_builder_area=&#8221;post_content&#8221;][et_pb_text _builder_version=&#8221;4.27.4&#8243; text_font=&#8221;||||||||&#8221; text_font_size=&#8221;18px&#8221; text_line_height=&#8221;1.8em&#8221; text_orientation=&#8221;justified&#8221; text_font_size_tablet=&#8221;16px&#8221; text_font_size_phone=&#8221;14px&#8221; text_font_size_last_edited=&#8221;on|phone&#8221; text_line_height_tablet=&#8221;1.8em&#8221; text_line_height_phone=&#8221;1.7em&#8221; text_line_height_last_edited=&#8221;off|phone&#8221; locked=&#8221;off&#8221; global_colors_info=&#8221;{}&#8221; theme_builder_area=&#8221;post_content&#8221;]<h2 data-start=\"2566\" data-end=\"2632\">Pourquoi faire appel \u00e0 Tracage Solution\u00a0<\/h2>\n<ul data-start=\"2764\" data-end=\"3013\">\n<li data-start=\"2634\" data-end=\"2701\"><span style=\"font-size: 18px;\">\u2705 Finitions nettes et durables, conformes aux normes<\/span><\/li>\n<li data-start=\"2824\" data-end=\"2885\">\n<p data-start=\"2826\" data-end=\"2885\">\u2705 <strong data-start=\"2828\" data-end=\"2845\">Devis gratuit<\/strong>, avec rep\u00e9rage et conseils techniques<\/p>\n<\/li>\n<li data-start=\"2886\" data-end=\"2930\">\n<p data-start=\"2888\" data-end=\"2930\">\u2705 \u00c9quipe qualifi\u00e9e, discr\u00e8te et \u00e0 l\u2019\u00e9coute<\/p>\n<\/li>\n<\/ul>\n<ul data-start=\"2555\" data-end=\"2826\"><\/ul>\n<ul data-start=\"2518\" data-end=\"2781\"><\/ul>\n<ul data-start=\"2490\" data-end=\"2772\"><\/ul>\n<ul data-start=\"2555\" data-end=\"2835\"><\/ul>\n<ul data-start=\"2413\" data-end=\"2700\"><\/ul>\n<ul data-start=\"2364\" data-end=\"2652\"><\/ul>\n<ul data-start=\"2272\" data-end=\"2555\"><\/ul>\n<ul data-start=\"2323\" data-end=\"2619\"><\/ul>\n<p>&nbsp;<\/p>\n<ul data-start=\"2230\" data-end=\"2537\"><\/ul>\n<ul data-start=\"2279\" data-end=\"2599\"><\/ul>\n<ul data-start=\"2274\" data-end=\"2613\"><\/ul>\n<ul data-start=\"2140\" data-end=\"2411\"><\/ul>\n<ul data-start=\"2111\" data-end=\"2491\"><\/ul>[\/et_pb_text][\/et_pb_column][et_pb_column type=&#8221;1_2&#8243; _builder_version=&#8221;4.16&#8243; custom_padding=&#8221;|||&#8221; global_colors_info=&#8221;{}&#8221; custom_padding__hover=&#8221;|||&#8221; theme_builder_area=&#8221;post_content&#8221;][et_pb_image src=&#8221;https:\/\/tracage-solution.fr\/wp-content\/uploads\/2025\/07\/thumbnail_IMG_4990-1.jpg&#8221; title_text=&#8221;thumbnail_IMG_4990 (1)&#8221; _builder_version=&#8221;4.27.4&#8243; _module_preset=&#8221;default&#8221; global_colors_info=&#8221;{}&#8221; theme_builder_area=&#8221;post_content&#8221;][\/et_pb_image][\/et_pb_column][\/et_pb_row][\/et_pb_section]\n","protected":false},"excerpt":{"rendered":"<p>Signal\u00e9tique \u00e0 Antibes et Vallauris : une communication visuelle claire et professionnelle avec Tra\u00e7age Solution \u00c0 Antibes et Vallauris, communes dynamiques de la C\u00f4te d\u2019Azur, la signal\u00e9tique est indispensable pour orienter, informer et valoriser les espaces publics et priv\u00e9s. Que vous soyez une entreprise, une collectivit\u00e9, un commerce ou un syndic de copropri\u00e9t\u00e9, Tra\u00e7age Solution [&hellip;]<\/p>\n","protected":false},"author":1,"featured_media":0,"parent":0,"menu_order":0,"comment_status":"closed","ping_status":"closed","template":"","meta":{"_et_pb_use_builder":"on","_et_pb_old_content":"<!-- wp:divi\/placeholder \/-->","_et_gb_content_width":"","footnotes":""},"class_list":["post-923","page","type-page","status-publish","hentry"],"yoast_head":"<!-- This site is optimized with the Yoast SEO plugin v27.4 - https:\/\/yoast.com\/product\/yoast-seo-wordpress\/ -->\n<title>Signal\u00e9tique \u00e0 Antibes et Vallauris : une communication visuelle<\/title>\n<meta name=\"description\" content=\"Signal\u00e9tique \u00e0 Antibes et Vallauris : une communication visuelle, Lettrage en relief, Signalisation PMR , PVC, plexiglas, inox\" \/>\n<meta name=\"robots\" content=\"index, follow, max-snippet:-1, max-image-preview:large, max-video-preview:-1\" \/>\n<link rel=\"canonical\" href=\"https:\/\/tracage-solution.fr\/?page_id=923\" \/>\n<meta property=\"og:locale\" content=\"en_US\" \/>\n<meta property=\"og:type\" content=\"article\" \/>\n<meta property=\"og:title\" content=\"Signal\u00e9tique \u00e0 Antibes et Vallauris : une communication visuelle\" \/>\n<meta property=\"og:description\" content=\"Signal\u00e9tique \u00e0 Antibes et Vallauris : une communication visuelle, Lettrage en relief, Signalisation PMR , PVC, plexiglas, inox\" \/>\n<meta property=\"og:url\" content=\"https:\/\/tracage-solution.fr\/?page_id=923\" \/>\n<meta property=\"og:site_name\" content=\"Tracage Solution\" \/>\n<meta property=\"article:modified_time\" content=\"2025-07-19T15:20:07+00:00\" \/>\n<meta name=\"twitter:card\" content=\"summary_large_image\" \/>\n<meta name=\"twitter:label1\" content=\"Est. reading time\" \/>\n\t<meta name=\"twitter:data1\" content=\"3 minutes\" \/>\n<script type=\"application\/ld+json\" class=\"yoast-schema-graph\">{\"@context\":\"https:\\\/\\\/schema.org\",\"@graph\":[{\"@type\":\"WebPage\",\"@id\":\"https:\\\/\\\/tracage-solution.fr\\\/?page_id=923\",\"url\":\"https:\\\/\\\/tracage-solution.fr\\\/?page_id=923\",\"name\":\"Signal\u00e9tique \u00e0 Antibes et Vallauris : une communication visuelle\",\"isPartOf\":{\"@id\":\"https:\\\/\\\/tracage-solution.fr\\\/#website\"},\"datePublished\":\"2025-07-19T15:19:14+00:00\",\"dateModified\":\"2025-07-19T15:20:07+00:00\",\"description\":\"Signal\u00e9tique \u00e0 Antibes et Vallauris : une communication visuelle, Lettrage en relief, Signalisation PMR , PVC, plexiglas, inox\",\"breadcrumb\":{\"@id\":\"https:\\\/\\\/tracage-solution.fr\\\/?page_id=923#breadcrumb\"},\"inLanguage\":\"en-US\",\"potentialAction\":[{\"@type\":\"ReadAction\",\"target\":[\"https:\\\/\\\/tracage-solution.fr\\\/?page_id=923\"]}]},{\"@type\":\"BreadcrumbList\",\"@id\":\"https:\\\/\\\/tracage-solution.fr\\\/?page_id=923#breadcrumb\",\"itemListElement\":[{\"@type\":\"ListItem\",\"position\":1,\"name\":\"Accueil\",\"item\":\"https:\\\/\\\/tracage-solution.fr\\\/\"},{\"@type\":\"ListItem\",\"position\":2,\"name\":\"Signal\u00e9tique \u00e0 Antibes et Vallauris : une communication visuelle\"}]},{\"@type\":\"WebSite\",\"@id\":\"https:\\\/\\\/tracage-solution.fr\\\/#website\",\"url\":\"https:\\\/\\\/tracage-solution.fr\\\/\",\"name\":\"Tracage Solution\",\"description\":\"Tracage solution Nice \",\"potentialAction\":[{\"@type\":\"SearchAction\",\"target\":{\"@type\":\"EntryPoint\",\"urlTemplate\":\"https:\\\/\\\/tracage-solution.fr\\\/?s={search_term_string}\"},\"query-input\":{\"@type\":\"PropertyValueSpecification\",\"valueRequired\":true,\"valueName\":\"search_term_string\"}}],\"inLanguage\":\"en-US\"}]}<\/script>\n<!-- \/ Yoast SEO plugin. -->","yoast_head_json":{"title":"Signal\u00e9tique \u00e0 Antibes et Vallauris : une communication visuelle","description":"Signal\u00e9tique \u00e0 Antibes et Vallauris : une communication visuelle, Lettrage en relief, Signalisation PMR , PVC, plexiglas, inox","robots":{"index":"index","follow":"follow","max-snippet":"max-snippet:-1","max-image-preview":"max-image-preview:large","max-video-preview":"max-video-preview:-1"},"canonical":"https:\/\/tracage-solution.fr\/?page_id=923","og_locale":"en_US","og_type":"article","og_title":"Signal\u00e9tique \u00e0 Antibes et Vallauris : une communication visuelle","og_description":"Signal\u00e9tique \u00e0 Antibes et Vallauris : une communication visuelle, Lettrage en relief, Signalisation PMR , PVC, plexiglas, inox","og_url":"https:\/\/tracage-solution.fr\/?page_id=923","og_site_name":"Tracage Solution","article_modified_time":"2025-07-19T15:20:07+00:00","twitter_card":"summary_large_image","twitter_misc":{"Est. reading time":"3 minutes"},"schema":{"@context":"https:\/\/schema.org","@graph":[{"@type":"WebPage","@id":"https:\/\/tracage-solution.fr\/?page_id=923","url":"https:\/\/tracage-solution.fr\/?page_id=923","name":"Signal\u00e9tique \u00e0 Antibes et Vallauris : une communication visuelle","isPartOf":{"@id":"https:\/\/tracage-solution.fr\/#website"},"datePublished":"2025-07-19T15:19:14+00:00","dateModified":"2025-07-19T15:20:07+00:00","description":"Signal\u00e9tique \u00e0 Antibes et Vallauris : une communication visuelle, Lettrage en relief, Signalisation PMR , PVC, plexiglas, inox","breadcrumb":{"@id":"https:\/\/tracage-solution.fr\/?page_id=923#breadcrumb"},"inLanguage":"en-US","potentialAction":[{"@type":"ReadAction","target":["https:\/\/tracage-solution.fr\/?page_id=923"]}]},{"@type":"BreadcrumbList","@id":"https:\/\/tracage-solution.fr\/?page_id=923#breadcrumb","itemListElement":[{"@type":"ListItem","position":1,"name":"Accueil","item":"https:\/\/tracage-solution.fr\/"},{"@type":"ListItem","position":2,"name":"Signal\u00e9tique \u00e0 Antibes et Vallauris : une communication visuelle"}]},{"@type":"WebSite","@id":"https:\/\/tracage-solution.fr\/#website","url":"https:\/\/tracage-solution.fr\/","name":"Tracage Solution","description":"Tracage solution Nice ","potentialAction":[{"@type":"SearchAction","target":{"@type":"EntryPoint","urlTemplate":"https:\/\/tracage-solution.fr\/?s={search_term_string}"},"query-input":{"@type":"PropertyValueSpecification","valueRequired":true,"valueName":"search_term_string"}}],"inLanguage":"en-US"}]}},"_links":{"self":[{"href":"https:\/\/tracage-solution.fr\/index.php?rest_route=\/wp\/v2\/pages\/923","targetHints":{"allow":["GET"]}}],"collection":[{"href":"https:\/\/tracage-solution.fr\/index.php?rest_route=\/wp\/v2\/pages"}],"about":[{"href":"https:\/\/tracage-solution.fr\/index.php?rest_route=\/wp\/v2\/types\/page"}],"author":[{"embeddable":true,"href":"https:\/\/tracage-solution.fr\/index.php?rest_route=\/wp\/v2\/users\/1"}],"replies":[{"embeddable":true,"href":"https:\/\/tracage-solution.fr\/index.php?rest_route=%2Fwp%2Fv2%2Fcomments&post=923"}],"version-history":[{"count":4,"href":"https:\/\/tracage-solution.fr\/index.php?rest_route=\/wp\/v2\/pages\/923\/revisions"}],"predecessor-version":[{"id":927,"href":"https:\/\/tracage-solution.fr\/index.php?rest_route=\/wp\/v2\/pages\/923\/revisions\/927"}],"wp:attachment":[{"href":"https:\/\/tracage-solution.fr\/index.php?rest_route=%2Fwp%2Fv2%2Fmedia&parent=923"}],"curies":[{"name":"wp","href":"https:\/\/api.w.org\/{rel}","templated":true}]}}