{"id":917,"date":"2025-07-19T17:16:27","date_gmt":"2025-07-19T15:16:27","guid":{"rendered":"https:\/\/tracage-solution.fr\/?page_id=917"},"modified":"2025-07-19T17:18:39","modified_gmt":"2025-07-19T15:18:39","slug":"signaletique-a-biot-sophia-antipolis","status":"publish","type":"page","link":"https:\/\/tracage-solution.fr\/?page_id=917","title":{"rendered":"Signal\u00e9tique \u00e0 Biot Sophia Antipolis"},"content":{"rendered":"\n[et_pb_section fb_built=&#8221;1&#8243; admin_label=&#8221;Header&#8221; _builder_version=&#8221;4.16&#8243; use_background_color_gradient=&#8221;on&#8221; background_color_gradient_direction=&#8221;124deg&#8221; background_color_gradient_stops=&#8221;rgba(255,255,255,0.1) 30%|#31d190 90%&#8221; background_color_gradient_start=&#8221;rgba(255,255,255,0.1)&#8221; background_color_gradient_start_position=&#8221;30%&#8221; background_color_gradient_end=&#8221;#31d190&#8243; background_color_gradient_end_position=&#8221;90%&#8221; background_image=&#8221;https:\/\/tracage-solution.fr\/wp-content\/uploads\/2025\/04\/ebook-17-1.png&#8221; background_position=&#8221;bottom_center&#8221; custom_padding=&#8221;5vw||5vw||true|&#8221; border_color_all=&#8221;#31d190&#8243; border_width_left=&#8221;10px&#8221; global_colors_info=&#8221;{}&#8221; theme_builder_area=&#8221;post_content&#8221;][et_pb_row column_structure=&#8221;1_2,1_2&#8243; use_custom_gutter=&#8221;on&#8221; gutter_width=&#8221;4&#8243; _builder_version=&#8221;4.27.4&#8243; background_size=&#8221;contain&#8221; background_position=&#8221;bottom_center&#8221; max_width=&#8221;1280px&#8221; global_colors_info=&#8221;{}&#8221; theme_builder_area=&#8221;post_content&#8221;][et_pb_column type=&#8221;1_2&#8243; _builder_version=&#8221;4.16&#8243; custom_padding=&#8221;40px|||&#8221; custom_padding_tablet=&#8221;0vw|||&#8221; global_colors_info=&#8221;{}&#8221; custom_padding__hover=&#8221;|||&#8221; theme_builder_area=&#8221;post_content&#8221;][et_pb_text _builder_version=&#8221;4.27.4&#8243; text_font=&#8221;||||||||&#8221; text_text_color=&#8221;#000000&#8243; text_font_size=&#8221;15px&#8221; text_line_height=&#8221;1.8em&#8221; header_font=&#8221;Montserrat|800||on|||||&#8221; header_text_color=&#8221;#000000&#8243; header_font_size=&#8221;1.8vw&#8221; header_line_height=&#8221;1.1em&#8221; custom_margin=&#8221;||30px|||&#8221; text_font_size_tablet=&#8221;16px&#8221; text_font_size_phone=&#8221;14px&#8221; text_font_size_last_edited=&#8221;on|phone&#8221; text_line_height_tablet=&#8221;1.8em&#8221; text_line_height_phone=&#8221;1.7em&#8221; text_line_height_last_edited=&#8221;off|phone&#8221; header_font_size_tablet=&#8221;8vw&#8221; header_font_size_phone=&#8221;10vw&#8221; header_font_size_last_edited=&#8221;on|phone&#8221; global_colors_info=&#8221;{}&#8221; theme_builder_area=&#8221;post_content&#8221;]<h1>Signal\u00e9tique \u00e0 Biot Sophia Antipolis : optimisez l\u2019orientation et l\u2019image de vos espaces avec Tra\u00e7age Solution<\/h1>\n<p data-start=\"227\" data-end=\"651\">Dans un \u00e9cosyst\u00e8me aussi dynamique que <strong data-start=\"311\" data-end=\"336\">Biot Sophia Antipolis<\/strong>, premi\u00e8re technopole d\u2019Europe, la <strong data-start=\"371\" data-end=\"387\">signal\u00e9tique<\/strong> est un levier essentiel pour orienter, informer et valoriser les espaces professionnels, publics et commerciaux.<br data-start=\"500\" data-end=\"503\" \/><strong data-start=\"503\" data-end=\"523\">Tra\u00e7age Solution<\/strong> vous accompagne dans vos projets de <strong data-start=\"560\" data-end=\"612\">signal\u00e9tique int\u00e9rieure et ext\u00e9rieure sur mesure<\/strong>, avec une expertise adapt\u00e9e aux exigences des entreprises, start-ups, \u00e9tablissements de formation, zones industrielles et collectivit\u00e9s locales.<\/p>[\/et_pb_text][et_pb_button button_url=&#8221;https:\/\/tracage-solution.fr\/?page_id=18&#8243; button_text=&#8221;Demande de devis&#8221; _builder_version=&#8221;4.27.4&#8243; custom_button=&#8221;on&#8221; button_text_size=&#8221;16px&#8221; button_text_color=&#8221;#ffffff&#8221; button_bg_color=&#8221;#31d190&#8243; button_border_width=&#8221;0px&#8221; button_border_radius=&#8221;0px&#8221; button_font=&#8221;Montserrat|700|||||||&#8221; button_use_icon=&#8221;off&#8221; custom_margin=&#8221;||16px&#8221; custom_padding=&#8221;18px|40px|18px|40px|true|true&#8221; global_colors_info=&#8221;{}&#8221; theme_builder_area=&#8221;post_content&#8221;][\/et_pb_button][\/et_pb_column][et_pb_column type=&#8221;1_2&#8243; _builder_version=&#8221;4.16&#8243; custom_padding=&#8221;|||&#8221; global_colors_info=&#8221;{}&#8221; custom_padding__hover=&#8221;|||&#8221; theme_builder_area=&#8221;post_content&#8221;][et_pb_image src=&#8221;https:\/\/tracage-solution.fr\/wp-content\/uploads\/2025\/04\/dd22ad3b-216d-4d62-9db9-b691b3075d85-1.png&#8221; title_text=&#8221;dd22ad3b-216d-4d62-9db9-b691b3075d85&#8243; _builder_version=&#8221;4.27.4&#8243; max_width=&#8221;480px&#8221; animation_direction=&#8221;bottom&#8221; box_shadow_style=&#8221;preset3&#8243; box_shadow_vertical=&#8221;40px&#8221; box_shadow_blur=&#8221;80px&#8221; box_shadow_spread=&#8221;-20px&#8221; box_shadow_color=&#8221;rgba(0,0,0,0.8)&#8221; always_center_on_mobile=&#8221;off&#8221; global_colors_info=&#8221;{}&#8221; theme_builder_area=&#8221;post_content&#8221;][\/et_pb_image][\/et_pb_column][\/et_pb_row][\/et_pb_section][et_pb_section fb_built=&#8221;1&#8243; admin_label=&#8221;Brands&#8221; _builder_version=&#8221;4.16&#8243; custom_padding=&#8221;0px||0px|||&#8221; global_colors_info=&#8221;{}&#8221; theme_builder_area=&#8221;post_content&#8221;][\/et_pb_section][et_pb_section fb_built=&#8221;1&#8243; admin_label=&#8221;About&#8221; _builder_version=&#8221;4.16&#8243; global_colors_info=&#8221;{}&#8221; theme_builder_area=&#8221;post_content&#8221;][et_pb_row column_structure=&#8221;1_2,1_2&#8243; _builder_version=&#8221;4.16&#8243; global_colors_info=&#8221;{}&#8221; theme_builder_area=&#8221;post_content&#8221;][et_pb_column type=&#8221;1_2&#8243; _builder_version=&#8221;4.16&#8243; custom_padding=&#8221;|||&#8221; global_colors_info=&#8221;{}&#8221; custom_padding__hover=&#8221;|||&#8221; theme_builder_area=&#8221;post_content&#8221;][et_pb_image src=&#8221;https:\/\/tracage-solution.fr\/wp-content\/uploads\/2025\/04\/author-icon-01-4.png&#8221; title_text=&#8221;author-icon-01-4&#8243; _builder_version=&#8221;4.27.4&#8243; max_width=&#8221;400px&#8221; max_width_tablet=&#8221;&#8221; max_width_phone=&#8221;&#8221; max_width_last_edited=&#8221;on|tablet&#8221; module_alignment=&#8221;right&#8221; animation_direction=&#8221;bottom&#8221; always_center_on_mobile=&#8221;off&#8221; global_colors_info=&#8221;{}&#8221; theme_builder_area=&#8221;post_content&#8221;][\/et_pb_image][et_pb_text _builder_version=&#8221;4.27.4&#8243; header_font=&#8221;||||||||&#8221; header_2_font=&#8221;Montserrat|800||on|||||&#8221; header_2_text_color=&#8221;#000000&#8243; header_2_font_size=&#8221;36px&#8221; header_2_line_height=&#8221;1.2em&#8221; max_width=&#8221;400px&#8221; max_width_tablet=&#8221;&#8221; max_width_phone=&#8221;&#8221; max_width_last_edited=&#8221;on|tablet&#8221; module_alignment=&#8221;right&#8221; header_2_font_size_tablet=&#8221;40px&#8221; header_2_font_size_phone=&#8221;25px&#8221; header_2_font_size_last_edited=&#8221;on|desktop&#8221; locked=&#8221;off&#8221; global_colors_info=&#8221;{}&#8221; theme_builder_area=&#8221;post_content&#8221;]<h2>Signal\u00e9tique<\/h2>[\/et_pb_text][\/et_pb_column][et_pb_column type=&#8221;1_2&#8243; _builder_version=&#8221;4.16&#8243; custom_padding=&#8221;|||&#8221; global_colors_info=&#8221;{}&#8221; custom_padding__hover=&#8221;|||&#8221; theme_builder_area=&#8221;post_content&#8221;][et_pb_text _builder_version=&#8221;4.16&#8243; text_font=&#8221;||||||||&#8221; text_font_size=&#8221;18px&#8221; text_line_height=&#8221;1.8em&#8221; text_orientation=&#8221;justified&#8221; text_font_size_tablet=&#8221;16px&#8221; text_font_size_phone=&#8221;14px&#8221; text_font_size_last_edited=&#8221;on|phone&#8221; text_line_height_tablet=&#8221;1.8em&#8221; text_line_height_phone=&#8221;1.7em&#8221; text_line_height_last_edited=&#8221;off|phone&#8221; locked=&#8221;off&#8221; global_colors_info=&#8221;{}&#8221; theme_builder_area=&#8221;post_content&#8221;]<h3 data-start=\"764\" data-end=\"834\">Pourquoi la signal\u00e9tique est essentielle \u00e0 Biot Sophia Antipolis ?<\/h3>\n<p data-start=\"836\" data-end=\"1071\">La diversit\u00e9 des structures pr\u00e9sentes \u00e0 <strong data-start=\"876\" data-end=\"896\">Sophia Antipolis<\/strong> \u2014 centres de recherche, bureaux, h\u00f4tels, campus, zones commerciales \u2014 rend indispensable une <strong data-start=\"990\" data-end=\"1035\">signalisation efficace et professionnelle<\/strong>. Une bonne signal\u00e9tique permet de :<\/p>\n<ul data-start=\"1072\" data-end=\"1433\">\n<li data-start=\"1072\" data-end=\"1146\">\n<p data-start=\"1074\" data-end=\"1146\"><strong data-start=\"1074\" data-end=\"1130\">Guider les visiteurs, collaborateurs et prestataires<\/strong> dans vos locaux<\/p>\n<\/li>\n<li data-start=\"1147\" data-end=\"1227\">\n<p data-start=\"1149\" data-end=\"1227\"><strong data-start=\"1149\" data-end=\"1227\">Identifier clairement les b\u00e2timents, entr\u00e9es, services ou zones techniques<\/strong><\/p>\n<\/li>\n<li data-start=\"1228\" data-end=\"1337\">\n<p data-start=\"1230\" data-end=\"1337\"><strong data-start=\"1230\" data-end=\"1270\">Assurer la s\u00e9curit\u00e9 et la conformit\u00e9<\/strong>, notamment via la signalisation PMR et les panneaux r\u00e9glementaires<\/p>\n<\/li>\n<li data-start=\"1338\" data-end=\"1433\">\n<p data-start=\"1340\" data-end=\"1433\"><strong data-start=\"1340\" data-end=\"1375\">Valoriser votre image de marque<\/strong> \u00e0 travers une communication visuelle moderne et coh\u00e9rente<\/p>\n<\/li>\n<\/ul>\n<hr data-start=\"1435\" data-end=\"1438\" \/>\n<h3 data-start=\"1440\" data-end=\"1507\">Des solutions de signal\u00e9tique sur mesure pour tous les secteurs<\/h3>\n<p data-start=\"1509\" data-end=\"1661\">Chez <strong data-start=\"1514\" data-end=\"1534\">Tra\u00e7age Solution<\/strong>, nous concevons et posons des supports de signalisation adapt\u00e9s \u00e0 tous types d\u2019environnements \u00e0 <strong data-start=\"1631\" data-end=\"1659\">Biot et Sophia Antipolis<\/strong> :<\/p>\n<ul data-start=\"1662\" data-end=\"2007\">\n<li data-start=\"1662\" data-end=\"1727\">\n<p data-start=\"1664\" data-end=\"1727\"><strong data-start=\"1664\" data-end=\"1684\">Plaques de porte<\/strong>, fl\u00e9chage d&#8217;\u00e9tages, panneaux directionnels<\/p>\n<\/li>\n<li data-start=\"1728\" data-end=\"1795\">\n<p data-start=\"1730\" data-end=\"1795\"><strong data-start=\"1730\" data-end=\"1751\">Totems ext\u00e9rieurs<\/strong>, enseignes, panneaux d\u2019entr\u00e9e ou de parking<\/p>\n<\/li>\n<li data-start=\"1796\" data-end=\"1873\">\n<p data-start=\"1798\" data-end=\"1873\"><strong data-start=\"1798\" data-end=\"1826\">Signal\u00e9tique de s\u00e9curit\u00e9<\/strong> (issues de secours, incendie, zones \u00e0 risques)<\/p>\n<\/li>\n<li data-start=\"1874\" data-end=\"1934\">\n<p data-start=\"1876\" data-end=\"1934\"><strong data-start=\"1876\" data-end=\"1897\">Signalisation PMR<\/strong>, conforme aux normes d\u2019accessibilit\u00e9<\/p>\n<\/li>\n<li data-start=\"1935\" data-end=\"2007\">\n<p data-start=\"1937\" data-end=\"2007\"><strong data-start=\"1937\" data-end=\"1960\">Lettrages en relief<\/strong>, films vinyles, adh\u00e9sifs vitrophanie ou d\u00e9poli<\/p>\n<\/li>\n<\/ul>\n<p data-start=\"2009\" data-end=\"2191\">Nos supports sont fabriqu\u00e9s \u00e0 partir de mat\u00e9riaux professionnels robustes : <strong data-start=\"2085\" data-end=\"2128\">dibond, aluminium, inox, plexiglas, PVC<\/strong>, pour une durabilit\u00e9 optimale en int\u00e9rieur comme en ext\u00e9rieur.<\/p>\n<hr data-start=\"2193\" data-end=\"2196\" \/>\n<h3 data-start=\"2198\" data-end=\"2235\">Un service rapide et de proximit\u00e9<\/h3>\n<p data-start=\"2237\" data-end=\"2469\">Bas\u00e9e dans le sud-est, <strong data-start=\"2260\" data-end=\"2280\">Tra\u00e7age Solution<\/strong> intervient directement \u00e0 <strong data-start=\"2306\" data-end=\"2359\">Biot et dans toute la technopole Sophia Antipolis<\/strong>, ainsi que dans les communes voisines : <strong data-start=\"2400\" data-end=\"2449\">Valbonne, Antibes, Mougins, Villeneuve-Loubet<\/strong>\u2026<\/p>\n<p data-start=\"2605\" data-end=\"2647\" class=\"\"><\/p>[\/et_pb_text][\/et_pb_column][\/et_pb_row][et_pb_row column_structure=&#8221;1_2,1_2&#8243; _builder_version=&#8221;4.27.4&#8243; global_colors_info=&#8221;{}&#8221; theme_builder_area=&#8221;post_content&#8221;][et_pb_column type=&#8221;1_2&#8243; _builder_version=&#8221;4.16&#8243; custom_padding=&#8221;|||&#8221; global_colors_info=&#8221;{}&#8221; custom_padding__hover=&#8221;|||&#8221; theme_builder_area=&#8221;post_content&#8221;][et_pb_text _builder_version=&#8221;4.27.4&#8243; text_font=&#8221;||||||||&#8221; text_font_size=&#8221;18px&#8221; text_line_height=&#8221;1.8em&#8221; text_orientation=&#8221;justified&#8221; text_font_size_tablet=&#8221;16px&#8221; text_font_size_phone=&#8221;14px&#8221; text_font_size_last_edited=&#8221;on|phone&#8221; text_line_height_tablet=&#8221;1.8em&#8221; text_line_height_phone=&#8221;1.7em&#8221; text_line_height_last_edited=&#8221;off|phone&#8221; locked=&#8221;off&#8221; global_colors_info=&#8221;{}&#8221; theme_builder_area=&#8221;post_content&#8221;]<h2 data-start=\"2566\" data-end=\"2632\">Pourquoi faire appel \u00e0 Tracage Solution\u00a0<\/h2>\n<ul data-start=\"2764\" data-end=\"3013\">\n<li data-start=\"2634\" data-end=\"2701\"><span style=\"font-size: 18px;\">\u2705 Finitions nettes et durables, conformes aux normes<\/span><\/li>\n<li data-start=\"2824\" data-end=\"2885\">\n<p data-start=\"2826\" data-end=\"2885\">\u2705 <strong data-start=\"2828\" data-end=\"2845\">Devis gratuit<\/strong>, avec rep\u00e9rage et conseils techniques<\/p>\n<\/li>\n<li data-start=\"2886\" data-end=\"2930\">\n<p data-start=\"2888\" data-end=\"2930\">\u2705 \u00c9quipe qualifi\u00e9e, discr\u00e8te et \u00e0 l\u2019\u00e9coute<\/p>\n<\/li>\n<\/ul>\n<ul data-start=\"2555\" data-end=\"2826\"><\/ul>\n<ul data-start=\"2518\" data-end=\"2781\"><\/ul>\n<ul data-start=\"2490\" data-end=\"2772\"><\/ul>\n<ul data-start=\"2555\" data-end=\"2835\"><\/ul>\n<ul data-start=\"2413\" data-end=\"2700\"><\/ul>\n<ul data-start=\"2364\" data-end=\"2652\"><\/ul>\n<ul data-start=\"2272\" data-end=\"2555\"><\/ul>\n<ul data-start=\"2323\" data-end=\"2619\"><\/ul>\n<p>&nbsp;<\/p>\n<ul data-start=\"2230\" data-end=\"2537\"><\/ul>\n<ul data-start=\"2279\" data-end=\"2599\"><\/ul>\n<ul data-start=\"2274\" data-end=\"2613\"><\/ul>\n<ul data-start=\"2140\" data-end=\"2411\"><\/ul>\n<ul data-start=\"2111\" data-end=\"2491\"><\/ul>[\/et_pb_text][\/et_pb_column][et_pb_column type=&#8221;1_2&#8243; _builder_version=&#8221;4.16&#8243; custom_padding=&#8221;|||&#8221; global_colors_info=&#8221;{}&#8221; custom_padding__hover=&#8221;|||&#8221; theme_builder_area=&#8221;post_content&#8221;][et_pb_image src=&#8221;https:\/\/tracage-solution.fr\/wp-content\/uploads\/2025\/07\/thumbnail_IMG_4990-1.jpg&#8221; title_text=&#8221;thumbnail_IMG_4990 (1)&#8221; _builder_version=&#8221;4.27.4&#8243; _module_preset=&#8221;default&#8221; global_colors_info=&#8221;{}&#8221; theme_builder_area=&#8221;post_content&#8221;][\/et_pb_image][\/et_pb_column][\/et_pb_row][\/et_pb_section]\n","protected":false},"excerpt":{"rendered":"<p>Signal\u00e9tique \u00e0 Biot Sophia Antipolis : optimisez l\u2019orientation et l\u2019image de vos espaces avec Tra\u00e7age Solution Dans un \u00e9cosyst\u00e8me aussi dynamique que Biot Sophia Antipolis, premi\u00e8re technopole d\u2019Europe, la signal\u00e9tique est un levier essentiel pour orienter, informer et valoriser les espaces professionnels, publics et commerciaux.Tra\u00e7age Solution vous accompagne dans vos projets de signal\u00e9tique int\u00e9rieure et [&hellip;]<\/p>\n","protected":false},"author":1,"featured_media":0,"parent":0,"menu_order":0,"comment_status":"closed","ping_status":"closed","template":"","meta":{"_et_pb_use_builder":"on","_et_pb_old_content":"<!-- wp:divi\/placeholder \/-->","_et_gb_content_width":"","footnotes":""},"class_list":["post-917","page","type-page","status-publish","hentry"],"yoast_head":"<!-- This site is optimized with the Yoast SEO plugin v27.4 - https:\/\/yoast.com\/product\/yoast-seo-wordpress\/ -->\n<title>Signal\u00e9tique \u00e0 Biot Sophia Antipolis<\/title>\n<meta name=\"description\" content=\"Signal\u00e9tique \u00e0 Biot Sophia Antipolis, Signal\u00e9tique de s\u00e9curit\u00e9, Lettrages en relief, films vinyles, adh\u00e9sifs vitrophanie ou d\u00e9poli\" \/>\n<meta name=\"robots\" content=\"index, follow, max-snippet:-1, max-image-preview:large, max-video-preview:-1\" \/>\n<link rel=\"canonical\" href=\"https:\/\/tracage-solution.fr\/?page_id=917\" \/>\n<meta property=\"og:locale\" content=\"en_US\" \/>\n<meta property=\"og:type\" content=\"article\" \/>\n<meta property=\"og:title\" content=\"Signal\u00e9tique \u00e0 Biot Sophia Antipolis\" \/>\n<meta property=\"og:description\" content=\"Signal\u00e9tique \u00e0 Biot Sophia Antipolis, Signal\u00e9tique de s\u00e9curit\u00e9, Lettrages en relief, films vinyles, adh\u00e9sifs vitrophanie ou d\u00e9poli\" \/>\n<meta property=\"og:url\" content=\"https:\/\/tracage-solution.fr\/?page_id=917\" \/>\n<meta property=\"og:site_name\" content=\"Tracage Solution\" \/>\n<meta property=\"article:modified_time\" content=\"2025-07-19T15:18:39+00:00\" \/>\n<meta name=\"twitter:card\" content=\"summary_large_image\" \/>\n<meta name=\"twitter:label1\" content=\"Est. reading time\" \/>\n\t<meta name=\"twitter:data1\" content=\"3 minutes\" \/>\n<script type=\"application\/ld+json\" class=\"yoast-schema-graph\">{\"@context\":\"https:\\\/\\\/schema.org\",\"@graph\":[{\"@type\":\"WebPage\",\"@id\":\"https:\\\/\\\/tracage-solution.fr\\\/?page_id=917\",\"url\":\"https:\\\/\\\/tracage-solution.fr\\\/?page_id=917\",\"name\":\"Signal\u00e9tique \u00e0 Biot Sophia Antipolis\",\"isPartOf\":{\"@id\":\"https:\\\/\\\/tracage-solution.fr\\\/#website\"},\"datePublished\":\"2025-07-19T15:16:27+00:00\",\"dateModified\":\"2025-07-19T15:18:39+00:00\",\"description\":\"Signal\u00e9tique \u00e0 Biot Sophia Antipolis, Signal\u00e9tique de s\u00e9curit\u00e9, Lettrages en relief, films vinyles, adh\u00e9sifs vitrophanie ou d\u00e9poli\",\"breadcrumb\":{\"@id\":\"https:\\\/\\\/tracage-solution.fr\\\/?page_id=917#breadcrumb\"},\"inLanguage\":\"en-US\",\"potentialAction\":[{\"@type\":\"ReadAction\",\"target\":[\"https:\\\/\\\/tracage-solution.fr\\\/?page_id=917\"]}]},{\"@type\":\"BreadcrumbList\",\"@id\":\"https:\\\/\\\/tracage-solution.fr\\\/?page_id=917#breadcrumb\",\"itemListElement\":[{\"@type\":\"ListItem\",\"position\":1,\"name\":\"Accueil\",\"item\":\"https:\\\/\\\/tracage-solution.fr\\\/\"},{\"@type\":\"ListItem\",\"position\":2,\"name\":\"Signal\u00e9tique \u00e0 Biot Sophia Antipolis\"}]},{\"@type\":\"WebSite\",\"@id\":\"https:\\\/\\\/tracage-solution.fr\\\/#website\",\"url\":\"https:\\\/\\\/tracage-solution.fr\\\/\",\"name\":\"Tracage Solution\",\"description\":\"Tracage solution Nice \",\"potentialAction\":[{\"@type\":\"SearchAction\",\"target\":{\"@type\":\"EntryPoint\",\"urlTemplate\":\"https:\\\/\\\/tracage-solution.fr\\\/?s={search_term_string}\"},\"query-input\":{\"@type\":\"PropertyValueSpecification\",\"valueRequired\":true,\"valueName\":\"search_term_string\"}}],\"inLanguage\":\"en-US\"}]}<\/script>\n<!-- \/ Yoast SEO plugin. -->","yoast_head_json":{"title":"Signal\u00e9tique \u00e0 Biot Sophia Antipolis","description":"Signal\u00e9tique \u00e0 Biot Sophia Antipolis, Signal\u00e9tique de s\u00e9curit\u00e9, Lettrages en relief, films vinyles, adh\u00e9sifs vitrophanie ou d\u00e9poli","robots":{"index":"index","follow":"follow","max-snippet":"max-snippet:-1","max-image-preview":"max-image-preview:large","max-video-preview":"max-video-preview:-1"},"canonical":"https:\/\/tracage-solution.fr\/?page_id=917","og_locale":"en_US","og_type":"article","og_title":"Signal\u00e9tique \u00e0 Biot Sophia Antipolis","og_description":"Signal\u00e9tique \u00e0 Biot Sophia Antipolis, Signal\u00e9tique de s\u00e9curit\u00e9, Lettrages en relief, films vinyles, adh\u00e9sifs vitrophanie ou d\u00e9poli","og_url":"https:\/\/tracage-solution.fr\/?page_id=917","og_site_name":"Tracage Solution","article_modified_time":"2025-07-19T15:18:39+00:00","twitter_card":"summary_large_image","twitter_misc":{"Est. reading time":"3 minutes"},"schema":{"@context":"https:\/\/schema.org","@graph":[{"@type":"WebPage","@id":"https:\/\/tracage-solution.fr\/?page_id=917","url":"https:\/\/tracage-solution.fr\/?page_id=917","name":"Signal\u00e9tique \u00e0 Biot Sophia Antipolis","isPartOf":{"@id":"https:\/\/tracage-solution.fr\/#website"},"datePublished":"2025-07-19T15:16:27+00:00","dateModified":"2025-07-19T15:18:39+00:00","description":"Signal\u00e9tique \u00e0 Biot Sophia Antipolis, Signal\u00e9tique de s\u00e9curit\u00e9, Lettrages en relief, films vinyles, adh\u00e9sifs vitrophanie ou d\u00e9poli","breadcrumb":{"@id":"https:\/\/tracage-solution.fr\/?page_id=917#breadcrumb"},"inLanguage":"en-US","potentialAction":[{"@type":"ReadAction","target":["https:\/\/tracage-solution.fr\/?page_id=917"]}]},{"@type":"BreadcrumbList","@id":"https:\/\/tracage-solution.fr\/?page_id=917#breadcrumb","itemListElement":[{"@type":"ListItem","position":1,"name":"Accueil","item":"https:\/\/tracage-solution.fr\/"},{"@type":"ListItem","position":2,"name":"Signal\u00e9tique \u00e0 Biot Sophia Antipolis"}]},{"@type":"WebSite","@id":"https:\/\/tracage-solution.fr\/#website","url":"https:\/\/tracage-solution.fr\/","name":"Tracage Solution","description":"Tracage solution Nice ","potentialAction":[{"@type":"SearchAction","target":{"@type":"EntryPoint","urlTemplate":"https:\/\/tracage-solution.fr\/?s={search_term_string}"},"query-input":{"@type":"PropertyValueSpecification","valueRequired":true,"valueName":"search_term_string"}}],"inLanguage":"en-US"}]}},"_links":{"self":[{"href":"https:\/\/tracage-solution.fr\/index.php?rest_route=\/wp\/v2\/pages\/917","targetHints":{"allow":["GET"]}}],"collection":[{"href":"https:\/\/tracage-solution.fr\/index.php?rest_route=\/wp\/v2\/pages"}],"about":[{"href":"https:\/\/tracage-solution.fr\/index.php?rest_route=\/wp\/v2\/types\/page"}],"author":[{"embeddable":true,"href":"https:\/\/tracage-solution.fr\/index.php?rest_route=\/wp\/v2\/users\/1"}],"replies":[{"embeddable":true,"href":"https:\/\/tracage-solution.fr\/index.php?rest_route=%2Fwp%2Fv2%2Fcomments&post=917"}],"version-history":[{"count":5,"href":"https:\/\/tracage-solution.fr\/index.php?rest_route=\/wp\/v2\/pages\/917\/revisions"}],"predecessor-version":[{"id":922,"href":"https:\/\/tracage-solution.fr\/index.php?rest_route=\/wp\/v2\/pages\/917\/revisions\/922"}],"wp:attachment":[{"href":"https:\/\/tracage-solution.fr\/index.php?rest_route=%2Fwp%2Fv2%2Fmedia&parent=917"}],"curies":[{"name":"wp","href":"https:\/\/api.w.org\/{rel}","templated":true}]}}