{"id":912,"date":"2025-07-19T17:14:14","date_gmt":"2025-07-19T15:14:14","guid":{"rendered":"https:\/\/tracage-solution.fr\/?page_id=912"},"modified":"2025-07-19T17:15:07","modified_gmt":"2025-07-19T15:15:07","slug":"signaletique-a-cagnes-sur-mer","status":"publish","type":"page","link":"https:\/\/tracage-solution.fr\/?page_id=912","title":{"rendered":"Signal\u00e9tique \u00e0 Cagnes-sur-Mer"},"content":{"rendered":"\n[et_pb_section fb_built=&#8221;1&#8243; admin_label=&#8221;Header&#8221; _builder_version=&#8221;4.16&#8243; use_background_color_gradient=&#8221;on&#8221; background_color_gradient_direction=&#8221;124deg&#8221; background_color_gradient_stops=&#8221;rgba(255,255,255,0.1) 30%|#31d190 90%&#8221; background_color_gradient_start=&#8221;rgba(255,255,255,0.1)&#8221; background_color_gradient_start_position=&#8221;30%&#8221; background_color_gradient_end=&#8221;#31d190&#8243; background_color_gradient_end_position=&#8221;90%&#8221; background_image=&#8221;https:\/\/tracage-solution.fr\/wp-content\/uploads\/2025\/04\/ebook-17-1.png&#8221; background_position=&#8221;bottom_center&#8221; custom_padding=&#8221;5vw||5vw||true|&#8221; border_color_all=&#8221;#31d190&#8243; border_width_left=&#8221;10px&#8221; global_colors_info=&#8221;{}&#8221; theme_builder_area=&#8221;post_content&#8221;][et_pb_row column_structure=&#8221;1_2,1_2&#8243; use_custom_gutter=&#8221;on&#8221; gutter_width=&#8221;4&#8243; _builder_version=&#8221;4.27.4&#8243; background_size=&#8221;contain&#8221; background_position=&#8221;bottom_center&#8221; max_width=&#8221;1280px&#8221; global_colors_info=&#8221;{}&#8221; theme_builder_area=&#8221;post_content&#8221;][et_pb_column type=&#8221;1_2&#8243; _builder_version=&#8221;4.16&#8243; custom_padding=&#8221;40px|||&#8221; custom_padding_tablet=&#8221;0vw|||&#8221; global_colors_info=&#8221;{}&#8221; custom_padding__hover=&#8221;|||&#8221; theme_builder_area=&#8221;post_content&#8221;][et_pb_text _builder_version=&#8221;4.27.4&#8243; text_font=&#8221;||||||||&#8221; text_text_color=&#8221;#000000&#8243; text_font_size=&#8221;15px&#8221; text_line_height=&#8221;1.8em&#8221; header_font=&#8221;Montserrat|800||on|||||&#8221; header_text_color=&#8221;#000000&#8243; header_font_size=&#8221;1.8vw&#8221; header_line_height=&#8221;1.1em&#8221; custom_margin=&#8221;||30px|||&#8221; text_font_size_tablet=&#8221;16px&#8221; text_font_size_phone=&#8221;14px&#8221; text_font_size_last_edited=&#8221;on|phone&#8221; text_line_height_tablet=&#8221;1.8em&#8221; text_line_height_phone=&#8221;1.7em&#8221; text_line_height_last_edited=&#8221;off|phone&#8221; header_font_size_tablet=&#8221;8vw&#8221; header_font_size_phone=&#8221;10vw&#8221; header_font_size_last_edited=&#8221;on|phone&#8221; global_colors_info=&#8221;{}&#8221; theme_builder_area=&#8221;post_content&#8221;]<h1>Signal\u00e9tique \u00e0 Cagnes-sur-Mer : valorisez et organisez vos espaces avec Tra\u00e7age Solution<\/h1>\n<p data-start=\"227\" data-end=\"651\">La <strong data-start=\"246\" data-end=\"279\">signal\u00e9tique \u00e0 Cagnes-sur-Mer<\/strong> est aujourd\u2019hui un \u00e9l\u00e9ment indispensable pour toute structure souhaitant orienter efficacement ses usagers, renforcer sa visibilit\u00e9 et garantir l\u2019accessibilit\u00e9 de ses locaux. Que vous soyez une entreprise, une collectivit\u00e9, un commerce ou une copropri\u00e9t\u00e9, <strong data-start=\"536\" data-end=\"556\">Tra\u00e7age Solution<\/strong> vous accompagne dans tous vos projets de <strong data-start=\"598\" data-end=\"640\">signalisation int\u00e9rieure et ext\u00e9rieure<\/strong> sur mesure.<\/p>[\/et_pb_text][et_pb_button button_url=&#8221;https:\/\/tracage-solution.fr\/?page_id=18&#8243; button_text=&#8221;Demande de devis&#8221; _builder_version=&#8221;4.27.4&#8243; custom_button=&#8221;on&#8221; button_text_size=&#8221;16px&#8221; button_text_color=&#8221;#ffffff&#8221; button_bg_color=&#8221;#31d190&#8243; button_border_width=&#8221;0px&#8221; button_border_radius=&#8221;0px&#8221; button_font=&#8221;Montserrat|700|||||||&#8221; button_use_icon=&#8221;off&#8221; custom_margin=&#8221;||16px&#8221; custom_padding=&#8221;18px|40px|18px|40px|true|true&#8221; global_colors_info=&#8221;{}&#8221; theme_builder_area=&#8221;post_content&#8221;][\/et_pb_button][\/et_pb_column][et_pb_column type=&#8221;1_2&#8243; _builder_version=&#8221;4.16&#8243; custom_padding=&#8221;|||&#8221; global_colors_info=&#8221;{}&#8221; custom_padding__hover=&#8221;|||&#8221; theme_builder_area=&#8221;post_content&#8221;][et_pb_image src=&#8221;https:\/\/tracage-solution.fr\/wp-content\/uploads\/2025\/04\/dd22ad3b-216d-4d62-9db9-b691b3075d85-1.png&#8221; title_text=&#8221;dd22ad3b-216d-4d62-9db9-b691b3075d85&#8243; _builder_version=&#8221;4.27.4&#8243; max_width=&#8221;480px&#8221; animation_direction=&#8221;bottom&#8221; box_shadow_style=&#8221;preset3&#8243; box_shadow_vertical=&#8221;40px&#8221; box_shadow_blur=&#8221;80px&#8221; box_shadow_spread=&#8221;-20px&#8221; box_shadow_color=&#8221;rgba(0,0,0,0.8)&#8221; always_center_on_mobile=&#8221;off&#8221; global_colors_info=&#8221;{}&#8221; theme_builder_area=&#8221;post_content&#8221;][\/et_pb_image][\/et_pb_column][\/et_pb_row][\/et_pb_section][et_pb_section fb_built=&#8221;1&#8243; admin_label=&#8221;Brands&#8221; _builder_version=&#8221;4.16&#8243; custom_padding=&#8221;0px||0px|||&#8221; global_colors_info=&#8221;{}&#8221; theme_builder_area=&#8221;post_content&#8221;][\/et_pb_section][et_pb_section fb_built=&#8221;1&#8243; admin_label=&#8221;About&#8221; _builder_version=&#8221;4.16&#8243; global_colors_info=&#8221;{}&#8221; theme_builder_area=&#8221;post_content&#8221;][et_pb_row column_structure=&#8221;1_2,1_2&#8243; _builder_version=&#8221;4.16&#8243; global_colors_info=&#8221;{}&#8221; theme_builder_area=&#8221;post_content&#8221;][et_pb_column type=&#8221;1_2&#8243; _builder_version=&#8221;4.16&#8243; custom_padding=&#8221;|||&#8221; global_colors_info=&#8221;{}&#8221; custom_padding__hover=&#8221;|||&#8221; theme_builder_area=&#8221;post_content&#8221;][et_pb_image src=&#8221;https:\/\/tracage-solution.fr\/wp-content\/uploads\/2025\/04\/author-icon-01-4.png&#8221; title_text=&#8221;author-icon-01-4&#8243; _builder_version=&#8221;4.27.4&#8243; max_width=&#8221;400px&#8221; max_width_tablet=&#8221;&#8221; max_width_phone=&#8221;&#8221; max_width_last_edited=&#8221;on|tablet&#8221; module_alignment=&#8221;right&#8221; animation_direction=&#8221;bottom&#8221; always_center_on_mobile=&#8221;off&#8221; global_colors_info=&#8221;{}&#8221; theme_builder_area=&#8221;post_content&#8221;][\/et_pb_image][et_pb_text _builder_version=&#8221;4.27.4&#8243; header_font=&#8221;||||||||&#8221; header_2_font=&#8221;Montserrat|800||on|||||&#8221; header_2_text_color=&#8221;#000000&#8243; header_2_font_size=&#8221;36px&#8221; header_2_line_height=&#8221;1.2em&#8221; max_width=&#8221;400px&#8221; max_width_tablet=&#8221;&#8221; max_width_phone=&#8221;&#8221; max_width_last_edited=&#8221;on|tablet&#8221; module_alignment=&#8221;right&#8221; header_2_font_size_tablet=&#8221;40px&#8221; header_2_font_size_phone=&#8221;25px&#8221; header_2_font_size_last_edited=&#8221;on|desktop&#8221; locked=&#8221;off&#8221; global_colors_info=&#8221;{}&#8221; theme_builder_area=&#8221;post_content&#8221;]<h2>Signal\u00e9tique<\/h2>[\/et_pb_text][\/et_pb_column][et_pb_column type=&#8221;1_2&#8243; _builder_version=&#8221;4.16&#8243; custom_padding=&#8221;|||&#8221; global_colors_info=&#8221;{}&#8221; custom_padding__hover=&#8221;|||&#8221; theme_builder_area=&#8221;post_content&#8221;][et_pb_text _builder_version=&#8221;4.16&#8243; text_font=&#8221;||||||||&#8221; text_font_size=&#8221;18px&#8221; text_line_height=&#8221;1.8em&#8221; text_orientation=&#8221;justified&#8221; text_font_size_tablet=&#8221;16px&#8221; text_font_size_phone=&#8221;14px&#8221; text_font_size_last_edited=&#8221;on|phone&#8221; text_line_height_tablet=&#8221;1.8em&#8221; text_line_height_phone=&#8221;1.7em&#8221; text_line_height_last_edited=&#8221;off|phone&#8221; locked=&#8221;off&#8221; global_colors_info=&#8221;{}&#8221; theme_builder_area=&#8221;post_content&#8221;]<h3 data-start=\"659\" data-end=\"739\">Pourquoi mettre en place une signal\u00e9tique professionnelle \u00e0 Cagnes-sur-Mer ?<\/h3>\n<p data-start=\"741\" data-end=\"921\">Situ\u00e9e entre mer et collines, <strong data-start=\"771\" data-end=\"789\">Cagnes-sur-Mer<\/strong> accueille chaque jour des milliers de r\u00e9sidents, touristes, clients et visiteurs. Une <strong data-start=\"876\" data-end=\"912\">signal\u00e9tique claire et coh\u00e9rente<\/strong> permet :<\/p>\n<ul data-start=\"922\" data-end=\"1265\">\n<li data-start=\"922\" data-end=\"998\">\n<p data-start=\"924\" data-end=\"998\">D\u2019<strong data-start=\"926\" data-end=\"961\">orienter facilement les usagers<\/strong> au sein de vos b\u00e2timents ou parkings<\/p>\n<\/li>\n<li data-start=\"999\" data-end=\"1062\">\n<p data-start=\"1001\" data-end=\"1062\">De <strong data-start=\"1004\" data-end=\"1062\">valoriser l\u2019image de votre entreprise ou \u00e9tablissement<\/strong><\/p>\n<\/li>\n<li data-start=\"1063\" data-end=\"1148\">\n<p data-start=\"1065\" data-end=\"1148\">D\u2019<strong data-start=\"1067\" data-end=\"1106\">assurer la conformit\u00e9 r\u00e9glementaire<\/strong>, notamment en mati\u00e8re d\u2019accessibilit\u00e9 PMR<\/p>\n<\/li>\n<li data-start=\"1149\" data-end=\"1265\">\n<p data-start=\"1151\" data-end=\"1265\">D\u2019<strong data-start=\"1153\" data-end=\"1178\">am\u00e9liorer la s\u00e9curit\u00e9<\/strong> gr\u00e2ce \u00e0 une signalisation efficace des issues de secours, consignes, zones techniques\u2026<\/p>\n<\/li>\n<\/ul>\n<p data-start=\"1267\" data-end=\"1462\">Dans les quartiers anim\u00e9s comme le <strong data-start=\"1302\" data-end=\"1354\">centre-ville, Polygone Riviera ou Cros-de-Cagnes<\/strong>, une bonne signal\u00e9tique am\u00e9liore \u00e0 la fois la fluidit\u00e9, l\u2019exp\u00e9rience utilisateur et l\u2019esth\u00e9tique des lieux.<\/p>\n<hr data-start=\"1464\" data-end=\"1467\" \/>\n<h3 data-start=\"1469\" data-end=\"1521\">Nos prestations de signal\u00e9tique \u00e0 Cagnes-sur-Mer<\/h3>\n<p data-start=\"1523\" data-end=\"1700\">Chez <strong data-start=\"1528\" data-end=\"1548\">Tra\u00e7age Solution<\/strong>, nous r\u00e9alisons des <strong data-start=\"1569\" data-end=\"1593\">solutions sur mesure<\/strong>, adapt\u00e9es \u00e0 chaque environnement (commerces, immeubles, zones artisanales, \u00e9tablissements publics, etc.) :<\/p>\n<ul data-start=\"1701\" data-end=\"2061\">\n<li data-start=\"1701\" data-end=\"1792\">\n<p data-start=\"1703\" data-end=\"1792\"><strong data-start=\"1703\" data-end=\"1730\">Plaques directionnelles<\/strong>, fl\u00e9chage, num\u00e9rotation, identification de pi\u00e8ces ou d\u2019\u00e9tages<\/p>\n<\/li>\n<li data-start=\"1793\" data-end=\"1846\">\n<p data-start=\"1795\" data-end=\"1846\"><strong data-start=\"1795\" data-end=\"1818\">Panneaux ext\u00e9rieurs<\/strong>, totems, enseignes d\u2019entr\u00e9e<\/p>\n<\/li>\n<li data-start=\"1847\" data-end=\"1916\">\n<p data-start=\"1849\" data-end=\"1916\"><strong data-start=\"1849\" data-end=\"1877\">Signal\u00e9tique de s\u00e9curit\u00e9<\/strong> (\u00e9vacuation, incendie, zone de danger)<\/p>\n<\/li>\n<li data-start=\"1917\" data-end=\"1980\">\n<p data-start=\"1919\" data-end=\"1980\"><strong data-start=\"1919\" data-end=\"1940\">Signalisation PMR<\/strong> (pictogrammes, hauteurs r\u00e9glementaires)<\/p>\n<\/li>\n<li data-start=\"1981\" data-end=\"2061\">\n<p data-start=\"1983\" data-end=\"2061\"><strong data-start=\"1983\" data-end=\"2061\">Lettrage en relief, vinyles adh\u00e9sifs, films d\u00e9polis sur vitrine ou cloison<\/strong><\/p>\n<\/li>\n<\/ul>\n<p data-start=\"2063\" data-end=\"2210\">Tous nos supports sont fabriqu\u00e9s avec des mat\u00e9riaux de qualit\u00e9 : <strong data-start=\"2128\" data-end=\"2171\">dibond, aluminium, inox, PVC, plexiglas<\/strong>, r\u00e9sistants aux UV et aux intemp\u00e9ries.<\/p>\n<hr data-start=\"2212\" data-end=\"2215\" \/>\n<h3 data-start=\"2217\" data-end=\"2248\">Un service local et r\u00e9actif<\/h3>\n<p data-start=\"2250\" data-end=\"2459\">Bas\u00e9e dans le sud-est, notre \u00e9quipe intervient rapidement \u00e0 <strong data-start=\"2310\" data-end=\"2328\">Cagnes-sur-Mer<\/strong> et dans les environs : <strong data-start=\"2352\" data-end=\"2433\">Saint-Laurent-du-Var, Villeneuve-Loubet, La Colle-sur-Loup, Vence, Nice Ouest<\/strong>, etc.<\/p>\n<p data-start=\"2605\" data-end=\"2647\" class=\"\"><\/p>[\/et_pb_text][\/et_pb_column][\/et_pb_row][et_pb_row column_structure=&#8221;1_2,1_2&#8243; _builder_version=&#8221;4.27.4&#8243; global_colors_info=&#8221;{}&#8221; theme_builder_area=&#8221;post_content&#8221;][et_pb_column type=&#8221;1_2&#8243; _builder_version=&#8221;4.16&#8243; custom_padding=&#8221;|||&#8221; global_colors_info=&#8221;{}&#8221; custom_padding__hover=&#8221;|||&#8221; theme_builder_area=&#8221;post_content&#8221;][et_pb_text _builder_version=&#8221;4.27.4&#8243; text_font=&#8221;||||||||&#8221; text_font_size=&#8221;18px&#8221; text_line_height=&#8221;1.8em&#8221; text_orientation=&#8221;justified&#8221; text_font_size_tablet=&#8221;16px&#8221; text_font_size_phone=&#8221;14px&#8221; text_font_size_last_edited=&#8221;on|phone&#8221; text_line_height_tablet=&#8221;1.8em&#8221; text_line_height_phone=&#8221;1.7em&#8221; text_line_height_last_edited=&#8221;off|phone&#8221; locked=&#8221;off&#8221; global_colors_info=&#8221;{}&#8221; theme_builder_area=&#8221;post_content&#8221;]<h2 data-start=\"2566\" data-end=\"2632\">Pourquoi faire appel \u00e0 Tracage Solution\u00a0<\/h2>\n<ul data-start=\"2764\" data-end=\"3013\">\n<li data-start=\"2634\" data-end=\"2701\">\n<p data-start=\"2636\" data-end=\"2701\">\u2705 Connaissance du terrain alpin et des contraintes saisonni\u00e8res<\/p>\n<\/li>\n<li data-start=\"2702\" data-end=\"2766\">\n<p data-start=\"2704\" data-end=\"2766\">\u2705 Intervention rapide en Tarentaise et stations avoisinantes<\/p>\n<\/li>\n<li data-start=\"2767\" data-end=\"2823\">\n<p data-start=\"2769\" data-end=\"2823\">\u2705 Finitions nettes et durables, conformes aux normes<\/p>\n<\/li>\n<li data-start=\"2824\" data-end=\"2885\">\n<p data-start=\"2826\" data-end=\"2885\">\u2705 <strong data-start=\"2828\" data-end=\"2845\">Devis gratuit<\/strong>, avec rep\u00e9rage et conseils techniques<\/p>\n<\/li>\n<li data-start=\"2886\" data-end=\"2930\">\n<p data-start=\"2888\" data-end=\"2930\">\u2705 \u00c9quipe qualifi\u00e9e, discr\u00e8te et \u00e0 l\u2019\u00e9coute<\/p>\n<\/li>\n<li data-start=\"2966\" data-end=\"3013\"><\/li>\n<\/ul>\n<ul data-start=\"2555\" data-end=\"2826\"><\/ul>\n<ul data-start=\"2518\" data-end=\"2781\"><\/ul>\n<ul data-start=\"2490\" data-end=\"2772\"><\/ul>\n<ul data-start=\"2555\" data-end=\"2835\"><\/ul>\n<ul data-start=\"2413\" data-end=\"2700\"><\/ul>\n<ul data-start=\"2364\" data-end=\"2652\"><\/ul>\n<ul data-start=\"2272\" data-end=\"2555\"><\/ul>\n<ul data-start=\"2323\" data-end=\"2619\"><\/ul>\n<p>&nbsp;<\/p>\n<ul data-start=\"2230\" data-end=\"2537\"><\/ul>\n<ul data-start=\"2279\" data-end=\"2599\"><\/ul>\n<ul data-start=\"2274\" data-end=\"2613\"><\/ul>\n<ul data-start=\"2140\" data-end=\"2411\"><\/ul>\n<ul data-start=\"2111\" data-end=\"2491\"><\/ul>[\/et_pb_text][\/et_pb_column][et_pb_column type=&#8221;1_2&#8243; _builder_version=&#8221;4.16&#8243; custom_padding=&#8221;|||&#8221; global_colors_info=&#8221;{}&#8221; custom_padding__hover=&#8221;|||&#8221; theme_builder_area=&#8221;post_content&#8221;][et_pb_image src=&#8221;https:\/\/tracage-solution.fr\/wp-content\/uploads\/2025\/07\/thumbnail_IMG_4990-1.jpg&#8221; title_text=&#8221;thumbnail_IMG_4990 (1)&#8221; _builder_version=&#8221;4.27.4&#8243; _module_preset=&#8221;default&#8221; global_colors_info=&#8221;{}&#8221; theme_builder_area=&#8221;post_content&#8221;][\/et_pb_image][\/et_pb_column][\/et_pb_row][\/et_pb_section]\n","protected":false},"excerpt":{"rendered":"<p>Signal\u00e9tique \u00e0 Cagnes-sur-Mer : valorisez et organisez vos espaces avec Tra\u00e7age Solution La signal\u00e9tique \u00e0 Cagnes-sur-Mer est aujourd\u2019hui un \u00e9l\u00e9ment indispensable pour toute structure souhaitant orienter efficacement ses usagers, renforcer sa visibilit\u00e9 et garantir l\u2019accessibilit\u00e9 de ses locaux. Que vous soyez une entreprise, une collectivit\u00e9, un commerce ou une copropri\u00e9t\u00e9, Tra\u00e7age Solution vous accompagne dans [&hellip;]<\/p>\n","protected":false},"author":1,"featured_media":0,"parent":0,"menu_order":0,"comment_status":"closed","ping_status":"closed","template":"","meta":{"_et_pb_use_builder":"on","_et_pb_old_content":"<!-- wp:divi\/placeholder \/-->","_et_gb_content_width":"","footnotes":""},"class_list":["post-912","page","type-page","status-publish","hentry"],"yoast_head":"<!-- This site is optimized with the Yoast SEO plugin v27.4 - https:\/\/yoast.com\/product\/yoast-seo-wordpress\/ -->\n<title>Signal\u00e9tique \u00e0 Cagnes-sur-Mer<\/title>\n<meta name=\"description\" content=\"Signal\u00e9tique \u00e0 Cagnes-sur-Mer , Plaques directionnelles, Signal\u00e9tique de s\u00e9curit\u00e9 Lettrage en relief, vinyles adh\u00e9sifs, films d\u00e9polis\" \/>\n<meta name=\"robots\" content=\"index, follow, max-snippet:-1, max-image-preview:large, max-video-preview:-1\" \/>\n<link rel=\"canonical\" href=\"https:\/\/tracage-solution.fr\/?page_id=912\" \/>\n<meta property=\"og:locale\" content=\"en_US\" \/>\n<meta property=\"og:type\" content=\"article\" \/>\n<meta property=\"og:title\" content=\"Signal\u00e9tique \u00e0 Cagnes-sur-Mer\" \/>\n<meta property=\"og:description\" content=\"Signal\u00e9tique \u00e0 Cagnes-sur-Mer , Plaques directionnelles, Signal\u00e9tique de s\u00e9curit\u00e9 Lettrage en relief, vinyles adh\u00e9sifs, films d\u00e9polis\" \/>\n<meta property=\"og:url\" content=\"https:\/\/tracage-solution.fr\/?page_id=912\" \/>\n<meta property=\"og:site_name\" content=\"Tracage Solution\" \/>\n<meta property=\"article:modified_time\" content=\"2025-07-19T15:15:07+00:00\" \/>\n<meta name=\"twitter:card\" content=\"summary_large_image\" \/>\n<meta name=\"twitter:label1\" content=\"Est. reading time\" \/>\n\t<meta name=\"twitter:data1\" content=\"3 minutes\" \/>\n<script type=\"application\/ld+json\" class=\"yoast-schema-graph\">{\"@context\":\"https:\\\/\\\/schema.org\",\"@graph\":[{\"@type\":\"WebPage\",\"@id\":\"https:\\\/\\\/tracage-solution.fr\\\/?page_id=912\",\"url\":\"https:\\\/\\\/tracage-solution.fr\\\/?page_id=912\",\"name\":\"Signal\u00e9tique \u00e0 Cagnes-sur-Mer\",\"isPartOf\":{\"@id\":\"https:\\\/\\\/tracage-solution.fr\\\/#website\"},\"datePublished\":\"2025-07-19T15:14:14+00:00\",\"dateModified\":\"2025-07-19T15:15:07+00:00\",\"description\":\"Signal\u00e9tique \u00e0 Cagnes-sur-Mer , Plaques directionnelles, Signal\u00e9tique de s\u00e9curit\u00e9 Lettrage en relief, vinyles adh\u00e9sifs, films d\u00e9polis\",\"breadcrumb\":{\"@id\":\"https:\\\/\\\/tracage-solution.fr\\\/?page_id=912#breadcrumb\"},\"inLanguage\":\"en-US\",\"potentialAction\":[{\"@type\":\"ReadAction\",\"target\":[\"https:\\\/\\\/tracage-solution.fr\\\/?page_id=912\"]}]},{\"@type\":\"BreadcrumbList\",\"@id\":\"https:\\\/\\\/tracage-solution.fr\\\/?page_id=912#breadcrumb\",\"itemListElement\":[{\"@type\":\"ListItem\",\"position\":1,\"name\":\"Accueil\",\"item\":\"https:\\\/\\\/tracage-solution.fr\\\/\"},{\"@type\":\"ListItem\",\"position\":2,\"name\":\"Signal\u00e9tique \u00e0 Cagnes-sur-Mer\"}]},{\"@type\":\"WebSite\",\"@id\":\"https:\\\/\\\/tracage-solution.fr\\\/#website\",\"url\":\"https:\\\/\\\/tracage-solution.fr\\\/\",\"name\":\"Tracage Solution\",\"description\":\"Tracage solution Nice \",\"potentialAction\":[{\"@type\":\"SearchAction\",\"target\":{\"@type\":\"EntryPoint\",\"urlTemplate\":\"https:\\\/\\\/tracage-solution.fr\\\/?s={search_term_string}\"},\"query-input\":{\"@type\":\"PropertyValueSpecification\",\"valueRequired\":true,\"valueName\":\"search_term_string\"}}],\"inLanguage\":\"en-US\"}]}<\/script>\n<!-- \/ Yoast SEO plugin. -->","yoast_head_json":{"title":"Signal\u00e9tique \u00e0 Cagnes-sur-Mer","description":"Signal\u00e9tique \u00e0 Cagnes-sur-Mer , Plaques directionnelles, Signal\u00e9tique de s\u00e9curit\u00e9 Lettrage en relief, vinyles adh\u00e9sifs, films d\u00e9polis","robots":{"index":"index","follow":"follow","max-snippet":"max-snippet:-1","max-image-preview":"max-image-preview:large","max-video-preview":"max-video-preview:-1"},"canonical":"https:\/\/tracage-solution.fr\/?page_id=912","og_locale":"en_US","og_type":"article","og_title":"Signal\u00e9tique \u00e0 Cagnes-sur-Mer","og_description":"Signal\u00e9tique \u00e0 Cagnes-sur-Mer , Plaques directionnelles, Signal\u00e9tique de s\u00e9curit\u00e9 Lettrage en relief, vinyles adh\u00e9sifs, films d\u00e9polis","og_url":"https:\/\/tracage-solution.fr\/?page_id=912","og_site_name":"Tracage Solution","article_modified_time":"2025-07-19T15:15:07+00:00","twitter_card":"summary_large_image","twitter_misc":{"Est. reading time":"3 minutes"},"schema":{"@context":"https:\/\/schema.org","@graph":[{"@type":"WebPage","@id":"https:\/\/tracage-solution.fr\/?page_id=912","url":"https:\/\/tracage-solution.fr\/?page_id=912","name":"Signal\u00e9tique \u00e0 Cagnes-sur-Mer","isPartOf":{"@id":"https:\/\/tracage-solution.fr\/#website"},"datePublished":"2025-07-19T15:14:14+00:00","dateModified":"2025-07-19T15:15:07+00:00","description":"Signal\u00e9tique \u00e0 Cagnes-sur-Mer , Plaques directionnelles, Signal\u00e9tique de s\u00e9curit\u00e9 Lettrage en relief, vinyles adh\u00e9sifs, films d\u00e9polis","breadcrumb":{"@id":"https:\/\/tracage-solution.fr\/?page_id=912#breadcrumb"},"inLanguage":"en-US","potentialAction":[{"@type":"ReadAction","target":["https:\/\/tracage-solution.fr\/?page_id=912"]}]},{"@type":"BreadcrumbList","@id":"https:\/\/tracage-solution.fr\/?page_id=912#breadcrumb","itemListElement":[{"@type":"ListItem","position":1,"name":"Accueil","item":"https:\/\/tracage-solution.fr\/"},{"@type":"ListItem","position":2,"name":"Signal\u00e9tique \u00e0 Cagnes-sur-Mer"}]},{"@type":"WebSite","@id":"https:\/\/tracage-solution.fr\/#website","url":"https:\/\/tracage-solution.fr\/","name":"Tracage Solution","description":"Tracage solution Nice ","potentialAction":[{"@type":"SearchAction","target":{"@type":"EntryPoint","urlTemplate":"https:\/\/tracage-solution.fr\/?s={search_term_string}"},"query-input":{"@type":"PropertyValueSpecification","valueRequired":true,"valueName":"search_term_string"}}],"inLanguage":"en-US"}]}},"_links":{"self":[{"href":"https:\/\/tracage-solution.fr\/index.php?rest_route=\/wp\/v2\/pages\/912","targetHints":{"allow":["GET"]}}],"collection":[{"href":"https:\/\/tracage-solution.fr\/index.php?rest_route=\/wp\/v2\/pages"}],"about":[{"href":"https:\/\/tracage-solution.fr\/index.php?rest_route=\/wp\/v2\/types\/page"}],"author":[{"embeddable":true,"href":"https:\/\/tracage-solution.fr\/index.php?rest_route=\/wp\/v2\/users\/1"}],"replies":[{"embeddable":true,"href":"https:\/\/tracage-solution.fr\/index.php?rest_route=%2Fwp%2Fv2%2Fcomments&post=912"}],"version-history":[{"count":4,"href":"https:\/\/tracage-solution.fr\/index.php?rest_route=\/wp\/v2\/pages\/912\/revisions"}],"predecessor-version":[{"id":916,"href":"https:\/\/tracage-solution.fr\/index.php?rest_route=\/wp\/v2\/pages\/912\/revisions\/916"}],"wp:attachment":[{"href":"https:\/\/tracage-solution.fr\/index.php?rest_route=%2Fwp%2Fv2%2Fmedia&parent=912"}],"curies":[{"name":"wp","href":"https:\/\/api.w.org\/{rel}","templated":true}]}}