{"id":902,"date":"2025-07-19T17:08:17","date_gmt":"2025-07-19T15:08:17","guid":{"rendered":"https:\/\/tracage-solution.fr\/?page_id=902"},"modified":"2025-07-19T17:09:18","modified_gmt":"2025-07-19T15:09:18","slug":"signaletique-a-carros","status":"publish","type":"page","link":"https:\/\/tracage-solution.fr\/?page_id=902","title":{"rendered":"Signal\u00e9tique \u00e0 Carros"},"content":{"rendered":"\n[et_pb_section fb_built=&#8221;1&#8243; admin_label=&#8221;Header&#8221; _builder_version=&#8221;4.16&#8243; use_background_color_gradient=&#8221;on&#8221; background_color_gradient_direction=&#8221;124deg&#8221; background_color_gradient_stops=&#8221;rgba(255,255,255,0.1) 30%|#31d190 90%&#8221; background_color_gradient_start=&#8221;rgba(255,255,255,0.1)&#8221; background_color_gradient_start_position=&#8221;30%&#8221; background_color_gradient_end=&#8221;#31d190&#8243; background_color_gradient_end_position=&#8221;90%&#8221; background_image=&#8221;https:\/\/tracage-solution.fr\/wp-content\/uploads\/2025\/04\/ebook-17-1.png&#8221; background_position=&#8221;bottom_center&#8221; custom_padding=&#8221;5vw||5vw||true|&#8221; border_color_all=&#8221;#31d190&#8243; border_width_left=&#8221;10px&#8221; global_colors_info=&#8221;{}&#8221; theme_builder_area=&#8221;post_content&#8221;][et_pb_row column_structure=&#8221;1_2,1_2&#8243; use_custom_gutter=&#8221;on&#8221; gutter_width=&#8221;4&#8243; _builder_version=&#8221;4.27.4&#8243; background_size=&#8221;contain&#8221; background_position=&#8221;bottom_center&#8221; max_width=&#8221;1280px&#8221; global_colors_info=&#8221;{}&#8221; theme_builder_area=&#8221;post_content&#8221;][et_pb_column type=&#8221;1_2&#8243; _builder_version=&#8221;4.16&#8243; custom_padding=&#8221;40px|||&#8221; custom_padding_tablet=&#8221;0vw|||&#8221; global_colors_info=&#8221;{}&#8221; custom_padding__hover=&#8221;|||&#8221; theme_builder_area=&#8221;post_content&#8221;][et_pb_text _builder_version=&#8221;4.27.4&#8243; text_font=&#8221;||||||||&#8221; text_text_color=&#8221;#000000&#8243; text_font_size=&#8221;15px&#8221; text_line_height=&#8221;1.8em&#8221; header_font=&#8221;Montserrat|800||on|||||&#8221; header_text_color=&#8221;#000000&#8243; header_font_size=&#8221;1.8vw&#8221; header_line_height=&#8221;1.1em&#8221; custom_margin=&#8221;||30px|||&#8221; text_font_size_tablet=&#8221;16px&#8221; text_font_size_phone=&#8221;14px&#8221; text_font_size_last_edited=&#8221;on|phone&#8221; text_line_height_tablet=&#8221;1.8em&#8221; text_line_height_phone=&#8221;1.7em&#8221; text_line_height_last_edited=&#8221;off|phone&#8221; header_font_size_tablet=&#8221;8vw&#8221; header_font_size_phone=&#8221;10vw&#8221; header_font_size_last_edited=&#8221;on|phone&#8221; global_colors_info=&#8221;{}&#8221; theme_builder_area=&#8221;post_content&#8221;]<h1>Signal\u00e9tique \u00e0 Carros : valorisez vos espaces professionnels avec Tra\u00e7age Solution<\/h1>\n<p data-start=\"227\" data-end=\"651\">\u00c0 <strong data-start=\"229\" data-end=\"239\">Carros<\/strong>, v\u00e9ritable p\u00f4le industriel et \u00e9conomique des Alpes-Maritimes, la <strong data-start=\"305\" data-end=\"321\">signal\u00e9tique<\/strong> est un \u00e9l\u00e9ment indispensable pour orienter, s\u00e9curiser et organiser les sites professionnels. Que vous soyez une entreprise de la <strong data-start=\"451\" data-end=\"482\">zone industrielle de Carros<\/strong>, un commerce, une collectivit\u00e9 ou une copropri\u00e9t\u00e9, <strong data-start=\"534\" data-end=\"554\">Tra\u00e7age Solution<\/strong> vous propose des solutions compl\u00e8tes et sur mesure de <strong data-start=\"609\" data-end=\"650\">signal\u00e9tique int\u00e9rieure et ext\u00e9rieure<\/strong>.<\/p>[\/et_pb_text][et_pb_button button_url=&#8221;https:\/\/tracage-solution.fr\/?page_id=18&#8243; button_text=&#8221;Demande de devis&#8221; _builder_version=&#8221;4.27.4&#8243; custom_button=&#8221;on&#8221; button_text_size=&#8221;16px&#8221; button_text_color=&#8221;#ffffff&#8221; button_bg_color=&#8221;#31d190&#8243; button_border_width=&#8221;0px&#8221; button_border_radius=&#8221;0px&#8221; button_font=&#8221;Montserrat|700|||||||&#8221; button_use_icon=&#8221;off&#8221; custom_margin=&#8221;||16px&#8221; custom_padding=&#8221;18px|40px|18px|40px|true|true&#8221; global_colors_info=&#8221;{}&#8221; theme_builder_area=&#8221;post_content&#8221;][\/et_pb_button][\/et_pb_column][et_pb_column type=&#8221;1_2&#8243; _builder_version=&#8221;4.16&#8243; custom_padding=&#8221;|||&#8221; global_colors_info=&#8221;{}&#8221; custom_padding__hover=&#8221;|||&#8221; theme_builder_area=&#8221;post_content&#8221;][et_pb_image src=&#8221;https:\/\/tracage-solution.fr\/wp-content\/uploads\/2025\/04\/dd22ad3b-216d-4d62-9db9-b691b3075d85-1.png&#8221; title_text=&#8221;dd22ad3b-216d-4d62-9db9-b691b3075d85&#8243; _builder_version=&#8221;4.27.4&#8243; max_width=&#8221;480px&#8221; animation_direction=&#8221;bottom&#8221; box_shadow_style=&#8221;preset3&#8243; box_shadow_vertical=&#8221;40px&#8221; box_shadow_blur=&#8221;80px&#8221; box_shadow_spread=&#8221;-20px&#8221; box_shadow_color=&#8221;rgba(0,0,0,0.8)&#8221; always_center_on_mobile=&#8221;off&#8221; global_colors_info=&#8221;{}&#8221; theme_builder_area=&#8221;post_content&#8221;][\/et_pb_image][\/et_pb_column][\/et_pb_row][\/et_pb_section][et_pb_section fb_built=&#8221;1&#8243; admin_label=&#8221;Brands&#8221; _builder_version=&#8221;4.16&#8243; custom_padding=&#8221;0px||0px|||&#8221; global_colors_info=&#8221;{}&#8221; theme_builder_area=&#8221;post_content&#8221;][\/et_pb_section][et_pb_section fb_built=&#8221;1&#8243; admin_label=&#8221;About&#8221; _builder_version=&#8221;4.16&#8243; global_colors_info=&#8221;{}&#8221; theme_builder_area=&#8221;post_content&#8221;][et_pb_row column_structure=&#8221;1_2,1_2&#8243; _builder_version=&#8221;4.16&#8243; global_colors_info=&#8221;{}&#8221; theme_builder_area=&#8221;post_content&#8221;][et_pb_column type=&#8221;1_2&#8243; _builder_version=&#8221;4.16&#8243; custom_padding=&#8221;|||&#8221; global_colors_info=&#8221;{}&#8221; custom_padding__hover=&#8221;|||&#8221; theme_builder_area=&#8221;post_content&#8221;][et_pb_image src=&#8221;https:\/\/tracage-solution.fr\/wp-content\/uploads\/2025\/04\/author-icon-01-4.png&#8221; title_text=&#8221;author-icon-01-4&#8243; _builder_version=&#8221;4.27.4&#8243; max_width=&#8221;400px&#8221; max_width_tablet=&#8221;&#8221; max_width_phone=&#8221;&#8221; max_width_last_edited=&#8221;on|tablet&#8221; module_alignment=&#8221;right&#8221; animation_direction=&#8221;bottom&#8221; always_center_on_mobile=&#8221;off&#8221; global_colors_info=&#8221;{}&#8221; theme_builder_area=&#8221;post_content&#8221;][\/et_pb_image][et_pb_text _builder_version=&#8221;4.27.4&#8243; header_font=&#8221;||||||||&#8221; header_2_font=&#8221;Montserrat|800||on|||||&#8221; header_2_text_color=&#8221;#000000&#8243; header_2_font_size=&#8221;36px&#8221; header_2_line_height=&#8221;1.2em&#8221; max_width=&#8221;400px&#8221; max_width_tablet=&#8221;&#8221; max_width_phone=&#8221;&#8221; max_width_last_edited=&#8221;on|tablet&#8221; module_alignment=&#8221;right&#8221; header_2_font_size_tablet=&#8221;40px&#8221; header_2_font_size_phone=&#8221;25px&#8221; header_2_font_size_last_edited=&#8221;on|desktop&#8221; locked=&#8221;off&#8221; global_colors_info=&#8221;{}&#8221; theme_builder_area=&#8221;post_content&#8221;]<h2>Signal\u00e9tique<\/h2>[\/et_pb_text][\/et_pb_column][et_pb_column type=&#8221;1_2&#8243; _builder_version=&#8221;4.16&#8243; custom_padding=&#8221;|||&#8221; global_colors_info=&#8221;{}&#8221; custom_padding__hover=&#8221;|||&#8221; theme_builder_area=&#8221;post_content&#8221;][et_pb_text _builder_version=&#8221;4.16&#8243; text_font=&#8221;||||||||&#8221; text_font_size=&#8221;18px&#8221; text_line_height=&#8221;1.8em&#8221; text_orientation=&#8221;justified&#8221; text_font_size_tablet=&#8221;16px&#8221; text_font_size_phone=&#8221;14px&#8221; text_font_size_last_edited=&#8221;on|phone&#8221; text_line_height_tablet=&#8221;1.8em&#8221; text_line_height_phone=&#8221;1.7em&#8221; text_line_height_last_edited=&#8221;off|phone&#8221; locked=&#8221;off&#8221; global_colors_info=&#8221;{}&#8221; theme_builder_area=&#8221;post_content&#8221;]<h3 data-start=\"658\" data-end=\"718\">Pourquoi la signal\u00e9tique est-elle essentielle \u00e0 Carros ?<\/h3>\n<p data-start=\"720\" data-end=\"884\">Dans un environnement dense et actif comme <strong data-start=\"763\" data-end=\"773\">Carros<\/strong>, o\u00f9 transitent chaque jour salari\u00e9s, visiteurs, clients et fournisseurs, la signalisation visuelle doit \u00eatre :<\/p>\n<ul data-start=\"885\" data-end=\"1204\">\n<li data-start=\"885\" data-end=\"958\">\n<p data-start=\"887\" data-end=\"958\"><strong data-start=\"887\" data-end=\"914\">Claire et fonctionnelle<\/strong> : pour guider efficacement les d\u00e9placements<\/p>\n<\/li>\n<li data-start=\"959\" data-end=\"1038\">\n<p data-start=\"961\" data-end=\"1038\"><strong data-start=\"961\" data-end=\"994\">Esth\u00e9tique et professionnelle<\/strong> : pour refl\u00e9ter l\u2019image de votre entreprise<\/p>\n<\/li>\n<li data-start=\"1039\" data-end=\"1122\">\n<p data-start=\"1041\" data-end=\"1122\"><strong data-start=\"1041\" data-end=\"1064\">Conforme aux normes<\/strong> : notamment en mati\u00e8re de s\u00e9curit\u00e9 et d\u2019accessibilit\u00e9 PMR<\/p>\n<\/li>\n<li data-start=\"1123\" data-end=\"1204\">\n<p data-start=\"1125\" data-end=\"1204\"><strong data-start=\"1125\" data-end=\"1150\">R\u00e9sistante et durable<\/strong> : adapt\u00e9e aux conditions industrielles et climatiques<\/p>\n<\/li>\n<\/ul>\n<p data-start=\"1206\" data-end=\"1352\">Une <strong data-start=\"1210\" data-end=\"1232\">bonne signal\u00e9tique<\/strong> am\u00e9liore la productivit\u00e9, r\u00e9duit les erreurs de circulation et renforce l\u2019accueil au sein de vos b\u00e2timents et parkings.<\/p>\n<hr data-start=\"1354\" data-end=\"1357\" \/>\n<h3 data-start=\"1359\" data-end=\"1401\">Nos solutions de signal\u00e9tique \u00e0 Carros<\/h3>\n<p data-start=\"1403\" data-end=\"1523\"><strong data-start=\"1403\" data-end=\"1423\">Tra\u00e7age Solution<\/strong> con\u00e7oit et installe des syst\u00e8mes de signal\u00e9tique adapt\u00e9s \u00e0 tous types de b\u00e2timents et d\u2019activit\u00e9s :<\/p>\n<ul data-start=\"1524\" data-end=\"1807\">\n<li data-start=\"1524\" data-end=\"1597\">\n<p data-start=\"1526\" data-end=\"1597\"><strong data-start=\"1526\" data-end=\"1553\">Plaques directionnelles<\/strong>, num\u00e9rotation de locaux, fl\u00e9chage des acc\u00e8s<\/p>\n<\/li>\n<li data-start=\"1598\" data-end=\"1669\">\n<p data-start=\"1600\" data-end=\"1669\"><strong data-start=\"1600\" data-end=\"1621\">Totems ext\u00e9rieurs<\/strong>, panneaux de parking, signalisation de s\u00e9curit\u00e9<\/p>\n<\/li>\n<li data-start=\"1670\" data-end=\"1743\">\n<p data-start=\"1672\" data-end=\"1743\"><strong data-start=\"1672\" data-end=\"1694\">Lettrages adh\u00e9sifs<\/strong>, vinyles d\u00e9coratifs, films occultants ou d\u00e9polis<\/p>\n<\/li>\n<li data-start=\"1744\" data-end=\"1807\">\n<p data-start=\"1746\" data-end=\"1807\"><strong data-start=\"1746\" data-end=\"1777\">Pictogrammes r\u00e9glementaires<\/strong>, panneaux PMR et d\u2019\u00e9vacuation<\/p>\n<\/li>\n<\/ul>\n<p data-start=\"1809\" data-end=\"1964\">Nous travaillons avec des mat\u00e9riaux de qualit\u00e9 professionnelle : <strong data-start=\"1874\" data-end=\"1917\">dibond, aluminium, PVC, inox, plexiglas<\/strong>, r\u00e9sistants aux UV, \u00e0 l\u2019humidit\u00e9 et aux chocs.<\/p>\n<p data-start=\"1966\" data-end=\"2070\">Notre \u00e9quipe assure aussi la <strong data-start=\"1995\" data-end=\"2017\">cr\u00e9ation graphique<\/strong>, pour un rendu en accord avec votre charte visuelle.<\/p>\n<hr data-start=\"2072\" data-end=\"2075\" \/>\n<h3 data-start=\"2077\" data-end=\"2122\">Intervention rapide \u00e0 Carros et alentours<\/h3>\n<p data-start=\"2124\" data-end=\"2352\">Situ\u00e9e dans le sud-est, <strong data-start=\"2148\" data-end=\"2168\">Tra\u00e7age Solution<\/strong> intervient rapidement dans toute la <strong data-start=\"2205\" data-end=\"2236\">zone industrielle de Carros<\/strong>, ainsi que dans les communes voisines : <strong data-start=\"2277\" data-end=\"2326\">Gatti\u00e8res, Le Broc, Saint-Jeannet, Nice Ouest<\/strong>, etc.<\/p>\n<p data-start=\"2605\" data-end=\"2647\" class=\"\"><\/p>[\/et_pb_text][\/et_pb_column][\/et_pb_row][et_pb_row column_structure=&#8221;1_2,1_2&#8243; _builder_version=&#8221;4.27.4&#8243; global_colors_info=&#8221;{}&#8221; theme_builder_area=&#8221;post_content&#8221;][et_pb_column type=&#8221;1_2&#8243; _builder_version=&#8221;4.16&#8243; custom_padding=&#8221;|||&#8221; global_colors_info=&#8221;{}&#8221; custom_padding__hover=&#8221;|||&#8221; theme_builder_area=&#8221;post_content&#8221;][et_pb_text _builder_version=&#8221;4.27.4&#8243; text_font=&#8221;||||||||&#8221; text_font_size=&#8221;18px&#8221; text_line_height=&#8221;1.8em&#8221; text_orientation=&#8221;justified&#8221; text_font_size_tablet=&#8221;16px&#8221; text_font_size_phone=&#8221;14px&#8221; text_font_size_last_edited=&#8221;on|phone&#8221; text_line_height_tablet=&#8221;1.8em&#8221; text_line_height_phone=&#8221;1.7em&#8221; text_line_height_last_edited=&#8221;off|phone&#8221; locked=&#8221;off&#8221; global_colors_info=&#8221;{}&#8221; theme_builder_area=&#8221;post_content&#8221;]<h2 data-start=\"2566\" data-end=\"2632\">Pourquoi faire appel \u00e0 Tracage Solution\u00a0<\/h2>\n<ul data-start=\"2764\" data-end=\"3013\">\n<li data-start=\"2634\" data-end=\"2701\">\n<p data-start=\"2636\" data-end=\"2701\">\u2705 Connaissance du terrain alpin et des contraintes saisonni\u00e8res<\/p>\n<\/li>\n<li data-start=\"2702\" data-end=\"2766\">\n<p data-start=\"2704\" data-end=\"2766\">\u2705 Intervention rapide en Tarentaise et stations avoisinantes<\/p>\n<\/li>\n<li data-start=\"2767\" data-end=\"2823\">\n<p data-start=\"2769\" data-end=\"2823\">\u2705 Finitions nettes et durables, conformes aux normes<\/p>\n<\/li>\n<li data-start=\"2824\" data-end=\"2885\">\n<p data-start=\"2826\" data-end=\"2885\">\u2705 <strong data-start=\"2828\" data-end=\"2845\">Devis gratuit<\/strong>, avec rep\u00e9rage et conseils techniques<\/p>\n<\/li>\n<li data-start=\"2886\" data-end=\"2930\">\n<p data-start=\"2888\" data-end=\"2930\">\u2705 \u00c9quipe qualifi\u00e9e, discr\u00e8te et \u00e0 l\u2019\u00e9coute<\/p>\n<\/li>\n<li data-start=\"2966\" data-end=\"3013\"><\/li>\n<\/ul>\n<ul data-start=\"2555\" data-end=\"2826\"><\/ul>\n<ul data-start=\"2518\" data-end=\"2781\"><\/ul>\n<ul data-start=\"2490\" data-end=\"2772\"><\/ul>\n<ul data-start=\"2555\" data-end=\"2835\"><\/ul>\n<ul data-start=\"2413\" data-end=\"2700\"><\/ul>\n<ul data-start=\"2364\" data-end=\"2652\"><\/ul>\n<ul data-start=\"2272\" data-end=\"2555\"><\/ul>\n<ul data-start=\"2323\" data-end=\"2619\"><\/ul>\n<p>&nbsp;<\/p>\n<ul data-start=\"2230\" data-end=\"2537\"><\/ul>\n<ul data-start=\"2279\" data-end=\"2599\"><\/ul>\n<ul data-start=\"2274\" data-end=\"2613\"><\/ul>\n<ul data-start=\"2140\" data-end=\"2411\"><\/ul>\n<ul data-start=\"2111\" data-end=\"2491\"><\/ul>[\/et_pb_text][\/et_pb_column][et_pb_column type=&#8221;1_2&#8243; _builder_version=&#8221;4.16&#8243; custom_padding=&#8221;|||&#8221; global_colors_info=&#8221;{}&#8221; custom_padding__hover=&#8221;|||&#8221; theme_builder_area=&#8221;post_content&#8221;][et_pb_image src=&#8221;https:\/\/tracage-solution.fr\/wp-content\/uploads\/2025\/07\/thumbnail_IMG_4990-1.jpg&#8221; title_text=&#8221;thumbnail_IMG_4990 (1)&#8221; _builder_version=&#8221;4.27.4&#8243; _module_preset=&#8221;default&#8221; global_colors_info=&#8221;{}&#8221; theme_builder_area=&#8221;post_content&#8221;][\/et_pb_image][\/et_pb_column][\/et_pb_row][\/et_pb_section]\n","protected":false},"excerpt":{"rendered":"<p>Signal\u00e9tique \u00e0 Carros : valorisez vos espaces professionnels avec Tra\u00e7age Solution \u00c0 Carros, v\u00e9ritable p\u00f4le industriel et \u00e9conomique des Alpes-Maritimes, la signal\u00e9tique est un \u00e9l\u00e9ment indispensable pour orienter, s\u00e9curiser et organiser les sites professionnels. Que vous soyez une entreprise de la zone industrielle de Carros, un commerce, une collectivit\u00e9 ou une copropri\u00e9t\u00e9, Tra\u00e7age Solution vous [&hellip;]<\/p>\n","protected":false},"author":1,"featured_media":0,"parent":0,"menu_order":0,"comment_status":"closed","ping_status":"closed","template":"","meta":{"_et_pb_use_builder":"on","_et_pb_old_content":"<!-- wp:divi\/placeholder \/-->","_et_gb_content_width":"","footnotes":""},"class_list":["post-902","page","type-page","status-publish","hentry"],"yoast_head":"<!-- This site is optimized with the Yoast SEO plugin v27.4 - https:\/\/yoast.com\/product\/yoast-seo-wordpress\/ -->\n<title>Signal\u00e9tique \u00e0 Carros<\/title>\n<meta name=\"description\" content=\"Signal\u00e9tique \u00e0 Carros, Lettrages adh\u00e9sifs, Plaques directionnelles, Totems \u00e0 Gatti\u00e8res, Le Broc, Saint-Jeannet, Nice Ouest\" \/>\n<meta name=\"robots\" content=\"index, follow, max-snippet:-1, max-image-preview:large, max-video-preview:-1\" \/>\n<link rel=\"canonical\" href=\"https:\/\/tracage-solution.fr\/?page_id=902\" \/>\n<meta property=\"og:locale\" content=\"en_US\" \/>\n<meta property=\"og:type\" content=\"article\" \/>\n<meta property=\"og:title\" content=\"Signal\u00e9tique \u00e0 Carros\" \/>\n<meta property=\"og:description\" content=\"Signal\u00e9tique \u00e0 Carros, Lettrages adh\u00e9sifs, Plaques directionnelles, Totems \u00e0 Gatti\u00e8res, Le Broc, Saint-Jeannet, Nice Ouest\" \/>\n<meta property=\"og:url\" content=\"https:\/\/tracage-solution.fr\/?page_id=902\" \/>\n<meta property=\"og:site_name\" content=\"Tracage Solution\" \/>\n<meta property=\"article:modified_time\" content=\"2025-07-19T15:09:18+00:00\" \/>\n<meta name=\"twitter:card\" content=\"summary_large_image\" \/>\n<meta name=\"twitter:label1\" content=\"Est. reading time\" \/>\n\t<meta name=\"twitter:data1\" content=\"3 minutes\" \/>\n<script type=\"application\/ld+json\" class=\"yoast-schema-graph\">{\"@context\":\"https:\\\/\\\/schema.org\",\"@graph\":[{\"@type\":\"WebPage\",\"@id\":\"https:\\\/\\\/tracage-solution.fr\\\/?page_id=902\",\"url\":\"https:\\\/\\\/tracage-solution.fr\\\/?page_id=902\",\"name\":\"Signal\u00e9tique \u00e0 Carros\",\"isPartOf\":{\"@id\":\"https:\\\/\\\/tracage-solution.fr\\\/#website\"},\"datePublished\":\"2025-07-19T15:08:17+00:00\",\"dateModified\":\"2025-07-19T15:09:18+00:00\",\"description\":\"Signal\u00e9tique \u00e0 Carros, Lettrages adh\u00e9sifs, Plaques directionnelles, Totems \u00e0 Gatti\u00e8res, Le Broc, Saint-Jeannet, Nice Ouest\",\"breadcrumb\":{\"@id\":\"https:\\\/\\\/tracage-solution.fr\\\/?page_id=902#breadcrumb\"},\"inLanguage\":\"en-US\",\"potentialAction\":[{\"@type\":\"ReadAction\",\"target\":[\"https:\\\/\\\/tracage-solution.fr\\\/?page_id=902\"]}]},{\"@type\":\"BreadcrumbList\",\"@id\":\"https:\\\/\\\/tracage-solution.fr\\\/?page_id=902#breadcrumb\",\"itemListElement\":[{\"@type\":\"ListItem\",\"position\":1,\"name\":\"Accueil\",\"item\":\"https:\\\/\\\/tracage-solution.fr\\\/\"},{\"@type\":\"ListItem\",\"position\":2,\"name\":\"Signal\u00e9tique \u00e0 Carros\"}]},{\"@type\":\"WebSite\",\"@id\":\"https:\\\/\\\/tracage-solution.fr\\\/#website\",\"url\":\"https:\\\/\\\/tracage-solution.fr\\\/\",\"name\":\"Tracage Solution\",\"description\":\"Tracage solution Nice \",\"potentialAction\":[{\"@type\":\"SearchAction\",\"target\":{\"@type\":\"EntryPoint\",\"urlTemplate\":\"https:\\\/\\\/tracage-solution.fr\\\/?s={search_term_string}\"},\"query-input\":{\"@type\":\"PropertyValueSpecification\",\"valueRequired\":true,\"valueName\":\"search_term_string\"}}],\"inLanguage\":\"en-US\"}]}<\/script>\n<!-- \/ Yoast SEO plugin. -->","yoast_head_json":{"title":"Signal\u00e9tique \u00e0 Carros","description":"Signal\u00e9tique \u00e0 Carros, Lettrages adh\u00e9sifs, Plaques directionnelles, Totems \u00e0 Gatti\u00e8res, Le Broc, Saint-Jeannet, Nice Ouest","robots":{"index":"index","follow":"follow","max-snippet":"max-snippet:-1","max-image-preview":"max-image-preview:large","max-video-preview":"max-video-preview:-1"},"canonical":"https:\/\/tracage-solution.fr\/?page_id=902","og_locale":"en_US","og_type":"article","og_title":"Signal\u00e9tique \u00e0 Carros","og_description":"Signal\u00e9tique \u00e0 Carros, Lettrages adh\u00e9sifs, Plaques directionnelles, Totems \u00e0 Gatti\u00e8res, Le Broc, Saint-Jeannet, Nice Ouest","og_url":"https:\/\/tracage-solution.fr\/?page_id=902","og_site_name":"Tracage Solution","article_modified_time":"2025-07-19T15:09:18+00:00","twitter_card":"summary_large_image","twitter_misc":{"Est. reading time":"3 minutes"},"schema":{"@context":"https:\/\/schema.org","@graph":[{"@type":"WebPage","@id":"https:\/\/tracage-solution.fr\/?page_id=902","url":"https:\/\/tracage-solution.fr\/?page_id=902","name":"Signal\u00e9tique \u00e0 Carros","isPartOf":{"@id":"https:\/\/tracage-solution.fr\/#website"},"datePublished":"2025-07-19T15:08:17+00:00","dateModified":"2025-07-19T15:09:18+00:00","description":"Signal\u00e9tique \u00e0 Carros, Lettrages adh\u00e9sifs, Plaques directionnelles, Totems \u00e0 Gatti\u00e8res, Le Broc, Saint-Jeannet, Nice Ouest","breadcrumb":{"@id":"https:\/\/tracage-solution.fr\/?page_id=902#breadcrumb"},"inLanguage":"en-US","potentialAction":[{"@type":"ReadAction","target":["https:\/\/tracage-solution.fr\/?page_id=902"]}]},{"@type":"BreadcrumbList","@id":"https:\/\/tracage-solution.fr\/?page_id=902#breadcrumb","itemListElement":[{"@type":"ListItem","position":1,"name":"Accueil","item":"https:\/\/tracage-solution.fr\/"},{"@type":"ListItem","position":2,"name":"Signal\u00e9tique \u00e0 Carros"}]},{"@type":"WebSite","@id":"https:\/\/tracage-solution.fr\/#website","url":"https:\/\/tracage-solution.fr\/","name":"Tracage Solution","description":"Tracage solution Nice ","potentialAction":[{"@type":"SearchAction","target":{"@type":"EntryPoint","urlTemplate":"https:\/\/tracage-solution.fr\/?s={search_term_string}"},"query-input":{"@type":"PropertyValueSpecification","valueRequired":true,"valueName":"search_term_string"}}],"inLanguage":"en-US"}]}},"_links":{"self":[{"href":"https:\/\/tracage-solution.fr\/index.php?rest_route=\/wp\/v2\/pages\/902","targetHints":{"allow":["GET"]}}],"collection":[{"href":"https:\/\/tracage-solution.fr\/index.php?rest_route=\/wp\/v2\/pages"}],"about":[{"href":"https:\/\/tracage-solution.fr\/index.php?rest_route=\/wp\/v2\/types\/page"}],"author":[{"embeddable":true,"href":"https:\/\/tracage-solution.fr\/index.php?rest_route=\/wp\/v2\/users\/1"}],"replies":[{"embeddable":true,"href":"https:\/\/tracage-solution.fr\/index.php?rest_route=%2Fwp%2Fv2%2Fcomments&post=902"}],"version-history":[{"count":4,"href":"https:\/\/tracage-solution.fr\/index.php?rest_route=\/wp\/v2\/pages\/902\/revisions"}],"predecessor-version":[{"id":906,"href":"https:\/\/tracage-solution.fr\/index.php?rest_route=\/wp\/v2\/pages\/902\/revisions\/906"}],"wp:attachment":[{"href":"https:\/\/tracage-solution.fr\/index.php?rest_route=%2Fwp%2Fv2%2Fmedia&parent=902"}],"curies":[{"name":"wp","href":"https:\/\/api.w.org\/{rel}","templated":true}]}}