{"id":897,"date":"2025-07-19T17:05:47","date_gmt":"2025-07-19T15:05:47","guid":{"rendered":"https:\/\/tracage-solution.fr\/?page_id=897"},"modified":"2025-07-19T17:06:52","modified_gmt":"2025-07-19T15:06:52","slug":"signaletique-a-nice","status":"publish","type":"page","link":"https:\/\/tracage-solution.fr\/?page_id=897","title":{"rendered":"Signal\u00e9tique \u00e0 Nice"},"content":{"rendered":"\n[et_pb_section fb_built=&#8221;1&#8243; admin_label=&#8221;Header&#8221; _builder_version=&#8221;4.16&#8243; use_background_color_gradient=&#8221;on&#8221; background_color_gradient_direction=&#8221;124deg&#8221; background_color_gradient_stops=&#8221;rgba(255,255,255,0.1) 30%|#31d190 90%&#8221; background_color_gradient_start=&#8221;rgba(255,255,255,0.1)&#8221; background_color_gradient_start_position=&#8221;30%&#8221; background_color_gradient_end=&#8221;#31d190&#8243; background_color_gradient_end_position=&#8221;90%&#8221; background_image=&#8221;https:\/\/tracage-solution.fr\/wp-content\/uploads\/2025\/04\/ebook-17-1.png&#8221; background_position=&#8221;bottom_center&#8221; custom_padding=&#8221;5vw||5vw||true|&#8221; border_color_all=&#8221;#31d190&#8243; border_width_left=&#8221;10px&#8221; global_colors_info=&#8221;{}&#8221; theme_builder_area=&#8221;post_content&#8221;][et_pb_row column_structure=&#8221;1_2,1_2&#8243; use_custom_gutter=&#8221;on&#8221; gutter_width=&#8221;4&#8243; _builder_version=&#8221;4.27.4&#8243; background_size=&#8221;contain&#8221; background_position=&#8221;bottom_center&#8221; max_width=&#8221;1280px&#8221; global_colors_info=&#8221;{}&#8221; theme_builder_area=&#8221;post_content&#8221;][et_pb_column type=&#8221;1_2&#8243; _builder_version=&#8221;4.16&#8243; custom_padding=&#8221;40px|||&#8221; custom_padding_tablet=&#8221;0vw|||&#8221; global_colors_info=&#8221;{}&#8221; custom_padding__hover=&#8221;|||&#8221; theme_builder_area=&#8221;post_content&#8221;][et_pb_text _builder_version=&#8221;4.27.4&#8243; text_font=&#8221;||||||||&#8221; text_text_color=&#8221;#000000&#8243; text_font_size=&#8221;15px&#8221; text_line_height=&#8221;1.8em&#8221; header_font=&#8221;Montserrat|800||on|||||&#8221; header_text_color=&#8221;#000000&#8243; header_font_size=&#8221;1.8vw&#8221; header_line_height=&#8221;1.1em&#8221; custom_margin=&#8221;||30px|||&#8221; text_font_size_tablet=&#8221;16px&#8221; text_font_size_phone=&#8221;14px&#8221; text_font_size_last_edited=&#8221;on|phone&#8221; text_line_height_tablet=&#8221;1.8em&#8221; text_line_height_phone=&#8221;1.7em&#8221; text_line_height_last_edited=&#8221;off|phone&#8221; header_font_size_tablet=&#8221;8vw&#8221; header_font_size_phone=&#8221;10vw&#8221; header_font_size_last_edited=&#8221;on|phone&#8221; global_colors_info=&#8221;{}&#8221; theme_builder_area=&#8221;post_content&#8221;]<h1>Signal\u00e9tique \u00e0 Nice : visibilit\u00e9, orientation et s\u00e9curit\u00e9 avec Tra\u00e7age Solution<\/h1>\n<p data-start=\"336\" data-end=\"749\">Dans une ville dynamique et touristique comme <strong data-start=\"268\" data-end=\"276\">Nice<\/strong>, la <strong data-start=\"281\" data-end=\"297\">signal\u00e9tique<\/strong> joue un r\u00f4le crucial dans l\u2019orientation des visiteurs, la gestion des espaces professionnels et la conformit\u00e9 des b\u00e2timents. Que vous soyez une entreprise, une collectivit\u00e9, un syndic ou un commerce, <strong data-start=\"498\" data-end=\"518\">Tra\u00e7age Solution<\/strong> vous accompagne dans vos projets de <strong data-start=\"555\" data-end=\"578\">signal\u00e9tique \u00e0 Nice<\/strong>, de la conception \u00e0 la pose.<\/p>[\/et_pb_text][et_pb_button button_url=&#8221;https:\/\/tracage-solution.fr\/?page_id=18&#8243; button_text=&#8221;Demande de devis&#8221; _builder_version=&#8221;4.27.4&#8243; custom_button=&#8221;on&#8221; button_text_size=&#8221;16px&#8221; button_text_color=&#8221;#ffffff&#8221; button_bg_color=&#8221;#31d190&#8243; button_border_width=&#8221;0px&#8221; button_border_radius=&#8221;0px&#8221; button_font=&#8221;Montserrat|700|||||||&#8221; button_use_icon=&#8221;off&#8221; custom_margin=&#8221;||16px&#8221; custom_padding=&#8221;18px|40px|18px|40px|true|true&#8221; global_colors_info=&#8221;{}&#8221; theme_builder_area=&#8221;post_content&#8221;][\/et_pb_button][\/et_pb_column][et_pb_column type=&#8221;1_2&#8243; _builder_version=&#8221;4.16&#8243; custom_padding=&#8221;|||&#8221; global_colors_info=&#8221;{}&#8221; custom_padding__hover=&#8221;|||&#8221; theme_builder_area=&#8221;post_content&#8221;][et_pb_image src=&#8221;https:\/\/tracage-solution.fr\/wp-content\/uploads\/2025\/04\/dd22ad3b-216d-4d62-9db9-b691b3075d85-1.png&#8221; title_text=&#8221;dd22ad3b-216d-4d62-9db9-b691b3075d85&#8243; _builder_version=&#8221;4.27.4&#8243; max_width=&#8221;480px&#8221; animation_direction=&#8221;bottom&#8221; box_shadow_style=&#8221;preset3&#8243; box_shadow_vertical=&#8221;40px&#8221; box_shadow_blur=&#8221;80px&#8221; box_shadow_spread=&#8221;-20px&#8221; box_shadow_color=&#8221;rgba(0,0,0,0.8)&#8221; always_center_on_mobile=&#8221;off&#8221; global_colors_info=&#8221;{}&#8221; theme_builder_area=&#8221;post_content&#8221;][\/et_pb_image][\/et_pb_column][\/et_pb_row][\/et_pb_section][et_pb_section fb_built=&#8221;1&#8243; admin_label=&#8221;Brands&#8221; _builder_version=&#8221;4.16&#8243; custom_padding=&#8221;0px||0px|||&#8221; global_colors_info=&#8221;{}&#8221; theme_builder_area=&#8221;post_content&#8221;][\/et_pb_section][et_pb_section fb_built=&#8221;1&#8243; admin_label=&#8221;About&#8221; _builder_version=&#8221;4.16&#8243; global_colors_info=&#8221;{}&#8221; theme_builder_area=&#8221;post_content&#8221;][et_pb_row column_structure=&#8221;1_2,1_2&#8243; _builder_version=&#8221;4.16&#8243; global_colors_info=&#8221;{}&#8221; theme_builder_area=&#8221;post_content&#8221;][et_pb_column type=&#8221;1_2&#8243; _builder_version=&#8221;4.16&#8243; custom_padding=&#8221;|||&#8221; global_colors_info=&#8221;{}&#8221; custom_padding__hover=&#8221;|||&#8221; theme_builder_area=&#8221;post_content&#8221;][et_pb_image src=&#8221;https:\/\/tracage-solution.fr\/wp-content\/uploads\/2025\/04\/author-icon-01-4.png&#8221; title_text=&#8221;author-icon-01-4&#8243; _builder_version=&#8221;4.27.4&#8243; max_width=&#8221;400px&#8221; max_width_tablet=&#8221;&#8221; max_width_phone=&#8221;&#8221; max_width_last_edited=&#8221;on|tablet&#8221; module_alignment=&#8221;right&#8221; animation_direction=&#8221;bottom&#8221; always_center_on_mobile=&#8221;off&#8221; global_colors_info=&#8221;{}&#8221; theme_builder_area=&#8221;post_content&#8221;][\/et_pb_image][et_pb_text _builder_version=&#8221;4.27.4&#8243; header_font=&#8221;||||||||&#8221; header_2_font=&#8221;Montserrat|800||on|||||&#8221; header_2_text_color=&#8221;#000000&#8243; header_2_font_size=&#8221;36px&#8221; header_2_line_height=&#8221;1.2em&#8221; max_width=&#8221;400px&#8221; max_width_tablet=&#8221;&#8221; max_width_phone=&#8221;&#8221; max_width_last_edited=&#8221;on|tablet&#8221; module_alignment=&#8221;right&#8221; header_2_font_size_tablet=&#8221;40px&#8221; header_2_font_size_phone=&#8221;25px&#8221; header_2_font_size_last_edited=&#8221;on|desktop&#8221; locked=&#8221;off&#8221; global_colors_info=&#8221;{}&#8221; theme_builder_area=&#8221;post_content&#8221;]<h2>Signal\u00e9tique<\/h2>[\/et_pb_text][\/et_pb_column][et_pb_column type=&#8221;1_2&#8243; _builder_version=&#8221;4.16&#8243; custom_padding=&#8221;|||&#8221; global_colors_info=&#8221;{}&#8221; custom_padding__hover=&#8221;|||&#8221; theme_builder_area=&#8221;post_content&#8221;][et_pb_text _builder_version=&#8221;4.16&#8243; text_font=&#8221;||||||||&#8221; text_font_size=&#8221;18px&#8221; text_line_height=&#8221;1.8em&#8221; text_orientation=&#8221;justified&#8221; text_font_size_tablet=&#8221;16px&#8221; text_font_size_phone=&#8221;14px&#8221; text_font_size_last_edited=&#8221;on|phone&#8221; text_line_height_tablet=&#8221;1.8em&#8221; text_line_height_phone=&#8221;1.7em&#8221; text_line_height_last_edited=&#8221;off|phone&#8221; locked=&#8221;off&#8221; global_colors_info=&#8221;{}&#8221; theme_builder_area=&#8221;post_content&#8221;]<h3 data-start=\"614\" data-end=\"672\">Pourquoi la signal\u00e9tique est-elle essentielle \u00e0 Nice ?<\/h3>\n<p data-start=\"674\" data-end=\"936\">Avec ses nombreux quartiers (Jean M\u00e9decin, Carr\u00e9 d\u2019Or, Acropolis, Nice-Ouest, etc.), ses zones d\u2019activit\u00e9s, ses \u00e9tablissements publics et son fort passage pi\u00e9ton, <strong data-start=\"837\" data-end=\"845\">Nice<\/strong> n\u00e9cessite une signal\u00e9tique claire, visible et durable. Une bonne signalisation permet de :<\/p>\n<ul data-start=\"937\" data-end=\"1205\">\n<li data-start=\"937\" data-end=\"1000\">\n<p data-start=\"939\" data-end=\"1000\"><strong data-start=\"939\" data-end=\"965\">Orienter les visiteurs<\/strong> dans vos b\u00e2timents ou vos parkings<\/p>\n<\/li>\n<li data-start=\"1001\" data-end=\"1078\">\n<p data-start=\"1003\" data-end=\"1078\"><strong data-start=\"1003\" data-end=\"1028\">Valoriser vos espaces<\/strong> avec une signal\u00e9tique esth\u00e9tique et fonctionnelle<\/p>\n<\/li>\n<li data-start=\"1079\" data-end=\"1124\">\n<p data-start=\"1081\" data-end=\"1124\"><strong data-start=\"1081\" data-end=\"1124\">Respecter les normes PMR et de s\u00e9curit\u00e9<\/strong><\/p>\n<\/li>\n<li data-start=\"1125\" data-end=\"1205\">\n<p data-start=\"1127\" data-end=\"1205\"><strong data-start=\"1127\" data-end=\"1162\">Renforcer votre image de marque<\/strong> gr\u00e2ce \u00e0 une communication visuelle soign\u00e9e<\/p>\n<\/li>\n<\/ul>\n<p data-start=\"1207\" data-end=\"1418\">Que ce soit pour un <strong data-start=\"1227\" data-end=\"1252\">immeuble d\u2019entreprise<\/strong>, un <strong data-start=\"1257\" data-end=\"1285\">commerce en centre-ville<\/strong>, une <strong data-start=\"1291\" data-end=\"1306\">copropri\u00e9t\u00e9<\/strong>, une <strong data-start=\"1312\" data-end=\"1321\">\u00e9cole<\/strong>, ou un <strong data-start=\"1329\" data-end=\"1348\">site industriel<\/strong>, une signal\u00e9tique professionnelle est un v\u00e9ritable outil strat\u00e9gique.<\/p>\n<hr data-start=\"1420\" data-end=\"1423\" \/>\n<h3 data-start=\"1425\" data-end=\"1488\">Une offre compl\u00e8te de signal\u00e9tique int\u00e9rieure et ext\u00e9rieure<\/h3>\n<p data-start=\"1490\" data-end=\"1589\">Chez <strong data-start=\"1495\" data-end=\"1515\">Tra\u00e7age Solution<\/strong>, nous proposons des solutions sur mesure adapt\u00e9es \u00e0 tous types de lieux :<\/p>\n<ul data-start=\"1590\" data-end=\"1852\">\n<li data-start=\"1590\" data-end=\"1667\">\n<p data-start=\"1592\" data-end=\"1667\"><strong data-start=\"1592\" data-end=\"1618\">Panneaux directionnels<\/strong>, plaques murales, fl\u00e9chage d&#8217;\u00e9tages ou d\u2019entr\u00e9es<\/p>\n<\/li>\n<li data-start=\"1668\" data-end=\"1721\">\n<p data-start=\"1670\" data-end=\"1721\"><strong data-start=\"1670\" data-end=\"1721\">Signal\u00e9tique de s\u00e9curit\u00e9 et d\u2019accessibilit\u00e9 PMR<\/strong><\/p>\n<\/li>\n<li data-start=\"1722\" data-end=\"1777\">\n<p data-start=\"1724\" data-end=\"1777\"><strong data-start=\"1724\" data-end=\"1745\">Totems ext\u00e9rieurs<\/strong>, enseignes, panneaux de parking<\/p>\n<\/li>\n<li data-start=\"1778\" data-end=\"1852\">\n<p data-start=\"1780\" data-end=\"1852\"><strong data-start=\"1780\" data-end=\"1802\">Lettrage en relief<\/strong>, vinyles adh\u00e9sifs, films d\u00e9polis ou microperfor\u00e9s<\/p>\n<\/li>\n<\/ul>\n<p data-start=\"1854\" data-end=\"2007\">Nous utilisons des mat\u00e9riaux robustes et esth\u00e9tiques : <strong data-start=\"1909\" data-end=\"1952\">dibond, plexiglas, aluminium, PVC, inox<\/strong>, adapt\u00e9s \u00e0 l\u2019environnement urbain et au climat ni\u00e7ois.<\/p>\n<p data-start=\"2009\" data-end=\"2102\">Nous r\u00e9alisons \u00e9galement la <strong data-start=\"2037\" data-end=\"2073\">cr\u00e9ation graphique personnalis\u00e9e<\/strong> selon votre charte visuelle.<\/p>\n<h3 data-start=\"2109\" data-end=\"2167\">Intervention rapide \u00e0 Nice et dans les Alpes-Maritimes<\/h3>\n<p data-start=\"2169\" data-end=\"2353\">Bas\u00e9s dans le sud-est, nous intervenons rapidement \u00e0 <strong data-start=\"2222\" data-end=\"2230\">Nice<\/strong> et ses alentours : <strong data-start=\"2250\" data-end=\"2332\">Saint-Laurent-du-Var, Cagnes-sur-Mer, Carros, La Trinit\u00e9, Villefranche-sur-Mer<\/strong>\u2026<\/p>\n<p data-start=\"2605\" data-end=\"2647\" class=\"\"><\/p>[\/et_pb_text][\/et_pb_column][\/et_pb_row][et_pb_row column_structure=&#8221;1_2,1_2&#8243; _builder_version=&#8221;4.27.4&#8243; global_colors_info=&#8221;{}&#8221; theme_builder_area=&#8221;post_content&#8221;][et_pb_column type=&#8221;1_2&#8243; _builder_version=&#8221;4.16&#8243; custom_padding=&#8221;|||&#8221; global_colors_info=&#8221;{}&#8221; custom_padding__hover=&#8221;|||&#8221; theme_builder_area=&#8221;post_content&#8221;][et_pb_text _builder_version=&#8221;4.27.4&#8243; text_font=&#8221;||||||||&#8221; text_font_size=&#8221;18px&#8221; text_line_height=&#8221;1.8em&#8221; text_orientation=&#8221;justified&#8221; text_font_size_tablet=&#8221;16px&#8221; text_font_size_phone=&#8221;14px&#8221; text_font_size_last_edited=&#8221;on|phone&#8221; text_line_height_tablet=&#8221;1.8em&#8221; text_line_height_phone=&#8221;1.7em&#8221; text_line_height_last_edited=&#8221;off|phone&#8221; locked=&#8221;off&#8221; global_colors_info=&#8221;{}&#8221; theme_builder_area=&#8221;post_content&#8221;]<h2 data-start=\"2566\" data-end=\"2632\">Pourquoi faire appel \u00e0 Tracage Solution\u00a0<\/h2>\n<ul data-start=\"2764\" data-end=\"3013\">\n<li data-start=\"2634\" data-end=\"2701\">\n<p data-start=\"2636\" data-end=\"2701\">\u2705 Connaissance du terrain alpin et des contraintes saisonni\u00e8res<\/p>\n<\/li>\n<li data-start=\"2702\" data-end=\"2766\">\n<p data-start=\"2704\" data-end=\"2766\">\u2705 Intervention rapide en Tarentaise et stations avoisinantes<\/p>\n<\/li>\n<li data-start=\"2767\" data-end=\"2823\">\n<p data-start=\"2769\" data-end=\"2823\">\u2705 Finitions nettes et durables, conformes aux normes<\/p>\n<\/li>\n<li data-start=\"2824\" data-end=\"2885\">\n<p data-start=\"2826\" data-end=\"2885\">\u2705 <strong data-start=\"2828\" data-end=\"2845\">Devis gratuit<\/strong>, avec rep\u00e9rage et conseils techniques<\/p>\n<\/li>\n<li data-start=\"2886\" data-end=\"2930\">\n<p data-start=\"2888\" data-end=\"2930\">\u2705 \u00c9quipe qualifi\u00e9e, discr\u00e8te et \u00e0 l\u2019\u00e9coute<\/p>\n<\/li>\n<li data-start=\"2966\" data-end=\"3013\"><\/li>\n<\/ul>\n<ul data-start=\"2555\" data-end=\"2826\"><\/ul>\n<ul data-start=\"2518\" data-end=\"2781\"><\/ul>\n<ul data-start=\"2490\" data-end=\"2772\"><\/ul>\n<ul data-start=\"2555\" data-end=\"2835\"><\/ul>\n<ul data-start=\"2413\" data-end=\"2700\"><\/ul>\n<ul data-start=\"2364\" data-end=\"2652\"><\/ul>\n<ul data-start=\"2272\" data-end=\"2555\"><\/ul>\n<ul data-start=\"2323\" data-end=\"2619\"><\/ul>\n<p>&nbsp;<\/p>\n<ul data-start=\"2230\" data-end=\"2537\"><\/ul>\n<ul data-start=\"2279\" data-end=\"2599\"><\/ul>\n<ul data-start=\"2274\" data-end=\"2613\"><\/ul>\n<ul data-start=\"2140\" data-end=\"2411\"><\/ul>\n<ul data-start=\"2111\" data-end=\"2491\"><\/ul>[\/et_pb_text][\/et_pb_column][et_pb_column type=&#8221;1_2&#8243; _builder_version=&#8221;4.16&#8243; custom_padding=&#8221;|||&#8221; global_colors_info=&#8221;{}&#8221; custom_padding__hover=&#8221;|||&#8221; theme_builder_area=&#8221;post_content&#8221;][et_pb_image src=&#8221;https:\/\/tracage-solution.fr\/wp-content\/uploads\/2025\/07\/thumbnail_IMG_4990-1.jpg&#8221; title_text=&#8221;thumbnail_IMG_4990 (1)&#8221; _builder_version=&#8221;4.27.4&#8243; _module_preset=&#8221;default&#8221; global_colors_info=&#8221;{}&#8221; theme_builder_area=&#8221;post_content&#8221;][\/et_pb_image][\/et_pb_column][\/et_pb_row][\/et_pb_section]\n","protected":false},"excerpt":{"rendered":"<p>Signal\u00e9tique \u00e0 Nice : visibilit\u00e9, orientation et s\u00e9curit\u00e9 avec Tra\u00e7age Solution Dans une ville dynamique et touristique comme Nice, la signal\u00e9tique joue un r\u00f4le crucial dans l\u2019orientation des visiteurs, la gestion des espaces professionnels et la conformit\u00e9 des b\u00e2timents. Que vous soyez une entreprise, une collectivit\u00e9, un syndic ou un commerce, Tra\u00e7age Solution vous accompagne [&hellip;]<\/p>\n","protected":false},"author":1,"featured_media":0,"parent":0,"menu_order":0,"comment_status":"closed","ping_status":"closed","template":"","meta":{"_et_pb_use_builder":"on","_et_pb_old_content":"<!-- wp:divi\/placeholder \/-->","_et_gb_content_width":"","footnotes":""},"class_list":["post-897","page","type-page","status-publish","hentry"],"yoast_head":"<!-- This site is optimized with the Yoast SEO plugin v27.4 - https:\/\/yoast.com\/product\/yoast-seo-wordpress\/ -->\n<title>Signal\u00e9tique \u00e0 Nice<\/title>\n<meta name=\"description\" content=\"Signal\u00e9tique \u00e0 Nice, visibilit\u00e9, orientation et s\u00e9curit\u00e9 avec Tra\u00e7age Solution aussi \u00e0 Saint-Laurent-du-Var, Cagnes-sur-Mer, Carros\" \/>\n<meta name=\"robots\" content=\"index, follow, max-snippet:-1, max-image-preview:large, max-video-preview:-1\" \/>\n<link rel=\"canonical\" href=\"https:\/\/tracage-solution.fr\/?page_id=897\" \/>\n<meta property=\"og:locale\" content=\"en_US\" \/>\n<meta property=\"og:type\" content=\"article\" \/>\n<meta property=\"og:title\" content=\"Signal\u00e9tique \u00e0 Nice\" \/>\n<meta property=\"og:description\" content=\"Signal\u00e9tique \u00e0 Nice, visibilit\u00e9, orientation et s\u00e9curit\u00e9 avec Tra\u00e7age Solution aussi \u00e0 Saint-Laurent-du-Var, Cagnes-sur-Mer, Carros\" \/>\n<meta property=\"og:url\" content=\"https:\/\/tracage-solution.fr\/?page_id=897\" \/>\n<meta property=\"og:site_name\" content=\"Tracage Solution\" \/>\n<meta property=\"article:modified_time\" content=\"2025-07-19T15:06:52+00:00\" \/>\n<meta name=\"twitter:card\" content=\"summary_large_image\" \/>\n<meta name=\"twitter:label1\" content=\"Est. reading time\" \/>\n\t<meta name=\"twitter:data1\" content=\"3 minutes\" \/>\n<script type=\"application\/ld+json\" class=\"yoast-schema-graph\">{\"@context\":\"https:\\\/\\\/schema.org\",\"@graph\":[{\"@type\":\"WebPage\",\"@id\":\"https:\\\/\\\/tracage-solution.fr\\\/?page_id=897\",\"url\":\"https:\\\/\\\/tracage-solution.fr\\\/?page_id=897\",\"name\":\"Signal\u00e9tique \u00e0 Nice\",\"isPartOf\":{\"@id\":\"https:\\\/\\\/tracage-solution.fr\\\/#website\"},\"datePublished\":\"2025-07-19T15:05:47+00:00\",\"dateModified\":\"2025-07-19T15:06:52+00:00\",\"description\":\"Signal\u00e9tique \u00e0 Nice, visibilit\u00e9, orientation et s\u00e9curit\u00e9 avec Tra\u00e7age Solution aussi \u00e0 Saint-Laurent-du-Var, Cagnes-sur-Mer, Carros\",\"breadcrumb\":{\"@id\":\"https:\\\/\\\/tracage-solution.fr\\\/?page_id=897#breadcrumb\"},\"inLanguage\":\"en-US\",\"potentialAction\":[{\"@type\":\"ReadAction\",\"target\":[\"https:\\\/\\\/tracage-solution.fr\\\/?page_id=897\"]}]},{\"@type\":\"BreadcrumbList\",\"@id\":\"https:\\\/\\\/tracage-solution.fr\\\/?page_id=897#breadcrumb\",\"itemListElement\":[{\"@type\":\"ListItem\",\"position\":1,\"name\":\"Accueil\",\"item\":\"https:\\\/\\\/tracage-solution.fr\\\/\"},{\"@type\":\"ListItem\",\"position\":2,\"name\":\"Signal\u00e9tique \u00e0 Nice\"}]},{\"@type\":\"WebSite\",\"@id\":\"https:\\\/\\\/tracage-solution.fr\\\/#website\",\"url\":\"https:\\\/\\\/tracage-solution.fr\\\/\",\"name\":\"Tracage Solution\",\"description\":\"Tracage solution Nice \",\"potentialAction\":[{\"@type\":\"SearchAction\",\"target\":{\"@type\":\"EntryPoint\",\"urlTemplate\":\"https:\\\/\\\/tracage-solution.fr\\\/?s={search_term_string}\"},\"query-input\":{\"@type\":\"PropertyValueSpecification\",\"valueRequired\":true,\"valueName\":\"search_term_string\"}}],\"inLanguage\":\"en-US\"}]}<\/script>\n<!-- \/ Yoast SEO plugin. -->","yoast_head_json":{"title":"Signal\u00e9tique \u00e0 Nice","description":"Signal\u00e9tique \u00e0 Nice, visibilit\u00e9, orientation et s\u00e9curit\u00e9 avec Tra\u00e7age Solution aussi \u00e0 Saint-Laurent-du-Var, Cagnes-sur-Mer, Carros","robots":{"index":"index","follow":"follow","max-snippet":"max-snippet:-1","max-image-preview":"max-image-preview:large","max-video-preview":"max-video-preview:-1"},"canonical":"https:\/\/tracage-solution.fr\/?page_id=897","og_locale":"en_US","og_type":"article","og_title":"Signal\u00e9tique \u00e0 Nice","og_description":"Signal\u00e9tique \u00e0 Nice, visibilit\u00e9, orientation et s\u00e9curit\u00e9 avec Tra\u00e7age Solution aussi \u00e0 Saint-Laurent-du-Var, Cagnes-sur-Mer, Carros","og_url":"https:\/\/tracage-solution.fr\/?page_id=897","og_site_name":"Tracage Solution","article_modified_time":"2025-07-19T15:06:52+00:00","twitter_card":"summary_large_image","twitter_misc":{"Est. reading time":"3 minutes"},"schema":{"@context":"https:\/\/schema.org","@graph":[{"@type":"WebPage","@id":"https:\/\/tracage-solution.fr\/?page_id=897","url":"https:\/\/tracage-solution.fr\/?page_id=897","name":"Signal\u00e9tique \u00e0 Nice","isPartOf":{"@id":"https:\/\/tracage-solution.fr\/#website"},"datePublished":"2025-07-19T15:05:47+00:00","dateModified":"2025-07-19T15:06:52+00:00","description":"Signal\u00e9tique \u00e0 Nice, visibilit\u00e9, orientation et s\u00e9curit\u00e9 avec Tra\u00e7age Solution aussi \u00e0 Saint-Laurent-du-Var, Cagnes-sur-Mer, Carros","breadcrumb":{"@id":"https:\/\/tracage-solution.fr\/?page_id=897#breadcrumb"},"inLanguage":"en-US","potentialAction":[{"@type":"ReadAction","target":["https:\/\/tracage-solution.fr\/?page_id=897"]}]},{"@type":"BreadcrumbList","@id":"https:\/\/tracage-solution.fr\/?page_id=897#breadcrumb","itemListElement":[{"@type":"ListItem","position":1,"name":"Accueil","item":"https:\/\/tracage-solution.fr\/"},{"@type":"ListItem","position":2,"name":"Signal\u00e9tique \u00e0 Nice"}]},{"@type":"WebSite","@id":"https:\/\/tracage-solution.fr\/#website","url":"https:\/\/tracage-solution.fr\/","name":"Tracage Solution","description":"Tracage solution Nice ","potentialAction":[{"@type":"SearchAction","target":{"@type":"EntryPoint","urlTemplate":"https:\/\/tracage-solution.fr\/?s={search_term_string}"},"query-input":{"@type":"PropertyValueSpecification","valueRequired":true,"valueName":"search_term_string"}}],"inLanguage":"en-US"}]}},"_links":{"self":[{"href":"https:\/\/tracage-solution.fr\/index.php?rest_route=\/wp\/v2\/pages\/897","targetHints":{"allow":["GET"]}}],"collection":[{"href":"https:\/\/tracage-solution.fr\/index.php?rest_route=\/wp\/v2\/pages"}],"about":[{"href":"https:\/\/tracage-solution.fr\/index.php?rest_route=\/wp\/v2\/types\/page"}],"author":[{"embeddable":true,"href":"https:\/\/tracage-solution.fr\/index.php?rest_route=\/wp\/v2\/users\/1"}],"replies":[{"embeddable":true,"href":"https:\/\/tracage-solution.fr\/index.php?rest_route=%2Fwp%2Fv2%2Fcomments&post=897"}],"version-history":[{"count":4,"href":"https:\/\/tracage-solution.fr\/index.php?rest_route=\/wp\/v2\/pages\/897\/revisions"}],"predecessor-version":[{"id":901,"href":"https:\/\/tracage-solution.fr\/index.php?rest_route=\/wp\/v2\/pages\/897\/revisions\/901"}],"wp:attachment":[{"href":"https:\/\/tracage-solution.fr\/index.php?rest_route=%2Fwp%2Fv2%2Fmedia&parent=897"}],"curies":[{"name":"wp","href":"https:\/\/api.w.org\/{rel}","templated":true}]}}