{"id":892,"date":"2025-07-19T17:03:29","date_gmt":"2025-07-19T15:03:29","guid":{"rendered":"https:\/\/tracage-solution.fr\/?page_id=892"},"modified":"2025-11-22T19:03:19","modified_gmt":"2025-11-22T18:03:19","slug":"signaletique-a-monaco-une-communication-claire-et-haut-de-gamme","status":"publish","type":"page","link":"https:\/\/tracage-solution.fr\/?page_id=892","title":{"rendered":"Signal\u00e9tique \u00e0 Monaco : une communication claire et haut de gamme"},"content":{"rendered":"<p>[et_pb_section fb_built=&#8221;1&#8243; admin_label=&#8221;Header&#8221; _builder_version=&#8221;4.16&#8243; use_background_color_gradient=&#8221;on&#8221; background_color_gradient_direction=&#8221;124deg&#8221; background_color_gradient_stops=&#8221;rgba(255,255,255,0.1) 30%|#31d190 90%&#8221; background_color_gradient_start=&#8221;rgba(255,255,255,0.1)&#8221; background_color_gradient_start_position=&#8221;30%&#8221; background_color_gradient_end=&#8221;#31d190&#8243; background_color_gradient_end_position=&#8221;90%&#8221; background_image=&#8221;https:\/\/tracage-solution.fr\/wp-content\/uploads\/2025\/04\/ebook-17-1.png&#8221; background_position=&#8221;bottom_center&#8221; custom_padding=&#8221;5vw||5vw||true|&#8221; border_color_all=&#8221;#31d190&#8243; border_width_left=&#8221;10px&#8221; global_colors_info=&#8221;{}&#8221;][et_pb_row column_structure=&#8221;1_2,1_2&#8243; use_custom_gutter=&#8221;on&#8221; gutter_width=&#8221;4&#8243; _builder_version=&#8221;4.27.4&#8243; background_size=&#8221;contain&#8221; background_position=&#8221;bottom_center&#8221; max_width=&#8221;1280px&#8221; global_colors_info=&#8221;{}&#8221;][et_pb_column type=&#8221;1_2&#8243; _builder_version=&#8221;4.16&#8243; custom_padding=&#8221;40px|||&#8221; custom_padding_tablet=&#8221;0vw|||&#8221; global_colors_info=&#8221;{}&#8221; custom_padding__hover=&#8221;|||&#8221;][et_pb_text _builder_version=&#8221;4.27.4&#8243; text_font=&#8221;||||||||&#8221; text_text_color=&#8221;#000000&#8243; text_font_size=&#8221;15px&#8221; text_line_height=&#8221;1.8em&#8221; header_font=&#8221;Montserrat|800||on|||||&#8221; header_text_color=&#8221;#000000&#8243; header_font_size=&#8221;1.8vw&#8221; header_line_height=&#8221;1.1em&#8221; custom_margin=&#8221;||30px|||&#8221; text_font_size_tablet=&#8221;16px&#8221; text_font_size_phone=&#8221;14px&#8221; text_font_size_last_edited=&#8221;on|phone&#8221; text_line_height_tablet=&#8221;1.8em&#8221; text_line_height_phone=&#8221;1.7em&#8221; text_line_height_last_edited=&#8221;off|phone&#8221; header_font_size_tablet=&#8221;8vw&#8221; header_font_size_phone=&#8221;10vw&#8221; header_font_size_last_edited=&#8221;on|phone&#8221; global_colors_info=&#8221;{}&#8221;]<\/p>\n<h1>Signal\u00e9tique \u00e0 Monaco : une communication claire et haut de gamme avec Tra\u00e7age Solution<\/h1>\n<p data-start=\"336\" data-end=\"749\">Dans un environnement prestigieux et exigeant comme <strong data-start=\"284\" data-end=\"294\">Monaco<\/strong>, la <strong data-start=\"299\" data-end=\"315\">signal\u00e9tique<\/strong> est bien plus qu\u2019un simple outil de rep\u00e9rage. Elle doit \u00e0 la fois <strong data-start=\"382\" data-end=\"392\">guider<\/strong>, <strong data-start=\"394\" data-end=\"406\">informer<\/strong>, <strong data-start=\"408\" data-end=\"421\">s\u00e9curiser<\/strong> et <strong data-start=\"425\" data-end=\"456\">s\u2019harmoniser esth\u00e9tiquement<\/strong> avec l\u2019architecture environnante.<br data-start=\"490\" data-end=\"493\" \/>Chez <strong data-start=\"498\" data-end=\"518\">Tra\u00e7age Solution<\/strong>, nous proposons des solutions sur mesure pour tous vos besoins en <strong data-start=\"585\" data-end=\"635\">signal\u00e9tique int\u00e9rieure et ext\u00e9rieure \u00e0 Monaco<\/strong>, avec un service rapide, professionnel et conforme aux normes en vigueur.<\/p>\n<p>[\/et_pb_text][et_pb_button button_url=&#8221;https:\/\/tracage-solution.fr\/?page_id=18&#8243; button_text=&#8221;Demande de devis&#8221; _builder_version=&#8221;4.27.4&#8243; custom_button=&#8221;on&#8221; button_text_size=&#8221;16px&#8221; button_text_color=&#8221;#ffffff&#8221; button_bg_color=&#8221;#31d190&#8243; button_border_width=&#8221;0px&#8221; button_border_radius=&#8221;0px&#8221; button_font=&#8221;Montserrat|700|||||||&#8221; button_use_icon=&#8221;off&#8221; custom_margin=&#8221;||16px&#8221; custom_padding=&#8221;18px|40px|18px|40px|true|true&#8221; global_colors_info=&#8221;{}&#8221;][\/et_pb_button][\/et_pb_column][et_pb_column type=&#8221;1_2&#8243; _builder_version=&#8221;4.16&#8243; custom_padding=&#8221;|||&#8221; global_colors_info=&#8221;{}&#8221; custom_padding__hover=&#8221;|||&#8221;][et_pb_image src=&#8221;https:\/\/tracage-solution.fr\/wp-content\/uploads\/2025\/11\/WhatsApp-Image-2025-10-18-at-08.51.37-10.jpeg&#8221; title_text=&#8221;WhatsApp Image 2025-10-18 at 08.51.37 (10)&#8221; _builder_version=&#8221;4.27.4&#8243; max_width=&#8221;480px&#8221; animation_direction=&#8221;bottom&#8221; hover_enabled=&#8221;0&#8243; box_shadow_style=&#8221;preset3&#8243; box_shadow_vertical=&#8221;40px&#8221; box_shadow_blur=&#8221;80px&#8221; box_shadow_spread=&#8221;-20px&#8221; box_shadow_color=&#8221;rgba(0,0,0,0.8)&#8221; always_center_on_mobile=&#8221;off&#8221; global_colors_info=&#8221;{}&#8221; sticky_enabled=&#8221;0&#8243;][\/et_pb_image][\/et_pb_column][\/et_pb_row][\/et_pb_section][et_pb_section fb_built=&#8221;1&#8243; admin_label=&#8221;Brands&#8221; _builder_version=&#8221;4.16&#8243; custom_padding=&#8221;0px||0px|||&#8221; global_colors_info=&#8221;{}&#8221;][\/et_pb_section][et_pb_section fb_built=&#8221;1&#8243; admin_label=&#8221;About&#8221; _builder_version=&#8221;4.16&#8243; global_colors_info=&#8221;{}&#8221;][et_pb_row column_structure=&#8221;1_2,1_2&#8243; _builder_version=&#8221;4.16&#8243; global_colors_info=&#8221;{}&#8221;][et_pb_column type=&#8221;1_2&#8243; _builder_version=&#8221;4.16&#8243; custom_padding=&#8221;|||&#8221; global_colors_info=&#8221;{}&#8221; custom_padding__hover=&#8221;|||&#8221;][et_pb_image src=&#8221;https:\/\/tracage-solution.fr\/wp-content\/uploads\/2025\/04\/author-icon-01-4.png&#8221; title_text=&#8221;author-icon-01-4&#8243; _builder_version=&#8221;4.27.4&#8243; max_width=&#8221;400px&#8221; max_width_tablet=&#8221;&#8221; max_width_phone=&#8221;&#8221; max_width_last_edited=&#8221;on|tablet&#8221; module_alignment=&#8221;right&#8221; animation_direction=&#8221;bottom&#8221; always_center_on_mobile=&#8221;off&#8221; global_colors_info=&#8221;{}&#8221;][\/et_pb_image][et_pb_text _builder_version=&#8221;4.27.4&#8243; header_font=&#8221;||||||||&#8221; header_2_font=&#8221;Montserrat|800||on|||||&#8221; header_2_text_color=&#8221;#000000&#8243; header_2_font_size=&#8221;36px&#8221; header_2_line_height=&#8221;1.2em&#8221; max_width=&#8221;400px&#8221; max_width_tablet=&#8221;&#8221; max_width_phone=&#8221;&#8221; max_width_last_edited=&#8221;on|tablet&#8221; module_alignment=&#8221;right&#8221; header_2_font_size_tablet=&#8221;40px&#8221; header_2_font_size_phone=&#8221;25px&#8221; header_2_font_size_last_edited=&#8221;on|desktop&#8221; locked=&#8221;off&#8221; global_colors_info=&#8221;{}&#8221;]<\/p>\n<h2>Signal\u00e9tique<\/h2>\n<p>[\/et_pb_text][\/et_pb_column][et_pb_column type=&#8221;1_2&#8243; _builder_version=&#8221;4.16&#8243; custom_padding=&#8221;|||&#8221; global_colors_info=&#8221;{}&#8221; custom_padding__hover=&#8221;|||&#8221;][et_pb_text _builder_version=&#8221;4.16&#8243; text_font=&#8221;||||||||&#8221; text_font_size=&#8221;18px&#8221; text_line_height=&#8221;1.8em&#8221; text_orientation=&#8221;justified&#8221; text_font_size_tablet=&#8221;16px&#8221; text_font_size_phone=&#8221;14px&#8221; text_font_size_last_edited=&#8221;on|phone&#8221; text_line_height_tablet=&#8221;1.8em&#8221; text_line_height_phone=&#8221;1.7em&#8221; text_line_height_last_edited=&#8221;off|phone&#8221; locked=&#8221;off&#8221; global_colors_info=&#8221;{}&#8221;]<\/p>\n<h3 data-start=\"716\" data-end=\"778\">Pourquoi la signal\u00e9tique est-elle indispensable \u00e0 Monaco ?<\/h3>\n<p data-start=\"780\" data-end=\"1022\">Ville internationale, entre luxe, institutions et grands \u00e9v\u00e9nements, <strong data-start=\"849\" data-end=\"859\">Monaco<\/strong> attire chaque jour des milliers de r\u00e9sidents, de visiteurs et de professionnels. Dans ce contexte, une <strong data-start=\"963\" data-end=\"999\">signal\u00e9tique efficace et soign\u00e9e<\/strong> est essentielle pour :<\/p>\n<ul data-start=\"1023\" data-end=\"1352\">\n<li data-start=\"1023\" data-end=\"1107\">\n<p data-start=\"1025\" data-end=\"1107\"><strong data-start=\"1025\" data-end=\"1051\">Orienter les visiteurs<\/strong> dans les b\u00e2timents, parkings, espaces publics ou priv\u00e9s<\/p>\n<\/li>\n<li data-start=\"1108\" data-end=\"1182\">\n<p data-start=\"1110\" data-end=\"1182\"><strong data-start=\"1110\" data-end=\"1135\">Identifier clairement<\/strong> les zones, bureaux, entr\u00e9es, acc\u00e8s r\u00e9glement\u00e9s<\/p>\n<\/li>\n<li data-start=\"1183\" data-end=\"1259\">\n<p data-start=\"1185\" data-end=\"1259\"><strong data-start=\"1185\" data-end=\"1210\">Am\u00e9liorer la s\u00e9curit\u00e9<\/strong> (issues de secours, consignes, cheminements PMR)<\/p>\n<\/li>\n<li data-start=\"1260\" data-end=\"1352\">\n<p data-start=\"1262\" data-end=\"1352\"><strong data-start=\"1262\" data-end=\"1293\">Renforcer l\u2019image de marque<\/strong> d\u2019un \u00e9tablissement gr\u00e2ce \u00e0 une signalisation haut de gamme<\/p>\n<\/li>\n<\/ul>\n<hr data-start=\"1354\" data-end=\"1357\" \/>\n<h3 data-start=\"1359\" data-end=\"1422\">Une offre compl\u00e8te de signal\u00e9tique int\u00e9rieure et ext\u00e9rieure<\/h3>\n<p data-start=\"1424\" data-end=\"1659\"><strong data-start=\"1424\" data-end=\"1444\">Tra\u00e7age Solution<\/strong> intervient \u00e0 Monaco pour la conception, la fabrication et la pose de signal\u00e9tique sur tout type de site :<br data-start=\"1550\" data-end=\"1553\" \/><strong data-start=\"1553\" data-end=\"1659\">commerces, immeubles, h\u00f4tels, parkings, cliniques, espaces publics, bureaux ou r\u00e9sidences de prestige.<\/strong><\/p>\n<p data-start=\"1661\" data-end=\"1690\">Nos prestations comprennent :<\/p>\n<ul data-start=\"1691\" data-end=\"1980\">\n<li data-start=\"1691\" data-end=\"1760\">\n<p data-start=\"1693\" data-end=\"1760\"><strong data-start=\"1693\" data-end=\"1719\">Panneaux directionnels<\/strong>, plaques de porte, num\u00e9rotation d\u2019\u00e9tages<\/p>\n<\/li>\n<li data-start=\"1761\" data-end=\"1824\">\n<p data-start=\"1763\" data-end=\"1824\"><strong data-start=\"1763\" data-end=\"1784\">Totems ext\u00e9rieurs<\/strong>, enseignes, panneaux muraux ou sur pied<\/p>\n<\/li>\n<li data-start=\"1825\" data-end=\"1899\">\n<p data-start=\"1827\" data-end=\"1899\"><strong data-start=\"1827\" data-end=\"1860\">Lettrage adh\u00e9sif ou en relief<\/strong>, vinyles sur vitrine, pictogrammes PMR<\/p>\n<\/li>\n<li data-start=\"1900\" data-end=\"1980\">\n<p data-start=\"1902\" data-end=\"1980\">Utilisation de mat\u00e9riaux premium : <strong data-start=\"1937\" data-end=\"1980\">inox, dibond, plexiglas, aluminium, PVC<\/strong><\/p>\n<\/li>\n<\/ul>\n<p data-start=\"1982\" data-end=\"2136\">Nous r\u00e9alisons \u00e9galement la <strong data-start=\"2010\" data-end=\"2032\">cr\u00e9ation graphique<\/strong> pour vous garantir une coh\u00e9rence visuelle parfaite avec votre charte existante ou l\u2019esth\u00e9tique du lieu.<\/p>\n<p data-start=\"2605\" data-end=\"2647\" class=\"\">\n<p>[\/et_pb_text][\/et_pb_column][\/et_pb_row][et_pb_row column_structure=&#8221;1_2,1_2&#8243; _builder_version=&#8221;4.27.4&#8243; global_colors_info=&#8221;{}&#8221;][et_pb_column type=&#8221;1_2&#8243; _builder_version=&#8221;4.16&#8243; custom_padding=&#8221;|||&#8221; global_colors_info=&#8221;{}&#8221; custom_padding__hover=&#8221;|||&#8221;][et_pb_text _builder_version=&#8221;4.27.4&#8243; text_font=&#8221;||||||||&#8221; text_font_size=&#8221;18px&#8221; text_line_height=&#8221;1.8em&#8221; text_orientation=&#8221;justified&#8221; text_font_size_tablet=&#8221;16px&#8221; text_font_size_phone=&#8221;14px&#8221; text_font_size_last_edited=&#8221;on|phone&#8221; text_line_height_tablet=&#8221;1.8em&#8221; text_line_height_phone=&#8221;1.7em&#8221; text_line_height_last_edited=&#8221;off|phone&#8221; locked=&#8221;off&#8221; global_colors_info=&#8221;{}&#8221;]<\/p>\n<h2 data-start=\"2566\" data-end=\"2632\">Pourquoi faire appel \u00e0 Tracage Solution\u00a0<\/h2>\n<ul data-start=\"2764\" data-end=\"3013\">\n<li data-start=\"2634\" data-end=\"2701\">\n<p data-start=\"2636\" data-end=\"2701\">\u2705 Connaissance du terrain alpin et des contraintes saisonni\u00e8res<\/p>\n<\/li>\n<li data-start=\"2702\" data-end=\"2766\">\n<p data-start=\"2704\" data-end=\"2766\">\u2705 Intervention rapide en Tarentaise et stations avoisinantes<\/p>\n<\/li>\n<li data-start=\"2767\" data-end=\"2823\">\n<p data-start=\"2769\" data-end=\"2823\">\u2705 Finitions nettes et durables, conformes aux normes<\/p>\n<\/li>\n<li data-start=\"2824\" data-end=\"2885\">\n<p data-start=\"2826\" data-end=\"2885\">\u2705 <strong data-start=\"2828\" data-end=\"2845\">Devis gratuit<\/strong>, avec rep\u00e9rage et conseils techniques<\/p>\n<\/li>\n<li data-start=\"2886\" data-end=\"2930\">\n<p data-start=\"2888\" data-end=\"2930\">\u2705 \u00c9quipe qualifi\u00e9e, discr\u00e8te et \u00e0 l\u2019\u00e9coute<\/p>\n<\/li>\n<li data-start=\"2966\" data-end=\"3013\"><\/li>\n<\/ul>\n<ul data-start=\"2555\" data-end=\"2826\"><\/ul>\n<ul data-start=\"2518\" data-end=\"2781\"><\/ul>\n<ul data-start=\"2490\" data-end=\"2772\"><\/ul>\n<ul data-start=\"2555\" data-end=\"2835\"><\/ul>\n<ul data-start=\"2413\" data-end=\"2700\"><\/ul>\n<ul data-start=\"2364\" data-end=\"2652\"><\/ul>\n<ul data-start=\"2272\" data-end=\"2555\"><\/ul>\n<ul data-start=\"2323\" data-end=\"2619\"><\/ul>\n<p>&nbsp;<\/p>\n<ul data-start=\"2230\" data-end=\"2537\"><\/ul>\n<ul data-start=\"2279\" data-end=\"2599\"><\/ul>\n<ul data-start=\"2274\" data-end=\"2613\"><\/ul>\n<ul data-start=\"2140\" data-end=\"2411\"><\/ul>\n<ul data-start=\"2111\" data-end=\"2491\"><\/ul>\n<p>[\/et_pb_text][\/et_pb_column][et_pb_column type=&#8221;1_2&#8243; _builder_version=&#8221;4.16&#8243; custom_padding=&#8221;|||&#8221; global_colors_info=&#8221;{}&#8221; custom_padding__hover=&#8221;|||&#8221;][et_pb_image src=&#8221;https:\/\/tracage-solution.fr\/wp-content\/uploads\/2025\/10\/fe039fd1-4959-46cf-b87e-9abf5414a504.jpg&#8221; title_text=&#8221;fe039fd1-4959-46cf-b87e-9abf5414a504&#8243; _builder_version=&#8221;4.27.4&#8243; _module_preset=&#8221;default&#8221; hover_enabled=&#8221;0&#8243; global_colors_info=&#8221;{}&#8221; sticky_enabled=&#8221;0&#8243;][\/et_pb_image][\/et_pb_column][\/et_pb_row][\/et_pb_section]<\/p>\n","protected":false},"excerpt":{"rendered":"<p>Signal\u00e9tique \u00e0 Monaco : une communication claire et haut de gamme avec Tra\u00e7age Solution Dans un environnement prestigieux et exigeant comme Monaco, la signal\u00e9tique est bien plus qu\u2019un simple outil de rep\u00e9rage. Elle doit \u00e0 la fois guider, informer, s\u00e9curiser et s\u2019harmoniser esth\u00e9tiquement avec l\u2019architecture environnante.Chez Tra\u00e7age Solution, nous proposons des solutions sur mesure pour [&hellip;]<\/p>\n","protected":false},"author":1,"featured_media":0,"parent":0,"menu_order":0,"comment_status":"closed","ping_status":"closed","template":"","meta":{"_et_pb_use_builder":"on","_et_pb_old_content":"<!-- wp:divi\/placeholder \/-->","_et_gb_content_width":"","footnotes":""},"class_list":["post-892","page","type-page","status-publish","hentry"],"yoast_head":"<!-- This site is optimized with the Yoast SEO plugin v27.4 - https:\/\/yoast.com\/product\/yoast-seo-wordpress\/ -->\n<title>Signal\u00e9tique \u00e0 Monaco : une communication<\/title>\n<meta name=\"description\" content=\"Signal\u00e9tique \u00e0 Monaco : une communication claire et haut de gamme \u00e0 Monaco et Beausoleil, Cap-d\u2019Ail, La Turbie, Roquebrune-Cap-Martin\" \/>\n<meta name=\"robots\" content=\"index, follow, max-snippet:-1, max-image-preview:large, max-video-preview:-1\" \/>\n<link rel=\"canonical\" href=\"https:\/\/tracage-solution.fr\/?page_id=892\" \/>\n<meta property=\"og:locale\" content=\"en_US\" \/>\n<meta property=\"og:type\" content=\"article\" \/>\n<meta property=\"og:title\" content=\"Signal\u00e9tique \u00e0 Monaco : une communication\" \/>\n<meta property=\"og:description\" content=\"Signal\u00e9tique \u00e0 Monaco : une communication claire et haut de gamme \u00e0 Monaco et Beausoleil, Cap-d\u2019Ail, La Turbie, Roquebrune-Cap-Martin\" \/>\n<meta property=\"og:url\" content=\"https:\/\/tracage-solution.fr\/?page_id=892\" \/>\n<meta property=\"og:site_name\" content=\"Tracage Solution\" \/>\n<meta property=\"article:modified_time\" content=\"2025-11-22T18:03:19+00:00\" \/>\n<meta name=\"twitter:card\" content=\"summary_large_image\" \/>\n<meta name=\"twitter:label1\" content=\"Est. reading time\" \/>\n\t<meta name=\"twitter:data1\" content=\"3 minutes\" \/>\n<script type=\"application\/ld+json\" class=\"yoast-schema-graph\">{\"@context\":\"https:\\\/\\\/schema.org\",\"@graph\":[{\"@type\":\"WebPage\",\"@id\":\"https:\\\/\\\/tracage-solution.fr\\\/?page_id=892\",\"url\":\"https:\\\/\\\/tracage-solution.fr\\\/?page_id=892\",\"name\":\"Signal\u00e9tique \u00e0 Monaco : une communication\",\"isPartOf\":{\"@id\":\"https:\\\/\\\/tracage-solution.fr\\\/#website\"},\"datePublished\":\"2025-07-19T15:03:29+00:00\",\"dateModified\":\"2025-11-22T18:03:19+00:00\",\"description\":\"Signal\u00e9tique \u00e0 Monaco : une communication claire et haut de gamme \u00e0 Monaco et Beausoleil, Cap-d\u2019Ail, La Turbie, Roquebrune-Cap-Martin\",\"breadcrumb\":{\"@id\":\"https:\\\/\\\/tracage-solution.fr\\\/?page_id=892#breadcrumb\"},\"inLanguage\":\"en-US\",\"potentialAction\":[{\"@type\":\"ReadAction\",\"target\":[\"https:\\\/\\\/tracage-solution.fr\\\/?page_id=892\"]}]},{\"@type\":\"BreadcrumbList\",\"@id\":\"https:\\\/\\\/tracage-solution.fr\\\/?page_id=892#breadcrumb\",\"itemListElement\":[{\"@type\":\"ListItem\",\"position\":1,\"name\":\"Accueil\",\"item\":\"https:\\\/\\\/tracage-solution.fr\\\/\"},{\"@type\":\"ListItem\",\"position\":2,\"name\":\"Signal\u00e9tique \u00e0 Monaco : une communication claire et haut de gamme\"}]},{\"@type\":\"WebSite\",\"@id\":\"https:\\\/\\\/tracage-solution.fr\\\/#website\",\"url\":\"https:\\\/\\\/tracage-solution.fr\\\/\",\"name\":\"Tracage Solution\",\"description\":\"Tracage solution Nice \",\"potentialAction\":[{\"@type\":\"SearchAction\",\"target\":{\"@type\":\"EntryPoint\",\"urlTemplate\":\"https:\\\/\\\/tracage-solution.fr\\\/?s={search_term_string}\"},\"query-input\":{\"@type\":\"PropertyValueSpecification\",\"valueRequired\":true,\"valueName\":\"search_term_string\"}}],\"inLanguage\":\"en-US\"}]}<\/script>\n<!-- \/ Yoast SEO plugin. -->","yoast_head_json":{"title":"Signal\u00e9tique \u00e0 Monaco : une communication","description":"Signal\u00e9tique \u00e0 Monaco : une communication claire et haut de gamme \u00e0 Monaco et Beausoleil, Cap-d\u2019Ail, La Turbie, Roquebrune-Cap-Martin","robots":{"index":"index","follow":"follow","max-snippet":"max-snippet:-1","max-image-preview":"max-image-preview:large","max-video-preview":"max-video-preview:-1"},"canonical":"https:\/\/tracage-solution.fr\/?page_id=892","og_locale":"en_US","og_type":"article","og_title":"Signal\u00e9tique \u00e0 Monaco : une communication","og_description":"Signal\u00e9tique \u00e0 Monaco : une communication claire et haut de gamme \u00e0 Monaco et Beausoleil, Cap-d\u2019Ail, La Turbie, Roquebrune-Cap-Martin","og_url":"https:\/\/tracage-solution.fr\/?page_id=892","og_site_name":"Tracage Solution","article_modified_time":"2025-11-22T18:03:19+00:00","twitter_card":"summary_large_image","twitter_misc":{"Est. reading time":"3 minutes"},"schema":{"@context":"https:\/\/schema.org","@graph":[{"@type":"WebPage","@id":"https:\/\/tracage-solution.fr\/?page_id=892","url":"https:\/\/tracage-solution.fr\/?page_id=892","name":"Signal\u00e9tique \u00e0 Monaco : une communication","isPartOf":{"@id":"https:\/\/tracage-solution.fr\/#website"},"datePublished":"2025-07-19T15:03:29+00:00","dateModified":"2025-11-22T18:03:19+00:00","description":"Signal\u00e9tique \u00e0 Monaco : une communication claire et haut de gamme \u00e0 Monaco et Beausoleil, Cap-d\u2019Ail, La Turbie, Roquebrune-Cap-Martin","breadcrumb":{"@id":"https:\/\/tracage-solution.fr\/?page_id=892#breadcrumb"},"inLanguage":"en-US","potentialAction":[{"@type":"ReadAction","target":["https:\/\/tracage-solution.fr\/?page_id=892"]}]},{"@type":"BreadcrumbList","@id":"https:\/\/tracage-solution.fr\/?page_id=892#breadcrumb","itemListElement":[{"@type":"ListItem","position":1,"name":"Accueil","item":"https:\/\/tracage-solution.fr\/"},{"@type":"ListItem","position":2,"name":"Signal\u00e9tique \u00e0 Monaco : une communication claire et haut de gamme"}]},{"@type":"WebSite","@id":"https:\/\/tracage-solution.fr\/#website","url":"https:\/\/tracage-solution.fr\/","name":"Tracage Solution","description":"Tracage solution Nice ","potentialAction":[{"@type":"SearchAction","target":{"@type":"EntryPoint","urlTemplate":"https:\/\/tracage-solution.fr\/?s={search_term_string}"},"query-input":{"@type":"PropertyValueSpecification","valueRequired":true,"valueName":"search_term_string"}}],"inLanguage":"en-US"}]}},"_links":{"self":[{"href":"https:\/\/tracage-solution.fr\/index.php?rest_route=\/wp\/v2\/pages\/892","targetHints":{"allow":["GET"]}}],"collection":[{"href":"https:\/\/tracage-solution.fr\/index.php?rest_route=\/wp\/v2\/pages"}],"about":[{"href":"https:\/\/tracage-solution.fr\/index.php?rest_route=\/wp\/v2\/types\/page"}],"author":[{"embeddable":true,"href":"https:\/\/tracage-solution.fr\/index.php?rest_route=\/wp\/v2\/users\/1"}],"replies":[{"embeddable":true,"href":"https:\/\/tracage-solution.fr\/index.php?rest_route=%2Fwp%2Fv2%2Fcomments&post=892"}],"version-history":[{"count":5,"href":"https:\/\/tracage-solution.fr\/index.php?rest_route=\/wp\/v2\/pages\/892\/revisions"}],"predecessor-version":[{"id":1259,"href":"https:\/\/tracage-solution.fr\/index.php?rest_route=\/wp\/v2\/pages\/892\/revisions\/1259"}],"wp:attachment":[{"href":"https:\/\/tracage-solution.fr\/index.php?rest_route=%2Fwp%2Fv2%2Fmedia&parent=892"}],"curies":[{"name":"wp","href":"https:\/\/api.w.org\/{rel}","templated":true}]}}