{"id":886,"date":"2025-07-19T17:00:06","date_gmt":"2025-07-19T15:00:06","guid":{"rendered":"https:\/\/tracage-solution.fr\/?page_id=886"},"modified":"2025-11-22T19:07:27","modified_gmt":"2025-11-22T18:07:27","slug":"signaletique-a-menton-informez-et-valorisez-vos-espaces","status":"publish","type":"page","link":"https:\/\/tracage-solution.fr\/?page_id=886","title":{"rendered":"Signal\u00e9tique \u00e0 Menton : informez et valorisez vos espaces"},"content":{"rendered":"<p>[et_pb_section fb_built=&#8221;1&#8243; admin_label=&#8221;Header&#8221; _builder_version=&#8221;4.16&#8243; use_background_color_gradient=&#8221;on&#8221; background_color_gradient_direction=&#8221;124deg&#8221; background_color_gradient_stops=&#8221;rgba(255,255,255,0.1) 30%|#31d190 90%&#8221; background_color_gradient_start=&#8221;rgba(255,255,255,0.1)&#8221; background_color_gradient_start_position=&#8221;30%&#8221; background_color_gradient_end=&#8221;#31d190&#8243; background_color_gradient_end_position=&#8221;90%&#8221; background_image=&#8221;https:\/\/tracage-solution.fr\/wp-content\/uploads\/2025\/04\/ebook-17-1.png&#8221; background_position=&#8221;bottom_center&#8221; custom_padding=&#8221;5vw||5vw||true|&#8221; border_color_all=&#8221;#31d190&#8243; border_width_left=&#8221;10px&#8221; global_colors_info=&#8221;{}&#8221;][et_pb_row column_structure=&#8221;1_2,1_2&#8243; use_custom_gutter=&#8221;on&#8221; gutter_width=&#8221;4&#8243; _builder_version=&#8221;4.27.4&#8243; background_size=&#8221;contain&#8221; background_position=&#8221;bottom_center&#8221; max_width=&#8221;1280px&#8221; global_colors_info=&#8221;{}&#8221;][et_pb_column type=&#8221;1_2&#8243; _builder_version=&#8221;4.16&#8243; custom_padding=&#8221;40px|||&#8221; custom_padding_tablet=&#8221;0vw|||&#8221; global_colors_info=&#8221;{}&#8221; custom_padding__hover=&#8221;|||&#8221;][et_pb_text _builder_version=&#8221;4.27.4&#8243; text_font=&#8221;||||||||&#8221; text_text_color=&#8221;#000000&#8243; text_font_size=&#8221;15px&#8221; text_line_height=&#8221;1.8em&#8221; header_font=&#8221;Montserrat|800||on|||||&#8221; header_text_color=&#8221;#000000&#8243; header_font_size=&#8221;1.8vw&#8221; header_line_height=&#8221;1.1em&#8221; custom_margin=&#8221;||30px|||&#8221; text_font_size_tablet=&#8221;16px&#8221; text_font_size_phone=&#8221;14px&#8221; text_font_size_last_edited=&#8221;on|phone&#8221; text_line_height_tablet=&#8221;1.8em&#8221; text_line_height_phone=&#8221;1.7em&#8221; text_line_height_last_edited=&#8221;off|phone&#8221; header_font_size_tablet=&#8221;8vw&#8221; header_font_size_phone=&#8221;10vw&#8221; header_font_size_last_edited=&#8221;on|phone&#8221; global_colors_info=&#8221;{}&#8221;]<\/p>\n<h1>Signal\u00e9tique \u00e0 Menton : orientez, informez et valorisez vos espaces avec Tra\u00e7age Solution<\/h1>\n<p data-start=\"336\" data-end=\"749\">\u00c0 <strong data-start=\"236\" data-end=\"246\">Menton<\/strong>, ville frontali\u00e8re dynamique entre mer et montagne, la <strong data-start=\"302\" data-end=\"318\">signal\u00e9tique<\/strong> est un outil essentiel pour guider les usagers, s\u00e9curiser les sites professionnels et renforcer l\u2019image des \u00e9tablissements publics ou priv\u00e9s. Que vous soyez une entreprise, une collectivit\u00e9, un syndic ou un commerce, <strong data-start=\"536\" data-end=\"556\">Tra\u00e7age Solution<\/strong> vous accompagne dans tous vos projets de <strong data-start=\"598\" data-end=\"623\">signal\u00e9tique \u00e0 Menton<\/strong>, de la conception \u00e0 la pose.<\/p>\n<p>[\/et_pb_text][et_pb_button button_url=&#8221;https:\/\/tracage-solution.fr\/?page_id=18&#8243; button_text=&#8221;Demande de devis&#8221; _builder_version=&#8221;4.27.4&#8243; custom_button=&#8221;on&#8221; button_text_size=&#8221;16px&#8221; button_text_color=&#8221;#ffffff&#8221; button_bg_color=&#8221;#31d190&#8243; button_border_width=&#8221;0px&#8221; button_border_radius=&#8221;0px&#8221; button_font=&#8221;Montserrat|700|||||||&#8221; button_use_icon=&#8221;off&#8221; custom_margin=&#8221;||16px&#8221; custom_padding=&#8221;18px|40px|18px|40px|true|true&#8221; global_colors_info=&#8221;{}&#8221;][\/et_pb_button][\/et_pb_column][et_pb_column type=&#8221;1_2&#8243; _builder_version=&#8221;4.16&#8243; custom_padding=&#8221;|||&#8221; global_colors_info=&#8221;{}&#8221; custom_padding__hover=&#8221;|||&#8221;][et_pb_image src=&#8221;https:\/\/tracage-solution.fr\/wp-content\/uploads\/2025\/11\/thumbnail_IMG_4285.jpg&#8221; title_text=&#8221;thumbnail_IMG_4285&#8243; _builder_version=&#8221;4.27.4&#8243; max_width=&#8221;480px&#8221; animation_direction=&#8221;bottom&#8221; hover_enabled=&#8221;0&#8243; box_shadow_style=&#8221;preset3&#8243; box_shadow_vertical=&#8221;40px&#8221; box_shadow_blur=&#8221;80px&#8221; box_shadow_spread=&#8221;-20px&#8221; box_shadow_color=&#8221;rgba(0,0,0,0.8)&#8221; always_center_on_mobile=&#8221;off&#8221; global_colors_info=&#8221;{}&#8221; sticky_enabled=&#8221;0&#8243;][\/et_pb_image][\/et_pb_column][\/et_pb_row][\/et_pb_section][et_pb_section fb_built=&#8221;1&#8243; admin_label=&#8221;Brands&#8221; _builder_version=&#8221;4.16&#8243; custom_padding=&#8221;0px||0px|||&#8221; global_colors_info=&#8221;{}&#8221;][\/et_pb_section][et_pb_section fb_built=&#8221;1&#8243; admin_label=&#8221;About&#8221; _builder_version=&#8221;4.16&#8243; global_colors_info=&#8221;{}&#8221;][et_pb_row column_structure=&#8221;1_2,1_2&#8243; _builder_version=&#8221;4.16&#8243; global_colors_info=&#8221;{}&#8221;][et_pb_column type=&#8221;1_2&#8243; _builder_version=&#8221;4.16&#8243; custom_padding=&#8221;|||&#8221; global_colors_info=&#8221;{}&#8221; custom_padding__hover=&#8221;|||&#8221;][et_pb_image src=&#8221;https:\/\/tracage-solution.fr\/wp-content\/uploads\/2025\/04\/author-icon-01-4.png&#8221; title_text=&#8221;author-icon-01-4&#8243; _builder_version=&#8221;4.27.4&#8243; max_width=&#8221;400px&#8221; max_width_tablet=&#8221;&#8221; max_width_phone=&#8221;&#8221; max_width_last_edited=&#8221;on|tablet&#8221; module_alignment=&#8221;right&#8221; animation_direction=&#8221;bottom&#8221; always_center_on_mobile=&#8221;off&#8221; global_colors_info=&#8221;{}&#8221;][\/et_pb_image][et_pb_text _builder_version=&#8221;4.27.4&#8243; header_font=&#8221;||||||||&#8221; header_2_font=&#8221;Montserrat|800||on|||||&#8221; header_2_text_color=&#8221;#000000&#8243; header_2_font_size=&#8221;36px&#8221; header_2_line_height=&#8221;1.2em&#8221; max_width=&#8221;400px&#8221; max_width_tablet=&#8221;&#8221; max_width_phone=&#8221;&#8221; max_width_last_edited=&#8221;on|tablet&#8221; module_alignment=&#8221;right&#8221; header_2_font_size_tablet=&#8221;40px&#8221; header_2_font_size_phone=&#8221;25px&#8221; header_2_font_size_last_edited=&#8221;on|desktop&#8221; locked=&#8221;off&#8221; global_colors_info=&#8221;{}&#8221;]<\/p>\n<h2>Signal\u00e9tique<\/h2>\n<p>[\/et_pb_text][\/et_pb_column][et_pb_column type=&#8221;1_2&#8243; _builder_version=&#8221;4.16&#8243; custom_padding=&#8221;|||&#8221; global_colors_info=&#8221;{}&#8221; custom_padding__hover=&#8221;|||&#8221;][et_pb_text _builder_version=&#8221;4.16&#8243; text_font=&#8221;||||||||&#8221; text_font_size=&#8221;18px&#8221; text_line_height=&#8221;1.8em&#8221; text_orientation=&#8221;justified&#8221; text_font_size_tablet=&#8221;16px&#8221; text_font_size_phone=&#8221;14px&#8221; text_font_size_last_edited=&#8221;on|phone&#8221; text_line_height_tablet=&#8221;1.8em&#8221; text_line_height_phone=&#8221;1.7em&#8221; text_line_height_last_edited=&#8221;off|phone&#8221; locked=&#8221;off&#8221; global_colors_info=&#8221;{}&#8221;]<\/p>\n<h3 data-start=\"659\" data-end=\"729\">Pourquoi investir dans une signal\u00e9tique professionnelle \u00e0 Menton ?<\/h3>\n<p data-start=\"731\" data-end=\"890\">Dans une ville aussi fr\u00e9quent\u00e9e que <strong data-start=\"767\" data-end=\"777\">Menton<\/strong>, avec ses nombreux commerces, r\u00e9sidences, \u00e9quipements publics et sites touristiques, la signal\u00e9tique doit \u00eatre :<\/p>\n<ul data-start=\"891\" data-end=\"1220\">\n<li data-start=\"891\" data-end=\"983\">\n<p data-start=\"893\" data-end=\"983\"><strong data-start=\"893\" data-end=\"909\">Clairvoyante<\/strong> : pour faciliter l\u2019orientation des visiteurs, des clients ou des salari\u00e9s<\/p>\n<\/li>\n<li data-start=\"984\" data-end=\"1064\">\n<p data-start=\"986\" data-end=\"1064\"><strong data-start=\"986\" data-end=\"1003\">R\u00e8glementaire<\/strong> : conforme aux normes PMR et aux obligations d\u2019accessibilit\u00e9<\/p>\n<\/li>\n<li data-start=\"1065\" data-end=\"1146\">\n<p data-start=\"1067\" data-end=\"1146\"><strong data-start=\"1067\" data-end=\"1081\">Esth\u00e9tique<\/strong> : en harmonie avec l\u2019architecture ou l\u2019identit\u00e9 visuelle du lieu<\/p>\n<\/li>\n<li data-start=\"1147\" data-end=\"1220\">\n<p data-start=\"1149\" data-end=\"1220\"><strong data-start=\"1149\" data-end=\"1160\">Durable<\/strong> : r\u00e9sistante aux intemp\u00e9ries, \u00e0 l\u2019humidit\u00e9 et aux rayons UV<\/p>\n<\/li>\n<\/ul>\n<p data-start=\"1222\" data-end=\"1388\">La bonne signalisation d\u2019un b\u00e2timent, d\u2019un parking ou d\u2019un site professionnel am\u00e9liore la <strong data-start=\"1312\" data-end=\"1354\">s\u00e9curit\u00e9, la fluidit\u00e9 des d\u00e9placements<\/strong> et la perception globale du lieu.<\/p>\n<hr data-start=\"1390\" data-end=\"1393\" \/>\n<h3 data-start=\"1395\" data-end=\"1452\">Des solutions sur mesure pour tous les environnements<\/h3>\n<p data-start=\"1454\" data-end=\"1594\"><strong data-start=\"1454\" data-end=\"1474\">Tra\u00e7age Solution<\/strong> propose une large gamme de prestations de <strong data-start=\"1517\" data-end=\"1567\">signal\u00e9tique int\u00e9rieure et ext\u00e9rieure \u00e0 Menton<\/strong>, adapt\u00e9e \u00e0 chaque besoin :<\/p>\n<ul data-start=\"1595\" data-end=\"1899\">\n<li data-start=\"1595\" data-end=\"1676\">\n<p data-start=\"1597\" data-end=\"1676\"><strong data-start=\"1597\" data-end=\"1624\">Plaques directionnelles<\/strong>, num\u00e9rotation, signalisation de bureaux ou d&#8217;\u00e9tages<\/p>\n<\/li>\n<li data-start=\"1677\" data-end=\"1741\">\n<p data-start=\"1679\" data-end=\"1741\"><strong data-start=\"1679\" data-end=\"1705\">Panneaux d&#8217;information<\/strong>, de s\u00e9curit\u00e9 ou d\u2019accessibilit\u00e9 PMR<\/p>\n<\/li>\n<li data-start=\"1742\" data-end=\"1818\">\n<p data-start=\"1744\" data-end=\"1818\"><strong data-start=\"1744\" data-end=\"1765\">Totems ext\u00e9rieurs<\/strong>, adh\u00e9sifs vitrines, lettrage en relief ou en d\u00e9coupe<\/p>\n<\/li>\n<li data-start=\"1819\" data-end=\"1899\">\n<p data-start=\"1821\" data-end=\"1899\"><strong data-start=\"1821\" data-end=\"1848\">Signal\u00e9tique de parking<\/strong> (fl\u00e9chage, sens de circulation, emplacements PMR\u2026)<\/p>\n<\/li>\n<\/ul>\n<p data-start=\"1901\" data-end=\"2139\">Nos mat\u00e9riaux sont s\u00e9lectionn\u00e9s pour leur <strong data-start=\"1943\" data-end=\"1976\">durabilit\u00e9 et leur esth\u00e9tique<\/strong> : dibond, aluminium, plexiglas, PVC, inox ou vinyle. Nous r\u00e9alisons \u00e9galement la <strong data-start=\"2058\" data-end=\"2080\">cr\u00e9ation graphique<\/strong> de vos supports pour un rendu harmonieux et professionnel.<\/p>\n<ul data-start=\"2081\" data-end=\"2569\">\n<li data-start=\"2255\" data-end=\"2326\"><\/li>\n<\/ul>\n<p data-start=\"2605\" data-end=\"2647\" class=\"\">\n<p>[\/et_pb_text][\/et_pb_column][\/et_pb_row][et_pb_row column_structure=&#8221;1_2,1_2&#8243; _builder_version=&#8221;4.27.4&#8243; global_colors_info=&#8221;{}&#8221;][et_pb_column type=&#8221;1_2&#8243; _builder_version=&#8221;4.16&#8243; custom_padding=&#8221;|||&#8221; global_colors_info=&#8221;{}&#8221; custom_padding__hover=&#8221;|||&#8221;][et_pb_text _builder_version=&#8221;4.27.4&#8243; text_font=&#8221;||||||||&#8221; text_font_size=&#8221;18px&#8221; text_line_height=&#8221;1.8em&#8221; text_orientation=&#8221;justified&#8221; text_font_size_tablet=&#8221;16px&#8221; text_font_size_phone=&#8221;14px&#8221; text_font_size_last_edited=&#8221;on|phone&#8221; text_line_height_tablet=&#8221;1.8em&#8221; text_line_height_phone=&#8221;1.7em&#8221; text_line_height_last_edited=&#8221;off|phone&#8221; locked=&#8221;off&#8221; global_colors_info=&#8221;{}&#8221;]<\/p>\n<h2 data-start=\"2566\" data-end=\"2632\">Pourquoi faire appel \u00e0 Tracage Solution\u00a0<\/h2>\n<ul data-start=\"2764\" data-end=\"3013\">\n<li data-start=\"2634\" data-end=\"2701\">\n<p data-start=\"2636\" data-end=\"2701\">\u2705 Connaissance du terrain alpin et des contraintes saisonni\u00e8res<\/p>\n<\/li>\n<li data-start=\"2702\" data-end=\"2766\">\n<p data-start=\"2704\" data-end=\"2766\">\u2705 Intervention rapide en Tarentaise et stations avoisinantes<\/p>\n<\/li>\n<li data-start=\"2767\" data-end=\"2823\">\n<p data-start=\"2769\" data-end=\"2823\">\u2705 Finitions nettes et durables, conformes aux normes<\/p>\n<\/li>\n<li data-start=\"2824\" data-end=\"2885\">\n<p data-start=\"2826\" data-end=\"2885\">\u2705 <strong data-start=\"2828\" data-end=\"2845\">Devis gratuit<\/strong>, avec rep\u00e9rage et conseils techniques<\/p>\n<\/li>\n<li data-start=\"2886\" data-end=\"2930\">\n<p data-start=\"2888\" data-end=\"2930\">\u2705 \u00c9quipe qualifi\u00e9e, discr\u00e8te et \u00e0 l\u2019\u00e9coute<\/p>\n<\/li>\n<li data-start=\"2966\" data-end=\"3013\"><\/li>\n<\/ul>\n<ul data-start=\"2555\" data-end=\"2826\"><\/ul>\n<ul data-start=\"2518\" data-end=\"2781\"><\/ul>\n<ul data-start=\"2490\" data-end=\"2772\"><\/ul>\n<ul data-start=\"2555\" data-end=\"2835\"><\/ul>\n<ul data-start=\"2413\" data-end=\"2700\"><\/ul>\n<ul data-start=\"2364\" data-end=\"2652\"><\/ul>\n<ul data-start=\"2272\" data-end=\"2555\"><\/ul>\n<ul data-start=\"2323\" data-end=\"2619\"><\/ul>\n<p>&nbsp;<\/p>\n<ul data-start=\"2230\" data-end=\"2537\"><\/ul>\n<ul data-start=\"2279\" data-end=\"2599\"><\/ul>\n<ul data-start=\"2274\" data-end=\"2613\"><\/ul>\n<ul data-start=\"2140\" data-end=\"2411\"><\/ul>\n<ul data-start=\"2111\" data-end=\"2491\"><\/ul>\n<p>[\/et_pb_text][\/et_pb_column][et_pb_column type=&#8221;1_2&#8243; _builder_version=&#8221;4.16&#8243; custom_padding=&#8221;|||&#8221; global_colors_info=&#8221;{}&#8221; custom_padding__hover=&#8221;|||&#8221;][et_pb_image src=&#8221;https:\/\/tracage-solution.fr\/wp-content\/uploads\/2025\/07\/thumbnail_IMG_4990-1.jpg&#8221; title_text=&#8221;thumbnail_IMG_4990 (1)&#8221; _builder_version=&#8221;4.27.4&#8243; _module_preset=&#8221;default&#8221; global_colors_info=&#8221;{}&#8221;][\/et_pb_image][\/et_pb_column][\/et_pb_row][\/et_pb_section]<\/p>\n","protected":false},"excerpt":{"rendered":"<p>Signal\u00e9tique \u00e0 Menton : orientez, informez et valorisez vos espaces avec Tra\u00e7age Solution \u00c0 Menton, ville frontali\u00e8re dynamique entre mer et montagne, la signal\u00e9tique est un outil essentiel pour guider les usagers, s\u00e9curiser les sites professionnels et renforcer l\u2019image des \u00e9tablissements publics ou priv\u00e9s. Que vous soyez une entreprise, une collectivit\u00e9, un syndic ou un [&hellip;]<\/p>\n","protected":false},"author":1,"featured_media":0,"parent":0,"menu_order":0,"comment_status":"closed","ping_status":"closed","template":"","meta":{"_et_pb_use_builder":"on","_et_pb_old_content":"<!-- wp:divi\/placeholder \/-->","_et_gb_content_width":"","footnotes":""},"class_list":["post-886","page","type-page","status-publish","hentry"],"yoast_head":"<!-- This site is optimized with the Yoast SEO plugin v27.4 - https:\/\/yoast.com\/product\/yoast-seo-wordpress\/ -->\n<title>Signal\u00e9tique \u00e0 Menton : informez et valorisez vos espaces<\/title>\n<meta name=\"description\" content=\"Signal\u00e9tique \u00e0 Menton : informez et valorisez vos espaces, Roquebrune-Cap-Martin, Beausoleil, Gorbio, Sospel Nice Monaco\" \/>\n<meta name=\"robots\" content=\"index, follow, max-snippet:-1, max-image-preview:large, max-video-preview:-1\" \/>\n<link rel=\"canonical\" href=\"https:\/\/tracage-solution.fr\/?page_id=886\" \/>\n<meta property=\"og:locale\" content=\"en_US\" \/>\n<meta property=\"og:type\" content=\"article\" \/>\n<meta property=\"og:title\" content=\"Signal\u00e9tique \u00e0 Menton : informez et valorisez vos espaces\" \/>\n<meta property=\"og:description\" content=\"Signal\u00e9tique \u00e0 Menton : informez et valorisez vos espaces, Roquebrune-Cap-Martin, Beausoleil, Gorbio, Sospel Nice Monaco\" \/>\n<meta property=\"og:url\" content=\"https:\/\/tracage-solution.fr\/?page_id=886\" \/>\n<meta property=\"og:site_name\" content=\"Tracage Solution\" \/>\n<meta property=\"article:modified_time\" content=\"2025-11-22T18:07:27+00:00\" \/>\n<meta name=\"twitter:card\" content=\"summary_large_image\" \/>\n<meta name=\"twitter:label1\" content=\"Est. reading time\" \/>\n\t<meta name=\"twitter:data1\" content=\"3 minutes\" \/>\n<script type=\"application\/ld+json\" class=\"yoast-schema-graph\">{\"@context\":\"https:\\\/\\\/schema.org\",\"@graph\":[{\"@type\":\"WebPage\",\"@id\":\"https:\\\/\\\/tracage-solution.fr\\\/?page_id=886\",\"url\":\"https:\\\/\\\/tracage-solution.fr\\\/?page_id=886\",\"name\":\"Signal\u00e9tique \u00e0 Menton : informez et valorisez vos espaces\",\"isPartOf\":{\"@id\":\"https:\\\/\\\/tracage-solution.fr\\\/#website\"},\"datePublished\":\"2025-07-19T15:00:06+00:00\",\"dateModified\":\"2025-11-22T18:07:27+00:00\",\"description\":\"Signal\u00e9tique \u00e0 Menton : informez et valorisez vos espaces, Roquebrune-Cap-Martin, Beausoleil, Gorbio, Sospel Nice Monaco\",\"breadcrumb\":{\"@id\":\"https:\\\/\\\/tracage-solution.fr\\\/?page_id=886#breadcrumb\"},\"inLanguage\":\"en-US\",\"potentialAction\":[{\"@type\":\"ReadAction\",\"target\":[\"https:\\\/\\\/tracage-solution.fr\\\/?page_id=886\"]}]},{\"@type\":\"BreadcrumbList\",\"@id\":\"https:\\\/\\\/tracage-solution.fr\\\/?page_id=886#breadcrumb\",\"itemListElement\":[{\"@type\":\"ListItem\",\"position\":1,\"name\":\"Accueil\",\"item\":\"https:\\\/\\\/tracage-solution.fr\\\/\"},{\"@type\":\"ListItem\",\"position\":2,\"name\":\"Signal\u00e9tique \u00e0 Menton : informez et valorisez vos espaces\"}]},{\"@type\":\"WebSite\",\"@id\":\"https:\\\/\\\/tracage-solution.fr\\\/#website\",\"url\":\"https:\\\/\\\/tracage-solution.fr\\\/\",\"name\":\"Tracage Solution\",\"description\":\"Tracage solution Nice \",\"potentialAction\":[{\"@type\":\"SearchAction\",\"target\":{\"@type\":\"EntryPoint\",\"urlTemplate\":\"https:\\\/\\\/tracage-solution.fr\\\/?s={search_term_string}\"},\"query-input\":{\"@type\":\"PropertyValueSpecification\",\"valueRequired\":true,\"valueName\":\"search_term_string\"}}],\"inLanguage\":\"en-US\"}]}<\/script>\n<!-- \/ Yoast SEO plugin. -->","yoast_head_json":{"title":"Signal\u00e9tique \u00e0 Menton : informez et valorisez vos espaces","description":"Signal\u00e9tique \u00e0 Menton : informez et valorisez vos espaces, Roquebrune-Cap-Martin, Beausoleil, Gorbio, Sospel Nice Monaco","robots":{"index":"index","follow":"follow","max-snippet":"max-snippet:-1","max-image-preview":"max-image-preview:large","max-video-preview":"max-video-preview:-1"},"canonical":"https:\/\/tracage-solution.fr\/?page_id=886","og_locale":"en_US","og_type":"article","og_title":"Signal\u00e9tique \u00e0 Menton : informez et valorisez vos espaces","og_description":"Signal\u00e9tique \u00e0 Menton : informez et valorisez vos espaces, Roquebrune-Cap-Martin, Beausoleil, Gorbio, Sospel Nice Monaco","og_url":"https:\/\/tracage-solution.fr\/?page_id=886","og_site_name":"Tracage Solution","article_modified_time":"2025-11-22T18:07:27+00:00","twitter_card":"summary_large_image","twitter_misc":{"Est. reading time":"3 minutes"},"schema":{"@context":"https:\/\/schema.org","@graph":[{"@type":"WebPage","@id":"https:\/\/tracage-solution.fr\/?page_id=886","url":"https:\/\/tracage-solution.fr\/?page_id=886","name":"Signal\u00e9tique \u00e0 Menton : informez et valorisez vos espaces","isPartOf":{"@id":"https:\/\/tracage-solution.fr\/#website"},"datePublished":"2025-07-19T15:00:06+00:00","dateModified":"2025-11-22T18:07:27+00:00","description":"Signal\u00e9tique \u00e0 Menton : informez et valorisez vos espaces, Roquebrune-Cap-Martin, Beausoleil, Gorbio, Sospel Nice Monaco","breadcrumb":{"@id":"https:\/\/tracage-solution.fr\/?page_id=886#breadcrumb"},"inLanguage":"en-US","potentialAction":[{"@type":"ReadAction","target":["https:\/\/tracage-solution.fr\/?page_id=886"]}]},{"@type":"BreadcrumbList","@id":"https:\/\/tracage-solution.fr\/?page_id=886#breadcrumb","itemListElement":[{"@type":"ListItem","position":1,"name":"Accueil","item":"https:\/\/tracage-solution.fr\/"},{"@type":"ListItem","position":2,"name":"Signal\u00e9tique \u00e0 Menton : informez et valorisez vos espaces"}]},{"@type":"WebSite","@id":"https:\/\/tracage-solution.fr\/#website","url":"https:\/\/tracage-solution.fr\/","name":"Tracage Solution","description":"Tracage solution Nice ","potentialAction":[{"@type":"SearchAction","target":{"@type":"EntryPoint","urlTemplate":"https:\/\/tracage-solution.fr\/?s={search_term_string}"},"query-input":{"@type":"PropertyValueSpecification","valueRequired":true,"valueName":"search_term_string"}}],"inLanguage":"en-US"}]}},"_links":{"self":[{"href":"https:\/\/tracage-solution.fr\/index.php?rest_route=\/wp\/v2\/pages\/886","targetHints":{"allow":["GET"]}}],"collection":[{"href":"https:\/\/tracage-solution.fr\/index.php?rest_route=\/wp\/v2\/pages"}],"about":[{"href":"https:\/\/tracage-solution.fr\/index.php?rest_route=\/wp\/v2\/types\/page"}],"author":[{"embeddable":true,"href":"https:\/\/tracage-solution.fr\/index.php?rest_route=\/wp\/v2\/users\/1"}],"replies":[{"embeddable":true,"href":"https:\/\/tracage-solution.fr\/index.php?rest_route=%2Fwp%2Fv2%2Fcomments&post=886"}],"version-history":[{"count":5,"href":"https:\/\/tracage-solution.fr\/index.php?rest_route=\/wp\/v2\/pages\/886\/revisions"}],"predecessor-version":[{"id":1263,"href":"https:\/\/tracage-solution.fr\/index.php?rest_route=\/wp\/v2\/pages\/886\/revisions\/1263"}],"wp:attachment":[{"href":"https:\/\/tracage-solution.fr\/index.php?rest_route=%2Fwp%2Fv2%2Fmedia&parent=886"}],"curies":[{"name":"wp","href":"https:\/\/api.w.org\/{rel}","templated":true}]}}