{"id":14,"date":"2025-04-06T20:20:58","date_gmt":"2025-04-06T18:20:58","guid":{"rendered":"https:\/\/tracage-solution.fr\/?page_id=14"},"modified":"2025-10-06T19:05:22","modified_gmt":"2025-10-06T17:05:22","slug":"signaletique-entrepot-nice-carros-mougins-grasse","status":"publish","type":"page","link":"https:\/\/tracage-solution.fr\/?page_id=14","title":{"rendered":"Signal\u00e9tique entrep\u00f4t"},"content":{"rendered":"<p>[et_pb_section fb_built=&#8221;1&#8243; admin_label=&#8221;Header&#8221; _builder_version=&#8221;4.16&#8243; use_background_color_gradient=&#8221;on&#8221; background_color_gradient_direction=&#8221;124deg&#8221; background_color_gradient_stops=&#8221;rgba(255,255,255,0.1) 30%|#31d190 90%&#8221; background_color_gradient_start=&#8221;rgba(255,255,255,0.1)&#8221; background_color_gradient_start_position=&#8221;30%&#8221; background_color_gradient_end=&#8221;#31d190&#8243; background_color_gradient_end_position=&#8221;90%&#8221; background_image=&#8221;https:\/\/tracage-solution.fr\/wp-content\/uploads\/2025\/04\/ebook-17-1.png&#8221; background_position=&#8221;bottom_center&#8221; custom_padding=&#8221;5vw||5vw||true|&#8221; border_color_all=&#8221;#31d190&#8243; border_width_left=&#8221;10px&#8221; global_colors_info=&#8221;{}&#8221;][et_pb_row column_structure=&#8221;1_2,1_2&#8243; use_custom_gutter=&#8221;on&#8221; gutter_width=&#8221;4&#8243; _builder_version=&#8221;4.16&#8243; background_size=&#8221;contain&#8221; background_position=&#8221;bottom_center&#8221; max_width=&#8221;1280px&#8221; global_colors_info=&#8221;{}&#8221;][et_pb_column type=&#8221;1_2&#8243; _builder_version=&#8221;4.16&#8243; custom_padding=&#8221;40px|||&#8221; custom_padding_tablet=&#8221;0vw|||&#8221; global_colors_info=&#8221;{}&#8221; custom_padding__hover=&#8221;|||&#8221;][et_pb_text _builder_version=&#8221;4.27.4&#8243; text_font=&#8221;||||||||&#8221; text_text_color=&#8221;#000000&#8243; text_font_size=&#8221;18px&#8221; text_line_height=&#8221;1.8em&#8221; header_font=&#8221;Montserrat|800||on|||||&#8221; header_text_color=&#8221;#000000&#8243; header_font_size=&#8221;2.8vw&#8221; header_line_height=&#8221;1.1em&#8221; custom_margin=&#8221;||30px|||&#8221; text_font_size_tablet=&#8221;16px&#8221; text_font_size_phone=&#8221;14px&#8221; text_font_size_last_edited=&#8221;on|phone&#8221; text_line_height_tablet=&#8221;1.8em&#8221; text_line_height_phone=&#8221;1.7em&#8221; text_line_height_last_edited=&#8221;off|phone&#8221; header_font_size_tablet=&#8221;8vw&#8221; header_font_size_phone=&#8221;10vw&#8221; header_font_size_last_edited=&#8221;on|phone&#8221; global_colors_info=&#8221;{}&#8221;]<\/p>\n<h1>Signal\u00e9tique entrep\u00f4t<\/h1>\n<p>signal\u00e9tique entrep\u00f4t Nice Carros Mougins Grasse &#8211; La signal\u00e9tique en entrep\u00f4t est un \u00e9l\u00e9ment fondamental pour garantir la s\u00e9curit\u00e9 des personnes, am\u00e9liorer la productivit\u00e9 et assurer une bonne circulation au sein des zones de stockage. Chez <strong data-start=\"503\" data-end=\"523\">Tracage Solution<\/strong>, sp\u00e9cialiste du marquage et de la signal\u00e9tique industrielle \u00e0 Nice et dans les Alpes-Maritimes, nous accompagnons les professionnels dans l&#8217;am\u00e9nagement et la mise en conformit\u00e9 de leurs entrep\u00f4ts.<\/p>\n<p>[\/et_pb_text][et_pb_button button_text=&#8221;Demande de devis&#8221; _builder_version=&#8221;4.27.4&#8243; custom_button=&#8221;on&#8221; button_text_size=&#8221;16px&#8221; button_text_color=&#8221;#ffffff&#8221; button_bg_color=&#8221;#31d190&#8243; button_border_width=&#8221;0px&#8221; button_border_radius=&#8221;0px&#8221; button_font=&#8221;Montserrat|700|||||||&#8221; button_use_icon=&#8221;off&#8221; custom_margin=&#8221;||16px&#8221; custom_padding=&#8221;18px|40px|18px|40px|true|true&#8221; global_colors_info=&#8221;{}&#8221;][\/et_pb_button][\/et_pb_column][et_pb_column type=&#8221;1_2&#8243; _builder_version=&#8221;4.16&#8243; custom_padding=&#8221;|||&#8221; global_colors_info=&#8221;{}&#8221; custom_padding__hover=&#8221;|||&#8221;][et_pb_image src=&#8221;https:\/\/tracage-solution.fr\/wp-content\/uploads\/2025\/10\/fe039fd1-4959-46cf-b87e-9abf5414a504.jpg&#8221; title_text=&#8221;fe039fd1-4959-46cf-b87e-9abf5414a504&#8243; _builder_version=&#8221;4.27.4&#8243; max_width=&#8221;480px&#8221; animation_direction=&#8221;bottom&#8221; hover_enabled=&#8221;0&#8243; box_shadow_style=&#8221;preset3&#8243; box_shadow_vertical=&#8221;40px&#8221; box_shadow_blur=&#8221;80px&#8221; box_shadow_spread=&#8221;-20px&#8221; box_shadow_color=&#8221;rgba(0,0,0,0.8)&#8221; always_center_on_mobile=&#8221;off&#8221; global_colors_info=&#8221;{}&#8221; sticky_enabled=&#8221;0&#8243;][\/et_pb_image][\/et_pb_column][\/et_pb_row][\/et_pb_section][et_pb_section fb_built=&#8221;1&#8243; admin_label=&#8221;Brands&#8221; _builder_version=&#8221;4.16&#8243; custom_padding=&#8221;0px||0px|||&#8221; global_colors_info=&#8221;{}&#8221;][\/et_pb_section][et_pb_section fb_built=&#8221;1&#8243; admin_label=&#8221;About&#8221; _builder_version=&#8221;4.16&#8243; global_colors_info=&#8221;{}&#8221;][et_pb_row column_structure=&#8221;1_2,1_2&#8243; _builder_version=&#8221;4.16&#8243; global_colors_info=&#8221;{}&#8221;][et_pb_column type=&#8221;1_2&#8243; _builder_version=&#8221;4.16&#8243; custom_padding=&#8221;|||&#8221; global_colors_info=&#8221;{}&#8221; custom_padding__hover=&#8221;|||&#8221;][et_pb_image src=&#8221;https:\/\/tracage-solution.fr\/wp-content\/uploads\/2025\/04\/author-icon-09-4.png&#8221; _builder_version=&#8221;4.16&#8243; max_width=&#8221;400px&#8221; max_width_tablet=&#8221;&#8221; max_width_phone=&#8221;&#8221; max_width_last_edited=&#8221;on|tablet&#8221; module_alignment=&#8221;right&#8221; animation_direction=&#8221;bottom&#8221; always_center_on_mobile=&#8221;off&#8221; global_colors_info=&#8221;{}&#8221;][\/et_pb_image][et_pb_text _builder_version=&#8221;4.27.4&#8243; header_font=&#8221;||||||||&#8221; header_2_font=&#8221;Montserrat|800||on|||||&#8221; header_2_text_color=&#8221;#000000&#8243; header_2_font_size=&#8221;37px&#8221; header_2_line_height=&#8221;1.2em&#8221; max_width=&#8221;400px&#8221; max_width_tablet=&#8221;&#8221; max_width_phone=&#8221;&#8221; max_width_last_edited=&#8221;on|tablet&#8221; module_alignment=&#8221;right&#8221; header_2_font_size_tablet=&#8221;40px&#8221; header_2_font_size_phone=&#8221;25px&#8221; header_2_font_size_last_edited=&#8221;on|desktop&#8221; locked=&#8221;off&#8221; global_colors_info=&#8221;{}&#8221;]<\/p>\n<h2>signal\u00e9tique entrep\u00f4t Nice Carros Mougins Grasse<\/h2>\n<p>[\/et_pb_text][\/et_pb_column][et_pb_column type=&#8221;1_2&#8243; _builder_version=&#8221;4.16&#8243; custom_padding=&#8221;|||&#8221; global_colors_info=&#8221;{}&#8221; custom_padding__hover=&#8221;|||&#8221;][et_pb_text _builder_version=&#8221;4.16&#8243; text_font=&#8221;||||||||&#8221; text_font_size=&#8221;18px&#8221; text_line_height=&#8221;1.8em&#8221; text_orientation=&#8221;justified&#8221; text_font_size_tablet=&#8221;16px&#8221; text_font_size_phone=&#8221;14px&#8221; text_font_size_last_edited=&#8221;on|phone&#8221; text_line_height_tablet=&#8221;1.8em&#8221; text_line_height_phone=&#8221;1.7em&#8221; text_line_height_last_edited=&#8221;off|phone&#8221; locked=&#8221;off&#8221; global_colors_info=&#8221;{}&#8221;]<\/p>\n<h4 data-start=\"722\" data-end=\"780\" class=\"\">Pourquoi la signal\u00e9tique d\u2019entrep\u00f4t est essentielle ?<\/h4>\n<p data-start=\"782\" data-end=\"1133\" class=\"\">Dans un entrep\u00f4t, qu\u2019il soit logistique, industriel ou commercial, les flux de circulation sont constants : pi\u00e9tons, chariots \u00e9l\u00e9vateurs, camions, zones de stockage, acc\u00e8s aux sorties de secours\u2026 Il est donc indispensable de mettre en place une <a href=\"https:\/\/smart-films-solaire.com\/\"><strong data-start=\"1027\" data-end=\"1068\">signal\u00e9tique au sol claire et durable<\/strong><\/a>, visible de loin, et conforme aux normes de s\u00e9curit\u00e9 en vigueur.<\/p>\n<p data-start=\"1135\" data-end=\"1166\" class=\"\">Une bonne signal\u00e9tique permet :<\/p>\n<ul data-start=\"1167\" data-end=\"1459\">\n<li data-start=\"1167\" data-end=\"1244\" class=\"\">\n<p data-start=\"1169\" data-end=\"1244\" class=\"\">De <strong data-start=\"1172\" data-end=\"1207\">r\u00e9duire les risques d\u2019accidents<\/strong> li\u00e9s \u00e0 la circulation et au stockage<\/p>\n<\/li>\n<li data-start=\"1245\" data-end=\"1307\" class=\"\">\n<p data-start=\"1247\" data-end=\"1307\" class=\"\">D\u2019<strong data-start=\"1249\" data-end=\"1283\">organiser les flux logistiques<\/strong> et les zones d\u2019activit\u00e9<\/p>\n<\/li>\n<li data-start=\"1308\" data-end=\"1384\" class=\"\">\n<p data-start=\"1310\" data-end=\"1384\" class=\"\">De <strong data-start=\"1313\" data-end=\"1350\">respecter les obligations l\u00e9gales<\/strong> en mati\u00e8re de s\u00e9curit\u00e9 au travail<\/p>\n<\/li>\n<li data-start=\"1385\" data-end=\"1459\" class=\"\">\n<p data-start=\"1387\" data-end=\"1459\" class=\"\">D\u2019<strong data-start=\"1389\" data-end=\"1419\">optimiser les performances<\/strong> de l\u2019entreprise en structurant l\u2019espace<\/p>\n<\/li>\n<\/ul>\n<p>[\/et_pb_text][\/et_pb_column][\/et_pb_row][et_pb_row column_structure=&#8221;1_2,1_2&#8243; _builder_version=&#8221;4.16&#8243; global_colors_info=&#8221;{}&#8221;][et_pb_column type=&#8221;1_2&#8243; _builder_version=&#8221;4.16&#8243; custom_padding=&#8221;|||&#8221; global_colors_info=&#8221;{}&#8221; custom_padding__hover=&#8221;|||&#8221;][et_pb_text _builder_version=&#8221;4.16&#8243; text_font=&#8221;||||||||&#8221; text_font_size=&#8221;18px&#8221; text_line_height=&#8221;1.8em&#8221; text_orientation=&#8221;justified&#8221; text_font_size_tablet=&#8221;16px&#8221; text_font_size_phone=&#8221;14px&#8221; text_font_size_last_edited=&#8221;on|phone&#8221; text_line_height_tablet=&#8221;1.8em&#8221; text_line_height_phone=&#8221;1.7em&#8221; text_line_height_last_edited=&#8221;off|phone&#8221; locked=&#8221;off&#8221; global_colors_info=&#8221;{}&#8221;]<\/p>\n<h4 data-start=\"1461\" data-end=\"1510\" class=\"\">Nos services de signal\u00e9tique entrep\u00f4t \u00e0 Nice<\/h4>\n<p data-start=\"1512\" data-end=\"1681\" class=\"\">Chez <strong data-start=\"1517\" data-end=\"1537\">Tracage Solution<\/strong>, nous r\u00e9alisons tous types de <strong data-start=\"1568\" data-end=\"1602\">signal\u00e9tique d&#8217;entrep\u00f4t \u00e0 Nice<\/strong> et dans les alentours : Carros, Saint-Laurent-du-Var, Cagnes-sur-Mer, Antibes\u2026<\/p>\n<p data-start=\"1683\" data-end=\"1712\" class=\"\">Nos prestations comprennent :<\/p>\n<ul data-start=\"1713\" data-end=\"2124\">\n<li data-start=\"1713\" data-end=\"1816\" class=\"\">\n<p data-start=\"1715\" data-end=\"1816\" class=\"\"><strong data-start=\"1715\" data-end=\"1737\">Le marquage au sol<\/strong> (zones de circulation, all\u00e9es pi\u00e9tonnes, aires de stockage, zones dangereuses)<\/p>\n<\/li>\n<li data-start=\"1817\" data-end=\"1934\" class=\"\">\n<p data-start=\"1819\" data-end=\"1934\" class=\"\"><strong data-start=\"1819\" data-end=\"1857\">La pose de pictogrammes normalis\u00e9s<\/strong> (port du casque, gilet haute visibilit\u00e9, interdictions, sorties de secours\u2026)<\/p>\n<\/li>\n<li data-start=\"1935\" data-end=\"2030\" class=\"\">\n<p data-start=\"1937\" data-end=\"2030\" class=\"\"><strong data-start=\"1937\" data-end=\"1976\">La signal\u00e9tique suspendue ou murale<\/strong> (noms d\u2019all\u00e9es, fl\u00e9chage, num\u00e9rotation de rayonnages)<\/p>\n<\/li>\n<li data-start=\"2031\" data-end=\"2124\" class=\"\">\n<p data-start=\"2033\" data-end=\"2124\" class=\"\"><strong data-start=\"2033\" data-end=\"2063\">Les panneaux d&#8217;information<\/strong> adapt\u00e9s \u00e0 votre activit\u00e9 et \u00e0 vos obligations r\u00e9glementaires<\/p>\n<\/li>\n<\/ul>\n<p data-start=\"2126\" data-end=\"2313\" class=\"\">Nous utilisons des <strong data-start=\"2145\" data-end=\"2187\">peintures et adh\u00e9sifs haute r\u00e9sistance<\/strong> adapt\u00e9s aux sols industriels, pour garantir une durabilit\u00e9 m\u00eame en zones tr\u00e8s fr\u00e9quent\u00e9es ou soumises au passage de machines.<\/p>\n<h4 data-start=\"2315\" data-end=\"2384\" class=\"\">Une expertise locale pour vos entrep\u00f4ts dans les Alpes-Maritimes<\/h4>\n<p data-start=\"2386\" data-end=\"2721\" class=\"\">Bas\u00e9e \u00e0 Nice, <strong data-start=\"2400\" data-end=\"2420\"><a href=\"https:\/\/tracage-solution.fr\/?page_id=16\">Tracage<\/a> Solution<\/strong> intervient rapidement sur tout le 06 pour r\u00e9pondre aux besoins des professionnels : plateformes logistiques, PME, concessions automobiles, ateliers, zones industrielles, etc. Nous r\u00e9alisons une \u00e9tude personnalis\u00e9e de vos espaces, avec conseil, conception graphique si besoin, et r\u00e9alisation compl\u00e8te.<\/p>\n<p>[\/et_pb_text][\/et_pb_column][et_pb_column type=&#8221;1_2&#8243; _builder_version=&#8221;4.16&#8243; custom_padding=&#8221;|||&#8221; global_colors_info=&#8221;{}&#8221; custom_padding__hover=&#8221;|||&#8221;][et_pb_text quote_border_weight=&#8221;0px&#8221; _builder_version=&#8221;4.16&#8243; text_font=&#8221;||||||||&#8221; text_font_size=&#8221;18px&#8221; text_line_height=&#8221;1.8em&#8221; quote_font=&#8221;|700|on||||||&#8221; quote_text_align=&#8221;right&#8221; quote_text_color=&#8221;#31d190&#8243; quote_font_size=&#8221;24px&#8221; custom_margin=&#8221;-24px|-30px|60px|||&#8221; custom_padding=&#8221;|30px||&#8221; text_font_size_tablet=&#8221;16px&#8221; text_font_size_phone=&#8221;14px&#8221; text_font_size_last_edited=&#8221;on|phone&#8221; text_line_height_tablet=&#8221;1.8em&#8221; text_line_height_phone=&#8221;1.7em&#8221; text_line_height_last_edited=&#8221;off|phone&#8221; border_color_all=&#8221;#000000&#8243; border_width_right=&#8221;8px&#8221; locked=&#8221;off&#8221; global_colors_info=&#8221;{}&#8221;]<\/p>\n<blockquote>\n<p data-start=\"2776\" data-end=\"3085\" class=\"\">Que vous soyez dans la phase de cr\u00e9ation, de r\u00e9am\u00e9nagement ou de mise en conformit\u00e9, la <strong data-start=\"2864\" data-end=\"2896\">signal\u00e9tique entrep\u00f4t \u00e0 Nice<\/strong> est un levier de performance et de s\u00e9curit\u00e9 \u00e0 ne pas n\u00e9gliger. Faites confiance \u00e0 <strong data-start=\"2979\" data-end=\"2999\">Tracage Solution<\/strong>, votre partenaire local expert du marquage au sol et de la signal\u00e9tique industrielle.<\/p>\n<p data-start=\"3087\" data-end=\"3243\" class=\"\">\ud83d\udcde Contactez-nous d\u00e8s aujourd\u2019hui pour un <strong data-start=\"3129\" data-end=\"3146\">devis gratuit<\/strong> et une <strong data-start=\"3154\" data-end=\"3177\">intervention rapide<\/strong> dans votre entrep\u00f4t \u00e0 Nice ou sur l\u2019ensemble des Alpes-Maritimes.<\/p>\n<\/blockquote>\n<p>[\/et_pb_text][\/et_pb_column][\/et_pb_row][\/et_pb_section][et_pb_section fb_built=&#8221;1&#8243; admin_label=&#8221;Testimonials&#8221; _builder_version=&#8221;4.16&#8243; custom_padding=&#8221;0px||100px|||&#8221; global_colors_info=&#8221;{}&#8221;][et_pb_row _builder_version=&#8221;4.27.4&#8243; _module_preset=&#8221;default&#8221; column_structure=&#8221;1_3,1_3,1_3&#8243;][et_pb_column _builder_version=&#8221;4.27.4&#8243; _module_preset=&#8221;default&#8221; type=&#8221;1_3&#8243;][et_pb_image src=&#8221;https:\/\/tracage-solution.fr\/wp-content\/uploads\/2025\/10\/thumbnail_IMG_5577.jpg&#8221; _builder_version=&#8221;4.27.4&#8243; _module_preset=&#8221;default&#8221; title_text=&#8221;thumbnail_IMG_5577&#8243; hover_enabled=&#8221;0&#8243; sticky_enabled=&#8221;0&#8243;][\/et_pb_image][\/et_pb_column][et_pb_column _builder_version=&#8221;4.27.4&#8243; _module_preset=&#8221;default&#8221; type=&#8221;1_3&#8243;][et_pb_image src=&#8221;https:\/\/tracage-solution.fr\/wp-content\/uploads\/2025\/10\/thumbnail_IMG_4800-1.jpg&#8221; _builder_version=&#8221;4.27.4&#8243; _module_preset=&#8221;default&#8221; title_text=&#8221;thumbnail_IMG_4800 (1)&#8221; hover_enabled=&#8221;0&#8243; sticky_enabled=&#8221;0&#8243;][\/et_pb_image][\/et_pb_column][et_pb_column _builder_version=&#8221;4.27.4&#8243; _module_preset=&#8221;default&#8221; type=&#8221;1_3&#8243;][et_pb_image src=&#8221;https:\/\/tracage-solution.fr\/wp-content\/uploads\/2025\/10\/thumbnail_IMG_4399.jpg&#8221; _builder_version=&#8221;4.27.4&#8243; _module_preset=&#8221;default&#8221; title_text=&#8221;thumbnail_IMG_4399&#8243; hover_enabled=&#8221;0&#8243; sticky_enabled=&#8221;0&#8243;][\/et_pb_image][\/et_pb_column][\/et_pb_row][\/et_pb_section]<\/p>\n","protected":false},"excerpt":{"rendered":"<p>Signal\u00e9tique entrep\u00f4t signal\u00e9tique entrep\u00f4t Nice Carros Mougins Grasse &#8211; La signal\u00e9tique en entrep\u00f4t est un \u00e9l\u00e9ment fondamental pour garantir la s\u00e9curit\u00e9 des personnes, am\u00e9liorer la productivit\u00e9 et assurer une bonne circulation au sein des zones de stockage. Chez Tracage Solution, sp\u00e9cialiste du marquage et de la signal\u00e9tique industrielle \u00e0 Nice et dans les Alpes-Maritimes, nous [&hellip;]<\/p>\n","protected":false},"author":1,"featured_media":0,"parent":0,"menu_order":0,"comment_status":"closed","ping_status":"closed","template":"","meta":{"_et_pb_use_builder":"on","_et_pb_old_content":"<!-- wp:divi\/placeholder \/-->","_et_gb_content_width":"","footnotes":""},"class_list":["post-14","page","type-page","status-publish","hentry"],"yoast_head":"<!-- This site is optimized with the Yoast SEO plugin v27.6 - https:\/\/yoast.com\/product\/yoast-seo-wordpress\/ -->\n<title>signal\u00e9tique entrep\u00f4t Nice Carros Mougins Grasse<\/title>\n<meta name=\"description\" content=\"signal\u00e9tique entrep\u00f4t Nice Carros Mougins Grasse, panneaux , signal\u00e9tique obligatoire, signal\u00e9tique de s\u00e9curit\u00e9, Monaco Antibes Cannes\" \/>\n<meta name=\"robots\" content=\"index, follow, max-snippet:-1, max-image-preview:large, max-video-preview:-1\" \/>\n<link rel=\"canonical\" href=\"https:\/\/tracage-solution.fr\/?page_id=14\" \/>\n<meta property=\"og:locale\" content=\"en_US\" \/>\n<meta property=\"og:type\" content=\"article\" \/>\n<meta property=\"og:title\" content=\"signal\u00e9tique entrep\u00f4t Nice Carros Mougins Grasse\" \/>\n<meta property=\"og:description\" content=\"signal\u00e9tique entrep\u00f4t Nice Carros Mougins Grasse, panneaux , signal\u00e9tique obligatoire, signal\u00e9tique de s\u00e9curit\u00e9, Monaco Antibes Cannes\" \/>\n<meta property=\"og:url\" content=\"https:\/\/tracage-solution.fr\/?page_id=14\" \/>\n<meta property=\"og:site_name\" content=\"Tracage Solution\" \/>\n<meta property=\"article:modified_time\" content=\"2025-10-06T17:05:22+00:00\" \/>\n<meta name=\"twitter:card\" content=\"summary_large_image\" \/>\n<meta name=\"twitter:label1\" content=\"Est. reading time\" \/>\n\t<meta name=\"twitter:data1\" content=\"3 minutes\" \/>\n<script type=\"application\/ld+json\" class=\"yoast-schema-graph\">{\"@context\":\"https:\\\/\\\/schema.org\",\"@graph\":[{\"@type\":\"WebPage\",\"@id\":\"https:\\\/\\\/tracage-solution.fr\\\/?page_id=14\",\"url\":\"https:\\\/\\\/tracage-solution.fr\\\/?page_id=14\",\"name\":\"signal\u00e9tique entrep\u00f4t Nice Carros Mougins Grasse\",\"isPartOf\":{\"@id\":\"https:\\\/\\\/tracage-solution.fr\\\/#website\"},\"datePublished\":\"2025-04-06T18:20:58+00:00\",\"dateModified\":\"2025-10-06T17:05:22+00:00\",\"description\":\"signal\u00e9tique entrep\u00f4t Nice Carros Mougins Grasse, panneaux , signal\u00e9tique obligatoire, signal\u00e9tique de s\u00e9curit\u00e9, Monaco Antibes Cannes\",\"breadcrumb\":{\"@id\":\"https:\\\/\\\/tracage-solution.fr\\\/?page_id=14#breadcrumb\"},\"inLanguage\":\"en-US\",\"potentialAction\":[{\"@type\":\"ReadAction\",\"target\":[\"https:\\\/\\\/tracage-solution.fr\\\/?page_id=14\"]}]},{\"@type\":\"BreadcrumbList\",\"@id\":\"https:\\\/\\\/tracage-solution.fr\\\/?page_id=14#breadcrumb\",\"itemListElement\":[{\"@type\":\"ListItem\",\"position\":1,\"name\":\"Accueil\",\"item\":\"https:\\\/\\\/tracage-solution.fr\\\/\"},{\"@type\":\"ListItem\",\"position\":2,\"name\":\"Signal\u00e9tique entrep\u00f4t\"}]},{\"@type\":\"WebSite\",\"@id\":\"https:\\\/\\\/tracage-solution.fr\\\/#website\",\"url\":\"https:\\\/\\\/tracage-solution.fr\\\/\",\"name\":\"Tracage Solution\",\"description\":\"Tracage solution Nice \",\"potentialAction\":[{\"@type\":\"SearchAction\",\"target\":{\"@type\":\"EntryPoint\",\"urlTemplate\":\"https:\\\/\\\/tracage-solution.fr\\\/?s={search_term_string}\"},\"query-input\":{\"@type\":\"PropertyValueSpecification\",\"valueRequired\":true,\"valueName\":\"search_term_string\"}}],\"inLanguage\":\"en-US\"}]}<\/script>\n<!-- \/ Yoast SEO plugin. -->","yoast_head_json":{"title":"signal\u00e9tique entrep\u00f4t Nice Carros Mougins Grasse","description":"signal\u00e9tique entrep\u00f4t Nice Carros Mougins Grasse, panneaux , signal\u00e9tique obligatoire, signal\u00e9tique de s\u00e9curit\u00e9, Monaco Antibes Cannes","robots":{"index":"index","follow":"follow","max-snippet":"max-snippet:-1","max-image-preview":"max-image-preview:large","max-video-preview":"max-video-preview:-1"},"canonical":"https:\/\/tracage-solution.fr\/?page_id=14","og_locale":"en_US","og_type":"article","og_title":"signal\u00e9tique entrep\u00f4t Nice Carros Mougins Grasse","og_description":"signal\u00e9tique entrep\u00f4t Nice Carros Mougins Grasse, panneaux , signal\u00e9tique obligatoire, signal\u00e9tique de s\u00e9curit\u00e9, Monaco Antibes Cannes","og_url":"https:\/\/tracage-solution.fr\/?page_id=14","og_site_name":"Tracage Solution","article_modified_time":"2025-10-06T17:05:22+00:00","twitter_card":"summary_large_image","twitter_misc":{"Est. reading time":"3 minutes"},"schema":{"@context":"https:\/\/schema.org","@graph":[{"@type":"WebPage","@id":"https:\/\/tracage-solution.fr\/?page_id=14","url":"https:\/\/tracage-solution.fr\/?page_id=14","name":"signal\u00e9tique entrep\u00f4t Nice Carros Mougins Grasse","isPartOf":{"@id":"https:\/\/tracage-solution.fr\/#website"},"datePublished":"2025-04-06T18:20:58+00:00","dateModified":"2025-10-06T17:05:22+00:00","description":"signal\u00e9tique entrep\u00f4t Nice Carros Mougins Grasse, panneaux , signal\u00e9tique obligatoire, signal\u00e9tique de s\u00e9curit\u00e9, Monaco Antibes Cannes","breadcrumb":{"@id":"https:\/\/tracage-solution.fr\/?page_id=14#breadcrumb"},"inLanguage":"en-US","potentialAction":[{"@type":"ReadAction","target":["https:\/\/tracage-solution.fr\/?page_id=14"]}]},{"@type":"BreadcrumbList","@id":"https:\/\/tracage-solution.fr\/?page_id=14#breadcrumb","itemListElement":[{"@type":"ListItem","position":1,"name":"Accueil","item":"https:\/\/tracage-solution.fr\/"},{"@type":"ListItem","position":2,"name":"Signal\u00e9tique entrep\u00f4t"}]},{"@type":"WebSite","@id":"https:\/\/tracage-solution.fr\/#website","url":"https:\/\/tracage-solution.fr\/","name":"Tracage Solution","description":"Tracage solution Nice ","potentialAction":[{"@type":"SearchAction","target":{"@type":"EntryPoint","urlTemplate":"https:\/\/tracage-solution.fr\/?s={search_term_string}"},"query-input":{"@type":"PropertyValueSpecification","valueRequired":true,"valueName":"search_term_string"}}],"inLanguage":"en-US"}]}},"_links":{"self":[{"href":"https:\/\/tracage-solution.fr\/index.php?rest_route=\/wp\/v2\/pages\/14","targetHints":{"allow":["GET"]}}],"collection":[{"href":"https:\/\/tracage-solution.fr\/index.php?rest_route=\/wp\/v2\/pages"}],"about":[{"href":"https:\/\/tracage-solution.fr\/index.php?rest_route=\/wp\/v2\/types\/page"}],"author":[{"embeddable":true,"href":"https:\/\/tracage-solution.fr\/index.php?rest_route=\/wp\/v2\/users\/1"}],"replies":[{"embeddable":true,"href":"https:\/\/tracage-solution.fr\/index.php?rest_route=%2Fwp%2Fv2%2Fcomments&post=14"}],"version-history":[{"count":8,"href":"https:\/\/tracage-solution.fr\/index.php?rest_route=\/wp\/v2\/pages\/14\/revisions"}],"predecessor-version":[{"id":1223,"href":"https:\/\/tracage-solution.fr\/index.php?rest_route=\/wp\/v2\/pages\/14\/revisions\/1223"}],"wp:attachment":[{"href":"https:\/\/tracage-solution.fr\/index.php?rest_route=%2Fwp%2Fv2%2Fmedia&parent=14"}],"curies":[{"name":"wp","href":"https:\/\/api.w.org\/{rel}","templated":true}]}}