{"id":1240,"date":"2025-10-13T12:19:35","date_gmt":"2025-10-13T10:19:35","guid":{"rendered":"https:\/\/tracage-solution.fr\/?page_id=1240"},"modified":"2026-02-15T17:39:50","modified_gmt":"2026-02-15T16:39:50","slug":"revetements-peintures-de-sols-nice","status":"publish","type":"page","link":"https:\/\/tracage-solution.fr\/?page_id=1240","title":{"rendered":"Rev\u00eatements \/ peintures de sols"},"content":{"rendered":"<p>[et_pb_section fb_built=&#8221;1&#8243; admin_label=&#8221;Header&#8221; _builder_version=&#8221;4.16&#8243; use_background_color_gradient=&#8221;on&#8221; background_color_gradient_direction=&#8221;124deg&#8221; background_color_gradient_stops=&#8221;rgba(255,255,255,0.1) 30%|#31d190 90%&#8221; background_color_gradient_start=&#8221;rgba(255,255,255,0.1)&#8221; background_color_gradient_start_position=&#8221;30%&#8221; background_color_gradient_end=&#8221;#31d190&#8243; background_color_gradient_end_position=&#8221;90%&#8221; background_image=&#8221;https:\/\/tracage-solution.fr\/wp-content\/uploads\/2025\/04\/ebook-17-1.png&#8221; background_position=&#8221;bottom_center&#8221; custom_padding=&#8221;5vw||5vw||true|&#8221; border_color_all=&#8221;#31d190&#8243; border_width_left=&#8221;10px&#8221; global_colors_info=&#8221;{}&#8221;][et_pb_row column_structure=&#8221;1_2,1_2&#8243; use_custom_gutter=&#8221;on&#8221; gutter_width=&#8221;4&#8243; _builder_version=&#8221;4.27.4&#8243; background_size=&#8221;contain&#8221; background_position=&#8221;bottom_center&#8221; max_width=&#8221;1280px&#8221; global_colors_info=&#8221;{}&#8221;][et_pb_column type=&#8221;1_2&#8243; _builder_version=&#8221;4.16&#8243; custom_padding=&#8221;40px|||&#8221; custom_padding_tablet=&#8221;0vw|||&#8221; global_colors_info=&#8221;{}&#8221; custom_padding__hover=&#8221;|||&#8221;][et_pb_text _builder_version=&#8221;4.27.4&#8243; text_font=&#8221;||||||||&#8221; text_text_color=&#8221;#000000&#8243; text_font_size=&#8221;15px&#8221; text_line_height=&#8221;1.8em&#8221; header_font=&#8221;Montserrat|800||on|||||&#8221; header_text_color=&#8221;#000000&#8243; header_font_size=&#8221;1.8vw&#8221; header_line_height=&#8221;1.1em&#8221; custom_margin=&#8221;||30px|||&#8221; text_font_size_tablet=&#8221;16px&#8221; text_font_size_phone=&#8221;14px&#8221; text_font_size_last_edited=&#8221;on|phone&#8221; text_line_height_tablet=&#8221;1.8em&#8221; text_line_height_phone=&#8221;1.7em&#8221; text_line_height_last_edited=&#8221;off|phone&#8221; header_font_size_tablet=&#8221;8vw&#8221; header_font_size_phone=&#8221;10vw&#8221; header_font_size_last_edited=&#8221;on|phone&#8221; global_colors_info=&#8221;{}&#8221;]<\/p>\n<h1>Rev\u00eatements et peintures de sols professionnels &#8211; Nice<\/h1>\n<h4 data-start=\"618\" data-end=\"699\"><strong data-start=\"623\" data-end=\"699\">Des sols durables, visibles et s\u00e9curis\u00e9s pour vos espaces professionnels<\/strong><\/h4>\n<p data-start=\"701\" data-end=\"1067\">Chez <strong data-start=\"706\" data-end=\"726\">Tra\u00e7age Solution<\/strong>, nous mettons notre savoir-faire au service des <strong data-start=\"775\" data-end=\"816\">entreprises, syndics et collectivit\u00e9s<\/strong> pour la <strong data-start=\"825\" data-end=\"876\">r\u00e9alisation de peintures et rev\u00eatements de sols<\/strong> adapt\u00e9s \u00e0 chaque environnement.<br data-start=\"908\" data-end=\"911\" \/>Nos prestations allient <strong data-start=\"935\" data-end=\"973\">r\u00e9sistance, esth\u00e9tisme et s\u00e9curit\u00e9<\/strong>, que ce soit pour un <strong data-start=\"995\" data-end=\"1037\">parking int\u00e9rieur, un garage collectif<\/strong> ou une <strong data-start=\"1045\" data-end=\"1064\">cage d\u2019escalier<\/strong>.<\/p>\n<p data-start=\"1069\" data-end=\"1202\">Bas\u00e9s dans le Sud de la France, nous intervenons sur tout le secteur <strong data-start=\"1138\" data-end=\"1201\">des Alpes-Maritimes, du Var, jusqu\u2019\u00e0 Perpignan et Marseille<\/strong>.<\/p>\n<p>[\/et_pb_text][et_pb_button button_url=&#8221;https:\/\/tracage-solution.fr\/?page_id=18&#8243; button_text=&#8221;Demande de devis&#8221; _builder_version=&#8221;4.27.4&#8243; custom_button=&#8221;on&#8221; button_text_size=&#8221;16px&#8221; button_text_color=&#8221;#ffffff&#8221; button_bg_color=&#8221;#31d190&#8243; button_border_width=&#8221;0px&#8221; button_border_radius=&#8221;0px&#8221; button_font=&#8221;Montserrat|700|||||||&#8221; button_use_icon=&#8221;off&#8221; custom_margin=&#8221;||16px&#8221; custom_padding=&#8221;18px|40px|18px|40px|true|true&#8221; global_colors_info=&#8221;{}&#8221;][\/et_pb_button][\/et_pb_column][et_pb_column type=&#8221;1_2&#8243; _builder_version=&#8221;4.16&#8243; custom_padding=&#8221;|||&#8221; global_colors_info=&#8221;{}&#8221; custom_padding__hover=&#8221;|||&#8221;][et_pb_image src=&#8221;https:\/\/tracage-solution.fr\/wp-content\/uploads\/2026\/02\/WNACYHOIUZD45OG5ADA7QEEM4A.jpg&#8221; title_text=&#8221;WNACYHOIUZD45OG5ADA7QEEM4A&#8221; _builder_version=&#8221;4.27.5&#8243; max_width=&#8221;480px&#8221; animation_direction=&#8221;bottom&#8221; hover_enabled=&#8221;0&#8243; box_shadow_style=&#8221;preset3&#8243; box_shadow_vertical=&#8221;40px&#8221; box_shadow_blur=&#8221;80px&#8221; box_shadow_spread=&#8221;-20px&#8221; box_shadow_color=&#8221;rgba(0,0,0,0.8)&#8221; always_center_on_mobile=&#8221;off&#8221; global_colors_info=&#8221;{}&#8221; sticky_enabled=&#8221;0&#8243;][\/et_pb_image][\/et_pb_column][\/et_pb_row][\/et_pb_section][et_pb_section fb_built=&#8221;1&#8243; admin_label=&#8221;About&#8221; _builder_version=&#8221;4.16&#8243; global_colors_info=&#8221;{}&#8221;][et_pb_row column_structure=&#8221;1_2,1_2&#8243; _builder_version=&#8221;4.16&#8243; global_colors_info=&#8221;{}&#8221;][et_pb_column type=&#8221;1_2&#8243; _builder_version=&#8221;4.16&#8243; custom_padding=&#8221;|||&#8221; global_colors_info=&#8221;{}&#8221; custom_padding__hover=&#8221;|||&#8221;][et_pb_image src=&#8221;https:\/\/tracage-solution.fr\/wp-content\/uploads\/2025\/04\/author-icon-01-4.png&#8221; title_text=&#8221;author-icon-01-4&#8243; _builder_version=&#8221;4.27.4&#8243; max_width=&#8221;400px&#8221; max_width_tablet=&#8221;&#8221; max_width_phone=&#8221;&#8221; max_width_last_edited=&#8221;on|tablet&#8221; module_alignment=&#8221;right&#8221; animation_direction=&#8221;bottom&#8221; always_center_on_mobile=&#8221;off&#8221; global_colors_info=&#8221;{}&#8221;][\/et_pb_image][et_pb_text _builder_version=&#8221;4.27.4&#8243; header_font=&#8221;||||||||&#8221; header_2_font=&#8221;Montserrat|800||on|||||&#8221; header_2_text_color=&#8221;#000000&#8243; header_2_font_size=&#8221;36px&#8221; header_2_line_height=&#8221;1.2em&#8221; max_width=&#8221;400px&#8221; max_width_tablet=&#8221;&#8221; max_width_phone=&#8221;&#8221; max_width_last_edited=&#8221;on|tablet&#8221; module_alignment=&#8221;right&#8221; header_2_font_size_tablet=&#8221;40px&#8221; header_2_font_size_phone=&#8221;25px&#8221; header_2_font_size_last_edited=&#8221;on|desktop&#8221; locked=&#8221;off&#8221; global_colors_info=&#8221;{}&#8221;]<\/p>\n<h2>Peinture solS<\/h2>\n<p>[\/et_pb_text][\/et_pb_column][et_pb_column type=&#8221;1_2&#8243; _builder_version=&#8221;4.16&#8243; custom_padding=&#8221;|||&#8221; global_colors_info=&#8221;{}&#8221; custom_padding__hover=&#8221;|||&#8221;][et_pb_text _builder_version=&#8221;4.16&#8243; text_font=&#8221;||||||||&#8221; text_font_size=&#8221;18px&#8221; text_line_height=&#8221;1.8em&#8221; text_orientation=&#8221;justified&#8221; text_font_size_tablet=&#8221;16px&#8221; text_font_size_phone=&#8221;14px&#8221; text_font_size_last_edited=&#8221;on|phone&#8221; text_line_height_tablet=&#8221;1.8em&#8221; text_line_height_phone=&#8221;1.7em&#8221; text_line_height_last_edited=&#8221;off|phone&#8221; locked=&#8221;off&#8221; global_colors_info=&#8221;{}&#8221;]<\/p>\n<h4 data-start=\"1209\" data-end=\"1261\"><strong data-start=\"1214\" data-end=\"1261\">Nos services de peinture et marquage au sol<\/strong><\/h4>\n<p data-start=\"1263\" data-end=\"1430\">Nous r\u00e9alisons tous types de <strong data-start=\"1292\" data-end=\"1339\">rev\u00eatements et peintures de sols techniques<\/strong>, avec des produits <strong data-start=\"1359\" data-end=\"1391\">adapt\u00e9s aux usages intensifs<\/strong> et aux <strong data-start=\"1399\" data-end=\"1426\">contraintes du b\u00e2timent<\/strong> :<\/p>\n<p data-start=\"1432\" data-end=\"1461\">\ud83d\ude97 <strong data-start=\"1435\" data-end=\"1459\">Marquage de parkings<\/strong><\/p>\n<ul data-start=\"1462\" data-end=\"1647\">\n<li data-start=\"1462\" data-end=\"1571\">\n<p data-start=\"1464\" data-end=\"1571\">Lignes de stationnement, fl\u00e8ches directionnelles, zones PMR, num\u00e9rotation, logos \u00e9lectriques ou r\u00e9serv\u00e9s.<\/p>\n<\/li>\n<li data-start=\"1572\" data-end=\"1647\">\n<p data-start=\"1574\" data-end=\"1647\">Peintures r\u00e9sistantes \u00e0 l\u2019abrasion, aux huiles et aux passages r\u00e9p\u00e9t\u00e9s.<\/p>\n<\/li>\n<\/ul>\n<p data-start=\"1649\" data-end=\"1704\">\ud83c\udfe2 <strong data-start=\"1652\" data-end=\"1702\">Peinture de cages d\u2019escalier et zones communes<\/strong><\/p>\n<ul data-start=\"1705\" data-end=\"1880\">\n<li data-start=\"1705\" data-end=\"1754\">\n<p data-start=\"1707\" data-end=\"1754\">Peinture antid\u00e9rapante et facile d\u2019entretien.<\/p>\n<\/li>\n<li data-start=\"1755\" data-end=\"1792\">\n<p data-start=\"1757\" data-end=\"1792\">Rep\u00e9rage visuel clair et durable.<\/p>\n<\/li>\n<li data-start=\"1793\" data-end=\"1880\">\n<p data-start=\"1795\" data-end=\"1880\">Possibilit\u00e9 d\u2019ajouter des <strong data-start=\"1821\" data-end=\"1843\">bandes de s\u00e9curit\u00e9<\/strong> ou de <strong data-start=\"1850\" data-end=\"1877\">signalisation lumineuse<\/strong>.<\/p>\n<\/li>\n<\/ul>\n<p data-start=\"1882\" data-end=\"1938\">\ud83c\udfe0 <strong data-start=\"1885\" data-end=\"1936\">Rev\u00eatements de garages priv\u00e9s et professionnels<\/strong><\/p>\n<ul data-start=\"1939\" data-end=\"2081\">\n<li data-start=\"1939\" data-end=\"2012\">\n<p data-start=\"1941\" data-end=\"2012\">Finition \u00e9poxy ou polyur\u00e9thane pour une surface solide et esth\u00e9tique.<\/p>\n<\/li>\n<li data-start=\"2013\" data-end=\"2081\">\n<p data-start=\"2015\" data-end=\"2081\">Protection contre les t\u00e2ches, frottements et produits chimiques.<\/p>\n<\/li>\n<\/ul>\n<hr data-start=\"2083\" data-end=\"2086\" \/>\n<h4 data-start=\"2088\" data-end=\"2140\"><strong data-start=\"2093\" data-end=\"2140\">Des solutions sur mesure pour chaque client<\/strong><\/h4>\n<p data-start=\"2142\" data-end=\"2354\">Chaque chantier est \u00e9tudi\u00e9 pour garantir un <strong data-start=\"2186\" data-end=\"2216\">r\u00e9sultat durable et soign\u00e9<\/strong>.<br data-start=\"2217\" data-end=\"2220\" \/>Notre \u00e9quipe vous conseille sur le <strong data-start=\"2255\" data-end=\"2308\">choix des produits, des couleurs et des finitions<\/strong>, selon l\u2019usage du lieu et le trafic au sol.<\/p>\n<p data-start=\"2356\" data-end=\"2510\">Nous privil\u00e9gions des <strong data-start=\"2378\" data-end=\"2428\">peintures professionnelles hautes performances<\/strong>, respectueuses de l\u2019environnement et adapt\u00e9es aux sols b\u00e9ton, bitume ou r\u00e9sine.<\/p>\n<p data-start=\"2605\" data-end=\"2647\" class=\"\">\n<p>[\/et_pb_text][\/et_pb_column][\/et_pb_row][\/et_pb_section][et_pb_section fb_built=&#8221;1&#8243; bg_img_1=&#8221;https:\/\/tracage-solution.fr\/wp-content\/uploads\/2025\/04\/ebook-03.png&#8221; background_size_1=&#8221;contain&#8221; background_repeat_1=&#8221;no-repeat&#8221; background_position_1=&#8221;center_left&#8221; admin_label=&#8221;Products&#8221; _builder_version=&#8221;4.16&#8243; background_image=&#8221;https:\/\/tracage-solution.fr\/wp-content\/uploads\/2025\/04\/ebook-03.png&#8221; background_size=&#8221;contain&#8221; background_position=&#8221;top_left&#8221; global_colors_info=&#8221;{}&#8221;][et_pb_row column_structure=&#8221;1_3,1_3,1_3&#8243; _builder_version=&#8221;4.27.4&#8243; _module_preset=&#8221;default&#8221; global_colors_info=&#8221;{}&#8221;][et_pb_column type=&#8221;1_3&#8243; _builder_version=&#8221;4.27.4&#8243; _module_preset=&#8221;default&#8221; global_colors_info=&#8221;{}&#8221;][et_pb_image src=&#8221;https:\/\/tracage-solution.fr\/wp-content\/uploads\/2025\/09\/WhatsApp-Image-2025-09-26-at-13.55.42-1.jpeg&#8221; title_text=&#8221;WhatsApp Image 2025-09-26 at 13.55.42 (1)&#8221; _builder_version=&#8221;4.27.4&#8243; _module_preset=&#8221;default&#8221; global_colors_info=&#8221;{}&#8221;][\/et_pb_image][\/et_pb_column][et_pb_column type=&#8221;1_3&#8243; _builder_version=&#8221;4.27.4&#8243; _module_preset=&#8221;default&#8221; global_colors_info=&#8221;{}&#8221;][et_pb_image src=&#8221;https:\/\/tracage-solution.fr\/wp-content\/uploads\/2025\/09\/WhatsApp-Image-2025-09-26-at-13.55.42.jpeg&#8221; title_text=&#8221;WhatsApp Image 2025-09-26 at 13.55.42&#8243; _builder_version=&#8221;4.27.4&#8243; _module_preset=&#8221;default&#8221; global_colors_info=&#8221;{}&#8221;][\/et_pb_image][\/et_pb_column][et_pb_column type=&#8221;1_3&#8243; _builder_version=&#8221;4.27.4&#8243; _module_preset=&#8221;default&#8221; global_colors_info=&#8221;{}&#8221;][et_pb_image src=&#8221;https:\/\/tracage-solution.fr\/wp-content\/uploads\/2025\/09\/WhatsApp-Image-2025-09-26-at-13.55.42-2.jpeg&#8221; title_text=&#8221;WhatsApp Image 2025-09-26 at 13.55.42 (2)&#8221; _builder_version=&#8221;4.27.4&#8243; _module_preset=&#8221;default&#8221; global_colors_info=&#8221;{}&#8221;][\/et_pb_image][\/et_pb_column][\/et_pb_row][\/et_pb_section]<\/p>\n","protected":false},"excerpt":{"rendered":"<p>Rev\u00eatements et peintures de sols professionnels &#8211; Nice Des sols durables, visibles et s\u00e9curis\u00e9s pour vos espaces professionnels Chez Tra\u00e7age Solution, nous mettons notre savoir-faire au service des entreprises, syndics et collectivit\u00e9s pour la r\u00e9alisation de peintures et rev\u00eatements de sols adapt\u00e9s \u00e0 chaque environnement.Nos prestations allient r\u00e9sistance, esth\u00e9tisme et s\u00e9curit\u00e9, que ce soit pour [&hellip;]<\/p>\n","protected":false},"author":1,"featured_media":0,"parent":0,"menu_order":0,"comment_status":"closed","ping_status":"closed","template":"","meta":{"_et_pb_use_builder":"on","_et_pb_old_content":"<!-- wp:divi\/placeholder \/-->","_et_gb_content_width":"","footnotes":""},"class_list":["post-1240","page","type-page","status-publish","hentry"],"yoast_head":"<!-- This site is optimized with the Yoast SEO plugin v27.4 - https:\/\/yoast.com\/product\/yoast-seo-wordpress\/ -->\n<title>Rev\u00eatements \/ peintures de sols Nice<\/title>\n<meta name=\"description\" content=\"Rev\u00eatements \/ peintures de sols Nice sp\u00e9cialiste du marquage au sol parking, garage, cagnes d&#039;escalier, mur Cagnes sur Mer Monaco, Antibes\" \/>\n<meta name=\"robots\" content=\"index, follow, max-snippet:-1, max-image-preview:large, max-video-preview:-1\" \/>\n<link rel=\"canonical\" href=\"https:\/\/tracage-solution.fr\/?page_id=1240\" \/>\n<meta property=\"og:locale\" content=\"en_US\" \/>\n<meta property=\"og:type\" content=\"article\" \/>\n<meta property=\"og:title\" content=\"Rev\u00eatements \/ peintures de sols Nice\" \/>\n<meta property=\"og:description\" content=\"Rev\u00eatements \/ peintures de sols Nice sp\u00e9cialiste du marquage au sol parking, garage, cagnes d&#039;escalier, mur Cagnes sur Mer Monaco, Antibes\" \/>\n<meta property=\"og:url\" content=\"https:\/\/tracage-solution.fr\/?page_id=1240\" \/>\n<meta property=\"og:site_name\" content=\"Tracage Solution\" \/>\n<meta property=\"article:modified_time\" content=\"2026-02-15T16:39:50+00:00\" \/>\n<meta name=\"twitter:card\" content=\"summary_large_image\" \/>\n<meta name=\"twitter:label1\" content=\"Est. reading time\" \/>\n\t<meta name=\"twitter:data1\" content=\"3 minutes\" \/>\n<script type=\"application\/ld+json\" class=\"yoast-schema-graph\">{\"@context\":\"https:\\\/\\\/schema.org\",\"@graph\":[{\"@type\":\"WebPage\",\"@id\":\"https:\\\/\\\/tracage-solution.fr\\\/?page_id=1240\",\"url\":\"https:\\\/\\\/tracage-solution.fr\\\/?page_id=1240\",\"name\":\"Rev\u00eatements \\\/ peintures de sols Nice\",\"isPartOf\":{\"@id\":\"https:\\\/\\\/tracage-solution.fr\\\/#website\"},\"datePublished\":\"2025-10-13T10:19:35+00:00\",\"dateModified\":\"2026-02-15T16:39:50+00:00\",\"description\":\"Rev\u00eatements \\\/ peintures de sols Nice sp\u00e9cialiste du marquage au sol parking, garage, cagnes d'escalier, mur Cagnes sur Mer Monaco, Antibes\",\"breadcrumb\":{\"@id\":\"https:\\\/\\\/tracage-solution.fr\\\/?page_id=1240#breadcrumb\"},\"inLanguage\":\"en-US\",\"potentialAction\":[{\"@type\":\"ReadAction\",\"target\":[\"https:\\\/\\\/tracage-solution.fr\\\/?page_id=1240\"]}]},{\"@type\":\"BreadcrumbList\",\"@id\":\"https:\\\/\\\/tracage-solution.fr\\\/?page_id=1240#breadcrumb\",\"itemListElement\":[{\"@type\":\"ListItem\",\"position\":1,\"name\":\"Accueil\",\"item\":\"https:\\\/\\\/tracage-solution.fr\\\/\"},{\"@type\":\"ListItem\",\"position\":2,\"name\":\"Rev\u00eatements \\\/ peintures de sols\"}]},{\"@type\":\"WebSite\",\"@id\":\"https:\\\/\\\/tracage-solution.fr\\\/#website\",\"url\":\"https:\\\/\\\/tracage-solution.fr\\\/\",\"name\":\"Tracage Solution\",\"description\":\"Tracage solution Nice \",\"potentialAction\":[{\"@type\":\"SearchAction\",\"target\":{\"@type\":\"EntryPoint\",\"urlTemplate\":\"https:\\\/\\\/tracage-solution.fr\\\/?s={search_term_string}\"},\"query-input\":{\"@type\":\"PropertyValueSpecification\",\"valueRequired\":true,\"valueName\":\"search_term_string\"}}],\"inLanguage\":\"en-US\"}]}<\/script>\n<!-- \/ Yoast SEO plugin. -->","yoast_head_json":{"title":"Rev\u00eatements \/ peintures de sols Nice","description":"Rev\u00eatements \/ peintures de sols Nice sp\u00e9cialiste du marquage au sol parking, garage, cagnes d'escalier, mur Cagnes sur Mer Monaco, Antibes","robots":{"index":"index","follow":"follow","max-snippet":"max-snippet:-1","max-image-preview":"max-image-preview:large","max-video-preview":"max-video-preview:-1"},"canonical":"https:\/\/tracage-solution.fr\/?page_id=1240","og_locale":"en_US","og_type":"article","og_title":"Rev\u00eatements \/ peintures de sols Nice","og_description":"Rev\u00eatements \/ peintures de sols Nice sp\u00e9cialiste du marquage au sol parking, garage, cagnes d'escalier, mur Cagnes sur Mer Monaco, Antibes","og_url":"https:\/\/tracage-solution.fr\/?page_id=1240","og_site_name":"Tracage Solution","article_modified_time":"2026-02-15T16:39:50+00:00","twitter_card":"summary_large_image","twitter_misc":{"Est. reading time":"3 minutes"},"schema":{"@context":"https:\/\/schema.org","@graph":[{"@type":"WebPage","@id":"https:\/\/tracage-solution.fr\/?page_id=1240","url":"https:\/\/tracage-solution.fr\/?page_id=1240","name":"Rev\u00eatements \/ peintures de sols Nice","isPartOf":{"@id":"https:\/\/tracage-solution.fr\/#website"},"datePublished":"2025-10-13T10:19:35+00:00","dateModified":"2026-02-15T16:39:50+00:00","description":"Rev\u00eatements \/ peintures de sols Nice sp\u00e9cialiste du marquage au sol parking, garage, cagnes d'escalier, mur Cagnes sur Mer Monaco, Antibes","breadcrumb":{"@id":"https:\/\/tracage-solution.fr\/?page_id=1240#breadcrumb"},"inLanguage":"en-US","potentialAction":[{"@type":"ReadAction","target":["https:\/\/tracage-solution.fr\/?page_id=1240"]}]},{"@type":"BreadcrumbList","@id":"https:\/\/tracage-solution.fr\/?page_id=1240#breadcrumb","itemListElement":[{"@type":"ListItem","position":1,"name":"Accueil","item":"https:\/\/tracage-solution.fr\/"},{"@type":"ListItem","position":2,"name":"Rev\u00eatements \/ peintures de sols"}]},{"@type":"WebSite","@id":"https:\/\/tracage-solution.fr\/#website","url":"https:\/\/tracage-solution.fr\/","name":"Tracage Solution","description":"Tracage solution Nice ","potentialAction":[{"@type":"SearchAction","target":{"@type":"EntryPoint","urlTemplate":"https:\/\/tracage-solution.fr\/?s={search_term_string}"},"query-input":{"@type":"PropertyValueSpecification","valueRequired":true,"valueName":"search_term_string"}}],"inLanguage":"en-US"}]}},"_links":{"self":[{"href":"https:\/\/tracage-solution.fr\/index.php?rest_route=\/wp\/v2\/pages\/1240","targetHints":{"allow":["GET"]}}],"collection":[{"href":"https:\/\/tracage-solution.fr\/index.php?rest_route=\/wp\/v2\/pages"}],"about":[{"href":"https:\/\/tracage-solution.fr\/index.php?rest_route=\/wp\/v2\/types\/page"}],"author":[{"embeddable":true,"href":"https:\/\/tracage-solution.fr\/index.php?rest_route=\/wp\/v2\/users\/1"}],"replies":[{"embeddable":true,"href":"https:\/\/tracage-solution.fr\/index.php?rest_route=%2Fwp%2Fv2%2Fcomments&post=1240"}],"version-history":[{"count":5,"href":"https:\/\/tracage-solution.fr\/index.php?rest_route=\/wp\/v2\/pages\/1240\/revisions"}],"predecessor-version":[{"id":1398,"href":"https:\/\/tracage-solution.fr\/index.php?rest_route=\/wp\/v2\/pages\/1240\/revisions\/1398"}],"wp:attachment":[{"href":"https:\/\/tracage-solution.fr\/index.php?rest_route=%2Fwp%2Fv2%2Fmedia&parent=1240"}],"curies":[{"name":"wp","href":"https:\/\/api.w.org\/{rel}","templated":true}]}}