{"id":1224,"date":"2025-10-06T19:06:41","date_gmt":"2025-10-06T17:06:41","guid":{"rendered":"https:\/\/tracage-solution.fr\/?page_id=1224"},"modified":"2025-10-06T19:12:13","modified_gmt":"2025-10-06T17:12:13","slug":"installation-de-mobilier-urbain-nice","status":"publish","type":"page","link":"https:\/\/tracage-solution.fr\/?page_id=1224","title":{"rendered":"Installation de mobilier urbain"},"content":{"rendered":"\n[et_pb_section fb_built=&#8221;1&#8243; admin_label=&#8221;Header&#8221; _builder_version=&#8221;4.16&#8243; use_background_color_gradient=&#8221;on&#8221; background_color_gradient_direction=&#8221;124deg&#8221; background_color_gradient_stops=&#8221;rgba(255,255,255,0.1) 30%|#31d190 90%&#8221; background_color_gradient_start=&#8221;rgba(255,255,255,0.1)&#8221; background_color_gradient_start_position=&#8221;30%&#8221; background_color_gradient_end=&#8221;#31d190&#8243; background_color_gradient_end_position=&#8221;90%&#8221; background_image=&#8221;https:\/\/tracage-solution.fr\/wp-content\/uploads\/2025\/04\/ebook-17-1.png&#8221; background_position=&#8221;bottom_center&#8221; custom_padding=&#8221;5vw||5vw||true|&#8221; border_color_all=&#8221;#31d190&#8243; border_width_left=&#8221;10px&#8221; global_colors_info=&#8221;{}&#8221; theme_builder_area=&#8221;post_content&#8221;][et_pb_row column_structure=&#8221;1_2,1_2&#8243; use_custom_gutter=&#8221;on&#8221; gutter_width=&#8221;4&#8243; _builder_version=&#8221;4.27.4&#8243; background_size=&#8221;contain&#8221; background_position=&#8221;bottom_center&#8221; max_width=&#8221;1280px&#8221; global_colors_info=&#8221;{}&#8221; theme_builder_area=&#8221;post_content&#8221;][et_pb_column type=&#8221;1_2&#8243; _builder_version=&#8221;4.16&#8243; custom_padding=&#8221;40px|||&#8221; custom_padding_tablet=&#8221;0vw|||&#8221; global_colors_info=&#8221;{}&#8221; custom_padding__hover=&#8221;|||&#8221; theme_builder_area=&#8221;post_content&#8221;][et_pb_text _builder_version=&#8221;4.27.4&#8243; text_font=&#8221;||||||||&#8221; text_text_color=&#8221;#000000&#8243; text_font_size=&#8221;15px&#8221; text_line_height=&#8221;1.8em&#8221; header_font=&#8221;Montserrat|800||on|||||&#8221; header_text_color=&#8221;#000000&#8243; header_font_size=&#8221;1.8vw&#8221; header_line_height=&#8221;1.1em&#8221; custom_margin=&#8221;||30px|||&#8221; text_font_size_tablet=&#8221;16px&#8221; text_font_size_phone=&#8221;14px&#8221; text_font_size_last_edited=&#8221;on|phone&#8221; text_line_height_tablet=&#8221;1.8em&#8221; text_line_height_phone=&#8221;1.7em&#8221; text_line_height_last_edited=&#8221;off|phone&#8221; header_font_size_tablet=&#8221;8vw&#8221; header_font_size_phone=&#8221;10vw&#8221; header_font_size_last_edited=&#8221;on|phone&#8221; global_colors_info=&#8221;{}&#8221; theme_builder_area=&#8221;post_content&#8221;]<h1>Installation de mobilier urbain dans les Alpes-Maritimes \u2013 Tra\u00e7age Solution<\/h1>\n<p data-start=\"227\" data-end=\"651\">Chez <strong data-start=\"334\" data-end=\"354\">Tra\u00e7age Solution<\/strong>, nous accompagnons les collectivit\u00e9s, entreprises et copropri\u00e9t\u00e9s dans l\u2019<strong data-start=\"428\" data-end=\"463\">installation de mobilier urbain<\/strong> durable, esth\u00e9tique et fonctionnel.<br data-start=\"499\" data-end=\"502\" \/>Bas\u00e9s \u00e0 <strong data-start=\"510\" data-end=\"518\">Nice<\/strong>, nous intervenons dans tout le d\u00e9partement des <strong data-start=\"566\" data-end=\"585\">Alpes-Maritimes<\/strong> et jusqu\u2019au <strong data-start=\"598\" data-end=\"605\">Var<\/strong>, pour l\u2019am\u00e9nagement complet des espaces ext\u00e9rieurs : parkings, zones pi\u00e9tonnes, parvis d\u2019immeubles, cours d\u2019entreprises et espaces publics.<\/p>[\/et_pb_text][et_pb_button button_url=&#8221;https:\/\/tracage-solution.fr\/?page_id=18&#8243; button_text=&#8221;Demande de devis&#8221; _builder_version=&#8221;4.27.4&#8243; custom_button=&#8221;on&#8221; button_text_size=&#8221;16px&#8221; button_text_color=&#8221;#ffffff&#8221; button_bg_color=&#8221;#31d190&#8243; button_border_width=&#8221;0px&#8221; button_border_radius=&#8221;0px&#8221; button_font=&#8221;Montserrat|700|||||||&#8221; button_use_icon=&#8221;off&#8221; custom_margin=&#8221;||16px&#8221; custom_padding=&#8221;18px|40px|18px|40px|true|true&#8221; global_colors_info=&#8221;{}&#8221; theme_builder_area=&#8221;post_content&#8221;][\/et_pb_button][\/et_pb_column][et_pb_column type=&#8221;1_2&#8243; _builder_version=&#8221;4.16&#8243; custom_padding=&#8221;|||&#8221; global_colors_info=&#8221;{}&#8221; custom_padding__hover=&#8221;|||&#8221; theme_builder_area=&#8221;post_content&#8221;][et_pb_image src=&#8221;https:\/\/tracage-solution.fr\/wp-content\/uploads\/2025\/10\/sifr_bps13_1_std.lang_.all_.jpg&#8221; title_text=&#8221;sifr_bps13_1_std.lang.all&#8221; _builder_version=&#8221;4.27.4&#8243; max_width=&#8221;480px&#8221; animation_direction=&#8221;bottom&#8221; hover_enabled=&#8221;0&#8243; box_shadow_style=&#8221;preset3&#8243; box_shadow_vertical=&#8221;40px&#8221; box_shadow_blur=&#8221;80px&#8221; box_shadow_spread=&#8221;-20px&#8221; box_shadow_color=&#8221;rgba(0,0,0,0.8)&#8221; always_center_on_mobile=&#8221;off&#8221; global_colors_info=&#8221;{}&#8221; theme_builder_area=&#8221;post_content&#8221; sticky_enabled=&#8221;0&#8243;][\/et_pb_image][\/et_pb_column][\/et_pb_row][\/et_pb_section][et_pb_section fb_built=&#8221;1&#8243; admin_label=&#8221;About&#8221; _builder_version=&#8221;4.16&#8243; global_colors_info=&#8221;{}&#8221; theme_builder_area=&#8221;post_content&#8221;][et_pb_row column_structure=&#8221;1_2,1_2&#8243; _builder_version=&#8221;4.16&#8243; global_colors_info=&#8221;{}&#8221; theme_builder_area=&#8221;post_content&#8221;][et_pb_column type=&#8221;1_2&#8243; _builder_version=&#8221;4.16&#8243; custom_padding=&#8221;|||&#8221; global_colors_info=&#8221;{}&#8221; custom_padding__hover=&#8221;|||&#8221; theme_builder_area=&#8221;post_content&#8221;][et_pb_image src=&#8221;https:\/\/tracage-solution.fr\/wp-content\/uploads\/2025\/04\/author-icon-01-4.png&#8221; title_text=&#8221;author-icon-01-4&#8243; _builder_version=&#8221;4.27.4&#8243; max_width=&#8221;400px&#8221; max_width_tablet=&#8221;&#8221; max_width_phone=&#8221;&#8221; max_width_last_edited=&#8221;on|tablet&#8221; module_alignment=&#8221;right&#8221; animation_direction=&#8221;bottom&#8221; always_center_on_mobile=&#8221;off&#8221; global_colors_info=&#8221;{}&#8221; theme_builder_area=&#8221;post_content&#8221;][\/et_pb_image][et_pb_text _builder_version=&#8221;4.27.4&#8243; header_font=&#8221;||||||||&#8221; header_2_font=&#8221;Montserrat|800||on|||||&#8221; header_2_text_color=&#8221;#000000&#8243; header_2_font_size=&#8221;36px&#8221; header_2_line_height=&#8221;1.2em&#8221; max_width=&#8221;400px&#8221; max_width_tablet=&#8221;&#8221; max_width_phone=&#8221;&#8221; max_width_last_edited=&#8221;on|tablet&#8221; module_alignment=&#8221;right&#8221; header_2_font_size_tablet=&#8221;40px&#8221; header_2_font_size_phone=&#8221;25px&#8221; header_2_font_size_last_edited=&#8221;on|desktop&#8221; locked=&#8221;off&#8221; global_colors_info=&#8221;{}&#8221; theme_builder_area=&#8221;post_content&#8221;]<h2>Signal\u00e9tique<\/h2>[\/et_pb_text][\/et_pb_column][et_pb_column type=&#8221;1_2&#8243; _builder_version=&#8221;4.16&#8243; custom_padding=&#8221;|||&#8221; global_colors_info=&#8221;{}&#8221; custom_padding__hover=&#8221;|||&#8221; theme_builder_area=&#8221;post_content&#8221;][et_pb_text _builder_version=&#8221;4.16&#8243; text_font=&#8221;||||||||&#8221; text_font_size=&#8221;18px&#8221; text_line_height=&#8221;1.8em&#8221; text_orientation=&#8221;justified&#8221; text_font_size_tablet=&#8221;16px&#8221; text_font_size_phone=&#8221;14px&#8221; text_font_size_last_edited=&#8221;on|phone&#8221; text_line_height_tablet=&#8221;1.8em&#8221; text_line_height_phone=&#8221;1.7em&#8221; text_line_height_last_edited=&#8221;off|phone&#8221; locked=&#8221;off&#8221; global_colors_info=&#8221;{}&#8221; theme_builder_area=&#8221;post_content&#8221;]<h3 data-start=\"752\" data-end=\"795\">\ud83c\udfd9\ufe0f Un am\u00e9nagement ext\u00e9rieur sur mesure<\/h3>\n<p data-start=\"797\" data-end=\"1017\">Le mobilier urbain joue un r\u00f4le essentiel dans la <strong data-start=\"847\" data-end=\"899\">s\u00e9curit\u00e9, le confort et la valorisation visuelle<\/strong> d\u2019un espace.<br data-start=\"912\" data-end=\"915\" \/>Chez <strong data-start=\"920\" data-end=\"940\">Tra\u00e7age Solution<\/strong>, nous proposons une large gamme d\u2019\u00e9quipements adapt\u00e9s \u00e0 tous les besoins :<\/p>\n<ul data-start=\"1018\" data-end=\"1431\">\n<li data-start=\"1018\" data-end=\"1127\">\n<p data-start=\"1020\" data-end=\"1127\"><strong data-start=\"1020\" data-end=\"1054\">Potelets et bornes de s\u00e9curit\u00e9<\/strong> pour d\u00e9limiter les zones pi\u00e9tonnes ou interdire l\u2019acc\u00e8s aux v\u00e9hicules,<\/p>\n<\/li>\n<li data-start=\"1128\" data-end=\"1216\">\n<p data-start=\"1130\" data-end=\"1216\"><strong data-start=\"1130\" data-end=\"1168\">Barri\u00e8res et arceaux de protection<\/strong> pour parkings, trottoirs et entr\u00e9es de sites,<\/p>\n<\/li>\n<li data-start=\"1217\" data-end=\"1282\">\n<p data-start=\"1219\" data-end=\"1282\"><strong data-start=\"1219\" data-end=\"1253\">Bancs, jardini\u00e8res, corbeilles<\/strong> et \u00e9quipements de confort,<\/p>\n<\/li>\n<li data-start=\"1283\" data-end=\"1349\">\n<p data-start=\"1285\" data-end=\"1349\"><strong data-start=\"1285\" data-end=\"1312\">Supports v\u00e9los et abris<\/strong> pour encourager la mobilit\u00e9 douce,<\/p>\n<\/li>\n<li data-start=\"1350\" data-end=\"1431\">\n<p data-start=\"1352\" data-end=\"1431\"><strong data-start=\"1352\" data-end=\"1388\">Panneaux directionnels et totems<\/strong> pour renforcer la signal\u00e9tique ext\u00e9rieure.<\/p>\n<\/li>\n<\/ul>\n<p data-start=\"1433\" data-end=\"1713\">Nos \u00e9quipes prennent en charge la <strong data-start=\"1467\" data-end=\"1484\">pose compl\u00e8te<\/strong> du mobilier, dans le respect des normes d\u2019urbanisme et de s\u00e9curit\u00e9. Chaque installation est pens\u00e9e pour <strong data-start=\"1589\" data-end=\"1642\">s\u2019int\u00e9grer harmonieusement dans son environnement<\/strong>, que ce soit en centre-ville, zone industrielle ou copropri\u00e9t\u00e9 priv\u00e9e.<\/p>\n<hr data-start=\"1715\" data-end=\"1718\" \/>\n<h3 data-start=\"1720\" data-end=\"1770\">\u2699\ufe0f Une installation professionnelle et durable<\/h3>\n<p data-start=\"1772\" data-end=\"2324\">Gr\u00e2ce \u00e0 notre exp\u00e9rience dans le <strong data-start=\"1805\" data-end=\"1824\">marquage au sol<\/strong> et la <strong data-start=\"1831\" data-end=\"1858\">signal\u00e9tique ext\u00e9rieure<\/strong>, nous ma\u00eetrisons parfaitement la <strong data-start=\"1892\" data-end=\"1963\">pr\u00e9paration des supports, la fixation au sol et l\u2019alignement pr\u00e9cis<\/strong> des \u00e9quipements.<br data-start=\"1980\" data-end=\"1983\" \/>Nous utilisons des mat\u00e9riaux r\u00e9sistants (acier galvanis\u00e9, inox, aluminium, bois trait\u00e9) con\u00e7us pour <strong data-start=\"2083\" data-end=\"2134\">r\u00e9sister aux intemp\u00e9ries et \u00e0 un usage intensif<\/strong>.<br data-start=\"2135\" data-end=\"2138\" \/>Chaque projet est pr\u00e9c\u00e9d\u00e9 d\u2019une <strong data-start=\"2170\" data-end=\"2198\">\u00e9tude technique sur site<\/strong>, afin d\u2019assurer une implantation optimale du mobilier et une parfaite coh\u00e9rence avec les circulations pi\u00e9tonnes et v\u00e9hicules.<\/p>\n<p data-start=\"2605\" data-end=\"2647\" class=\"\"><\/p>[\/et_pb_text][\/et_pb_column][\/et_pb_row][\/et_pb_section][et_pb_section fb_built=&#8221;1&#8243; bg_img_1=&#8221;https:\/\/tracage-solution.fr\/wp-content\/uploads\/2025\/04\/ebook-03.png&#8221; background_size_1=&#8221;contain&#8221; background_repeat_1=&#8221;no-repeat&#8221; background_position_1=&#8221;center_left&#8221; admin_label=&#8221;Products&#8221; _builder_version=&#8221;4.16&#8243; background_image=&#8221;https:\/\/tracage-solution.fr\/wp-content\/uploads\/2025\/04\/ebook-03.png&#8221; background_size=&#8221;contain&#8221; background_position=&#8221;top_left&#8221; global_colors_info=&#8221;{}&#8221; theme_builder_area=&#8221;post_content&#8221;][et_pb_row column_structure=&#8221;1_3,1_3,1_3&#8243; _builder_version=&#8221;4.27.4&#8243; _module_preset=&#8221;default&#8221; global_colors_info=&#8221;{}&#8221; theme_builder_area=&#8221;post_content&#8221;][et_pb_column type=&#8221;1_3&#8243; _builder_version=&#8221;4.27.4&#8243; _module_preset=&#8221;default&#8221; global_colors_info=&#8221;{}&#8221; theme_builder_area=&#8221;post_content&#8221;][et_pb_image src=&#8221;https:\/\/tracage-solution.fr\/wp-content\/uploads\/2025\/10\/sifr_10eza300_situ_1_std.lang_.all_.jpg&#8221; title_text=&#8221;sifr_10eza300_situ_1_std.lang.all&#8221; _builder_version=&#8221;4.27.4&#8243; _module_preset=&#8221;default&#8221; hover_enabled=&#8221;0&#8243; global_colors_info=&#8221;{}&#8221; theme_builder_area=&#8221;post_content&#8221; sticky_enabled=&#8221;0&#8243;][\/et_pb_image][\/et_pb_column][et_pb_column type=&#8221;1_3&#8243; _builder_version=&#8221;4.27.4&#8243; _module_preset=&#8221;default&#8221; global_colors_info=&#8221;{}&#8221; theme_builder_area=&#8221;post_content&#8221;][et_pb_image src=&#8221;https:\/\/tracage-solution.fr\/wp-content\/uploads\/2025\/10\/sifr_trot06po_9_std.lang_.all_.jpg&#8221; title_text=&#8221;sifr_trot06po_9_std.lang.all&#8221; _builder_version=&#8221;4.27.4&#8243; _module_preset=&#8221;default&#8221; hover_enabled=&#8221;0&#8243; global_colors_info=&#8221;{}&#8221; theme_builder_area=&#8221;post_content&#8221; sticky_enabled=&#8221;0&#8243;][\/et_pb_image][\/et_pb_column][et_pb_column type=&#8221;1_3&#8243; _builder_version=&#8221;4.27.4&#8243; _module_preset=&#8221;default&#8221; global_colors_info=&#8221;{}&#8221; theme_builder_area=&#8221;post_content&#8221;][et_pb_image src=&#8221;https:\/\/tracage-solution.fr\/wp-content\/uploads\/2025\/10\/sifr_earp13_2_std.lang_.all_.jpg&#8221; title_text=&#8221;sifr_earp13_2_std.lang.all&#8221; _builder_version=&#8221;4.27.4&#8243; _module_preset=&#8221;default&#8221; hover_enabled=&#8221;0&#8243; global_colors_info=&#8221;{}&#8221; theme_builder_area=&#8221;post_content&#8221; sticky_enabled=&#8221;0&#8243;][\/et_pb_image][\/et_pb_column][\/et_pb_row][\/et_pb_section]\n","protected":false},"excerpt":{"rendered":"<p>Installation de mobilier urbain dans les Alpes-Maritimes \u2013 Tra\u00e7age Solution Chez Tra\u00e7age Solution, nous accompagnons les collectivit\u00e9s, entreprises et copropri\u00e9t\u00e9s dans l\u2019installation de mobilier urbain durable, esth\u00e9tique et fonctionnel.Bas\u00e9s \u00e0 Nice, nous intervenons dans tout le d\u00e9partement des Alpes-Maritimes et jusqu\u2019au Var, pour l\u2019am\u00e9nagement complet des espaces ext\u00e9rieurs : parkings, zones pi\u00e9tonnes, parvis d\u2019immeubles, cours [&hellip;]<\/p>\n","protected":false},"author":1,"featured_media":0,"parent":0,"menu_order":0,"comment_status":"closed","ping_status":"closed","template":"","meta":{"_et_pb_use_builder":"on","_et_pb_old_content":"<!-- wp:divi\/placeholder \/-->","_et_gb_content_width":"","footnotes":""},"class_list":["post-1224","page","type-page","status-publish","hentry"],"yoast_head":"<!-- This site is optimized with the Yoast SEO plugin v27.4 - https:\/\/yoast.com\/product\/yoast-seo-wordpress\/ -->\n<title>Installation de mobilier urbain Nice<\/title>\n<meta name=\"description\" content=\"Installation de mobilier urbain Nice, Bancs, signal\u00e9tique, barri\u00e8res, supports v\u00e9los, Poubelle, barri\u00e8re de s\u00e9curit\u00e9 Cannes Antibes Grasse\" \/>\n<meta name=\"robots\" content=\"index, follow, max-snippet:-1, max-image-preview:large, max-video-preview:-1\" \/>\n<link rel=\"canonical\" href=\"https:\/\/tracage-solution.fr\/?page_id=1224\" \/>\n<meta property=\"og:locale\" content=\"en_US\" \/>\n<meta property=\"og:type\" content=\"article\" \/>\n<meta property=\"og:title\" content=\"Installation de mobilier urbain Nice\" \/>\n<meta property=\"og:description\" content=\"Installation de mobilier urbain Nice, Bancs, signal\u00e9tique, barri\u00e8res, supports v\u00e9los, Poubelle, barri\u00e8re de s\u00e9curit\u00e9 Cannes Antibes Grasse\" \/>\n<meta property=\"og:url\" content=\"https:\/\/tracage-solution.fr\/?page_id=1224\" \/>\n<meta property=\"og:site_name\" content=\"Tracage Solution\" \/>\n<meta property=\"article:modified_time\" content=\"2025-10-06T17:12:13+00:00\" \/>\n<meta name=\"twitter:card\" content=\"summary_large_image\" \/>\n<meta name=\"twitter:label1\" content=\"Est. reading time\" \/>\n\t<meta name=\"twitter:data1\" content=\"3 minutes\" \/>\n<script type=\"application\/ld+json\" class=\"yoast-schema-graph\">{\"@context\":\"https:\\\/\\\/schema.org\",\"@graph\":[{\"@type\":\"WebPage\",\"@id\":\"https:\\\/\\\/tracage-solution.fr\\\/?page_id=1224\",\"url\":\"https:\\\/\\\/tracage-solution.fr\\\/?page_id=1224\",\"name\":\"Installation de mobilier urbain Nice\",\"isPartOf\":{\"@id\":\"https:\\\/\\\/tracage-solution.fr\\\/#website\"},\"datePublished\":\"2025-10-06T17:06:41+00:00\",\"dateModified\":\"2025-10-06T17:12:13+00:00\",\"description\":\"Installation de mobilier urbain Nice, Bancs, signal\u00e9tique, barri\u00e8res, supports v\u00e9los, Poubelle, barri\u00e8re de s\u00e9curit\u00e9 Cannes Antibes Grasse\",\"breadcrumb\":{\"@id\":\"https:\\\/\\\/tracage-solution.fr\\\/?page_id=1224#breadcrumb\"},\"inLanguage\":\"en-US\",\"potentialAction\":[{\"@type\":\"ReadAction\",\"target\":[\"https:\\\/\\\/tracage-solution.fr\\\/?page_id=1224\"]}]},{\"@type\":\"BreadcrumbList\",\"@id\":\"https:\\\/\\\/tracage-solution.fr\\\/?page_id=1224#breadcrumb\",\"itemListElement\":[{\"@type\":\"ListItem\",\"position\":1,\"name\":\"Accueil\",\"item\":\"https:\\\/\\\/tracage-solution.fr\\\/\"},{\"@type\":\"ListItem\",\"position\":2,\"name\":\"Installation de mobilier urbain\"}]},{\"@type\":\"WebSite\",\"@id\":\"https:\\\/\\\/tracage-solution.fr\\\/#website\",\"url\":\"https:\\\/\\\/tracage-solution.fr\\\/\",\"name\":\"Tracage Solution\",\"description\":\"Tracage solution Nice \",\"potentialAction\":[{\"@type\":\"SearchAction\",\"target\":{\"@type\":\"EntryPoint\",\"urlTemplate\":\"https:\\\/\\\/tracage-solution.fr\\\/?s={search_term_string}\"},\"query-input\":{\"@type\":\"PropertyValueSpecification\",\"valueRequired\":true,\"valueName\":\"search_term_string\"}}],\"inLanguage\":\"en-US\"}]}<\/script>\n<!-- \/ Yoast SEO plugin. -->","yoast_head_json":{"title":"Installation de mobilier urbain Nice","description":"Installation de mobilier urbain Nice, Bancs, signal\u00e9tique, barri\u00e8res, supports v\u00e9los, Poubelle, barri\u00e8re de s\u00e9curit\u00e9 Cannes Antibes Grasse","robots":{"index":"index","follow":"follow","max-snippet":"max-snippet:-1","max-image-preview":"max-image-preview:large","max-video-preview":"max-video-preview:-1"},"canonical":"https:\/\/tracage-solution.fr\/?page_id=1224","og_locale":"en_US","og_type":"article","og_title":"Installation de mobilier urbain Nice","og_description":"Installation de mobilier urbain Nice, Bancs, signal\u00e9tique, barri\u00e8res, supports v\u00e9los, Poubelle, barri\u00e8re de s\u00e9curit\u00e9 Cannes Antibes Grasse","og_url":"https:\/\/tracage-solution.fr\/?page_id=1224","og_site_name":"Tracage Solution","article_modified_time":"2025-10-06T17:12:13+00:00","twitter_card":"summary_large_image","twitter_misc":{"Est. reading time":"3 minutes"},"schema":{"@context":"https:\/\/schema.org","@graph":[{"@type":"WebPage","@id":"https:\/\/tracage-solution.fr\/?page_id=1224","url":"https:\/\/tracage-solution.fr\/?page_id=1224","name":"Installation de mobilier urbain Nice","isPartOf":{"@id":"https:\/\/tracage-solution.fr\/#website"},"datePublished":"2025-10-06T17:06:41+00:00","dateModified":"2025-10-06T17:12:13+00:00","description":"Installation de mobilier urbain Nice, Bancs, signal\u00e9tique, barri\u00e8res, supports v\u00e9los, Poubelle, barri\u00e8re de s\u00e9curit\u00e9 Cannes Antibes Grasse","breadcrumb":{"@id":"https:\/\/tracage-solution.fr\/?page_id=1224#breadcrumb"},"inLanguage":"en-US","potentialAction":[{"@type":"ReadAction","target":["https:\/\/tracage-solution.fr\/?page_id=1224"]}]},{"@type":"BreadcrumbList","@id":"https:\/\/tracage-solution.fr\/?page_id=1224#breadcrumb","itemListElement":[{"@type":"ListItem","position":1,"name":"Accueil","item":"https:\/\/tracage-solution.fr\/"},{"@type":"ListItem","position":2,"name":"Installation de mobilier urbain"}]},{"@type":"WebSite","@id":"https:\/\/tracage-solution.fr\/#website","url":"https:\/\/tracage-solution.fr\/","name":"Tracage Solution","description":"Tracage solution Nice ","potentialAction":[{"@type":"SearchAction","target":{"@type":"EntryPoint","urlTemplate":"https:\/\/tracage-solution.fr\/?s={search_term_string}"},"query-input":{"@type":"PropertyValueSpecification","valueRequired":true,"valueName":"search_term_string"}}],"inLanguage":"en-US"}]}},"_links":{"self":[{"href":"https:\/\/tracage-solution.fr\/index.php?rest_route=\/wp\/v2\/pages\/1224","targetHints":{"allow":["GET"]}}],"collection":[{"href":"https:\/\/tracage-solution.fr\/index.php?rest_route=\/wp\/v2\/pages"}],"about":[{"href":"https:\/\/tracage-solution.fr\/index.php?rest_route=\/wp\/v2\/types\/page"}],"author":[{"embeddable":true,"href":"https:\/\/tracage-solution.fr\/index.php?rest_route=\/wp\/v2\/users\/1"}],"replies":[{"embeddable":true,"href":"https:\/\/tracage-solution.fr\/index.php?rest_route=%2Fwp%2Fv2%2Fcomments&post=1224"}],"version-history":[{"count":4,"href":"https:\/\/tracage-solution.fr\/index.php?rest_route=\/wp\/v2\/pages\/1224\/revisions"}],"predecessor-version":[{"id":1237,"href":"https:\/\/tracage-solution.fr\/index.php?rest_route=\/wp\/v2\/pages\/1224\/revisions\/1237"}],"wp:attachment":[{"href":"https:\/\/tracage-solution.fr\/index.php?rest_route=%2Fwp%2Fv2%2Fmedia&parent=1224"}],"curies":[{"name":"wp","href":"https:\/\/api.w.org\/{rel}","templated":true}]}}